{"id":9564,"date":"2018-10-09T11:20:58","date_gmt":"2018-10-09T09:20:58","guid":{"rendered":"http:\/\/hotelpatriot.sk\/?page_id=9564"},"modified":"2019-01-10T10:20:22","modified_gmt":"2019-01-10T09:20:22","slug":"%d1%81%d0%b2%d0%be%d0%b1%d0%be%d0%b4%d0%bd%d0%be%d0%b5-%d0%b2%d1%80%d0%b5%d0%bc%d1%8f","status":"publish","type":"page","link":"https:\/\/hotelpatriot.sk\/ru\/%d1%81%d0%b2%d0%be%d0%b1%d0%be%d0%b4%d0%bd%d0%be%d0%b5-%d0%b2%d1%80%d0%b5%d0%bc%d1%8f\/","title":{"rendered":"\u0421\u0432\u043e\u0431\u043e\u0434\u043d\u043e\u0435 \u0432\u0440\u0435\u043c\u044f"},"content":{"rendered":"<div class=\"menu-centered my-page-submenu-uni text-center\">\r\n<ul class=\"vertical large-horizontal menu\">\r\n<li><a href=\"https:\/\/hotelpatriot.sk\/ru\/%D1%82%D1%80%D0%B0%D0%BD%D1%81%D0%BF%D0%BE%D1%80%D1%82%D0%BD%D1%8B%D0%B5-%D1%83%D1%81%D0%BB%D1%83%D0%B3%D0%B8\/\">\u0422\u0440\u0430\u043d\u0441\u043f\u043e\u0440\u0442\u043d\u044b\u0435 \u0443\u0441\u043b\u0443\u0433\u0438<\/a><\/li>\r\n<\/ul>\r\n<\/div>\r\n\r\n<p>\u0415\u0441\u043b\u0438 \u0432\u0430\u0441 \u0437\u0430\u0438\u043d\u0442\u0435\u0440\u0435\u0441\u043e\u0432\u0430\u043b\u0438 \u043a\u0430\u043a\u0438\u0435-\u043b\u0438\u0431\u043e \u043f\u0440\u0435\u0434\u043b\u0430\u0433\u0430\u0435\u043c\u044b\u0435 \u0443\u0441\u043b\u0443\u0433\u0438 \u0434\u043b\u044f \u043e\u0442\u0434\u044b\u0445\u0430 \u0432 \u043e\u043a\u0440\u0435\u0441\u0442\u043d\u043e\u0441\u0442\u044f\u0445 \u043e\u0442\u0435\u043b\u044f, \u043f\u0440\u043e\u0441\u0438\u043c \u043e\u0431\u0440\u0430\u0442\u0438\u0442\u044c\u0441\u044f \u043a \u0435\u0433\u043e \u043f\u0435\u0440\u0441\u043e\u043d\u0430\u043b\u0443.<\/p>\r\n\r\n<ul>\r\n \t<li>\u0411\u0438\u043b\u044c\u044f\u0440\u0434 (\u0432 \u043e\u0442\u0435\u043b\u0435)<\/li>\r\n<li>\u0424\u0438\u0442\u043d\u0435\u0441-\u0446\u0435\u043d\u0442\u0440 (\u0432 \u043e\u0442\u0435\u043b\u0435)<\/li>\r\n<li>\u0421\u043f\u043e\u0440\u0442\u0438\u0432\u043d\u044b\u0439 \u0437\u0430\u043b (\u0432 \u043e\u0442\u0435\u043b\u0435)<\/li>\r\n<li>\u041c\u0430\u0441\u0441\u0430\u0436\u0438 (\u0432 \u043e\u0442\u0435\u043b\u0435)<\/li>\r\n<li>\u041f\u0430\u0440\u0438\u043a\u043c\u0430\u0445\u0435\u0440\u0441\u043a\u0438\u0439 \u0441\u0430\u043b\u043e\u043d (\u0432 \u043e\u0442\u0435\u043b\u0435)<\/li>\r\n<li>\u0421\u0430\u043b\u043e\u043d \u043a\u0440\u0430\u0441\u043e\u0442\u044b (\u0432 \u043e\u0442\u0435\u043b\u0435)<\/li>\r\n<\/ul>\r\n<ul>\r\n \t<li>\u041a\u0430\u0440\u0442\u0438\u043d\u0433<\/li>\r\n<li>\u0420\u044b\u0431\u0430\u043b\u043a\u0430 (\u043f\u0440\u0430\u0439\u0441 \u043b\u0438\u0441\u0442)<\/li>\r\n<li>\u0428\u043a\u043e\u043b\u0430 \u043d\u0430\u0435\u0437\u0434\u043d\u0438\u043a\u043e\u0432<\/li>\r\n<li>\u0440\u0438\u0440\u043e\u0434\u0435 (\u043d\u0435 \u043f\u043e\u0434\u0445\u043e\u0434\u0438\u0442 \u0434\u043b\u044f \u043d\u0430\u0447\u0438\u043d\u0430\u044e\u0449\u0438\u0445 \u043d\u0430\u0435\u0437\u0434\u043d\u0438\u043a\u043e\u0432)<\/li>\r\n<li>\u041a\u0430\u0442\u0430\u043d\u0438\u0435 \u0434\u0435\u0442\u0435\u0439 \u043d\u0430 \u0431\u0440\u0438\u0447\u043a\u0435<\/li>\r\n<\/ul>","protected":false},"excerpt":{"rendered":"\u0422\u0440\u0430\u043d\u0441\u043f\u043e\u0440\u0442\u043d\u044b\u0435 \u0443\u0441\u043b\u0443\u0433\u0438 \u0415\u0441\u043b\u0438 \u0432\u0430\u0441 \u0437\u0430\u0438\u043d\u0442\u0435\u0440\u0435\u0441\u043e\u0432\u0430\u043b\u0438 \u043a\u0430\u043a\u0438\u0435-\u043b\u0438\u0431\u043e \u043f\u0440\u0435\u0434\u043b\u0430\u0433\u0430\u0435\u043c\u044b\u0435 \u0443\u0441\u043b\u0443\u0433\u0438 \u0434\u043b\u044f \u043e\u0442\u0434\u044b\u0445\u0430 \u0432 \u043e\u043a\u0440\u0435\u0441\u0442\u043d\u043e\u0441\u0442\u044f\u0445 \u043e\u0442\u0435\u043b\u044f, \u043f\u0440\u043e\u0441\u0438\u043c \u043e\u0431\u0440\u0430\u0442\u0438\u0442\u044c\u0441\u044f \u043a \u0435\u0433\u043e \u043f\u0435\u0440\u0441\u043e\u043d\u0430\u043b\u0443. \u0411\u0438\u043b\u044c\u044f\u0440\u0434 (\u0432 \u043e\u0442\u0435\u043b\u0435) \u0424\u0438\u0442\u043d\u0435\u0441-\u0446\u0435\u043d\u0442\u0440 (\u0432 \u043e\u0442\u0435\u043b\u0435) \u0421\u043f\u043e\u0440\u0442\u0438\u0432\u043d\u044b\u0439 \u0437\u0430\u043b (\u0432 \u043e\u0442\u0435\u043b\u0435) \u041c\u0430\u0441\u0441\u0430\u0436\u0438 (\u0432 \u043e\u0442\u0435\u043b\u0435) \u041f\u0430\u0440\u0438\u043a\u043c\u0430\u0445\u0435\u0440\u0441\u043a\u0438\u0439 \u0441\u0430\u043b\u043e\u043d (\u0432 \u043e\u0442\u0435\u043b\u0435) \u0421\u0430\u043b\u043e\u043d \u043a\u0440\u0430\u0441\u043e\u0442\u044b (\u0432 \u043e\u0442\u0435\u043b\u0435) \u041a\u0430\u0440\u0442\u0438\u043d\u0433 \u0420\u044b\u0431\u0430\u043b\u043a\u0430 (\u043f\u0440\u0430\u0439\u0441 \u043b\u0438\u0441\u0442) \u0428\u043a\u043e\u043b\u0430 \u043d\u0430\u0435\u0437\u0434\u043d\u0438\u043a\u043e\u0432 \u0440\u0438\u0440\u043e\u0434\u0435 (\u043d\u0435 \u043f\u043e\u0434\u0445\u043e\u0434\u0438\u0442 \u0434\u043b\u044f \u043d\u0430\u0447\u0438\u043d\u0430\u044e\u0449\u0438\u0445 \u043d\u0430\u0435\u0437\u0434\u043d\u0438\u043a\u043e\u0432) \u041a\u0430\u0442\u0430\u043d\u0438\u0435 \u0434\u0435\u0442\u0435\u0439 \u043d\u0430 \u0431\u0440\u0438\u0447\u043a\u0435","protected":false},"author":1,"featured_media":0,"parent":0,"menu_order":0,"comment_status":"closed","ping_status":"closed","template":"template-full-width.php","meta":{"_acf_changed":false,"footnotes":""},"class_list":["post-9564","page","type-page","status-publish","hentry"],"acf":[],"yoast_head":"<!-- This site is optimized with the Yoast SEO plugin v27.5 - https:\/\/yoast.com\/product\/yoast-seo-wordpress\/ -->\n<title>\u0421\u0432\u043e\u0431\u043e\u0434\u043d\u043e\u0435 \u0432\u0440\u0435\u043c\u044f - Hotel Patriot*** - Hotel, ubytovanie Vranov nad Top\u013eou<\/title>\n<meta name=\"description\" content=\"Hotel Patriot*** pon\u00faka ubytovanie vysok\u00e9ho \u0161tandardu v 42 izb\u00e1ch a dvoch apartm\u00e1noch v \u0161ir\u0161om centre mesta Vranov nad Top\u013eou. S\u00fa\u010das\u0165ou hotela je re\u0161taur\u00e1cia, kaviare\u0148, bowling bar, kongresov\u00e9 centrum vhodn\u00e9 aj pre usporiadanie svadieb a fitness centrum. Hotel Patriot*** Vranov - hotel, ubytovanie.\" \/>\n<meta name=\"robots\" content=\"index, follow, max-snippet:-1, max-image-preview:large, max-video-preview:-1\" \/>\n<link rel=\"canonical\" href=\"https:\/\/hotelpatriot.sk\/ru\/%d1%81%d0%b2%d0%be%d0%b1%d0%be%d0%b4%d0%bd%d0%be%d0%b5-%d0%b2%d1%80%d0%b5%d0%bc%d1%8f\/\" \/>\n<meta property=\"og:locale\" content=\"ru_RU\" \/>\n<meta property=\"og:type\" content=\"article\" \/>\n<meta property=\"og:title\" content=\"\u0421\u0432\u043e\u0431\u043e\u0434\u043d\u043e\u0435 \u0432\u0440\u0435\u043c\u044f - Hotel Patriot*** - Hotel, ubytovanie Vranov nad Top\u013eou\" \/>\n<meta property=\"og:description\" content=\"Hotel Patriot*** pon\u00faka ubytovanie vysok\u00e9ho \u0161tandardu v 42 izb\u00e1ch a dvoch apartm\u00e1noch v \u0161ir\u0161om centre mesta Vranov nad Top\u013eou. S\u00fa\u010das\u0165ou hotela je re\u0161taur\u00e1cia, kaviare\u0148, bowling bar, kongresov\u00e9 centrum vhodn\u00e9 aj pre usporiadanie svadieb a fitness centrum. Hotel Patriot*** Vranov - hotel, ubytovanie.\" \/>\n<meta property=\"og:url\" content=\"https:\/\/hotelpatriot.sk\/ru\/%d1%81%d0%b2%d0%be%d0%b1%d0%be%d0%b4%d0%bd%d0%be%d0%b5-%d0%b2%d1%80%d0%b5%d0%bc%d1%8f\/\" \/>\n<meta property=\"og:site_name\" content=\"Hotel Patriot***\" \/>\n<meta property=\"article:publisher\" content=\"https:\/\/www.facebook.com\/hotel.patriot.vt\/\" \/>\n<meta property=\"article:modified_time\" content=\"2019-01-10T09:20:22+00:00\" \/>\n<meta property=\"og:image\" content=\"https:\/\/hotelpatriot.sk\/wp-content\/uploads\/2026\/04\/logo1200x630.jpg\" \/>\n\t<meta property=\"og:image:width\" content=\"1200\" \/>\n\t<meta property=\"og:image:height\" content=\"630\" \/>\n\t<meta property=\"og:image:type\" content=\"image\/jpeg\" \/>\n<meta name=\"twitter:card\" content=\"summary_large_image\" \/>\n<meta name=\"twitter:site\" content=\"@hotelpatriotvt\" \/>\n<script type=\"application\/ld+json\" class=\"yoast-schema-graph\">{\"@context\":\"https:\\\/\\\/schema.org\",\"@graph\":[{\"@type\":\"WebPage\",\"@id\":\"https:\\\/\\\/hotelpatriot.sk\\\/ru\\\/%d1%81%d0%b2%d0%be%d0%b1%d0%be%d0%b4%d0%bd%d0%be%d0%b5-%d0%b2%d1%80%d0%b5%d0%bc%d1%8f\\\/\",\"url\":\"https:\\\/\\\/hotelpatriot.sk\\\/ru\\\/%d1%81%d0%b2%d0%be%d0%b1%d0%be%d0%b4%d0%bd%d0%be%d0%b5-%d0%b2%d1%80%d0%b5%d0%bc%d1%8f\\\/\",\"name\":\"\u0421\u0432\u043e\u0431\u043e\u0434\u043d\u043e\u0435 \u0432\u0440\u0435\u043c\u044f - Hotel Patriot*** - Hotel, ubytovanie Vranov nad Top\u013eou\",\"isPartOf\":{\"@id\":\"https:\\\/\\\/hotelpatriot.sk\\\/ru\\\/#website\"},\"datePublished\":\"2018-10-09T09:20:58+00:00\",\"dateModified\":\"2019-01-10T09:20:22+00:00\",\"description\":\"Hotel Patriot*** pon\u00faka ubytovanie vysok\u00e9ho \u0161tandardu v 42 izb\u00e1ch a dvoch apartm\u00e1noch v \u0161ir\u0161om centre mesta Vranov nad Top\u013eou. S\u00fa\u010das\u0165ou hotela je re\u0161taur\u00e1cia, kaviare\u0148, bowling bar, kongresov\u00e9 centrum vhodn\u00e9 aj pre usporiadanie svadieb a fitness centrum. Hotel Patriot*** Vranov - hotel, ubytovanie.\",\"breadcrumb\":{\"@id\":\"https:\\\/\\\/hotelpatriot.sk\\\/ru\\\/%d1%81%d0%b2%d0%be%d0%b1%d0%be%d0%b4%d0%bd%d0%be%d0%b5-%d0%b2%d1%80%d0%b5%d0%bc%d1%8f\\\/#breadcrumb\"},\"inLanguage\":\"ru-RU\",\"potentialAction\":[{\"@type\":\"ReadAction\",\"target\":[\"https:\\\/\\\/hotelpatriot.sk\\\/ru\\\/%d1%81%d0%b2%d0%be%d0%b1%d0%be%d0%b4%d0%bd%d0%be%d0%b5-%d0%b2%d1%80%d0%b5%d0%bc%d1%8f\\\/\"]}]},{\"@type\":\"BreadcrumbList\",\"@id\":\"https:\\\/\\\/hotelpatriot.sk\\\/ru\\\/%d1%81%d0%b2%d0%be%d0%b1%d0%be%d0%b4%d0%bd%d0%be%d0%b5-%d0%b2%d1%80%d0%b5%d0%bc%d1%8f\\\/#breadcrumb\",\"itemListElement\":[{\"@type\":\"ListItem\",\"position\":1,\"name\":\"Home\",\"item\":\"https:\\\/\\\/hotelpatriot.sk\\\/ru\\\/\"},{\"@type\":\"ListItem\",\"position\":2,\"name\":\"\u0421\u0432\u043e\u0431\u043e\u0434\u043d\u043e\u0435 \u0432\u0440\u0435\u043c\u044f\"}]},{\"@type\":\"WebSite\",\"@id\":\"https:\\\/\\\/hotelpatriot.sk\\\/ru\\\/#website\",\"url\":\"https:\\\/\\\/hotelpatriot.sk\\\/ru\\\/\",\"name\":\"Hotel Patriot***\",\"description\":\"Hotel, ubytovanie Vranov nad Top\u013eou\",\"publisher\":{\"@id\":\"https:\\\/\\\/hotelpatriot.sk\\\/ru\\\/#organization\"},\"potentialAction\":[{\"@type\":\"SearchAction\",\"target\":{\"@type\":\"EntryPoint\",\"urlTemplate\":\"https:\\\/\\\/hotelpatriot.sk\\\/ru\\\/?s={search_term_string}\"},\"query-input\":{\"@type\":\"PropertyValueSpecification\",\"valueRequired\":true,\"valueName\":\"search_term_string\"}}],\"inLanguage\":\"ru-RU\"},{\"@type\":\"Organization\",\"@id\":\"https:\\\/\\\/hotelpatriot.sk\\\/ru\\\/#organization\",\"name\":\"Hotel Patriot*** Vranov nad Top\u013eou\",\"alternateName\":\"Hotel Patriot***\",\"url\":\"https:\\\/\\\/hotelpatriot.sk\\\/ru\\\/\",\"logo\":{\"@type\":\"ImageObject\",\"inLanguage\":\"ru-RU\",\"@id\":\"https:\\\/\\\/hotelpatriot.sk\\\/ru\\\/#\\\/schema\\\/logo\\\/image\\\/\",\"url\":\"http:\\\/\\\/hotelpatriot.sk\\\/wp-content\\\/uploads\\\/2018\\\/11\\\/hotel-patriot-logo.jpg\",\"contentUrl\":\"http:\\\/\\\/hotelpatriot.sk\\\/wp-content\\\/uploads\\\/2018\\\/11\\\/hotel-patriot-logo.jpg\",\"width\":500,\"height\":500,\"caption\":\"Hotel Patriot*** Vranov nad Top\u013eou\"},\"image\":{\"@id\":\"https:\\\/\\\/hotelpatriot.sk\\\/ru\\\/#\\\/schema\\\/logo\\\/image\\\/\"},\"sameAs\":[\"https:\\\/\\\/www.facebook.com\\\/hotel.patriot.vt\\\/\",\"https:\\\/\\\/x.com\\\/hotelpatriotvt\",\"https:\\\/\\\/www.instagram.com\\\/hotelpatriot\"]}]}<\/script>\n<!-- \/ Yoast SEO plugin. -->","yoast_head_json":{"title":"\u0421\u0432\u043e\u0431\u043e\u0434\u043d\u043e\u0435 \u0432\u0440\u0435\u043c\u044f - Hotel Patriot*** - Hotel, ubytovanie Vranov nad Top\u013eou","description":"Hotel Patriot*** pon\u00faka ubytovanie vysok\u00e9ho \u0161tandardu v 42 izb\u00e1ch a dvoch apartm\u00e1noch v \u0161ir\u0161om centre mesta Vranov nad Top\u013eou. S\u00fa\u010das\u0165ou hotela je re\u0161taur\u00e1cia, kaviare\u0148, bowling bar, kongresov\u00e9 centrum vhodn\u00e9 aj pre usporiadanie svadieb a fitness centrum. Hotel Patriot*** Vranov - hotel, ubytovanie.","robots":{"index":"index","follow":"follow","max-snippet":"max-snippet:-1","max-image-preview":"max-image-preview:large","max-video-preview":"max-video-preview:-1"},"canonical":"https:\/\/hotelpatriot.sk\/ru\/%d1%81%d0%b2%d0%be%d0%b1%d0%be%d0%b4%d0%bd%d0%be%d0%b5-%d0%b2%d1%80%d0%b5%d0%bc%d1%8f\/","og_locale":"ru_RU","og_type":"article","og_title":"\u0421\u0432\u043e\u0431\u043e\u0434\u043d\u043e\u0435 \u0432\u0440\u0435\u043c\u044f - Hotel Patriot*** - Hotel, ubytovanie Vranov nad Top\u013eou","og_description":"Hotel Patriot*** pon\u00faka ubytovanie vysok\u00e9ho \u0161tandardu v 42 izb\u00e1ch a dvoch apartm\u00e1noch v \u0161ir\u0161om centre mesta Vranov nad Top\u013eou. S\u00fa\u010das\u0165ou hotela je re\u0161taur\u00e1cia, kaviare\u0148, bowling bar, kongresov\u00e9 centrum vhodn\u00e9 aj pre usporiadanie svadieb a fitness centrum. Hotel Patriot*** Vranov - hotel, ubytovanie.","og_url":"https:\/\/hotelpatriot.sk\/ru\/%d1%81%d0%b2%d0%be%d0%b1%d0%be%d0%b4%d0%bd%d0%be%d0%b5-%d0%b2%d1%80%d0%b5%d0%bc%d1%8f\/","og_site_name":"Hotel Patriot***","article_publisher":"https:\/\/www.facebook.com\/hotel.patriot.vt\/","article_modified_time":"2019-01-10T09:20:22+00:00","og_image":[{"width":1200,"height":630,"url":"https:\/\/hotelpatriot.sk\/wp-content\/uploads\/2026\/04\/logo1200x630.jpg","type":"image\/jpeg"}],"twitter_card":"summary_large_image","twitter_site":"@hotelpatriotvt","schema":{"@context":"https:\/\/schema.org","@graph":[{"@type":"WebPage","@id":"https:\/\/hotelpatriot.sk\/ru\/%d1%81%d0%b2%d0%be%d0%b1%d0%be%d0%b4%d0%bd%d0%be%d0%b5-%d0%b2%d1%80%d0%b5%d0%bc%d1%8f\/","url":"https:\/\/hotelpatriot.sk\/ru\/%d1%81%d0%b2%d0%be%d0%b1%d0%be%d0%b4%d0%bd%d0%be%d0%b5-%d0%b2%d1%80%d0%b5%d0%bc%d1%8f\/","name":"\u0421\u0432\u043e\u0431\u043e\u0434\u043d\u043e\u0435 \u0432\u0440\u0435\u043c\u044f - Hotel Patriot*** - Hotel, ubytovanie Vranov nad Top\u013eou","isPartOf":{"@id":"https:\/\/hotelpatriot.sk\/ru\/#website"},"datePublished":"2018-10-09T09:20:58+00:00","dateModified":"2019-01-10T09:20:22+00:00","description":"Hotel Patriot*** pon\u00faka ubytovanie vysok\u00e9ho \u0161tandardu v 42 izb\u00e1ch a dvoch apartm\u00e1noch v \u0161ir\u0161om centre mesta Vranov nad Top\u013eou. S\u00fa\u010das\u0165ou hotela je re\u0161taur\u00e1cia, kaviare\u0148, bowling bar, kongresov\u00e9 centrum vhodn\u00e9 aj pre usporiadanie svadieb a fitness centrum. Hotel Patriot*** Vranov - hotel, ubytovanie.","breadcrumb":{"@id":"https:\/\/hotelpatriot.sk\/ru\/%d1%81%d0%b2%d0%be%d0%b1%d0%be%d0%b4%d0%bd%d0%be%d0%b5-%d0%b2%d1%80%d0%b5%d0%bc%d1%8f\/#breadcrumb"},"inLanguage":"ru-RU","potentialAction":[{"@type":"ReadAction","target":["https:\/\/hotelpatriot.sk\/ru\/%d1%81%d0%b2%d0%be%d0%b1%d0%be%d0%b4%d0%bd%d0%be%d0%b5-%d0%b2%d1%80%d0%b5%d0%bc%d1%8f\/"]}]},{"@type":"BreadcrumbList","@id":"https:\/\/hotelpatriot.sk\/ru\/%d1%81%d0%b2%d0%be%d0%b1%d0%be%d0%b4%d0%bd%d0%be%d0%b5-%d0%b2%d1%80%d0%b5%d0%bc%d1%8f\/#breadcrumb","itemListElement":[{"@type":"ListItem","position":1,"name":"Home","item":"https:\/\/hotelpatriot.sk\/ru\/"},{"@type":"ListItem","position":2,"name":"\u0421\u0432\u043e\u0431\u043e\u0434\u043d\u043e\u0435 \u0432\u0440\u0435\u043c\u044f"}]},{"@type":"WebSite","@id":"https:\/\/hotelpatriot.sk\/ru\/#website","url":"https:\/\/hotelpatriot.sk\/ru\/","name":"Hotel Patriot***","description":"Hotel, ubytovanie Vranov nad Top\u013eou","publisher":{"@id":"https:\/\/hotelpatriot.sk\/ru\/#organization"},"potentialAction":[{"@type":"SearchAction","target":{"@type":"EntryPoint","urlTemplate":"https:\/\/hotelpatriot.sk\/ru\/?s={search_term_string}"},"query-input":{"@type":"PropertyValueSpecification","valueRequired":true,"valueName":"search_term_string"}}],"inLanguage":"ru-RU"},{"@type":"Organization","@id":"https:\/\/hotelpatriot.sk\/ru\/#organization","name":"Hotel Patriot*** Vranov nad Top\u013eou","alternateName":"Hotel Patriot***","url":"https:\/\/hotelpatriot.sk\/ru\/","logo":{"@type":"ImageObject","inLanguage":"ru-RU","@id":"https:\/\/hotelpatriot.sk\/ru\/#\/schema\/logo\/image\/","url":"http:\/\/hotelpatriot.sk\/wp-content\/uploads\/2018\/11\/hotel-patriot-logo.jpg","contentUrl":"http:\/\/hotelpatriot.sk\/wp-content\/uploads\/2018\/11\/hotel-patriot-logo.jpg","width":500,"height":500,"caption":"Hotel Patriot*** Vranov nad Top\u013eou"},"image":{"@id":"https:\/\/hotelpatriot.sk\/ru\/#\/schema\/logo\/image\/"},"sameAs":["https:\/\/www.facebook.com\/hotel.patriot.vt\/","https:\/\/x.com\/hotelpatriotvt","https:\/\/www.instagram.com\/hotelpatriot"]}]}},"_links":{"self":[{"href":"https:\/\/hotelpatriot.sk\/ru\/wp-json\/wp\/v2\/pages\/9564","targetHints":{"allow":["GET"]}}],"collection":[{"href":"https:\/\/hotelpatriot.sk\/ru\/wp-json\/wp\/v2\/pages"}],"about":[{"href":"https:\/\/hotelpatriot.sk\/ru\/wp-json\/wp\/v2\/types\/page"}],"author":[{"embeddable":true,"href":"https:\/\/hotelpatriot.sk\/ru\/wp-json\/wp\/v2\/users\/1"}],"replies":[{"embeddable":true,"href":"https:\/\/hotelpatriot.sk\/ru\/wp-json\/wp\/v2\/comments?post=9564"}],"version-history":[{"count":3,"href":"https:\/\/hotelpatriot.sk\/ru\/wp-json\/wp\/v2\/pages\/9564\/revisions"}],"predecessor-version":[{"id":11490,"href":"https:\/\/hotelpatriot.sk\/ru\/wp-json\/wp\/v2\/pages\/9564\/revisions\/11490"}],"wp:attachment":[{"href":"https:\/\/hotelpatriot.sk\/ru\/wp-json\/wp\/v2\/media?parent=9564"}],"curies":[{"name":"wp","href":"https:\/\/api.w.org\/{rel}","templated":true}]}}