{"id":5754,"date":"2018-04-18T09:52:02","date_gmt":"2018-04-18T07:52:02","guid":{"rendered":"http:\/\/hotelpatriot.sk\/?page_id=5754\/"},"modified":"2019-03-15T10:05:58","modified_gmt":"2019-03-15T09:05:58","slug":"%d0%b2%d0%b0%d1%88%d0%b0-%d1%81%d0%b2%d0%b0%d0%b4%d1%8c%d0%b1%d0%b0","status":"publish","type":"page","link":"https:\/\/hotelpatriot.sk\/ru\/%d0%b2%d0%b0%d1%88%d0%b0-%d1%81%d0%b2%d0%b0%d0%b4%d1%8c%d0%b1%d0%b0\/","title":{"rendered":"\u0412\u0430\u0448\u0430 \u0441\u0432\u0430\u0434\u044c\u0431\u0430"},"content":{"rendered":"<div class=\"menu-centered my-page-submenu-uni text-center\">\r\n<ul class=\"vertical large-horizontal menu\">\r\n<li><a href=\"https:\/\/hotelpatriot.sk\/ru\/galeria\/galeria-svadba\/\">\u0424\u043e\u0442\u043e\u0433\u0430\u043b\u0435\u0440\u0435\u044f<\/a><\/li>\r\n<li><a href=\"https:\/\/hotelpatriot.sk\/ru\/%D1%83%D1%81%D0%BB%D1%83%D0%B3%D0%B8-%D0%B8-%D0%BF%D1%80%D0%BE%D0%BA%D0%B0%D1%82-%D1%82%D0%B5%D1%85%D0%BD%D0%B8%D0%BA%D0%B8\/\">\u0423\u0441\u043b\u0443\u0433\u0438 \u0438 \u043e\u0441\u043d\u0430\u0449\u0435\u043d\u0438\u0435<\/a><\/li>\r\n<\/ul>\r\n<\/div>\r\n\r\n<h2>\u0421\u0432\u0430\u0434\u044c\u0431\u0430 \u0432 \u043e\u0442\u0435\u043b\u0435 Patriot***<\/h2>\r\n<p>\u0418\u0449\u0435\u0442\u0435 \u043f\u043e\u0434\u0445\u043e\u0434\u044f\u0449\u0435\u0435 \u043c\u0435\u0441\u0442\u043e \u0434\u043b\u044f \u0441\u0432\u0430\u0434\u044c\u0431\u044b \u0432 \u0433. \u0412\u0440\u0430\u043d\u043e\u0432? \u0415\u0441\u043b\u0438 \u0432\u044b \u0440\u0435\u0448\u0438\u0442\u0435 \u043f\u0440\u043e\u0432\u0435\u0441\u0442\u0438 \u043f\u0435\u0440\u0432\u044b\u0435 \u043c\u043e\u043c\u0435\u043d\u0442\u044b \u0441\u0432\u043e\u0435\u0439 \u0441\u043e\u0432\u043c\u0435\u0441\u0442\u043d\u043e\u0439 \u0436\u0438\u0437\u043d\u0438 \u0432 \u043e\u0442\u0435\u043b\u0435 Patriot, \u0442\u043e \u043d\u0430\u0448\u0435\u0439 \u043f\u0435\u0440\u0432\u043e\u043e\u0447\u0435\u0440\u0435\u0434\u043d\u043e\u0439 \u0437\u0430\u0434\u0430\u0447\u0435\u0439 \u0431\u0443\u0434\u0435\u0442 \u043e\u0431\u043b\u0435\u0433\u0447\u0438\u0442\u044c \u0432\u0430\u043c \u043f\u043e\u0434\u0433\u043e\u0442\u043e\u0432\u043a\u0443 \u0438 \u043f\u0440\u0435\u0434\u043b\u043e\u0436\u0438\u0442\u044c \u0432\u044b\u0441\u043e\u043a\u043e\u043a\u0430\u0447\u0435\u0441\u0442\u0432\u0435\u043d\u043d\u044b\u0435 \u0443\u0441\u043b\u0443\u0433\u0438, \u043f\u043e\u0434\u0447\u0435\u0440\u043a\u0438\u0432\u0430\u044e\u0449\u0438\u0435 \u0438\u0441\u043a\u043b\u044e\u0447\u0438\u0442\u0435\u043b\u044c\u043d\u043e\u0441\u0442\u044c \u044d\u0442\u043e\u0433\u043e \u0441\u043e\u0431\u044b\u0442\u0438\u044f. \u041f\u043b\u0430\u0432\u043d\u044b\u0439 \u0445\u043e\u0434 \u0432\u0430\u0448\u0435\u0433\u043e \u0441\u0432\u0430\u0434\u0435\u0431\u043d\u043e\u0433\u043e \u0434\u043d\u044f \u043e\u0431\u0435\u0441\u043f\u0435\u0447\u0438\u0442 \u043a\u0432\u0430\u043b\u0438\u0444\u0438\u0446\u0438\u0440\u043e\u0432\u0430\u043d\u043d\u044b\u0439 \u043f\u0435\u0440\u0441\u043e\u043d\u0430\u043b. \u041a \u0432\u0430\u0448\u0438\u043c \u0443\u0441\u043b\u0443\u0433\u0430\u043c \u043f\u0440\u0435\u0434\u043b\u0430\u0433\u0430\u0435\u0442\u0441\u044f \u0431\u0430\u043d\u043a\u0435\u0442\u043d\u044b\u0439 \u0437\u0430\u043b \u0431\u043e\u043b\u044c\u0448\u043e\u0439 \u0432\u043c\u0435\u0441\u0442\u0438\u043c\u043e\u0441\u0442\u044c\u044e \u0438 \u0431\u043e\u0433\u0430\u0442\u044b\u0439 \u0430\u0441\u0441\u043e\u0440\u0442\u0438\u043c\u0435\u043d\u0442 \u0441\u0432\u0430\u0434\u0435\u0431\u043d\u043e\u0433\u043e \u043c\u0435\u043d\u044e. \u0412 \u0441\u043b\u0443\u0447\u0430\u0435 \u0432\u0430\u0448\u0435\u0433\u043e \u0438\u043d\u0442\u0435\u0440\u0435\u0441\u0430 \u043c\u043e\u0436\u0435\u0442\u0435 \u0432\u043e\u0441\u043f\u043e\u043b\u044c\u0437\u043e\u0432\u0430\u0442\u044c\u0441\u044f \u043a\u043e\u043c\u043f\u043b\u0435\u043a\u0441\u043d\u044b\u043c \u043a\u043e\u043d\u0441\u0443\u043b\u044c\u0442\u0438\u0440\u043e\u0432\u0430\u043d\u0438\u0435\u043c \u043f\u043e \u043f\u0440\u043e\u0432\u0435\u0434\u0435\u043d\u0438\u044e \u0441\u0432\u0430\u0434\u0435\u0431\u043d\u043e\u0433\u043e \u0442\u043e\u0440\u0436\u0435\u0441\u0442\u0432\u0430.   <\/p>","protected":false},"excerpt":{"rendered":"\u0424\u043e\u0442\u043e\u0433\u0430\u043b\u0435\u0440\u0435\u044f \u0423\u0441\u043b\u0443\u0433\u0438 \u0438 \u043e\u0441\u043d\u0430\u0449\u0435\u043d\u0438\u0435 \u0421\u0432\u0430\u0434\u044c\u0431\u0430 \u0432 \u043e\u0442\u0435\u043b\u0435 Patriot*** \u0418\u0449\u0435\u0442\u0435 \u043f\u043e\u0434\u0445\u043e\u0434\u044f\u0449\u0435\u0435 \u043c\u0435\u0441\u0442\u043e \u0434\u043b\u044f \u0441\u0432\u0430\u0434\u044c\u0431\u044b \u0432 \u0433. \u0412\u0440\u0430\u043d\u043e\u0432? \u0415\u0441\u043b\u0438 \u0432\u044b \u0440\u0435\u0448\u0438\u0442\u0435 \u043f\u0440\u043e\u0432\u0435\u0441\u0442\u0438 \u043f\u0435\u0440\u0432\u044b\u0435 \u043c\u043e\u043c\u0435\u043d\u0442\u044b \u0441\u0432\u043e\u0435\u0439 \u0441\u043e\u0432\u043c\u0435\u0441\u0442\u043d\u043e\u0439 \u0436\u0438\u0437\u043d\u0438 \u0432 \u043e\u0442\u0435\u043b\u0435 Patriot, \u0442\u043e \u043d\u0430\u0448\u0435\u0439 \u043f\u0435\u0440\u0432\u043e\u043e\u0447\u0435\u0440\u0435\u0434\u043d\u043e\u0439 \u0437\u0430\u0434\u0430\u0447\u0435\u0439 \u0431\u0443\u0434\u0435\u0442 \u043e\u0431\u043b\u0435\u0433\u0447\u0438\u0442\u044c \u0432\u0430\u043c \u043f\u043e\u0434\u0433\u043e\u0442\u043e\u0432\u043a\u0443 \u0438 \u043f\u0440\u0435\u0434\u043b\u043e\u0436\u0438\u0442\u044c \u0432\u044b\u0441\u043e\u043a\u043e\u043a\u0430\u0447\u0435\u0441\u0442\u0432\u0435\u043d\u043d\u044b\u0435 \u0443\u0441\u043b\u0443\u0433\u0438, \u043f\u043e\u0434\u0447\u0435\u0440\u043a\u0438\u0432\u0430\u044e\u0449\u0438\u0435 \u0438\u0441\u043a\u043b\u044e\u0447\u0438\u0442\u0435\u043b\u044c\u043d\u043e\u0441\u0442\u044c \u044d\u0442\u043e\u0433\u043e \u0441\u043e\u0431\u044b\u0442\u0438\u044f. \u041f\u043b\u0430\u0432\u043d\u044b\u0439 \u0445\u043e\u0434 \u0432\u0430\u0448\u0435\u0433\u043e \u0441\u0432\u0430\u0434\u0435\u0431\u043d\u043e\u0433\u043e \u0434\u043d\u044f \u043e\u0431\u0435\u0441\u043f\u0435\u0447\u0438\u0442 \u043a\u0432\u0430\u043b\u0438\u0444\u0438\u0446\u0438\u0440\u043e\u0432\u0430\u043d\u043d\u044b\u0439 \u043f\u0435\u0440\u0441\u043e\u043d\u0430\u043b. \u041a \u0432\u0430\u0448\u0438\u043c \u0443\u0441\u043b\u0443\u0433\u0430\u043c<a class=\"excerpt-read-more\" href=\"https:\/\/hotelpatriot.sk\/ru\/%d0%b2%d0%b0%d1%88%d0%b0-%d1%81%d0%b2%d0%b0%d0%b4%d1%8c%d0%b1%d0%b0\/\" title=\"Read\u0412\u0430\u0448\u0430 \u0441\u0432\u0430\u0434\u044c\u0431\u0430\">&#8230; Read more &raquo;<\/a>","protected":false},"author":1,"featured_media":0,"parent":0,"menu_order":0,"comment_status":"closed","ping_status":"closed","template":"template-full-width.php","meta":{"_acf_changed":false,"footnotes":""},"class_list":["post-5754","page","type-page","status-publish","hentry"],"acf":[],"yoast_head":"<!-- This site is optimized with the Yoast SEO plugin v27.5 - https:\/\/yoast.com\/product\/yoast-seo-wordpress\/ -->\n<title>\u0412\u0430\u0448\u0430 \u0441\u0432\u0430\u0434\u044c\u0431\u0430 - Hotel Patriot*** - Hotel, ubytovanie Vranov nad Top\u013eou<\/title>\n<meta name=\"description\" content=\"Hotel Patriot*** pon\u00faka ubytovanie vysok\u00e9ho \u0161tandardu v 42 izb\u00e1ch a dvoch apartm\u00e1noch v \u0161ir\u0161om centre mesta Vranov nad Top\u013eou. S\u00fa\u010das\u0165ou hotela je re\u0161taur\u00e1cia, kaviare\u0148, bowling bar, kongresov\u00e9 centrum vhodn\u00e9 aj pre usporiadanie svadieb a fitness centrum. Hotel Patriot*** Vranov - hotel, ubytovanie.\" \/>\n<meta name=\"robots\" content=\"index, follow, max-snippet:-1, max-image-preview:large, max-video-preview:-1\" \/>\n<link rel=\"canonical\" href=\"https:\/\/hotelpatriot.sk\/ru\/%d0%b2%d0%b0%d1%88%d0%b0-%d1%81%d0%b2%d0%b0%d0%b4%d1%8c%d0%b1%d0%b0\/\" \/>\n<meta property=\"og:locale\" content=\"ru_RU\" \/>\n<meta property=\"og:type\" content=\"article\" \/>\n<meta property=\"og:title\" content=\"\u0412\u0430\u0448\u0430 \u0441\u0432\u0430\u0434\u044c\u0431\u0430 - Hotel Patriot*** - Hotel, ubytovanie Vranov nad Top\u013eou\" \/>\n<meta property=\"og:description\" content=\"Hotel Patriot*** pon\u00faka ubytovanie vysok\u00e9ho \u0161tandardu v 42 izb\u00e1ch a dvoch apartm\u00e1noch v \u0161ir\u0161om centre mesta Vranov nad Top\u013eou. S\u00fa\u010das\u0165ou hotela je re\u0161taur\u00e1cia, kaviare\u0148, bowling bar, kongresov\u00e9 centrum vhodn\u00e9 aj pre usporiadanie svadieb a fitness centrum. Hotel Patriot*** Vranov - hotel, ubytovanie.\" \/>\n<meta property=\"og:url\" content=\"https:\/\/hotelpatriot.sk\/ru\/%d0%b2%d0%b0%d1%88%d0%b0-%d1%81%d0%b2%d0%b0%d0%b4%d1%8c%d0%b1%d0%b0\/\" \/>\n<meta property=\"og:site_name\" content=\"Hotel Patriot***\" \/>\n<meta property=\"article:publisher\" content=\"https:\/\/www.facebook.com\/hotel.patriot.vt\/\" \/>\n<meta property=\"article:modified_time\" content=\"2019-03-15T09:05:58+00:00\" \/>\n<meta property=\"og:image\" content=\"https:\/\/hotelpatriot.sk\/wp-content\/uploads\/2026\/04\/logo1200x630.jpg\" \/>\n\t<meta property=\"og:image:width\" content=\"1200\" \/>\n\t<meta property=\"og:image:height\" content=\"630\" \/>\n\t<meta property=\"og:image:type\" content=\"image\/jpeg\" \/>\n<meta name=\"twitter:card\" content=\"summary_large_image\" \/>\n<meta name=\"twitter:site\" content=\"@hotelpatriotvt\" \/>\n<script type=\"application\/ld+json\" class=\"yoast-schema-graph\">{\"@context\":\"https:\\\/\\\/schema.org\",\"@graph\":[{\"@type\":\"WebPage\",\"@id\":\"https:\\\/\\\/hotelpatriot.sk\\\/ru\\\/%d0%b2%d0%b0%d1%88%d0%b0-%d1%81%d0%b2%d0%b0%d0%b4%d1%8c%d0%b1%d0%b0\\\/\",\"url\":\"https:\\\/\\\/hotelpatriot.sk\\\/ru\\\/%d0%b2%d0%b0%d1%88%d0%b0-%d1%81%d0%b2%d0%b0%d0%b4%d1%8c%d0%b1%d0%b0\\\/\",\"name\":\"\u0412\u0430\u0448\u0430 \u0441\u0432\u0430\u0434\u044c\u0431\u0430 - Hotel Patriot*** - Hotel, ubytovanie Vranov nad Top\u013eou\",\"isPartOf\":{\"@id\":\"https:\\\/\\\/hotelpatriot.sk\\\/ru\\\/#website\"},\"datePublished\":\"2018-04-18T07:52:02+00:00\",\"dateModified\":\"2019-03-15T09:05:58+00:00\",\"description\":\"Hotel Patriot*** pon\u00faka ubytovanie vysok\u00e9ho \u0161tandardu v 42 izb\u00e1ch a dvoch apartm\u00e1noch v \u0161ir\u0161om centre mesta Vranov nad Top\u013eou. S\u00fa\u010das\u0165ou hotela je re\u0161taur\u00e1cia, kaviare\u0148, bowling bar, kongresov\u00e9 centrum vhodn\u00e9 aj pre usporiadanie svadieb a fitness centrum. Hotel Patriot*** Vranov - hotel, ubytovanie.\",\"breadcrumb\":{\"@id\":\"https:\\\/\\\/hotelpatriot.sk\\\/ru\\\/%d0%b2%d0%b0%d1%88%d0%b0-%d1%81%d0%b2%d0%b0%d0%b4%d1%8c%d0%b1%d0%b0\\\/#breadcrumb\"},\"inLanguage\":\"ru-RU\",\"potentialAction\":[{\"@type\":\"ReadAction\",\"target\":[\"https:\\\/\\\/hotelpatriot.sk\\\/ru\\\/%d0%b2%d0%b0%d1%88%d0%b0-%d1%81%d0%b2%d0%b0%d0%b4%d1%8c%d0%b1%d0%b0\\\/\"]}]},{\"@type\":\"BreadcrumbList\",\"@id\":\"https:\\\/\\\/hotelpatriot.sk\\\/ru\\\/%d0%b2%d0%b0%d1%88%d0%b0-%d1%81%d0%b2%d0%b0%d0%b4%d1%8c%d0%b1%d0%b0\\\/#breadcrumb\",\"itemListElement\":[{\"@type\":\"ListItem\",\"position\":1,\"name\":\"Home\",\"item\":\"https:\\\/\\\/hotelpatriot.sk\\\/ru\\\/\"},{\"@type\":\"ListItem\",\"position\":2,\"name\":\"\u0412\u0430\u0448\u0430 \u0441\u0432\u0430\u0434\u044c\u0431\u0430\"}]},{\"@type\":\"WebSite\",\"@id\":\"https:\\\/\\\/hotelpatriot.sk\\\/ru\\\/#website\",\"url\":\"https:\\\/\\\/hotelpatriot.sk\\\/ru\\\/\",\"name\":\"Hotel Patriot***\",\"description\":\"Hotel, ubytovanie Vranov nad Top\u013eou\",\"publisher\":{\"@id\":\"https:\\\/\\\/hotelpatriot.sk\\\/ru\\\/#organization\"},\"potentialAction\":[{\"@type\":\"SearchAction\",\"target\":{\"@type\":\"EntryPoint\",\"urlTemplate\":\"https:\\\/\\\/hotelpatriot.sk\\\/ru\\\/?s={search_term_string}\"},\"query-input\":{\"@type\":\"PropertyValueSpecification\",\"valueRequired\":true,\"valueName\":\"search_term_string\"}}],\"inLanguage\":\"ru-RU\"},{\"@type\":\"Organization\",\"@id\":\"https:\\\/\\\/hotelpatriot.sk\\\/ru\\\/#organization\",\"name\":\"Hotel Patriot*** Vranov nad Top\u013eou\",\"alternateName\":\"Hotel Patriot***\",\"url\":\"https:\\\/\\\/hotelpatriot.sk\\\/ru\\\/\",\"logo\":{\"@type\":\"ImageObject\",\"inLanguage\":\"ru-RU\",\"@id\":\"https:\\\/\\\/hotelpatriot.sk\\\/ru\\\/#\\\/schema\\\/logo\\\/image\\\/\",\"url\":\"http:\\\/\\\/hotelpatriot.sk\\\/wp-content\\\/uploads\\\/2018\\\/11\\\/hotel-patriot-logo.jpg\",\"contentUrl\":\"http:\\\/\\\/hotelpatriot.sk\\\/wp-content\\\/uploads\\\/2018\\\/11\\\/hotel-patriot-logo.jpg\",\"width\":500,\"height\":500,\"caption\":\"Hotel Patriot*** Vranov nad Top\u013eou\"},\"image\":{\"@id\":\"https:\\\/\\\/hotelpatriot.sk\\\/ru\\\/#\\\/schema\\\/logo\\\/image\\\/\"},\"sameAs\":[\"https:\\\/\\\/www.facebook.com\\\/hotel.patriot.vt\\\/\",\"https:\\\/\\\/x.com\\\/hotelpatriotvt\",\"https:\\\/\\\/www.instagram.com\\\/hotelpatriot\"]}]}<\/script>\n<!-- \/ Yoast SEO plugin. -->","yoast_head_json":{"title":"\u0412\u0430\u0448\u0430 \u0441\u0432\u0430\u0434\u044c\u0431\u0430 - Hotel Patriot*** - Hotel, ubytovanie Vranov nad Top\u013eou","description":"Hotel Patriot*** pon\u00faka ubytovanie vysok\u00e9ho \u0161tandardu v 42 izb\u00e1ch a dvoch apartm\u00e1noch v \u0161ir\u0161om centre mesta Vranov nad Top\u013eou. S\u00fa\u010das\u0165ou hotela je re\u0161taur\u00e1cia, kaviare\u0148, bowling bar, kongresov\u00e9 centrum vhodn\u00e9 aj pre usporiadanie svadieb a fitness centrum. Hotel Patriot*** Vranov - hotel, ubytovanie.","robots":{"index":"index","follow":"follow","max-snippet":"max-snippet:-1","max-image-preview":"max-image-preview:large","max-video-preview":"max-video-preview:-1"},"canonical":"https:\/\/hotelpatriot.sk\/ru\/%d0%b2%d0%b0%d1%88%d0%b0-%d1%81%d0%b2%d0%b0%d0%b4%d1%8c%d0%b1%d0%b0\/","og_locale":"ru_RU","og_type":"article","og_title":"\u0412\u0430\u0448\u0430 \u0441\u0432\u0430\u0434\u044c\u0431\u0430 - Hotel Patriot*** - Hotel, ubytovanie Vranov nad Top\u013eou","og_description":"Hotel Patriot*** pon\u00faka ubytovanie vysok\u00e9ho \u0161tandardu v 42 izb\u00e1ch a dvoch apartm\u00e1noch v \u0161ir\u0161om centre mesta Vranov nad Top\u013eou. S\u00fa\u010das\u0165ou hotela je re\u0161taur\u00e1cia, kaviare\u0148, bowling bar, kongresov\u00e9 centrum vhodn\u00e9 aj pre usporiadanie svadieb a fitness centrum. Hotel Patriot*** Vranov - hotel, ubytovanie.","og_url":"https:\/\/hotelpatriot.sk\/ru\/%d0%b2%d0%b0%d1%88%d0%b0-%d1%81%d0%b2%d0%b0%d0%b4%d1%8c%d0%b1%d0%b0\/","og_site_name":"Hotel Patriot***","article_publisher":"https:\/\/www.facebook.com\/hotel.patriot.vt\/","article_modified_time":"2019-03-15T09:05:58+00:00","og_image":[{"width":1200,"height":630,"url":"https:\/\/hotelpatriot.sk\/wp-content\/uploads\/2026\/04\/logo1200x630.jpg","type":"image\/jpeg"}],"twitter_card":"summary_large_image","twitter_site":"@hotelpatriotvt","schema":{"@context":"https:\/\/schema.org","@graph":[{"@type":"WebPage","@id":"https:\/\/hotelpatriot.sk\/ru\/%d0%b2%d0%b0%d1%88%d0%b0-%d1%81%d0%b2%d0%b0%d0%b4%d1%8c%d0%b1%d0%b0\/","url":"https:\/\/hotelpatriot.sk\/ru\/%d0%b2%d0%b0%d1%88%d0%b0-%d1%81%d0%b2%d0%b0%d0%b4%d1%8c%d0%b1%d0%b0\/","name":"\u0412\u0430\u0448\u0430 \u0441\u0432\u0430\u0434\u044c\u0431\u0430 - Hotel Patriot*** - Hotel, ubytovanie Vranov nad Top\u013eou","isPartOf":{"@id":"https:\/\/hotelpatriot.sk\/ru\/#website"},"datePublished":"2018-04-18T07:52:02+00:00","dateModified":"2019-03-15T09:05:58+00:00","description":"Hotel Patriot*** pon\u00faka ubytovanie vysok\u00e9ho \u0161tandardu v 42 izb\u00e1ch a dvoch apartm\u00e1noch v \u0161ir\u0161om centre mesta Vranov nad Top\u013eou. S\u00fa\u010das\u0165ou hotela je re\u0161taur\u00e1cia, kaviare\u0148, bowling bar, kongresov\u00e9 centrum vhodn\u00e9 aj pre usporiadanie svadieb a fitness centrum. Hotel Patriot*** Vranov - hotel, ubytovanie.","breadcrumb":{"@id":"https:\/\/hotelpatriot.sk\/ru\/%d0%b2%d0%b0%d1%88%d0%b0-%d1%81%d0%b2%d0%b0%d0%b4%d1%8c%d0%b1%d0%b0\/#breadcrumb"},"inLanguage":"ru-RU","potentialAction":[{"@type":"ReadAction","target":["https:\/\/hotelpatriot.sk\/ru\/%d0%b2%d0%b0%d1%88%d0%b0-%d1%81%d0%b2%d0%b0%d0%b4%d1%8c%d0%b1%d0%b0\/"]}]},{"@type":"BreadcrumbList","@id":"https:\/\/hotelpatriot.sk\/ru\/%d0%b2%d0%b0%d1%88%d0%b0-%d1%81%d0%b2%d0%b0%d0%b4%d1%8c%d0%b1%d0%b0\/#breadcrumb","itemListElement":[{"@type":"ListItem","position":1,"name":"Home","item":"https:\/\/hotelpatriot.sk\/ru\/"},{"@type":"ListItem","position":2,"name":"\u0412\u0430\u0448\u0430 \u0441\u0432\u0430\u0434\u044c\u0431\u0430"}]},{"@type":"WebSite","@id":"https:\/\/hotelpatriot.sk\/ru\/#website","url":"https:\/\/hotelpatriot.sk\/ru\/","name":"Hotel Patriot***","description":"Hotel, ubytovanie Vranov nad Top\u013eou","publisher":{"@id":"https:\/\/hotelpatriot.sk\/ru\/#organization"},"potentialAction":[{"@type":"SearchAction","target":{"@type":"EntryPoint","urlTemplate":"https:\/\/hotelpatriot.sk\/ru\/?s={search_term_string}"},"query-input":{"@type":"PropertyValueSpecification","valueRequired":true,"valueName":"search_term_string"}}],"inLanguage":"ru-RU"},{"@type":"Organization","@id":"https:\/\/hotelpatriot.sk\/ru\/#organization","name":"Hotel Patriot*** Vranov nad Top\u013eou","alternateName":"Hotel Patriot***","url":"https:\/\/hotelpatriot.sk\/ru\/","logo":{"@type":"ImageObject","inLanguage":"ru-RU","@id":"https:\/\/hotelpatriot.sk\/ru\/#\/schema\/logo\/image\/","url":"http:\/\/hotelpatriot.sk\/wp-content\/uploads\/2018\/11\/hotel-patriot-logo.jpg","contentUrl":"http:\/\/hotelpatriot.sk\/wp-content\/uploads\/2018\/11\/hotel-patriot-logo.jpg","width":500,"height":500,"caption":"Hotel Patriot*** Vranov nad Top\u013eou"},"image":{"@id":"https:\/\/hotelpatriot.sk\/ru\/#\/schema\/logo\/image\/"},"sameAs":["https:\/\/www.facebook.com\/hotel.patriot.vt\/","https:\/\/x.com\/hotelpatriotvt","https:\/\/www.instagram.com\/hotelpatriot"]}]}},"_links":{"self":[{"href":"https:\/\/hotelpatriot.sk\/ru\/wp-json\/wp\/v2\/pages\/5754","targetHints":{"allow":["GET"]}}],"collection":[{"href":"https:\/\/hotelpatriot.sk\/ru\/wp-json\/wp\/v2\/pages"}],"about":[{"href":"https:\/\/hotelpatriot.sk\/ru\/wp-json\/wp\/v2\/types\/page"}],"author":[{"embeddable":true,"href":"https:\/\/hotelpatriot.sk\/ru\/wp-json\/wp\/v2\/users\/1"}],"replies":[{"embeddable":true,"href":"https:\/\/hotelpatriot.sk\/ru\/wp-json\/wp\/v2\/comments?post=5754"}],"version-history":[{"count":6,"href":"https:\/\/hotelpatriot.sk\/ru\/wp-json\/wp\/v2\/pages\/5754\/revisions"}],"predecessor-version":[{"id":12915,"href":"https:\/\/hotelpatriot.sk\/ru\/wp-json\/wp\/v2\/pages\/5754\/revisions\/12915"}],"wp:attachment":[{"href":"https:\/\/hotelpatriot.sk\/ru\/wp-json\/wp\/v2\/media?parent=5754"}],"curies":[{"name":"wp","href":"https:\/\/api.w.org\/{rel}","templated":true}]}}