{"id":9525,"date":"2017-07-25T10:44:21","date_gmt":"2017-07-25T08:44:21","guid":{"rendered":"http:\/\/hotelpatriot.sk\/ponuka-prace\/"},"modified":"2026-04-23T08:46:34","modified_gmt":"2026-04-23T06:46:34","slug":"ponuka-prace","status":"publish","type":"page","link":"https:\/\/hotelpatriot.sk\/pl\/ponuka-prace\/","title":{"rendered":"Ponuka pr\u00e1ce"},"content":{"rendered":"<div style=\"text-align:center;\">\r\n<strong><a href=\"https:\/\/hotelpatriot.sk\/pl\/fitness-gym\/\" title=\"Patriot Fitness\" target=\"_blank\" rel=\"noopener noreferrer\">Patriot Fitness<\/a> je pre v\u0161etk\u00fdch zamestnancov a brig\u00e1dnikov Hotela Patriot*** ZADARMO.<\/strong>\r\n<\/div>\r\n\r\n<div style=\"border: 2px solid #e68181;background-color: #f9d9d9; padding: .5rem 1rem 2rem;margin: 2rem 0 2rem 0;text-align:center;\">\r\n\r\n<h3>Moment\u00e1lne nie s\u00fa vo\u013en\u00e9 \u017eiadne pracovn\u00e9 poz\u00edcie<\/h3>\r\n\r\n<!--<h3>Vo\u013en\u00e9 pracovn\u00e9 poz\u00edcie:<\/h3>\r\n\r\n<p><strong>Obsluha vo fitness centre<\/strong><\/p>-->\r\n\r\n<p>Miesto v\u00fdkonu pr\u00e1ce: Hotel Patriot***, Bo\u017eeny N\u011bmcovej 1, 093 01 Vranov nad Top\u013eou, Slovensko<\/br>\r\nD\u00e1tum n\u00e1stupu: Ihne\u010f<\/br>\r\nDruh pracovn\u00e9ho pomeru: Pracovn\u00fd pomer na neur\u010dit\u00fd \u010das<\/br>\r\n\r\n<ul>\r\n<li>\u0160tandardn\u00e9 finan\u010dn\u00e9 ohodnotenie<\/li>\r\n<li>Mo\u017enos\u0165 ubytovania v Hoteli Patriot***<\/li>\r\n<li>Patriot Fitness pre v\u0161etk\u00fdch zamestnancov zdarma<\/li>\r\n<\/ul>\r\n\r\n\r\n<\/div>\r\n\r\n<h4>Charakteristika spolo\u010dnosti<\/h4>\r\n\r\n<p>Hotel Patriot*** | Ubytovacie slu\u017eby vysok\u00e9ho \u0161tandardu v \u0161ir\u0161om centre Vranova nad Top\u013eou, Re\u0161taur\u00e1cia, Kaviare\u0148, Fitness centrum, Bowling bar, kongresov\u00e9 priestory a pren\u00e1jom kancel\u00e1rskych priestorov.<\/p>\r\n\r\n<p>Viac sa dozviete na osobnom pohovore.<\/p>\r\n\r\n<p><strong>V pr\u00edpade z\u00e1ujmu o pracovn\u00fa poz\u00edciu n\u00e1s kontaktujte mailom na recepcia@hotelpatriot.sk, osobne alebo vypl\u0148te kontaktn\u00fd formul\u00e1r.<\/strong><\/p>\r\n\r\n<h3>Formul\u00e1r pre z\u00e1ujemcov o zamestnanie<\/h3>\r\n\r\n\n<div class=\"wpcf7 no-js\" id=\"wpcf7-f5651-o1\" lang=\"sk-SK\" dir=\"ltr\" data-wpcf7-id=\"5651\">\n<div class=\"screen-reader-response\"><p role=\"status\" aria-live=\"polite\" aria-atomic=\"true\"><\/p> <ul><\/ul><\/div>\n<form action=\"\/pl\/wp-json\/wp\/v2\/pages\/9525#wpcf7-f5651-o1\" method=\"post\" class=\"wpcf7-form init\" aria-label=\"Kontaktn\u00fd formul\u00e1r\" enctype=\"multipart\/form-data\" novalidate=\"novalidate\" data-status=\"init\">\n<fieldset class=\"hidden-fields-container\"><input type=\"hidden\" name=\"_wpcf7\" value=\"5651\" \/><input type=\"hidden\" name=\"_wpcf7_version\" value=\"6.1.5\" \/><input type=\"hidden\" name=\"_wpcf7_locale\" value=\"sk_SK\" \/><input type=\"hidden\" name=\"_wpcf7_unit_tag\" value=\"wpcf7-f5651-o1\" \/><input type=\"hidden\" name=\"_wpcf7_container_post\" value=\"0\" \/><input type=\"hidden\" name=\"_wpcf7_posted_data_hash\" value=\"\" \/><input type=\"hidden\" name=\"_wpcf7_recaptcha_response\" value=\"\" \/>\n<\/fieldset>\n<p>Va\u0161e meno (povinn\u00e9)\n<\/p>\n<p><span class=\"wpcf7-form-control-wrap\" data-name=\"your-name\"><input size=\"40\" maxlength=\"400\" class=\"wpcf7-form-control wpcf7-text wpcf7-validates-as-required\" aria-required=\"true\" aria-invalid=\"false\" value=\"\" type=\"text\" name=\"your-name\" \/><\/span>\n<\/p>\n<p>Telef\u00f3nne \u010d\u00edslo (povinn\u00e9)\n<\/p>\n<p><span class=\"wpcf7-form-control-wrap\" data-name=\"text-0\"><input size=\"40\" maxlength=\"400\" class=\"wpcf7-form-control wpcf7-text wpcf7-validates-as-required\" aria-required=\"true\" aria-invalid=\"false\" value=\"\" type=\"text\" name=\"text-0\" \/><\/span>\n<\/p>\n<p>V\u00e1\u0161 email\n<\/p>\n<p><span class=\"wpcf7-form-control-wrap\" data-name=\"your-email\"><input size=\"40\" maxlength=\"400\" class=\"wpcf7-form-control wpcf7-email wpcf7-text wpcf7-validates-as-email\" aria-invalid=\"false\" value=\"\" type=\"email\" name=\"your-email\" \/><\/span>\n<\/p>\n<p>\u017divotopis\n<\/p>\n<p><span class=\"wpcf7-form-control-wrap\" data-name=\"file-295\"><input size=\"40\" class=\"wpcf7-form-control wpcf7-file\" accept=\"audio\/*,video\/*,image\/*\" aria-invalid=\"false\" type=\"file\" name=\"file-295\" \/><\/span>\n<\/p>\n<p>Va\u0161a spr\u00e1va\n<\/p>\n<p><span class=\"wpcf7-form-control-wrap\" data-name=\"your-message\"><textarea cols=\"40\" rows=\"10\" maxlength=\"2000\" class=\"wpcf7-form-control wpcf7-textarea\" aria-invalid=\"false\" name=\"your-message\"><\/textarea><\/span>\n<\/p>\n<p><span class=\"wpcf7-form-control-wrap\" data-name=\"acceptance-144\"><span class=\"wpcf7-form-control wpcf7-acceptance\"><span class=\"wpcf7-list-item\"><label><input type=\"checkbox\" name=\"acceptance-144\" value=\"1\" aria-invalid=\"false\" \/><span class=\"wpcf7-list-item-label\">S\u00fahlas\u00edm so sprac\u00favan\u00edm a uchovan\u00edm osobn\u00fdch \u00fadajov pre \u00fa\u010dely evidencie uch\u00e1dza\u010dov o zamestnanie - <a href=\"index.php\/?p=5104\">Z\u00e1sady sprac\u00favania osobn\u00fdch \u00fadajov<\/a>.<\/span><\/label><\/span><\/span><\/span>\n<\/p>\n<p><input class=\"wpcf7-form-control wpcf7-submit has-spinner\" type=\"submit\" value=\"Odosla\u0165\" \/>\n<\/p><div class=\"wpcf7-response-output\" aria-hidden=\"true\"><\/div>\n<\/form>\n<\/div>\n","protected":false},"excerpt":{"rendered":"Patriot Fitness je pre v\u0161etk\u00fdch zamestnancov a brig\u00e1dnikov Hotela Patriot*** ZADARMO. Moment\u00e1lne nie s\u00fa vo\u013en\u00e9 \u017eiadne pracovn\u00e9 poz\u00edcie Miesto v\u00fdkonu pr\u00e1ce: Hotel Patriot***, Bo\u017eeny N\u011bmcovej 1, 093 01 Vranov nad Top\u013eou, Slovensko D\u00e1tum n\u00e1stupu: Ihne\u010f Druh pracovn\u00e9ho pomeru: Pracovn\u00fd pomer na neur\u010dit\u00fd \u010das \u0160tandardn\u00e9 finan\u010dn\u00e9 ohodnotenie Mo\u017enos\u0165 ubytovania v Hoteli Patriot*** Patriot Fitness pre v\u0161etk\u00fdch<a class=\"excerpt-read-more\" href=\"https:\/\/hotelpatriot.sk\/pl\/ponuka-prace\/\" title=\"ReadPonuka pr\u00e1ce\">&#8230; Read more &raquo;<\/a>","protected":false},"author":1,"featured_media":14220,"parent":0,"menu_order":0,"comment_status":"closed","ping_status":"closed","template":"template-full-width.php","meta":{"_acf_changed":false,"footnotes":""},"class_list":["post-9525","page","type-page","status-publish","has-post-thumbnail","hentry"],"acf":[],"yoast_head":"<!-- This site is optimized with the Yoast SEO plugin v27.4 - https:\/\/yoast.com\/product\/yoast-seo-wordpress\/ -->\n<title>Ponuka pr\u00e1ce - Hotel Patriot*** Vranov nad Top\u013eou<\/title>\n<meta name=\"description\" content=\"Aktu\u00e1lne vo\u013en\u00e9 pracovn\u00e9 miesta v Hoteli Patriot*** vo Vranove nad Top\u013eou. Ponuka pr\u00e1ce, vo\u013en\u00e9 pracovn\u00e9 miesta, pln\u00fd \u00favazok, dohoda, brig\u00e1da.\" \/>\n<meta name=\"robots\" content=\"index, follow, max-snippet:-1, max-image-preview:large, max-video-preview:-1\" \/>\n<link rel=\"canonical\" href=\"https:\/\/hotelpatriot.sk\/pl\/ponuka-prace\/\" \/>\n<meta property=\"og:locale\" content=\"pl_PL\" \/>\n<meta property=\"og:type\" content=\"article\" \/>\n<meta property=\"og:title\" content=\"Ponuka pr\u00e1ce\" \/>\n<meta property=\"og:description\" content=\"Aktu\u00e1lne vo\u013en\u00e9 pracovn\u00e9 miesta v Hoteli Patriot***\" \/>\n<meta property=\"og:url\" content=\"https:\/\/hotelpatriot.sk\/pl\/ponuka-prace\/\" \/>\n<meta property=\"og:site_name\" content=\"Hotel Patriot***\" \/>\n<meta property=\"article:publisher\" content=\"https:\/\/www.facebook.com\/hotel.patriot.vt\/\" \/>\n<meta property=\"article:modified_time\" content=\"2026-04-23T06:46:34+00:00\" \/>\n<meta property=\"og:image\" content=\"http:\/\/hotelpatriot.sk\/wp-content\/uploads\/2019\/09\/ponuka-prace.jpg\" \/>\n\t<meta property=\"og:image:width\" content=\"1200\" \/>\n\t<meta property=\"og:image:height\" content=\"628\" \/>\n\t<meta property=\"og:image:type\" content=\"image\/jpeg\" \/>\n<meta name=\"twitter:card\" content=\"summary_large_image\" \/>\n<meta name=\"twitter:site\" content=\"@hotelpatriotvt\" \/>\n<meta name=\"twitter:label1\" content=\"Szacowany czas czytania\" \/>\n\t<meta name=\"twitter:data1\" content=\"1 minuta\" \/>\n<script type=\"application\/ld+json\" class=\"yoast-schema-graph\">{\"@context\":\"https:\\\/\\\/schema.org\",\"@graph\":[{\"@type\":\"WebPage\",\"@id\":\"https:\\\/\\\/hotelpatriot.sk\\\/pl\\\/ponuka-prace\\\/\",\"url\":\"https:\\\/\\\/hotelpatriot.sk\\\/pl\\\/ponuka-prace\\\/\",\"name\":\"Ponuka pr\u00e1ce - Hotel Patriot*** Vranov nad Top\u013eou\",\"isPartOf\":{\"@id\":\"https:\\\/\\\/hotelpatriot.sk\\\/pl\\\/#website\"},\"primaryImageOfPage\":{\"@id\":\"https:\\\/\\\/hotelpatriot.sk\\\/pl\\\/ponuka-prace\\\/#primaryimage\"},\"image\":{\"@id\":\"https:\\\/\\\/hotelpatriot.sk\\\/pl\\\/ponuka-prace\\\/#primaryimage\"},\"thumbnailUrl\":\"https:\\\/\\\/hotelpatriot.sk\\\/wp-content\\\/uploads\\\/2019\\\/09\\\/ponuka-prace.jpg\",\"datePublished\":\"2017-07-25T08:44:21+00:00\",\"dateModified\":\"2026-04-23T06:46:34+00:00\",\"description\":\"Aktu\u00e1lne vo\u013en\u00e9 pracovn\u00e9 miesta v Hoteli Patriot*** vo Vranove nad Top\u013eou. Ponuka pr\u00e1ce, vo\u013en\u00e9 pracovn\u00e9 miesta, pln\u00fd \u00favazok, dohoda, brig\u00e1da.\",\"breadcrumb\":{\"@id\":\"https:\\\/\\\/hotelpatriot.sk\\\/pl\\\/ponuka-prace\\\/#breadcrumb\"},\"inLanguage\":\"pl-PL\",\"potentialAction\":[{\"@type\":\"ReadAction\",\"target\":[\"https:\\\/\\\/hotelpatriot.sk\\\/pl\\\/ponuka-prace\\\/\"]}]},{\"@type\":\"ImageObject\",\"inLanguage\":\"pl-PL\",\"@id\":\"https:\\\/\\\/hotelpatriot.sk\\\/pl\\\/ponuka-prace\\\/#primaryimage\",\"url\":\"https:\\\/\\\/hotelpatriot.sk\\\/wp-content\\\/uploads\\\/2019\\\/09\\\/ponuka-prace.jpg\",\"contentUrl\":\"https:\\\/\\\/hotelpatriot.sk\\\/wp-content\\\/uploads\\\/2019\\\/09\\\/ponuka-prace.jpg\",\"width\":1200,\"height\":628,\"caption\":\"Ponuka Pr\u00e1ce - Hotel Patriot*** Vranov nad Top\u013eou\"},{\"@type\":\"BreadcrumbList\",\"@id\":\"https:\\\/\\\/hotelpatriot.sk\\\/pl\\\/ponuka-prace\\\/#breadcrumb\",\"itemListElement\":[{\"@type\":\"ListItem\",\"position\":1,\"name\":\"Home\",\"item\":\"https:\\\/\\\/hotelpatriot.sk\\\/pl\\\/\"},{\"@type\":\"ListItem\",\"position\":2,\"name\":\"Ponuka pr\u00e1ce\"}]},{\"@type\":\"WebSite\",\"@id\":\"https:\\\/\\\/hotelpatriot.sk\\\/pl\\\/#website\",\"url\":\"https:\\\/\\\/hotelpatriot.sk\\\/pl\\\/\",\"name\":\"Hotel Patriot***\",\"description\":\"Hotel, ubytovanie Vranov nad Top\u013eou\",\"publisher\":{\"@id\":\"https:\\\/\\\/hotelpatriot.sk\\\/pl\\\/#organization\"},\"potentialAction\":[{\"@type\":\"SearchAction\",\"target\":{\"@type\":\"EntryPoint\",\"urlTemplate\":\"https:\\\/\\\/hotelpatriot.sk\\\/pl\\\/?s={search_term_string}\"},\"query-input\":{\"@type\":\"PropertyValueSpecification\",\"valueRequired\":true,\"valueName\":\"search_term_string\"}}],\"inLanguage\":\"pl-PL\"},{\"@type\":\"Organization\",\"@id\":\"https:\\\/\\\/hotelpatriot.sk\\\/pl\\\/#organization\",\"name\":\"Hotel Patriot*** Vranov nad Top\u013eou\",\"alternateName\":\"Hotel Patriot***\",\"url\":\"https:\\\/\\\/hotelpatriot.sk\\\/pl\\\/\",\"logo\":{\"@type\":\"ImageObject\",\"inLanguage\":\"pl-PL\",\"@id\":\"https:\\\/\\\/hotelpatriot.sk\\\/pl\\\/#\\\/schema\\\/logo\\\/image\\\/\",\"url\":\"http:\\\/\\\/hotelpatriot.sk\\\/wp-content\\\/uploads\\\/2018\\\/11\\\/hotel-patriot-logo.jpg\",\"contentUrl\":\"http:\\\/\\\/hotelpatriot.sk\\\/wp-content\\\/uploads\\\/2018\\\/11\\\/hotel-patriot-logo.jpg\",\"width\":500,\"height\":500,\"caption\":\"Hotel Patriot*** Vranov nad Top\u013eou\"},\"image\":{\"@id\":\"https:\\\/\\\/hotelpatriot.sk\\\/pl\\\/#\\\/schema\\\/logo\\\/image\\\/\"},\"sameAs\":[\"https:\\\/\\\/www.facebook.com\\\/hotel.patriot.vt\\\/\",\"https:\\\/\\\/x.com\\\/hotelpatriotvt\",\"https:\\\/\\\/www.instagram.com\\\/hotelpatriot\"]}]}<\/script>\n<!-- \/ Yoast SEO plugin. -->","yoast_head_json":{"title":"Ponuka pr\u00e1ce - Hotel Patriot*** Vranov nad Top\u013eou","description":"Aktu\u00e1lne vo\u013en\u00e9 pracovn\u00e9 miesta v Hoteli Patriot*** vo Vranove nad Top\u013eou. Ponuka pr\u00e1ce, vo\u013en\u00e9 pracovn\u00e9 miesta, pln\u00fd \u00favazok, dohoda, brig\u00e1da.","robots":{"index":"index","follow":"follow","max-snippet":"max-snippet:-1","max-image-preview":"max-image-preview:large","max-video-preview":"max-video-preview:-1"},"canonical":"https:\/\/hotelpatriot.sk\/pl\/ponuka-prace\/","og_locale":"pl_PL","og_type":"article","og_title":"Ponuka pr\u00e1ce","og_description":"Aktu\u00e1lne vo\u013en\u00e9 pracovn\u00e9 miesta v Hoteli Patriot***","og_url":"https:\/\/hotelpatriot.sk\/pl\/ponuka-prace\/","og_site_name":"Hotel Patriot***","article_publisher":"https:\/\/www.facebook.com\/hotel.patriot.vt\/","article_modified_time":"2026-04-23T06:46:34+00:00","og_image":[{"width":1200,"height":628,"url":"http:\/\/hotelpatriot.sk\/wp-content\/uploads\/2019\/09\/ponuka-prace.jpg","type":"image\/jpeg"}],"twitter_card":"summary_large_image","twitter_site":"@hotelpatriotvt","twitter_misc":{"Szacowany czas czytania":"1 minuta"},"schema":{"@context":"https:\/\/schema.org","@graph":[{"@type":"WebPage","@id":"https:\/\/hotelpatriot.sk\/pl\/ponuka-prace\/","url":"https:\/\/hotelpatriot.sk\/pl\/ponuka-prace\/","name":"Ponuka pr\u00e1ce - Hotel Patriot*** Vranov nad Top\u013eou","isPartOf":{"@id":"https:\/\/hotelpatriot.sk\/pl\/#website"},"primaryImageOfPage":{"@id":"https:\/\/hotelpatriot.sk\/pl\/ponuka-prace\/#primaryimage"},"image":{"@id":"https:\/\/hotelpatriot.sk\/pl\/ponuka-prace\/#primaryimage"},"thumbnailUrl":"https:\/\/hotelpatriot.sk\/wp-content\/uploads\/2019\/09\/ponuka-prace.jpg","datePublished":"2017-07-25T08:44:21+00:00","dateModified":"2026-04-23T06:46:34+00:00","description":"Aktu\u00e1lne vo\u013en\u00e9 pracovn\u00e9 miesta v Hoteli Patriot*** vo Vranove nad Top\u013eou. Ponuka pr\u00e1ce, vo\u013en\u00e9 pracovn\u00e9 miesta, pln\u00fd \u00favazok, dohoda, brig\u00e1da.","breadcrumb":{"@id":"https:\/\/hotelpatriot.sk\/pl\/ponuka-prace\/#breadcrumb"},"inLanguage":"pl-PL","potentialAction":[{"@type":"ReadAction","target":["https:\/\/hotelpatriot.sk\/pl\/ponuka-prace\/"]}]},{"@type":"ImageObject","inLanguage":"pl-PL","@id":"https:\/\/hotelpatriot.sk\/pl\/ponuka-prace\/#primaryimage","url":"https:\/\/hotelpatriot.sk\/wp-content\/uploads\/2019\/09\/ponuka-prace.jpg","contentUrl":"https:\/\/hotelpatriot.sk\/wp-content\/uploads\/2019\/09\/ponuka-prace.jpg","width":1200,"height":628,"caption":"Ponuka Pr\u00e1ce - Hotel Patriot*** Vranov nad Top\u013eou"},{"@type":"BreadcrumbList","@id":"https:\/\/hotelpatriot.sk\/pl\/ponuka-prace\/#breadcrumb","itemListElement":[{"@type":"ListItem","position":1,"name":"Home","item":"https:\/\/hotelpatriot.sk\/pl\/"},{"@type":"ListItem","position":2,"name":"Ponuka pr\u00e1ce"}]},{"@type":"WebSite","@id":"https:\/\/hotelpatriot.sk\/pl\/#website","url":"https:\/\/hotelpatriot.sk\/pl\/","name":"Hotel Patriot***","description":"Hotel, ubytovanie Vranov nad Top\u013eou","publisher":{"@id":"https:\/\/hotelpatriot.sk\/pl\/#organization"},"potentialAction":[{"@type":"SearchAction","target":{"@type":"EntryPoint","urlTemplate":"https:\/\/hotelpatriot.sk\/pl\/?s={search_term_string}"},"query-input":{"@type":"PropertyValueSpecification","valueRequired":true,"valueName":"search_term_string"}}],"inLanguage":"pl-PL"},{"@type":"Organization","@id":"https:\/\/hotelpatriot.sk\/pl\/#organization","name":"Hotel Patriot*** Vranov nad Top\u013eou","alternateName":"Hotel Patriot***","url":"https:\/\/hotelpatriot.sk\/pl\/","logo":{"@type":"ImageObject","inLanguage":"pl-PL","@id":"https:\/\/hotelpatriot.sk\/pl\/#\/schema\/logo\/image\/","url":"http:\/\/hotelpatriot.sk\/wp-content\/uploads\/2018\/11\/hotel-patriot-logo.jpg","contentUrl":"http:\/\/hotelpatriot.sk\/wp-content\/uploads\/2018\/11\/hotel-patriot-logo.jpg","width":500,"height":500,"caption":"Hotel Patriot*** Vranov nad Top\u013eou"},"image":{"@id":"https:\/\/hotelpatriot.sk\/pl\/#\/schema\/logo\/image\/"},"sameAs":["https:\/\/www.facebook.com\/hotel.patriot.vt\/","https:\/\/x.com\/hotelpatriotvt","https:\/\/www.instagram.com\/hotelpatriot"]}]}},"_links":{"self":[{"href":"https:\/\/hotelpatriot.sk\/pl\/wp-json\/wp\/v2\/pages\/9525","targetHints":{"allow":["GET"]}}],"collection":[{"href":"https:\/\/hotelpatriot.sk\/pl\/wp-json\/wp\/v2\/pages"}],"about":[{"href":"https:\/\/hotelpatriot.sk\/pl\/wp-json\/wp\/v2\/types\/page"}],"author":[{"embeddable":true,"href":"https:\/\/hotelpatriot.sk\/pl\/wp-json\/wp\/v2\/users\/1"}],"replies":[{"embeddable":true,"href":"https:\/\/hotelpatriot.sk\/pl\/wp-json\/wp\/v2\/comments?post=9525"}],"version-history":[{"count":84,"href":"https:\/\/hotelpatriot.sk\/pl\/wp-json\/wp\/v2\/pages\/9525\/revisions"}],"predecessor-version":[{"id":20718,"href":"https:\/\/hotelpatriot.sk\/pl\/wp-json\/wp\/v2\/pages\/9525\/revisions\/20718"}],"wp:featuredmedia":[{"embeddable":true,"href":"https:\/\/hotelpatriot.sk\/pl\/wp-json\/wp\/v2\/media\/14220"}],"wp:attachment":[{"href":"https:\/\/hotelpatriot.sk\/pl\/wp-json\/wp\/v2\/media?parent=9525"}],"curies":[{"name":"wp","href":"https:\/\/api.w.org\/{rel}","templated":true}]}}