{"id":9509,"date":"2017-07-25T10:45:06","date_gmt":"2017-07-25T08:45:06","guid":{"rendered":"http:\/\/hotelpatriot.sk\/zasady-spracuvania-osobnych-udajov\/"},"modified":"2025-02-05T09:53:18","modified_gmt":"2025-02-05T08:53:18","slug":"zasady-spracuvania-osobnych-udajov","status":"publish","type":"page","link":"https:\/\/hotelpatriot.sk\/pl\/zasady-spracuvania-osobnych-udajov\/","title":{"rendered":"Z\u00e1sady sprac\u00favania osobn\u00fdch \u00fadajov"},"content":{"rendered":"<h2>Kto sme<\/h2>\r\n\r\n<p>Spolo\u010dnos\u0165 T and B, s.r.o. prev\u00e1dzkuje Hotel PATRIOT*** vo Vranove nad Top\u013eou, v ktorej prev\u00e1dzke poskytujeme ubytovacie slu\u017eby, re\u0161taura\u010dn\u00e9 slu\u017eby, slu\u017eby zariadenia fitnesscentra a telocvi\u010dne, slu\u017eby bowlingovej dr\u00e1hy, n\u00e1jom priestorov a ostatn\u00e9 slu\u017eby s\u00favisiace s na\u0161ou uvedenou \u010dinnos\u0165ou.<\/p> \r\n\r\n<p>Va\u0161e osobn\u00e9 \u00fadaje sprac\u00favame pre \u00fa\u010dely riadneho poskytnutia uveden\u00fdch slu\u017eieb.<\/p>\r\n\r\n<p>Prev\u00e1dzkovate\u013eom, ktor\u00fd sprac\u00fava Va\u0161e osobn\u00e9 \u00fadaje je:<\/p>\r\n\r\n\t\t\t<p>T and B, s.r.o.<br \/>\r\n\t\t\tprev\u00e1dzka Hotel PATRIOT***<br \/>\r\n\t\t\tadresa Bo\u017eeny N\u011bmcovej 1, 093 01 Vranov nad Top\u013eou, SR<br \/>\r\n\t\t\tI\u010cO: 36 445 045<br \/>\r\ninternetov\u00e1 str\u00e1nka : https:\/\/www.hotelpatriot.sk<br \/>\r\nkontakt: mobil: +421 908 970 628 , tel.: +421 57 442 34 27, e-mail: recepcia@hotelpatriot.sk<\/p> \r\n\r\n<h2>AK\u00c9 OSOBN\u00c9 \u00daDAJE SPRAC\u00daVAME A PRE\u010cO<\/h2>\r\n\r\n<p>Osobn\u00fdmi \u00fadajmi rozumieme v\u0161etky inform\u00e1cie o identifikovanej osobe (konkr\u00e9tnej osobe) alebo identifikovate\u013enej fyzickej osobe (osoba, ktor\u00fa pod\u013ea uveden\u00fdch \u00fadajov vieme ur\u010di\u0165).<\/p> \r\n\r\n<p>Sprac\u00favame Va\u0161e osobn\u00e9 \u00fadaje, ktor\u00e9 n\u00e1m poskytnete pri objedn\u00e1van\u00ed slu\u017eby alebo pri Va\u0161om z\u00e1ujme o na\u0161e slu\u017eby.  Va\u0161e identifika\u010dn\u00e9, kontaktn\u00e9 \u00fadaje a \u00fadaje, ktor\u00e9 s\u00fa nutn\u00e9 pre plnenie zmluvy, sprac\u00favame, aby sme V\u00e1m mohli riadne poskytn\u00fa\u0165 slu\u017eby. Bez poskytnutia Va\u0161ich potrebn\u00fdch osobn\u00fdch \u00fadajov, by sme V\u00e1m nemohli poskytn\u00fa\u0165 slu\u017eby.<\/p>\r\n\r\n<p>Sprac\u00favame tieto osobn\u00e9 \u00fadaje:<\/p>\r\n\r\n<p>ubytovacie slu\u017eby: meno a priezvisko, bydlisko, d\u00e1tum narodenia, \u010d\u00edslo ob\u010dianskeho preukazu OP\/pasu, v\u00edza, \u0161t\u00e1tna pr\u00edslu\u0161nos\u0165, doba ubytovania, email, telef\u00f3nne \u010d\u00edslo, \u010d\u00edslo \u00fa\u010dtu<br \/>\t\r\nre\u0161taura\u010dn\u00e9 slu\u017eby: meno a priezvisko, bydlisko, telef\u00f3nne \u010d\u00edslo<br \/>\r\nslu\u017eby fitnesscentra: meno a priezvisko, bydlisko, d\u00e1tum narodenia, \u010d\u00edslo OP, telef\u00f3nne \u010d\u00edslo<br \/>\r\nn\u00e1jom priestorov: meno a priezvisko, bydlisko, d\u00e1tum narodenia, \u010d\u00edslo OP, telef\u00f3nne \u010d\u00edslo<br \/>\r\nslu\u017eby bowlingovej dr\u00e1hy: meno a priezvisko, telef\u00f3nne \u010d\u00edslo<br \/>\r\nostatn\u00e9 slu\u017eby: meno a priezvisko, telef\u00f3nne \u010d\u00edslo<\/p>\r\n\r\n<p>Pri pou\u017e\u00edvan\u00ed internetovej str\u00e1nky https:\/\/www.hotelpatriot.sk sprac\u00favame Va\u0161e osobn\u00e9 \u00fadaje, ktor\u00e9 z\u00edskame na z\u00e1klade V\u00e1\u0161ho pou\u017e\u00edvania internetovej str\u00e1nky alebo vyplnenia formul\u00e1rov na internetovej str\u00e1nke, napr. IP adresa, logy, cookies, vypl\u00fdvaj\u00face z technick\u00e9ho fungovania prev\u00e1dzkovate\u013ea na webe.<\/p> \r\n\r\n<p>S\u00fabor cookie je mal\u00fd textov\u00fd s\u00fabor, ktor\u00fd webov\u00e1 lokalita uklad\u00e1 vo va\u0161om po\u010d\u00edta\u010di alebo mobilnom zariaden\u00ed pri jej prehliadan\u00ed. V\u010faka tomuto s\u00faboru si webov\u00e1 lokalita na ur\u010dit\u00fd \u010das uchov\u00e1va inform\u00e1cie o va\u0161ich krokoch a preferenci\u00e1ch (ako s\u00fa prihlasovacie meno, jazyk, ve\u013ekos\u0165 p\u00edsma a in\u00e9 nastavenia zobrazovania), tak\u017ee ich pri \u010fal\u0161ej n\u00e1v\u0161teve lokality alebo prehliadan\u00ed jej jednotliv\u00fdch str\u00e1nok nemus\u00edte op\u00e4tovne uv\u00e1dza\u0165. Viac o nami pou\u017e\u00edvan\u00fdch s\u00faboroch \u201ccookies\u201d na na\u0161ej internetovej str\u00e1nke si m\u00f4\u017eete pozrie\u0165 v osobitnej \u010dasti COOKIES. Na \u00fa\u010del pou\u017eitia, povolenia alebo zak\u00e1zania cookies ste na na\u0161ej internetovej str\u00e1nke upozornen\u00ed.<\/p>\r\n\t\r\n<p>Pr\u00e1vny z\u00e1klad sprac\u00favania Va\u0161ich osobn\u00fdch \u00fadajov je:<\/p>\r\n\r\n<ul>\r\n<li>PLNENIE ZMLUVY &#8211;  poskytnutie slu\u017eieb medzi Vami a prev\u00e1dzkovate\u013eom,<\/li>\r\n<li>OPR\u00c1VNEN\u00dd Z\u00c1UJEM prev\u00e1dzkovate\u013ea pri \u010dinnosti priameho marketingu (napr. zasielanie pon\u00fak slu\u017eieb pre z\u00e1kazn\u00edkov, ak u\u017e im boli slu\u017eby predt\u00fdm poskytnut\u00e9),<\/li>\r\n<li>Z\u00c1KONN\u00c1 POVINNOS\u0164 (oznamovanie \u00fadajov napr. cudzineckej pol\u00edcii, oznamovanie po\u010dtu a n\u00e1rodnosti ubytovan\u00fdch \u0160tatistick\u00e9mu \u00faradu SR),<\/li>\r\n<li>V\u00c1\u0160 V\u00ddSLOVN\u00dd S\u00daHLAS so spracovan\u00edm \u00fadajov t\u00fdkaj\u00facich sa zdravia na \u00fa\u010del poskytnutia slu\u017eieb prev\u00e1dzkovate\u013eom (plnenia zmluvy),<\/li>\r\n<li>V\u00c1\u0160 S\u00daHLAS so spracovan\u00edm \u00fadajov pre \u00fa\u010dely poskytovania priameho marketingu (najm\u00e4 zasielanie pon\u00fak slu\u017eieb pre osoby, ktor\u00e9 neboli z\u00e1kazn\u00edkmi prev\u00e1dzkovate\u013ea).<\/li>\r\n<\/ul>\r\n\r\n<p>Na\u0161a spolo\u010dnos\u0165 T and B, s.r.o. ako prev\u00e1dzkovate\u013e nevykon\u00e1va automatick\u00e9 individu\u00e1lne rozhodovanie ani profilovanie v zmysle \u00a7 28 ods. 1 a 4 z\u00e1kona \u010d. 18\/2018 Z.z. o ochrane osobn\u00fdch \u00fadajov.<\/p>\r\n\r\n<h2>KOMU POSKYTUJEME VA\u0160E \u00daDAJE<\/h2>\r\n\r\n<p>V niektor\u00fdch pr\u00edpadoch v mene prev\u00e1dzkovate\u013ea sprac\u00fava Va\u0161e osobn\u00e9 \u00fadaje \u010fal\u0161ia osoba &#8211;  sprostredkovate\u013e. Ka\u017ed\u00fd tak\u00fdto sprostredkovate\u013e m\u00e1 s nami uzatvoren\u00fa p\u00edsomn\u00fa zmluvu, ktor\u00e1 upravuje ako osobn\u00e9 \u00fadaje a na ak\u00fd \u00fa\u010del sprac\u00fava. Zazmluv\u0148ujeme len osoby, ktor\u00e9 poskytuj\u00fa dostato\u010dn\u00e9 z\u00e1ruky, aby sprac\u00favanie osobn\u00fdch \u00fadajov bolo z\u00e1konn\u00e9 a aby sa zabezpe\u010dila ochrana Va\u0161ich pr\u00e1v.<\/p>\r\n \r\n<p>Pr\u00edjemcovia Va\u0161ich osobn\u00fdch \u00fadajov s\u00fa osoby:<\/p>\r\n\r\n<ul>\r\n<li>ktor\u00e9 pracuj\u00fa pre prev\u00e1dzkovate\u013ea ako zamestnanci alebo sa na z\u00e1klade inej zmluvy s prev\u00e1dzkovate\u013eom podie\u013eaj\u00fa na plnen\u00ed zmluvy medzi Vami a prev\u00e1dzkovate\u013eom,<\/li>\r\n<li>ktor\u00e9 zabezpe\u010duj\u00fa slu\u017eby prev\u00e1dzkovania internetovej str\u00e1nky, softv\u00e9ru prev\u00e1dzkovate\u013ea  a \u010fal\u0161ie slu\u017eby v s\u00favislosti s prev\u00e1dzkovan\u00edm internetovej str\u00e1nky,<\/li>\r\n<li>ktor\u00e9 zabezpe\u010duj\u00fa \u00fa\u010dtovn\u00e9, da\u0148ov\u00e9 a pr\u00e1vne slu\u017eby pre prev\u00e1dzkovate\u013ea.<\/li>\r\n<\/ul>\r\n\r\n<p>Ak sa Va\u0161e osobn\u00e9 \u00fadaje poskytuj\u00fa org\u00e1nu verejnej moci, ktor\u00fd sprac\u00fava osobn\u00e9 \u00fadaje na z\u00e1klade osobitn\u00e9ho predpisu alebo medzin\u00e1rodnej zmluvy, ktorou je Slovensk\u00e1 republika viazan\u00e1, nepova\u017euje sa za pr\u00edjemcu.<\/p>\r\n\r\n<p>Prev\u00e1dzkovate\u013e vyhlasuje, \u017ee nezam\u00fd\u0161\u013ea prenies\u0165 osobn\u00e9 \u00fadaje do tretej krajiny, teda krajiny mimo Eur\u00f3pskej \u00fanie, alebo medzin\u00e1rodnej organiz\u00e1cii.<\/p>\r\n\r\n\r\n<p>Doba uchov\u00e1vania osobn\u00fdch \u00fadajov<\/p>\r\n<p>Va\u0161e osobn\u00e9 \u00fadaje sprac\u00favame a uchov\u00e1vame:<\/p>\r\n\r\n<ul>\r\n<li>po\u010das doby, ktor\u00e1 je nevyhnutn\u00e1 pre v\u00fdkon pr\u00e1v a povinnost\u00ed zo zmluvn\u00e9ho vz\u0165ahu medzi Vami a na\u0161ou spolo\u010dnos\u0165ou ako prev\u00e1dzkovate\u013eom,<\/li>\r\n<li>po\u010das doby, ktor\u00e1 je nevyhnutn\u00e1 pre uplat\u0148ovanie pr\u00e1vnych n\u00e1rokov zo zmluvn\u00e9ho vz\u0165ahu medzi Vami a prev\u00e1dzkovate\u013eom, najviac na dobu \u0161tyroch rokov,<\/li>\r\n<li>po\u010das doby, ktor\u00e1 je nevyhnutn\u00e1 pre archiv\u00e1ciu na da\u0148ov\u00e9 a \u00fa\u010dtovn\u00e9 \u00fa\u010dely, najviac po dobu 10 rokov od ukon\u010denia zmluvn\u00e9ho vz\u0165ahu, okrem mzdovej agendy uchov\u00e1vanej aj dlh\u0161iu dobu,\r\ndo doby odvolania V\u00e1\u0161ho s\u00fahlasu so sprac\u00favan\u00edm osobn\u00fdch \u00fadajov pre marketingov\u00e9 \u00fa\u010dely, najviac na dobu jedn\u00e9ho roka, ak s\u00fa osobn\u00e9 \u00fadaje spracov\u00e1van\u00e9 na z\u00e1klade s\u00fahlasu.<\/li>\r\n<\/ul>\r\n\r\n<p>Po uplynut\u00ed potrebnej doby uchov\u00e1vania osobn\u00fdch \u00fadajov bud\u00fa Va\u0161e osobn\u00e9 \u00fadaje vymazan\u00e9.<\/p>\r\n\r\n\r\n\r\n<h2>VA\u0160E PR\u00c1VA K OSOBN\u00ddM \u00daDAJOM<\/h2>\r\n\r\n<p>K Va\u0161im osobn\u00fdm \u00fadajom m\u00e1te v zmysle z\u00e1kona \u010d. 18\/2018 Z.z.:<\/p>\r\n\r\n<ul>\r\n<li>pr\u00e1vo po\u017eadova\u0165 od prev\u00e1dzkovate\u013ea pr\u00edstup k Va\u0161im osobn\u00fdm \u00fadajom,<\/li>\r\n<li>pr\u00e1vo na opravu a doplnenie Va\u0161ich osobn\u00fdch \u00fadajov,<\/li>\r\n<li>pr\u00e1vo na vymazanie Va\u0161ich osobn\u00fdch \u00fadajov aj u ostatn\u00fdch prev\u00e1dzkovate\u013eov (na zabudnutie),<\/li>\r\n<li>pr\u00e1vo na obmedzenie sprac\u00favania osobn\u00fdch \u00fadajov,<\/li>\r\n<li>pr\u00e1vo namieta\u0165 sprac\u00favanie osobn\u00fdch \u00fadajov,<\/li>\r\n<li>pr\u00e1vo na prenosnos\u0165 osobn\u00fdch \u00fadajov,<\/li>\r\n<li>pr\u00e1vo kedyko\u013evek svoj s\u00fahlas odvola\u0165 p\u00edsomne alebo elektronicky na \u00fadaje prev\u00e1dzkovate\u013ea,<\/li>\r\n<li>pr\u00e1vo poda\u0165 n\u00e1vrh na za\u010datie konania, ak si mysl\u00edte, \u017ee ste boli dotknut\u00fd na svojich pr\u00e1vach ustanoven\u00fdch z\u00e1konom, na U\u0301rade na ochranu osobny\u0301ch u\u0301dajov Slovenskej republiky, Hranic\u030cna\u0301 12, 820 07 Bratislava 27; tel. c\u030ci\u0301slo: +421 \/2\/ 3231 3214; mail: statny.dozor@pdp.gov.sk , https:\/\/dataprotection.gov.sk.<\/li>  \r\n<\/ul>\r\n\r\n<p>Prev\u00e1dzkovate\u013e ozn\u00e1mi \u00daradu na ochranu osobn\u00fdch \u00fadajov poru\u0161enie ochrany osobn\u00fdch \u00fadajov do 72 hod\u00edn po tom, ako sa o \u0148om dozvedel prostredn\u00edctvom ur\u010den\u00e9ho formul\u00e1ra, to neplat\u00ed, ak nie je pravdepodobn\u00e9, \u017ee poru\u0161enie ochrany osobn\u00fdch \u00fadajov povedie k riziku pre pr\u00e1va fyzickej osoby. Prev\u00e1dzkovate\u013e je povinn\u00fd bez zbyto\u010dn\u00e9ho odkladu ozn\u00e1mi\u0165 dotknutej osobe poru\u0161enie ochrany osobn\u00fdch \u00fadajov, ak tak\u00e9to poru\u0161enie ochrany osobn\u00fdch \u00fadajov m\u00f4\u017ee vies\u0165 k vysok\u00e9mu riziku pre pr\u00e1va fyzickej osoby.<\/p>\r\n\r\n\r\n<h2>AKO CHR\u00c1NIME VA\u0160E \u00daDAJE<\/h2>\r\n\r\n<p>Prev\u00e1dzkovate\u013e t\u00fdmto vyhlasuje, \u017ee sme prijali v\u0161etky primeran\u00e9 technick\u00e9 a organiza\u010dn\u00e9 opatrenia na zabezpe\u010denie ochrany Va\u0161ich osobn\u00fdch \u00fadajov:<\/p>\r\n\r\n\t\t<p>a) \u0161ifrovanie osobn\u00fdch \u00fadajov,<br \/>\r\n\t\tb) zabezpe\u010denie syst\u00e9mov sprac\u00favania osobn\u00fdch \u00fadajov,<br \/>\r\n\t\tc) z\u00e1lohovanie osobn\u00fdch \u00fadajov,<br \/>\r\n\t\td) pravideln\u00e9 hodnotenie \u00fa\u010dinnosti technick\u00fdch a organiza\u010dn\u00fdch opatren\u00ed.<\/p>\r\n\r\n<p>Technick\u00e9 opatrenia zabezpe\u010duj\u00fa ulo\u017eenie d\u00e1t v elektronickej podobe najm\u00e4 zabezpe\u010denie, \u0161ifrovanie po\u010d\u00edta\u010dov, webovej str\u00e1nky, softv\u00e9ru heslom, pou\u017e\u00edvan\u00edm anitv\u00edrov\u00e9ho programu a pravidelnou \u00fadr\u017ebou. Technick\u00e9 opatrenia &#8211; uzamknutie priestorov, uzamknutie \u00falo\u017en\u00fdch skr\u00ed\u0148, zabezpe\u010dia tie\u017e osobn\u00e9 \u00fadaje v listinnej podobe.<\/p>\r\n\r\n<h2>Dodato\u010dn\u00e9 inform\u00e1cie<\/h2>\r\n\r\n<p>Na na\u0161ej internetovej str\u00e1nke https:\/\/www.hotelpatriot.sk aj v prev\u00e1dzke Hotel Patriot*** na adrese B. N\u011bmcovej 1, 093 01 Vranov nad Top\u013eou sa m\u00f4\u017eete kedyko\u013evek obozn\u00e1mi\u0165 so z\u00e1sadami sprac\u00favania osobn\u00fdch \u00fadajov a ochrany osobn\u00fdch \u00fadajov.<\/p>\r\n\r\n<p>V pr\u00edpade \u017eiadosti o vysvetlenie, export alebo vymazanie Va\u0161ich osobn\u00fdch \u00fadajov n\u00e1s m\u00f4\u017eete kontaktova\u0165 telefonicky na telef\u00f3nnom \u010d\u00edsle +421 908 970 628, mailom na recepcia@hotelpatriot.sk alebo osobne v prev\u00e1dzke Hotel PATRIOT*** na adrese Bo\u017eeny N\u011bmcovej 1, Vranov nad Top\u013eou.<\/p>\r\n\r\n<p>Prev\u00e1dzkovate\u013e je opr\u00e1vnen\u00fd tieto z\u00e1sady aktualizova\u0165. Aktu\u00e1lne znenie z\u00e1sad sprac\u00favania osobn\u00fdch \u00fadajov zverejn\u00ed na internetovej str\u00e1nke https:\/\/www.hotelpatriot.sk a z\u00e1rove\u0148 v prev\u00e1dzke Hotel PATRIOT*** na adrese Bo\u017eeny N\u011bmcovej 1, Vranov nad Top\u013eou.<\/p>\r\n\r\n<p>Pri sprac\u00favan\u00ed osobn\u00fdch \u00fadajov postupujeme v zmysle z\u00e1kona \u010d. 18\/2018 Z.z. o ochrane osobn\u00fdch \u00fadajov v znen\u00ed neskor\u0161\u00edch predpisov a Nariadenia Eur\u00f3pskeho parlamentu a Rady (E\u00da) 2016\/679 z 27. apr\u00edla 2016 o ochrane fyzick\u00fdch os\u00f4b pri sprac\u00favan\u00ed osobn\u00fdch \u00fadajov a o vo\u013enom pohybe tak\u00fdchto \u00fadajov.<\/p>\r\n\r\n<p>Pod\u013ea uveden\u00fdch z\u00e1sad sprac\u00favania osobn\u00fdch \u00fadajov postupujeme od 25.m\u00e1ja 2018.<\/p>\r\n\r\n<p>T and B, s.r.o.<\/p>","protected":false},"excerpt":{"rendered":"Kto sme Spolo\u010dnos\u0165 T and B, s.r.o. prev\u00e1dzkuje Hotel PATRIOT*** vo Vranove nad Top\u013eou, v ktorej prev\u00e1dzke poskytujeme ubytovacie slu\u017eby, re\u0161taura\u010dn\u00e9 slu\u017eby, slu\u017eby zariadenia fitnesscentra a telocvi\u010dne, slu\u017eby bowlingovej dr\u00e1hy, n\u00e1jom priestorov a ostatn\u00e9 slu\u017eby s\u00favisiace s na\u0161ou uvedenou \u010dinnos\u0165ou. Va\u0161e osobn\u00e9 \u00fadaje sprac\u00favame pre \u00fa\u010dely riadneho poskytnutia uveden\u00fdch slu\u017eieb. Prev\u00e1dzkovate\u013eom, ktor\u00fd sprac\u00fava Va\u0161e osobn\u00e9<a class=\"excerpt-read-more\" href=\"https:\/\/hotelpatriot.sk\/pl\/zasady-spracuvania-osobnych-udajov\/\" title=\"ReadZ\u00e1sady sprac\u00favania osobn\u00fdch \u00fadajov\">&#8230; Read more &raquo;<\/a>","protected":false},"author":1,"featured_media":0,"parent":0,"menu_order":0,"comment_status":"closed","ping_status":"closed","template":"template-full-width.php","meta":{"_acf_changed":false,"footnotes":""},"class_list":["post-9509","page","type-page","status-publish","hentry"],"acf":[],"yoast_head":"<!-- This site is optimized with the Yoast SEO plugin v27.4 - https:\/\/yoast.com\/product\/yoast-seo-wordpress\/ -->\n<title>Z\u00e1sady sprac\u00favania osobn\u00fdch \u00fadajov - Hotel Patriot*** - Hotel, ubytovanie Vranov nad Top\u013eou<\/title>\n<meta name=\"description\" content=\"Hotel Patriot*** pon\u00faka ubytovanie vysok\u00e9ho \u0161tandardu v 42 izb\u00e1ch a dvoch apartm\u00e1noch v \u0161ir\u0161om centre mesta Vranov nad Top\u013eou. S\u00fa\u010das\u0165ou hotela je re\u0161taur\u00e1cia, kaviare\u0148, bowling bar, kongresov\u00e9 centrum vhodn\u00e9 aj pre usporiadanie svadieb a fitness centrum. Hotel Patriot*** Vranov - hotel, ubytovanie.\" \/>\n<meta name=\"robots\" content=\"index, nofollow, max-snippet:-1, max-image-preview:large, max-video-preview:-1\" \/>\n<link rel=\"canonical\" href=\"https:\/\/hotelpatriot.sk\/pl\/zasady-spracuvania-osobnych-udajov\/\" \/>\n<meta property=\"og:locale\" content=\"pl_PL\" \/>\n<meta property=\"og:type\" content=\"article\" \/>\n<meta property=\"og:title\" content=\"Z\u00e1sady sprac\u00favania osobn\u00fdch \u00fadajov - Hotel Patriot*** - Hotel, ubytovanie Vranov nad Top\u013eou\" \/>\n<meta property=\"og:description\" content=\"Hotel Patriot*** pon\u00faka ubytovanie vysok\u00e9ho \u0161tandardu v 42 izb\u00e1ch a dvoch apartm\u00e1noch v \u0161ir\u0161om centre mesta Vranov nad Top\u013eou. S\u00fa\u010das\u0165ou hotela je re\u0161taur\u00e1cia, kaviare\u0148, bowling bar, kongresov\u00e9 centrum vhodn\u00e9 aj pre usporiadanie svadieb a fitness centrum. Hotel Patriot*** Vranov - hotel, ubytovanie.\" \/>\n<meta property=\"og:url\" content=\"https:\/\/hotelpatriot.sk\/pl\/zasady-spracuvania-osobnych-udajov\/\" \/>\n<meta property=\"og:site_name\" content=\"Hotel Patriot***\" \/>\n<meta property=\"article:publisher\" content=\"https:\/\/www.facebook.com\/hotel.patriot.vt\/\" \/>\n<meta property=\"article:modified_time\" content=\"2025-02-05T08:53:18+00:00\" \/>\n<meta property=\"og:image\" content=\"https:\/\/hotelpatriot.sk\/wp-content\/uploads\/2026\/04\/logo1200x630.jpg\" \/>\n\t<meta property=\"og:image:width\" content=\"1200\" \/>\n\t<meta property=\"og:image:height\" content=\"630\" \/>\n\t<meta property=\"og:image:type\" content=\"image\/jpeg\" \/>\n<meta name=\"twitter:card\" content=\"summary_large_image\" \/>\n<meta name=\"twitter:site\" content=\"@hotelpatriotvt\" \/>\n<meta name=\"twitter:label1\" content=\"Szacowany czas czytania\" \/>\n\t<meta name=\"twitter:data1\" content=\"7 minut\" \/>\n<script type=\"application\/ld+json\" class=\"yoast-schema-graph\">{\"@context\":\"https:\\\/\\\/schema.org\",\"@graph\":[{\"@type\":\"WebPage\",\"@id\":\"https:\\\/\\\/hotelpatriot.sk\\\/pl\\\/zasady-spracuvania-osobnych-udajov\\\/\",\"url\":\"https:\\\/\\\/hotelpatriot.sk\\\/pl\\\/zasady-spracuvania-osobnych-udajov\\\/\",\"name\":\"Z\u00e1sady sprac\u00favania osobn\u00fdch \u00fadajov - Hotel Patriot*** - Hotel, ubytovanie Vranov nad Top\u013eou\",\"isPartOf\":{\"@id\":\"https:\\\/\\\/hotelpatriot.sk\\\/pl\\\/#website\"},\"datePublished\":\"2017-07-25T08:45:06+00:00\",\"dateModified\":\"2025-02-05T08:53:18+00:00\",\"description\":\"Hotel Patriot*** pon\u00faka ubytovanie vysok\u00e9ho \u0161tandardu v 42 izb\u00e1ch a dvoch apartm\u00e1noch v \u0161ir\u0161om centre mesta Vranov nad Top\u013eou. S\u00fa\u010das\u0165ou hotela je re\u0161taur\u00e1cia, kaviare\u0148, bowling bar, kongresov\u00e9 centrum vhodn\u00e9 aj pre usporiadanie svadieb a fitness centrum. Hotel Patriot*** Vranov - hotel, ubytovanie.\",\"breadcrumb\":{\"@id\":\"https:\\\/\\\/hotelpatriot.sk\\\/pl\\\/zasady-spracuvania-osobnych-udajov\\\/#breadcrumb\"},\"inLanguage\":\"pl-PL\",\"potentialAction\":[{\"@type\":\"ReadAction\",\"target\":[\"https:\\\/\\\/hotelpatriot.sk\\\/pl\\\/zasady-spracuvania-osobnych-udajov\\\/\"]}]},{\"@type\":\"BreadcrumbList\",\"@id\":\"https:\\\/\\\/hotelpatriot.sk\\\/pl\\\/zasady-spracuvania-osobnych-udajov\\\/#breadcrumb\",\"itemListElement\":[{\"@type\":\"ListItem\",\"position\":1,\"name\":\"Home\",\"item\":\"https:\\\/\\\/hotelpatriot.sk\\\/pl\\\/\"},{\"@type\":\"ListItem\",\"position\":2,\"name\":\"Z\u00e1sady sprac\u00favania osobn\u00fdch \u00fadajov\"}]},{\"@type\":\"WebSite\",\"@id\":\"https:\\\/\\\/hotelpatriot.sk\\\/pl\\\/#website\",\"url\":\"https:\\\/\\\/hotelpatriot.sk\\\/pl\\\/\",\"name\":\"Hotel Patriot***\",\"description\":\"Hotel, ubytovanie Vranov nad Top\u013eou\",\"publisher\":{\"@id\":\"https:\\\/\\\/hotelpatriot.sk\\\/pl\\\/#organization\"},\"potentialAction\":[{\"@type\":\"SearchAction\",\"target\":{\"@type\":\"EntryPoint\",\"urlTemplate\":\"https:\\\/\\\/hotelpatriot.sk\\\/pl\\\/?s={search_term_string}\"},\"query-input\":{\"@type\":\"PropertyValueSpecification\",\"valueRequired\":true,\"valueName\":\"search_term_string\"}}],\"inLanguage\":\"pl-PL\"},{\"@type\":\"Organization\",\"@id\":\"https:\\\/\\\/hotelpatriot.sk\\\/pl\\\/#organization\",\"name\":\"Hotel Patriot*** Vranov nad Top\u013eou\",\"alternateName\":\"Hotel Patriot***\",\"url\":\"https:\\\/\\\/hotelpatriot.sk\\\/pl\\\/\",\"logo\":{\"@type\":\"ImageObject\",\"inLanguage\":\"pl-PL\",\"@id\":\"https:\\\/\\\/hotelpatriot.sk\\\/pl\\\/#\\\/schema\\\/logo\\\/image\\\/\",\"url\":\"http:\\\/\\\/hotelpatriot.sk\\\/wp-content\\\/uploads\\\/2018\\\/11\\\/hotel-patriot-logo.jpg\",\"contentUrl\":\"http:\\\/\\\/hotelpatriot.sk\\\/wp-content\\\/uploads\\\/2018\\\/11\\\/hotel-patriot-logo.jpg\",\"width\":500,\"height\":500,\"caption\":\"Hotel Patriot*** Vranov nad Top\u013eou\"},\"image\":{\"@id\":\"https:\\\/\\\/hotelpatriot.sk\\\/pl\\\/#\\\/schema\\\/logo\\\/image\\\/\"},\"sameAs\":[\"https:\\\/\\\/www.facebook.com\\\/hotel.patriot.vt\\\/\",\"https:\\\/\\\/x.com\\\/hotelpatriotvt\",\"https:\\\/\\\/www.instagram.com\\\/hotelpatriot\"]}]}<\/script>\n<!-- \/ Yoast SEO plugin. -->","yoast_head_json":{"title":"Z\u00e1sady sprac\u00favania osobn\u00fdch \u00fadajov - Hotel Patriot*** - Hotel, ubytovanie Vranov nad Top\u013eou","description":"Hotel Patriot*** pon\u00faka ubytovanie vysok\u00e9ho \u0161tandardu v 42 izb\u00e1ch a dvoch apartm\u00e1noch v \u0161ir\u0161om centre mesta Vranov nad Top\u013eou. S\u00fa\u010das\u0165ou hotela je re\u0161taur\u00e1cia, kaviare\u0148, bowling bar, kongresov\u00e9 centrum vhodn\u00e9 aj pre usporiadanie svadieb a fitness centrum. Hotel Patriot*** Vranov - hotel, ubytovanie.","robots":{"index":"index","follow":"nofollow","max-snippet":"max-snippet:-1","max-image-preview":"max-image-preview:large","max-video-preview":"max-video-preview:-1"},"canonical":"https:\/\/hotelpatriot.sk\/pl\/zasady-spracuvania-osobnych-udajov\/","og_locale":"pl_PL","og_type":"article","og_title":"Z\u00e1sady sprac\u00favania osobn\u00fdch \u00fadajov - Hotel Patriot*** - Hotel, ubytovanie Vranov nad Top\u013eou","og_description":"Hotel Patriot*** pon\u00faka ubytovanie vysok\u00e9ho \u0161tandardu v 42 izb\u00e1ch a dvoch apartm\u00e1noch v \u0161ir\u0161om centre mesta Vranov nad Top\u013eou. S\u00fa\u010das\u0165ou hotela je re\u0161taur\u00e1cia, kaviare\u0148, bowling bar, kongresov\u00e9 centrum vhodn\u00e9 aj pre usporiadanie svadieb a fitness centrum. Hotel Patriot*** Vranov - hotel, ubytovanie.","og_url":"https:\/\/hotelpatriot.sk\/pl\/zasady-spracuvania-osobnych-udajov\/","og_site_name":"Hotel Patriot***","article_publisher":"https:\/\/www.facebook.com\/hotel.patriot.vt\/","article_modified_time":"2025-02-05T08:53:18+00:00","og_image":[{"width":1200,"height":630,"url":"https:\/\/hotelpatriot.sk\/wp-content\/uploads\/2026\/04\/logo1200x630.jpg","type":"image\/jpeg"}],"twitter_card":"summary_large_image","twitter_site":"@hotelpatriotvt","twitter_misc":{"Szacowany czas czytania":"7 minut"},"schema":{"@context":"https:\/\/schema.org","@graph":[{"@type":"WebPage","@id":"https:\/\/hotelpatriot.sk\/pl\/zasady-spracuvania-osobnych-udajov\/","url":"https:\/\/hotelpatriot.sk\/pl\/zasady-spracuvania-osobnych-udajov\/","name":"Z\u00e1sady sprac\u00favania osobn\u00fdch \u00fadajov - Hotel Patriot*** - Hotel, ubytovanie Vranov nad Top\u013eou","isPartOf":{"@id":"https:\/\/hotelpatriot.sk\/pl\/#website"},"datePublished":"2017-07-25T08:45:06+00:00","dateModified":"2025-02-05T08:53:18+00:00","description":"Hotel Patriot*** pon\u00faka ubytovanie vysok\u00e9ho \u0161tandardu v 42 izb\u00e1ch a dvoch apartm\u00e1noch v \u0161ir\u0161om centre mesta Vranov nad Top\u013eou. S\u00fa\u010das\u0165ou hotela je re\u0161taur\u00e1cia, kaviare\u0148, bowling bar, kongresov\u00e9 centrum vhodn\u00e9 aj pre usporiadanie svadieb a fitness centrum. Hotel Patriot*** Vranov - hotel, ubytovanie.","breadcrumb":{"@id":"https:\/\/hotelpatriot.sk\/pl\/zasady-spracuvania-osobnych-udajov\/#breadcrumb"},"inLanguage":"pl-PL","potentialAction":[{"@type":"ReadAction","target":["https:\/\/hotelpatriot.sk\/pl\/zasady-spracuvania-osobnych-udajov\/"]}]},{"@type":"BreadcrumbList","@id":"https:\/\/hotelpatriot.sk\/pl\/zasady-spracuvania-osobnych-udajov\/#breadcrumb","itemListElement":[{"@type":"ListItem","position":1,"name":"Home","item":"https:\/\/hotelpatriot.sk\/pl\/"},{"@type":"ListItem","position":2,"name":"Z\u00e1sady sprac\u00favania osobn\u00fdch \u00fadajov"}]},{"@type":"WebSite","@id":"https:\/\/hotelpatriot.sk\/pl\/#website","url":"https:\/\/hotelpatriot.sk\/pl\/","name":"Hotel Patriot***","description":"Hotel, ubytovanie Vranov nad Top\u013eou","publisher":{"@id":"https:\/\/hotelpatriot.sk\/pl\/#organization"},"potentialAction":[{"@type":"SearchAction","target":{"@type":"EntryPoint","urlTemplate":"https:\/\/hotelpatriot.sk\/pl\/?s={search_term_string}"},"query-input":{"@type":"PropertyValueSpecification","valueRequired":true,"valueName":"search_term_string"}}],"inLanguage":"pl-PL"},{"@type":"Organization","@id":"https:\/\/hotelpatriot.sk\/pl\/#organization","name":"Hotel Patriot*** Vranov nad Top\u013eou","alternateName":"Hotel Patriot***","url":"https:\/\/hotelpatriot.sk\/pl\/","logo":{"@type":"ImageObject","inLanguage":"pl-PL","@id":"https:\/\/hotelpatriot.sk\/pl\/#\/schema\/logo\/image\/","url":"http:\/\/hotelpatriot.sk\/wp-content\/uploads\/2018\/11\/hotel-patriot-logo.jpg","contentUrl":"http:\/\/hotelpatriot.sk\/wp-content\/uploads\/2018\/11\/hotel-patriot-logo.jpg","width":500,"height":500,"caption":"Hotel Patriot*** Vranov nad Top\u013eou"},"image":{"@id":"https:\/\/hotelpatriot.sk\/pl\/#\/schema\/logo\/image\/"},"sameAs":["https:\/\/www.facebook.com\/hotel.patriot.vt\/","https:\/\/x.com\/hotelpatriotvt","https:\/\/www.instagram.com\/hotelpatriot"]}]}},"_links":{"self":[{"href":"https:\/\/hotelpatriot.sk\/pl\/wp-json\/wp\/v2\/pages\/9509","targetHints":{"allow":["GET"]}}],"collection":[{"href":"https:\/\/hotelpatriot.sk\/pl\/wp-json\/wp\/v2\/pages"}],"about":[{"href":"https:\/\/hotelpatriot.sk\/pl\/wp-json\/wp\/v2\/types\/page"}],"author":[{"embeddable":true,"href":"https:\/\/hotelpatriot.sk\/pl\/wp-json\/wp\/v2\/users\/1"}],"replies":[{"embeddable":true,"href":"https:\/\/hotelpatriot.sk\/pl\/wp-json\/wp\/v2\/comments?post=9509"}],"version-history":[{"count":7,"href":"https:\/\/hotelpatriot.sk\/pl\/wp-json\/wp\/v2\/pages\/9509\/revisions"}],"predecessor-version":[{"id":19558,"href":"https:\/\/hotelpatriot.sk\/pl\/wp-json\/wp\/v2\/pages\/9509\/revisions\/19558"}],"wp:attachment":[{"href":"https:\/\/hotelpatriot.sk\/pl\/wp-json\/wp\/v2\/media?parent=9509"}],"curies":[{"name":"wp","href":"https:\/\/api.w.org\/{rel}","templated":true}]}}