{"id":5601,"date":"2017-09-21T11:14:24","date_gmt":"2017-09-21T09:14:24","guid":{"rendered":"http:\/\/hotelpatriot.sk\/?page_id=5601\/"},"modified":"2025-08-29T08:28:13","modified_gmt":"2025-08-29T06:28:13","slug":"uslugi-i-wyposazenie","status":"publish","type":"page","link":"https:\/\/hotelpatriot.sk\/pl\/uslugi-i-wyposazenie\/","title":{"rendered":"Us\u0142ugi i wyposa\u017cenie"},"content":{"rendered":"<h2>Zakwaterowanie<\/h2>\r\n\r\n<ul>\r\n<li>Codzienne sprz\u0105tanie pokoi<\/li> \r\n<li>WiFi<\/li> \r\n<li>22 TV<\/li>\r\n<li>Biurko <\/li>\r\n<li>Suszarka do w\u0142os\u00f3w*<\/li>\r\n<li>\u017belazko i deska do prasowania na \u017c\u0105danie <\/li> \r\n<li>Mo\u017cliwo\u015b\u0107 dostawki <\/li>\r\n<li>Parkowanie <\/li>\r\n<li>Specjalne miejsce do przechowania baga\u017cu <\/li>\r\n<li>\u0141azienka wraz z prysznicem, WC<\/li>\r\n<\/ul>\r\n\r\n<p><strong>\u015aniadania dla go\u015bci hotelowych podawane s\u0105 za darmo od godz. 7:00.<\/strong><\/p>\r\n\r\n<p><strong><a href=\"https:\/\/hotelpatriot.sk\/pl\/fitness-gym\/\">Patriot Fitness<\/a> dla zakwaterowanych go\u015bci jest za darmo.<\/strong><\/p>\r\n\r\n<h2>Us\u0142ugi na \u017c\u0105danie<\/h2>\r\n<ul>\r\n<li>Budzenie<\/li>   \r\n<li>Parkowanie przed hotelem<\/li> \r\n<li>Pranie i czyszczenie odzie\u017cy<\/li> \r\n<\/ul>\r\n\r\n<p>*tylko w apartamentach (mo\u017cliwo\u015b\u0107 wypo\u017cyczenia)<\/p>\r\n\r\n<h2>Us\u0142ugi i wynajem techniki<\/h2>\r\n\r\n<table>\r\n  <tr>\r\n    <th>US\u0141UGA \/ TECHNIKA<\/th>\r\n    <th>1 GODZ.<\/th>\r\n    <th>Inny<\/th>\r\n  <\/tr>\r\n  <tr>\r\n    <td>P\u0142\u00f3tno do wy\u015bwietlania<\/td>\r\n    <td><\/td>\r\n    <td>10,00 \u20ac \/ LUB PONAD 4 GODZ.<\/td>\r\n  <\/tr>\r\n  <tr>\r\n    <td>Flipchart 1 strona<\/td>\r\n    <td><\/td>\r\n    <td>1,00 \u20ac<\/td>\r\n  <\/tr>\r\n  <tr>\r\n    <td>Przeno\u015bny projektor<\/td>\r\n    <td>15,00 \u20ac<\/td>\r\n    <td>50,00 \u20ac \/ LUB PONAD 4 GODZ.<\/td>\r\n  <\/tr>\r\n  <tr>\r\n    <td>Bilard 15 min.<\/td>\r\n    <td><\/td>\r\n    <td>1,25 \u20ac<\/td>\r\n  <\/tr>\r\n  <tr>\r\n    <td>Kopiowanie 1 strona<\/td>\r\n    <td><\/td>\r\n    <td>0,50 \u20ac<\/td>\r\n  <\/tr>\r\n  <tr>\r\n    <td>Kopiowanie dwustronne<\/td>\r\n    <td><\/td>\r\n    <td>1,00 \u20ac<\/td>\r\n  <\/tr>\r\n<\/table>\r\n\r\n<h2>Wesele<\/h2>\r\n\r\n<ul>\r\n<li>Kompleksowe doradztwo weselne<\/li>\r\n<li>Bogata oferta menu weselnego<\/li>\r\n<li>Wyb\u00f3r odcieni kolor\u00f3w<\/li>\r\n<li>Pomieszczenia klimatyzowane<\/li>\r\n<li>Mo\u017cliwo\u015b\u0107 zakwaterowania go\u015bci<\/li>\r\n<li>Pomieszczenie na przechowanie pocz\u0119stunku weselnego<\/li>\r\n<li>Za\u0142atwienie kwiat\u00f3w i bukiet\u00f3w<\/li>\r\n<\/ul>\r\n\r\n<h2>Kongres<\/h2>\r\n\r\n<ul>\r\n<li>Catering (tak\u017ce z zewn\u0105trz), coffee break<\/li>\r\n<li>Projektor wideo i p\u0142\u00f3tno, rzutnik prze\u017aroczy diaprojektor<\/li>\r\n<li>Nag\u0142o\u015bnienie<\/li>\r\n<li>Parkowanie<\/li>\r\n<li>WiFi za darmo<\/li>\r\n<li>\u015awiat\u0142o dziennie z mo\u017cliwo\u015bci\u0105 ca\u0142kowitego zaciemnienia<\/li> \r\n<li>Mikrofon bezprzewodowy<\/li> \r\n<li>Telewizor LCD, odtwarzacz DVD i CD<\/li> \r\n<li>Drukowanie i kopiowanie (nie jest w cenie wynaj\u0119cia)<\/li>\r\n<li>Dost\u0119p dla os\u00f3b niepe\u0142nosprawnych<\/li> \r\n<li>Pomieszczenie do odk\u0142adania baga\u017cu i wyposa\u017cenia<\/li>\r\n<li>Mo\u017cliwo\u015b\u0107 rozmieszczenia sto\u0142\u00f3w wed\u0142ug w\u0142asnego wyboru<\/li> \r\n<li>Pomoc techniczna w czasie ca\u0142ej imprezy<\/li>\r\n<li>Przed\u0142u\u017cacz<\/li> \r\n<\/ul>\r\n\r\n<p>Wszystkie ceny podane s\u0105 z\u00a0podatkiem VAT. Ceny obowi\u0105zuj\u0105 od 1.2. 2024.<\/p>","protected":false},"excerpt":{"rendered":"Zakwaterowanie Codzienne sprz\u0105tanie pokoi WiFi 22 TV Biurko Suszarka do w\u0142os\u00f3w* \u017belazko i deska do prasowania na \u017c\u0105danie Mo\u017cliwo\u015b\u0107 dostawki Parkowanie Specjalne miejsce do przechowania baga\u017cu \u0141azienka wraz z prysznicem, WC \u015aniadania dla go\u015bci hotelowych podawane s\u0105 za darmo od godz. 7:00. Patriot Fitness dla zakwaterowanych go\u015bci jest za darmo. Us\u0142ugi na \u017c\u0105danie Budzenie Parkowanie<a class=\"excerpt-read-more\" href=\"https:\/\/hotelpatriot.sk\/pl\/uslugi-i-wyposazenie\/\" title=\"ReadUs\u0142ugi i wyposa\u017cenie\">&#8230; Read more &raquo;<\/a>","protected":false},"author":1,"featured_media":0,"parent":0,"menu_order":0,"comment_status":"closed","ping_status":"closed","template":"template-full-width.php","meta":{"_acf_changed":false,"footnotes":""},"class_list":["post-5601","page","type-page","status-publish","hentry"],"acf":[],"yoast_head":"<!-- This site is optimized with the Yoast SEO plugin v27.4 - https:\/\/yoast.com\/product\/yoast-seo-wordpress\/ -->\n<title>Us\u0142ugi i wyposa\u017cenie - Hotel Patriot*** - Hotel, ubytovanie Vranov nad Top\u013eou<\/title>\n<meta name=\"description\" content=\"Hotel Patriot*** pon\u00faka ubytovanie vysok\u00e9ho \u0161tandardu v 42 izb\u00e1ch a dvoch apartm\u00e1noch v \u0161ir\u0161om centre mesta Vranov nad Top\u013eou. S\u00fa\u010das\u0165ou hotela je re\u0161taur\u00e1cia, kaviare\u0148, bowling bar, kongresov\u00e9 centrum vhodn\u00e9 aj pre usporiadanie svadieb a fitness centrum. Hotel Patriot*** Vranov - hotel, ubytovanie.\" \/>\n<meta name=\"robots\" content=\"index, follow, max-snippet:-1, max-image-preview:large, max-video-preview:-1\" \/>\n<link rel=\"canonical\" href=\"https:\/\/hotelpatriot.sk\/pl\/uslugi-i-wyposazenie\/\" \/>\n<meta property=\"og:locale\" content=\"pl_PL\" \/>\n<meta property=\"og:type\" content=\"article\" \/>\n<meta property=\"og:title\" content=\"Us\u0142ugi i wyposa\u017cenie - Hotel Patriot*** - Hotel, ubytovanie Vranov nad Top\u013eou\" \/>\n<meta property=\"og:description\" content=\"Hotel Patriot*** pon\u00faka ubytovanie vysok\u00e9ho \u0161tandardu v 42 izb\u00e1ch a dvoch apartm\u00e1noch v \u0161ir\u0161om centre mesta Vranov nad Top\u013eou. S\u00fa\u010das\u0165ou hotela je re\u0161taur\u00e1cia, kaviare\u0148, bowling bar, kongresov\u00e9 centrum vhodn\u00e9 aj pre usporiadanie svadieb a fitness centrum. Hotel Patriot*** Vranov - hotel, ubytovanie.\" \/>\n<meta property=\"og:url\" content=\"https:\/\/hotelpatriot.sk\/pl\/uslugi-i-wyposazenie\/\" \/>\n<meta property=\"og:site_name\" content=\"Hotel Patriot***\" \/>\n<meta property=\"article:publisher\" content=\"https:\/\/www.facebook.com\/hotel.patriot.vt\/\" \/>\n<meta property=\"article:modified_time\" content=\"2025-08-29T06:28:13+00:00\" \/>\n<meta property=\"og:image\" content=\"https:\/\/hotelpatriot.sk\/wp-content\/uploads\/2026\/04\/logo1200x630.jpg\" \/>\n\t<meta property=\"og:image:width\" content=\"1200\" \/>\n\t<meta property=\"og:image:height\" content=\"630\" \/>\n\t<meta property=\"og:image:type\" content=\"image\/jpeg\" \/>\n<meta name=\"twitter:card\" content=\"summary_large_image\" \/>\n<meta name=\"twitter:site\" content=\"@hotelpatriotvt\" \/>\n<meta name=\"twitter:label1\" content=\"Szacowany czas czytania\" \/>\n\t<meta name=\"twitter:data1\" content=\"2 minuty\" \/>\n<script type=\"application\/ld+json\" class=\"yoast-schema-graph\">{\"@context\":\"https:\\\/\\\/schema.org\",\"@graph\":[{\"@type\":\"WebPage\",\"@id\":\"https:\\\/\\\/hotelpatriot.sk\\\/pl\\\/uslugi-i-wyposazenie\\\/\",\"url\":\"https:\\\/\\\/hotelpatriot.sk\\\/pl\\\/uslugi-i-wyposazenie\\\/\",\"name\":\"Us\u0142ugi i wyposa\u017cenie - Hotel Patriot*** - Hotel, ubytovanie Vranov nad Top\u013eou\",\"isPartOf\":{\"@id\":\"https:\\\/\\\/hotelpatriot.sk\\\/pl\\\/#website\"},\"datePublished\":\"2017-09-21T09:14:24+00:00\",\"dateModified\":\"2025-08-29T06:28:13+00:00\",\"description\":\"Hotel Patriot*** pon\u00faka ubytovanie vysok\u00e9ho \u0161tandardu v 42 izb\u00e1ch a dvoch apartm\u00e1noch v \u0161ir\u0161om centre mesta Vranov nad Top\u013eou. S\u00fa\u010das\u0165ou hotela je re\u0161taur\u00e1cia, kaviare\u0148, bowling bar, kongresov\u00e9 centrum vhodn\u00e9 aj pre usporiadanie svadieb a fitness centrum. Hotel Patriot*** Vranov - hotel, ubytovanie.\",\"breadcrumb\":{\"@id\":\"https:\\\/\\\/hotelpatriot.sk\\\/pl\\\/uslugi-i-wyposazenie\\\/#breadcrumb\"},\"inLanguage\":\"pl-PL\",\"potentialAction\":[{\"@type\":\"ReadAction\",\"target\":[\"https:\\\/\\\/hotelpatriot.sk\\\/pl\\\/uslugi-i-wyposazenie\\\/\"]}]},{\"@type\":\"BreadcrumbList\",\"@id\":\"https:\\\/\\\/hotelpatriot.sk\\\/pl\\\/uslugi-i-wyposazenie\\\/#breadcrumb\",\"itemListElement\":[{\"@type\":\"ListItem\",\"position\":1,\"name\":\"Home\",\"item\":\"https:\\\/\\\/hotelpatriot.sk\\\/pl\\\/\"},{\"@type\":\"ListItem\",\"position\":2,\"name\":\"Us\u0142ugi i wyposa\u017cenie\"}]},{\"@type\":\"WebSite\",\"@id\":\"https:\\\/\\\/hotelpatriot.sk\\\/pl\\\/#website\",\"url\":\"https:\\\/\\\/hotelpatriot.sk\\\/pl\\\/\",\"name\":\"Hotel Patriot***\",\"description\":\"Hotel, ubytovanie Vranov nad Top\u013eou\",\"publisher\":{\"@id\":\"https:\\\/\\\/hotelpatriot.sk\\\/pl\\\/#organization\"},\"potentialAction\":[{\"@type\":\"SearchAction\",\"target\":{\"@type\":\"EntryPoint\",\"urlTemplate\":\"https:\\\/\\\/hotelpatriot.sk\\\/pl\\\/?s={search_term_string}\"},\"query-input\":{\"@type\":\"PropertyValueSpecification\",\"valueRequired\":true,\"valueName\":\"search_term_string\"}}],\"inLanguage\":\"pl-PL\"},{\"@type\":\"Organization\",\"@id\":\"https:\\\/\\\/hotelpatriot.sk\\\/pl\\\/#organization\",\"name\":\"Hotel Patriot*** Vranov nad Top\u013eou\",\"alternateName\":\"Hotel Patriot***\",\"url\":\"https:\\\/\\\/hotelpatriot.sk\\\/pl\\\/\",\"logo\":{\"@type\":\"ImageObject\",\"inLanguage\":\"pl-PL\",\"@id\":\"https:\\\/\\\/hotelpatriot.sk\\\/pl\\\/#\\\/schema\\\/logo\\\/image\\\/\",\"url\":\"http:\\\/\\\/hotelpatriot.sk\\\/wp-content\\\/uploads\\\/2018\\\/11\\\/hotel-patriot-logo.jpg\",\"contentUrl\":\"http:\\\/\\\/hotelpatriot.sk\\\/wp-content\\\/uploads\\\/2018\\\/11\\\/hotel-patriot-logo.jpg\",\"width\":500,\"height\":500,\"caption\":\"Hotel Patriot*** Vranov nad Top\u013eou\"},\"image\":{\"@id\":\"https:\\\/\\\/hotelpatriot.sk\\\/pl\\\/#\\\/schema\\\/logo\\\/image\\\/\"},\"sameAs\":[\"https:\\\/\\\/www.facebook.com\\\/hotel.patriot.vt\\\/\",\"https:\\\/\\\/x.com\\\/hotelpatriotvt\",\"https:\\\/\\\/www.instagram.com\\\/hotelpatriot\"]}]}<\/script>\n<!-- \/ Yoast SEO plugin. -->","yoast_head_json":{"title":"Us\u0142ugi i wyposa\u017cenie - Hotel Patriot*** - Hotel, ubytovanie Vranov nad Top\u013eou","description":"Hotel Patriot*** pon\u00faka ubytovanie vysok\u00e9ho \u0161tandardu v 42 izb\u00e1ch a dvoch apartm\u00e1noch v \u0161ir\u0161om centre mesta Vranov nad Top\u013eou. S\u00fa\u010das\u0165ou hotela je re\u0161taur\u00e1cia, kaviare\u0148, bowling bar, kongresov\u00e9 centrum vhodn\u00e9 aj pre usporiadanie svadieb a fitness centrum. Hotel Patriot*** Vranov - hotel, ubytovanie.","robots":{"index":"index","follow":"follow","max-snippet":"max-snippet:-1","max-image-preview":"max-image-preview:large","max-video-preview":"max-video-preview:-1"},"canonical":"https:\/\/hotelpatriot.sk\/pl\/uslugi-i-wyposazenie\/","og_locale":"pl_PL","og_type":"article","og_title":"Us\u0142ugi i wyposa\u017cenie - Hotel Patriot*** - Hotel, ubytovanie Vranov nad Top\u013eou","og_description":"Hotel Patriot*** pon\u00faka ubytovanie vysok\u00e9ho \u0161tandardu v 42 izb\u00e1ch a dvoch apartm\u00e1noch v \u0161ir\u0161om centre mesta Vranov nad Top\u013eou. S\u00fa\u010das\u0165ou hotela je re\u0161taur\u00e1cia, kaviare\u0148, bowling bar, kongresov\u00e9 centrum vhodn\u00e9 aj pre usporiadanie svadieb a fitness centrum. Hotel Patriot*** Vranov - hotel, ubytovanie.","og_url":"https:\/\/hotelpatriot.sk\/pl\/uslugi-i-wyposazenie\/","og_site_name":"Hotel Patriot***","article_publisher":"https:\/\/www.facebook.com\/hotel.patriot.vt\/","article_modified_time":"2025-08-29T06:28:13+00:00","og_image":[{"width":1200,"height":630,"url":"https:\/\/hotelpatriot.sk\/wp-content\/uploads\/2026\/04\/logo1200x630.jpg","type":"image\/jpeg"}],"twitter_card":"summary_large_image","twitter_site":"@hotelpatriotvt","twitter_misc":{"Szacowany czas czytania":"2 minuty"},"schema":{"@context":"https:\/\/schema.org","@graph":[{"@type":"WebPage","@id":"https:\/\/hotelpatriot.sk\/pl\/uslugi-i-wyposazenie\/","url":"https:\/\/hotelpatriot.sk\/pl\/uslugi-i-wyposazenie\/","name":"Us\u0142ugi i wyposa\u017cenie - Hotel Patriot*** - Hotel, ubytovanie Vranov nad Top\u013eou","isPartOf":{"@id":"https:\/\/hotelpatriot.sk\/pl\/#website"},"datePublished":"2017-09-21T09:14:24+00:00","dateModified":"2025-08-29T06:28:13+00:00","description":"Hotel Patriot*** pon\u00faka ubytovanie vysok\u00e9ho \u0161tandardu v 42 izb\u00e1ch a dvoch apartm\u00e1noch v \u0161ir\u0161om centre mesta Vranov nad Top\u013eou. S\u00fa\u010das\u0165ou hotela je re\u0161taur\u00e1cia, kaviare\u0148, bowling bar, kongresov\u00e9 centrum vhodn\u00e9 aj pre usporiadanie svadieb a fitness centrum. Hotel Patriot*** Vranov - hotel, ubytovanie.","breadcrumb":{"@id":"https:\/\/hotelpatriot.sk\/pl\/uslugi-i-wyposazenie\/#breadcrumb"},"inLanguage":"pl-PL","potentialAction":[{"@type":"ReadAction","target":["https:\/\/hotelpatriot.sk\/pl\/uslugi-i-wyposazenie\/"]}]},{"@type":"BreadcrumbList","@id":"https:\/\/hotelpatriot.sk\/pl\/uslugi-i-wyposazenie\/#breadcrumb","itemListElement":[{"@type":"ListItem","position":1,"name":"Home","item":"https:\/\/hotelpatriot.sk\/pl\/"},{"@type":"ListItem","position":2,"name":"Us\u0142ugi i wyposa\u017cenie"}]},{"@type":"WebSite","@id":"https:\/\/hotelpatriot.sk\/pl\/#website","url":"https:\/\/hotelpatriot.sk\/pl\/","name":"Hotel Patriot***","description":"Hotel, ubytovanie Vranov nad Top\u013eou","publisher":{"@id":"https:\/\/hotelpatriot.sk\/pl\/#organization"},"potentialAction":[{"@type":"SearchAction","target":{"@type":"EntryPoint","urlTemplate":"https:\/\/hotelpatriot.sk\/pl\/?s={search_term_string}"},"query-input":{"@type":"PropertyValueSpecification","valueRequired":true,"valueName":"search_term_string"}}],"inLanguage":"pl-PL"},{"@type":"Organization","@id":"https:\/\/hotelpatriot.sk\/pl\/#organization","name":"Hotel Patriot*** Vranov nad Top\u013eou","alternateName":"Hotel Patriot***","url":"https:\/\/hotelpatriot.sk\/pl\/","logo":{"@type":"ImageObject","inLanguage":"pl-PL","@id":"https:\/\/hotelpatriot.sk\/pl\/#\/schema\/logo\/image\/","url":"http:\/\/hotelpatriot.sk\/wp-content\/uploads\/2018\/11\/hotel-patriot-logo.jpg","contentUrl":"http:\/\/hotelpatriot.sk\/wp-content\/uploads\/2018\/11\/hotel-patriot-logo.jpg","width":500,"height":500,"caption":"Hotel Patriot*** Vranov nad Top\u013eou"},"image":{"@id":"https:\/\/hotelpatriot.sk\/pl\/#\/schema\/logo\/image\/"},"sameAs":["https:\/\/www.facebook.com\/hotel.patriot.vt\/","https:\/\/x.com\/hotelpatriotvt","https:\/\/www.instagram.com\/hotelpatriot"]}]}},"_links":{"self":[{"href":"https:\/\/hotelpatriot.sk\/pl\/wp-json\/wp\/v2\/pages\/5601","targetHints":{"allow":["GET"]}}],"collection":[{"href":"https:\/\/hotelpatriot.sk\/pl\/wp-json\/wp\/v2\/pages"}],"about":[{"href":"https:\/\/hotelpatriot.sk\/pl\/wp-json\/wp\/v2\/types\/page"}],"author":[{"embeddable":true,"href":"https:\/\/hotelpatriot.sk\/pl\/wp-json\/wp\/v2\/users\/1"}],"replies":[{"embeddable":true,"href":"https:\/\/hotelpatriot.sk\/pl\/wp-json\/wp\/v2\/comments?post=5601"}],"version-history":[{"count":18,"href":"https:\/\/hotelpatriot.sk\/pl\/wp-json\/wp\/v2\/pages\/5601\/revisions"}],"predecessor-version":[{"id":20110,"href":"https:\/\/hotelpatriot.sk\/pl\/wp-json\/wp\/v2\/pages\/5601\/revisions\/20110"}],"wp:attachment":[{"href":"https:\/\/hotelpatriot.sk\/pl\/wp-json\/wp\/v2\/media?parent=5601"}],"curies":[{"name":"wp","href":"https:\/\/api.w.org\/{rel}","templated":true}]}}