{"id":5572,"date":"2017-09-20T10:51:06","date_gmt":"2017-09-20T08:51:06","guid":{"rendered":"http:\/\/hotelpatriot.sk\/?page_id=5572\/"},"modified":"2026-01-28T15:51:40","modified_gmt":"2026-01-28T14:51:40","slug":"kongres","status":"publish","type":"page","link":"https:\/\/hotelpatriot.sk\/pl\/kongres\/","title":{"rendered":"Kongres"},"content":{"rendered":"<div class=\"menu-centered my-page-submenu-uni text-center\">\r\n<ul class=\"vertical large-horizontal menu\">\r\n<li><a href=\"https:\/\/hotelpatriot.sk\/pl\/uslugi-i-wyposazenie\/\">Us\u0142ugi i wyposa\u017cenie<\/a><\/li>\r\n<\/ul>\r\n<\/div>\r\n\r\n<p>Go\u015bcie maj\u0105 do dyspozycji kilka nowoczesnych pomieszcze\u0144 konferencyjnych i pomieszcze\u0144 do prowadzenia pertraktacji handlowych z mo\u017cliwo\u015bci\u0105 cateringu. W przypadku zainteresowania ch\u0119tnie zaoferujemy wyposa\u017cenie i swoj\u0105 pomoc przy organizacji imprezy.<\/p>\r\n\r\n<h3>Maksymalna ilo\u015b\u0107 dost\u0119pnych miejsc w pomieszczeniach (bankiet, recepcja)<\/h3>\r\n\r\n<ul>\r\n<li>Du\u017ca sala kongresowa: 180 os\u00f3b  (1 PI\u0118TRO)<\/li>\r\n<li>Ma\u0142a sala kongresowa: 50 os\u00f3b (1 PI\u0118TRO)<\/li>\r\n<li>Salonik: 30 os\u00f3b (PARTER)<\/li>\r\n<li>Salonik dla pal\u0105cych: 25 os\u00f3b (PARTER)<\/li>\r\n<li>Salonik \u015bniadaniowy<\/li>\r\n<li>Restauracja 70 os\u00f3b (PARTER)<\/li>\r\n<\/ul>\r\n\r\n<h2>Cennik<\/h2>\r\n\r\n<table>\r\n  <tr>\r\n    <th>POMIESZCZENIA DO WYNAJ\u0118CIA<\/th>\r\n    <th>1 GODZ.<\/th>\r\n    <th>PONAD 4 GODZ.<\/th>\r\n  <\/tr>\r\n  <tr>\r\n    <td>Salonik 1<\/td>\r\n    <td>40,00 \u20ac<\/td>\r\n    <td>160,00 \u20ac<\/td>\r\n  <\/tr>\r\n  <tr>\r\n    <td>Salonik 2<\/td>\r\n    <td>40,00 \u20ac<\/td>\r\n    <td>160,00 \u20ac<\/td>\r\n  <\/tr>\r\n  <tr>\r\n    <td>Ma\u0142y kongres<\/td>\r\n    <td>70,00 \u20ac<\/td>\r\n    <td>350,00 \u20ac<\/td>\r\n  <\/tr>\r\n  <tr>\r\n    <td>Du\u017cy kongres<\/td>\r\n    <td>160,00 \u20ac<\/td>\r\n    <td>800,00 \u20ac<\/td>\r\n  <\/tr>\r\n  <tr>\r\n    <td>Restauracja<\/td>\r\n    <td>160,00 \u20ac<\/td>\r\n    <td>800,00 \u20ac<\/td>\r\n  <\/tr>\r\n<\/table>\r\n\r\n<p>Wszystkie ceny podane s\u0105 z\u00a0podatkiem VAT. Ceny obowi\u0105zuj\u0105 od 1.2. 2024.<\/p>\r\n\r\n<h2>Powierzchnia<\/h2>\r\n\r\n<div class=\"row\">\r\n<div class=\"small-12 medium-6 large-4 columns\"><img decoding=\"async\" src=\"\/wp-content\/themes\/JointsWP-CSS-master\/assets\/images\/kongres\/banket.png\" \/><\/div>\r\n<div class=\"small-12 medium-6 large-4 columns\"><img decoding=\"async\" src=\"\/wp-content\/themes\/JointsWP-CSS-master\/assets\/images\/kongres\/kino.png\" \/><\/div>\r\n<div class=\"small-12 medium-6 large-4 columns\"><img decoding=\"async\" src=\"\/wp-content\/themes\/JointsWP-CSS-master\/assets\/images\/kongres\/trieda.png\" \/><\/div>\r\n\r\n<div class=\"small-12 medium-6 large-4 large-offset-2 columns\"><img decoding=\"async\" src=\"\/wp-content\/themes\/JointsWP-CSS-master\/assets\/images\/kongres\/tvar-u-i.png\" \/><\/div>\r\n<div class=\"small-12 medium-6 large-4 medium-offset-3 large-offset-0 columns end\"><img decoding=\"async\" src=\"\/wp-content\/themes\/JointsWP-CSS-master\/assets\/images\/kongres\/konferencia.png\" \/><\/div>\r\n<\/div>\r\n\r\n<h2>Du\u017ca sala kongresowa<\/h2>\r\n\r\n<table>\r\n  <tr>\r\n    <th>Bankett<\/th>\r\n    <th>Teatr<\/th>\r\n    <th>Klasa<\/th>\r\n    <th>Kszta\u0142t \u201cU\u201d i \u201cI\u201d<\/th>\r\n    <th>Konferencja<\/th>\r\n  <\/tr>\r\n  <tr>\r\n    <td>180<\/td>\r\n    <td>250<\/td>\r\n    <td>150<\/td>\r\n    <td>70<\/td>\r\n    <td>100<\/td>\r\n  <\/tr>\r\n<\/table>\r\n\r\n<p><strong>Ca\u0142kowita powierzchnia: 277 m<sup>2<\/sup> (23,5 m x 11 m + bar)<\/strong><\/p>\r\n\r\n<h2>Ma\u0142a sala kongresowa<\/h2>\r\n\r\n<table>\r\n  <tr>\r\n    <th>Bankett<\/th>\r\n    <th>Teatr<\/th>\r\n    <th>Klasa<\/th>\r\n    <th>Kszta\u0142t \u201cU\u201d i \u201cI\u201d<\/th>\r\n    <th>Konferencja<\/th>\r\n  <\/tr>\r\n  <tr>\r\n    <td>50<\/td>\r\n    <td>90<\/td>\r\n    <td>60<\/td>\r\n    <td>30<\/td>\r\n    <td>35<\/td>\r\n  <\/tr>\r\n<\/table>\r\n<p><strong>Ca\u0142kowita powierzchnia: 138 m<sup>2<\/sup><\/strong><\/p>\r\n\r\n<h2>Restauracja<\/h2>\r\n\r\n<table>\r\n  <tr>\r\n    <th>Bankett<\/th>\r\n    <th>Teatr<\/th>\r\n    <th>Klasa<\/th>\r\n    <th>Kszta\u0142t \u201cU\u201d i \u201cI\u201d<\/th>\r\n    <th>Konferencja<\/th>\r\n  <\/tr>\r\n  <tr>\r\n    <td>70<\/td>\r\n    <td>&#8211;<\/td>\r\n    <td>&#8211;<\/td>\r\n    <td>90<\/td>\r\n    <td>100<\/td>\r\n  <\/tr>\r\n<\/table>\r\n\r\n<p><strong>Ca\u0142kowita powierzchnia: 216 m<sup>2<\/sup><\/strong><\/p>\r\n\r\n<h2>Salonik<\/h2>\r\n\r\n<table>\r\n  <tr>\r\n    <th>Bankett<\/th>\r\n    <th>Teatr<\/th>\r\n    <th>Klasa<\/th>\r\n    <th>Kszta\u0142t \u201cU\u201d i \u201cI\u201d<\/th>\r\n    <th>Konferencja<\/th>\r\n  <\/tr>\r\n  <tr>\r\n    <td>30<\/td>\r\n    <td>60<\/td>\r\n    <td>30<\/td>\r\n    <td>30<\/td>\r\n    <td>35<\/td>\r\n  <\/tr>\r\n<\/table>\r\n\r\n<p><strong>Ca\u0142kowita powierzchnia: 56 m<sup>2<\/sup><\/strong><\/p>\r\n\r\n<h2>Salonik \u015bniadaniowy<\/h2>\r\n\r\n<table>\r\n  <tr>\r\n    <th>Bankett<\/th>\r\n    <th>Teatr<\/th>\r\n    <th>Klasa<\/th>\r\n    <th>Kszta\u0142t \u201cU\u201d i \u201cI\u201d<\/th>\r\n    <th>Konferencja<\/th>\r\n  <\/tr>\r\n  <tr>\r\n    <td>&#8211;<\/td>\r\n    <td>&#8211;<\/td>\r\n    <td>50<\/td>\r\n    <td>35<\/td>\r\n    <td>&#8211;<\/td>\r\n  <\/tr>\r\n<\/table>\r\n\r\n<p><strong>Ca\u0142kowita powierzchnia: 86 m<sup>2<\/sup><\/strong><\/p>\r\n\r\n<h2>Salonik dla pal\u0105cych<\/h2>\r\n\r\n<table>\r\n  <tr>\r\n    <th>Bankett<\/th>\r\n    <th>Teatr<\/th>\r\n    <th>Klasa<\/th>\r\n    <th>Kszta\u0142t \u201cU\u201d i \u201cI\u201d<\/th>\r\n    <th>Konferencja<\/th>\r\n  <\/tr>\r\n  <tr>\r\n    <td>&#8211;<\/td>\r\n    <td>&#8211;<\/td>\r\n    <td>&#8211;<\/td>\r\n    <td>25<\/td>\r\n    <td>&#8211;<\/td>\r\n  <\/tr>\r\n<\/table>\r\n\r\n<p><strong>Ca\u0142kowita powierzchnia: 50 m<sup>2<\/sup><\/strong><\/p>","protected":false},"excerpt":{"rendered":"Us\u0142ugi i wyposa\u017cenie Go\u015bcie maj\u0105 do dyspozycji kilka nowoczesnych pomieszcze\u0144 konferencyjnych i pomieszcze\u0144 do prowadzenia pertraktacji handlowych z mo\u017cliwo\u015bci\u0105 cateringu. W przypadku zainteresowania ch\u0119tnie zaoferujemy wyposa\u017cenie i swoj\u0105 pomoc przy organizacji imprezy. Maksymalna ilo\u015b\u0107 dost\u0119pnych miejsc w pomieszczeniach (bankiet, recepcja) Du\u017ca sala kongresowa: 180 os\u00f3b (1 PI\u0118TRO) Ma\u0142a sala kongresowa: 50 os\u00f3b (1 PI\u0118TRO) Salonik:<a class=\"excerpt-read-more\" href=\"https:\/\/hotelpatriot.sk\/pl\/kongres\/\" title=\"ReadKongres\">&#8230; Read more &raquo;<\/a>","protected":false},"author":1,"featured_media":0,"parent":0,"menu_order":0,"comment_status":"closed","ping_status":"closed","template":"template-full-width.php","meta":{"_acf_changed":false,"footnotes":""},"class_list":["post-5572","page","type-page","status-publish","hentry"],"acf":[],"yoast_head":"<!-- This site is optimized with the Yoast SEO plugin v27.4 - https:\/\/yoast.com\/product\/yoast-seo-wordpress\/ -->\n<title>Kongres - Hotel Patriot*** - Hotel, ubytovanie Vranov nad Top\u013eou<\/title>\n<meta name=\"description\" content=\"Hotel Patriot*** pon\u00faka ubytovanie vysok\u00e9ho \u0161tandardu v 42 izb\u00e1ch a dvoch apartm\u00e1noch v \u0161ir\u0161om centre mesta Vranov nad Top\u013eou. S\u00fa\u010das\u0165ou hotela je re\u0161taur\u00e1cia, kaviare\u0148, bowling bar, kongresov\u00e9 centrum vhodn\u00e9 aj pre usporiadanie svadieb a fitness centrum. Hotel Patriot*** Vranov - hotel, ubytovanie.\" \/>\n<meta name=\"robots\" content=\"index, follow, max-snippet:-1, max-image-preview:large, max-video-preview:-1\" \/>\n<link rel=\"canonical\" href=\"https:\/\/hotelpatriot.sk\/pl\/kongres\/\" \/>\n<meta property=\"og:locale\" content=\"pl_PL\" \/>\n<meta property=\"og:type\" content=\"article\" \/>\n<meta property=\"og:title\" content=\"Kongres - Hotel Patriot*** - Hotel, ubytovanie Vranov nad Top\u013eou\" \/>\n<meta property=\"og:description\" content=\"Hotel Patriot*** pon\u00faka ubytovanie vysok\u00e9ho \u0161tandardu v 42 izb\u00e1ch a dvoch apartm\u00e1noch v \u0161ir\u0161om centre mesta Vranov nad Top\u013eou. S\u00fa\u010das\u0165ou hotela je re\u0161taur\u00e1cia, kaviare\u0148, bowling bar, kongresov\u00e9 centrum vhodn\u00e9 aj pre usporiadanie svadieb a fitness centrum. Hotel Patriot*** Vranov - hotel, ubytovanie.\" \/>\n<meta property=\"og:url\" content=\"https:\/\/hotelpatriot.sk\/pl\/kongres\/\" \/>\n<meta property=\"og:site_name\" content=\"Hotel Patriot***\" \/>\n<meta property=\"article:publisher\" content=\"https:\/\/www.facebook.com\/hotel.patriot.vt\/\" \/>\n<meta property=\"article:modified_time\" content=\"2026-01-28T14:51:40+00:00\" \/>\n<meta property=\"og:image\" content=\"https:\/\/hotelpatriot.sk\/wp-content\/uploads\/2026\/04\/logo1200x630.jpg\" \/>\n\t<meta property=\"og:image:width\" content=\"1200\" \/>\n\t<meta property=\"og:image:height\" content=\"630\" \/>\n\t<meta property=\"og:image:type\" content=\"image\/jpeg\" \/>\n<meta name=\"twitter:card\" content=\"summary_large_image\" \/>\n<meta name=\"twitter:site\" content=\"@hotelpatriotvt\" \/>\n<meta name=\"twitter:label1\" content=\"Szacowany czas czytania\" \/>\n\t<meta name=\"twitter:data1\" content=\"3 minuty\" \/>\n<script type=\"application\/ld+json\" class=\"yoast-schema-graph\">{\"@context\":\"https:\\\/\\\/schema.org\",\"@graph\":[{\"@type\":\"WebPage\",\"@id\":\"https:\\\/\\\/hotelpatriot.sk\\\/pl\\\/kongres\\\/\",\"url\":\"https:\\\/\\\/hotelpatriot.sk\\\/pl\\\/kongres\\\/\",\"name\":\"Kongres - Hotel Patriot*** - Hotel, ubytovanie Vranov nad Top\u013eou\",\"isPartOf\":{\"@id\":\"https:\\\/\\\/hotelpatriot.sk\\\/pl\\\/#website\"},\"datePublished\":\"2017-09-20T08:51:06+00:00\",\"dateModified\":\"2026-01-28T14:51:40+00:00\",\"description\":\"Hotel Patriot*** pon\u00faka ubytovanie vysok\u00e9ho \u0161tandardu v 42 izb\u00e1ch a dvoch apartm\u00e1noch v \u0161ir\u0161om centre mesta Vranov nad Top\u013eou. S\u00fa\u010das\u0165ou hotela je re\u0161taur\u00e1cia, kaviare\u0148, bowling bar, kongresov\u00e9 centrum vhodn\u00e9 aj pre usporiadanie svadieb a fitness centrum. Hotel Patriot*** Vranov - hotel, ubytovanie.\",\"breadcrumb\":{\"@id\":\"https:\\\/\\\/hotelpatriot.sk\\\/pl\\\/kongres\\\/#breadcrumb\"},\"inLanguage\":\"pl-PL\",\"potentialAction\":[{\"@type\":\"ReadAction\",\"target\":[\"https:\\\/\\\/hotelpatriot.sk\\\/pl\\\/kongres\\\/\"]}]},{\"@type\":\"BreadcrumbList\",\"@id\":\"https:\\\/\\\/hotelpatriot.sk\\\/pl\\\/kongres\\\/#breadcrumb\",\"itemListElement\":[{\"@type\":\"ListItem\",\"position\":1,\"name\":\"Home\",\"item\":\"https:\\\/\\\/hotelpatriot.sk\\\/pl\\\/\"},{\"@type\":\"ListItem\",\"position\":2,\"name\":\"Kongres\"}]},{\"@type\":\"WebSite\",\"@id\":\"https:\\\/\\\/hotelpatriot.sk\\\/pl\\\/#website\",\"url\":\"https:\\\/\\\/hotelpatriot.sk\\\/pl\\\/\",\"name\":\"Hotel Patriot***\",\"description\":\"Hotel, ubytovanie Vranov nad Top\u013eou\",\"publisher\":{\"@id\":\"https:\\\/\\\/hotelpatriot.sk\\\/pl\\\/#organization\"},\"potentialAction\":[{\"@type\":\"SearchAction\",\"target\":{\"@type\":\"EntryPoint\",\"urlTemplate\":\"https:\\\/\\\/hotelpatriot.sk\\\/pl\\\/?s={search_term_string}\"},\"query-input\":{\"@type\":\"PropertyValueSpecification\",\"valueRequired\":true,\"valueName\":\"search_term_string\"}}],\"inLanguage\":\"pl-PL\"},{\"@type\":\"Organization\",\"@id\":\"https:\\\/\\\/hotelpatriot.sk\\\/pl\\\/#organization\",\"name\":\"Hotel Patriot*** Vranov nad Top\u013eou\",\"alternateName\":\"Hotel Patriot***\",\"url\":\"https:\\\/\\\/hotelpatriot.sk\\\/pl\\\/\",\"logo\":{\"@type\":\"ImageObject\",\"inLanguage\":\"pl-PL\",\"@id\":\"https:\\\/\\\/hotelpatriot.sk\\\/pl\\\/#\\\/schema\\\/logo\\\/image\\\/\",\"url\":\"http:\\\/\\\/hotelpatriot.sk\\\/wp-content\\\/uploads\\\/2018\\\/11\\\/hotel-patriot-logo.jpg\",\"contentUrl\":\"http:\\\/\\\/hotelpatriot.sk\\\/wp-content\\\/uploads\\\/2018\\\/11\\\/hotel-patriot-logo.jpg\",\"width\":500,\"height\":500,\"caption\":\"Hotel Patriot*** Vranov nad Top\u013eou\"},\"image\":{\"@id\":\"https:\\\/\\\/hotelpatriot.sk\\\/pl\\\/#\\\/schema\\\/logo\\\/image\\\/\"},\"sameAs\":[\"https:\\\/\\\/www.facebook.com\\\/hotel.patriot.vt\\\/\",\"https:\\\/\\\/x.com\\\/hotelpatriotvt\",\"https:\\\/\\\/www.instagram.com\\\/hotelpatriot\"]}]}<\/script>\n<!-- \/ Yoast SEO plugin. -->","yoast_head_json":{"title":"Kongres - Hotel Patriot*** - Hotel, ubytovanie Vranov nad Top\u013eou","description":"Hotel Patriot*** pon\u00faka ubytovanie vysok\u00e9ho \u0161tandardu v 42 izb\u00e1ch a dvoch apartm\u00e1noch v \u0161ir\u0161om centre mesta Vranov nad Top\u013eou. S\u00fa\u010das\u0165ou hotela je re\u0161taur\u00e1cia, kaviare\u0148, bowling bar, kongresov\u00e9 centrum vhodn\u00e9 aj pre usporiadanie svadieb a fitness centrum. Hotel Patriot*** Vranov - hotel, ubytovanie.","robots":{"index":"index","follow":"follow","max-snippet":"max-snippet:-1","max-image-preview":"max-image-preview:large","max-video-preview":"max-video-preview:-1"},"canonical":"https:\/\/hotelpatriot.sk\/pl\/kongres\/","og_locale":"pl_PL","og_type":"article","og_title":"Kongres - Hotel Patriot*** - Hotel, ubytovanie Vranov nad Top\u013eou","og_description":"Hotel Patriot*** pon\u00faka ubytovanie vysok\u00e9ho \u0161tandardu v 42 izb\u00e1ch a dvoch apartm\u00e1noch v \u0161ir\u0161om centre mesta Vranov nad Top\u013eou. S\u00fa\u010das\u0165ou hotela je re\u0161taur\u00e1cia, kaviare\u0148, bowling bar, kongresov\u00e9 centrum vhodn\u00e9 aj pre usporiadanie svadieb a fitness centrum. Hotel Patriot*** Vranov - hotel, ubytovanie.","og_url":"https:\/\/hotelpatriot.sk\/pl\/kongres\/","og_site_name":"Hotel Patriot***","article_publisher":"https:\/\/www.facebook.com\/hotel.patriot.vt\/","article_modified_time":"2026-01-28T14:51:40+00:00","og_image":[{"width":1200,"height":630,"url":"https:\/\/hotelpatriot.sk\/wp-content\/uploads\/2026\/04\/logo1200x630.jpg","type":"image\/jpeg"}],"twitter_card":"summary_large_image","twitter_site":"@hotelpatriotvt","twitter_misc":{"Szacowany czas czytania":"3 minuty"},"schema":{"@context":"https:\/\/schema.org","@graph":[{"@type":"WebPage","@id":"https:\/\/hotelpatriot.sk\/pl\/kongres\/","url":"https:\/\/hotelpatriot.sk\/pl\/kongres\/","name":"Kongres - Hotel Patriot*** - Hotel, ubytovanie Vranov nad Top\u013eou","isPartOf":{"@id":"https:\/\/hotelpatriot.sk\/pl\/#website"},"datePublished":"2017-09-20T08:51:06+00:00","dateModified":"2026-01-28T14:51:40+00:00","description":"Hotel Patriot*** pon\u00faka ubytovanie vysok\u00e9ho \u0161tandardu v 42 izb\u00e1ch a dvoch apartm\u00e1noch v \u0161ir\u0161om centre mesta Vranov nad Top\u013eou. S\u00fa\u010das\u0165ou hotela je re\u0161taur\u00e1cia, kaviare\u0148, bowling bar, kongresov\u00e9 centrum vhodn\u00e9 aj pre usporiadanie svadieb a fitness centrum. Hotel Patriot*** Vranov - hotel, ubytovanie.","breadcrumb":{"@id":"https:\/\/hotelpatriot.sk\/pl\/kongres\/#breadcrumb"},"inLanguage":"pl-PL","potentialAction":[{"@type":"ReadAction","target":["https:\/\/hotelpatriot.sk\/pl\/kongres\/"]}]},{"@type":"BreadcrumbList","@id":"https:\/\/hotelpatriot.sk\/pl\/kongres\/#breadcrumb","itemListElement":[{"@type":"ListItem","position":1,"name":"Home","item":"https:\/\/hotelpatriot.sk\/pl\/"},{"@type":"ListItem","position":2,"name":"Kongres"}]},{"@type":"WebSite","@id":"https:\/\/hotelpatriot.sk\/pl\/#website","url":"https:\/\/hotelpatriot.sk\/pl\/","name":"Hotel Patriot***","description":"Hotel, ubytovanie Vranov nad Top\u013eou","publisher":{"@id":"https:\/\/hotelpatriot.sk\/pl\/#organization"},"potentialAction":[{"@type":"SearchAction","target":{"@type":"EntryPoint","urlTemplate":"https:\/\/hotelpatriot.sk\/pl\/?s={search_term_string}"},"query-input":{"@type":"PropertyValueSpecification","valueRequired":true,"valueName":"search_term_string"}}],"inLanguage":"pl-PL"},{"@type":"Organization","@id":"https:\/\/hotelpatriot.sk\/pl\/#organization","name":"Hotel Patriot*** Vranov nad Top\u013eou","alternateName":"Hotel Patriot***","url":"https:\/\/hotelpatriot.sk\/pl\/","logo":{"@type":"ImageObject","inLanguage":"pl-PL","@id":"https:\/\/hotelpatriot.sk\/pl\/#\/schema\/logo\/image\/","url":"http:\/\/hotelpatriot.sk\/wp-content\/uploads\/2018\/11\/hotel-patriot-logo.jpg","contentUrl":"http:\/\/hotelpatriot.sk\/wp-content\/uploads\/2018\/11\/hotel-patriot-logo.jpg","width":500,"height":500,"caption":"Hotel Patriot*** Vranov nad Top\u013eou"},"image":{"@id":"https:\/\/hotelpatriot.sk\/pl\/#\/schema\/logo\/image\/"},"sameAs":["https:\/\/www.facebook.com\/hotel.patriot.vt\/","https:\/\/x.com\/hotelpatriotvt","https:\/\/www.instagram.com\/hotelpatriot"]}]}},"_links":{"self":[{"href":"https:\/\/hotelpatriot.sk\/pl\/wp-json\/wp\/v2\/pages\/5572","targetHints":{"allow":["GET"]}}],"collection":[{"href":"https:\/\/hotelpatriot.sk\/pl\/wp-json\/wp\/v2\/pages"}],"about":[{"href":"https:\/\/hotelpatriot.sk\/pl\/wp-json\/wp\/v2\/types\/page"}],"author":[{"embeddable":true,"href":"https:\/\/hotelpatriot.sk\/pl\/wp-json\/wp\/v2\/users\/1"}],"replies":[{"embeddable":true,"href":"https:\/\/hotelpatriot.sk\/pl\/wp-json\/wp\/v2\/comments?post=5572"}],"version-history":[{"count":20,"href":"https:\/\/hotelpatriot.sk\/pl\/wp-json\/wp\/v2\/pages\/5572\/revisions"}],"predecessor-version":[{"id":20543,"href":"https:\/\/hotelpatriot.sk\/pl\/wp-json\/wp\/v2\/pages\/5572\/revisions\/20543"}],"wp:attachment":[{"href":"https:\/\/hotelpatriot.sk\/pl\/wp-json\/wp\/v2\/media?parent=5572"}],"curies":[{"name":"wp","href":"https:\/\/api.w.org\/{rel}","templated":true}]}}