{"id":5316,"date":"2017-09-18T09:59:12","date_gmt":"2017-09-18T07:59:12","guid":{"rendered":"http:\/\/hotelpatriot.sk\/?page_id=5316\/"},"modified":"2026-01-16T11:38:41","modified_gmt":"2026-01-16T10:38:41","slug":"fitness-gym","status":"publish","type":"page","link":"https:\/\/hotelpatriot.sk\/pl\/fitness-gym\/","title":{"rendered":"Fitness &#038; gym"},"content":{"rendered":"<div class=\"menu-centered my-page-submenu-uni text-center\">\r\n<ul class=\"vertical large-horizontal menu\">\r\n<!--<li><a href=\"https:\/\/hotelpatriot.sk\/pl\/specialne-ponuky\/fitness-menu\/\">Menu fitness<\/a><\/li>-->\r\n<li><a href=\"https:\/\/hotelpatriot.sk\/pl\/galeria\/galeria-patriot-fitness\/\">Galeria fitness<\/a><\/li>\r\n<li><a href=\"https:\/\/hotelpatriot.sk\/pl\/galeria\/galeria-patriot-gym\/\">Galeria gym<\/a><\/li>\r\n<\/ul>\r\n<\/div>\r\n\r\n<!--<div style=\"border: 3px solid #f5821f;padding: 0rem 2rem 2rem 1rem;margin-bottom: 1.5rem;text-align: center;\">\r\n<h2>Fitness centrum open<\/h2>\r\n<\/div>-->\r\n\r\n<h2>Patriot Fitness<\/h2>\r\n\r\n<p>Centrum Fitness w hotelu Patriot swoim go\u015bciom oferuje w pe\u0142ni klimatyzowane pomieszczenia dwukondygnacyjne o powierzchni 320 m2, kt\u00f3re posiadaj\u0105 w\u0142asne pomieszczenia socjalne, prysznice i szatnie. Go\u015bcie Centrum Fitness mog\u0105 korzysta\u0107 z przestronnego parkingu Hotelu Patriot***.<\/p>\r\n\r\n<h3>Wyposa\u017cenie <\/h3>\r\n<p>Wybieraj\u0105c sprz\u0119t postawili\u015bmy na jako\u015b\u0107. Patriot Fitness jest wyposa\u017cony w najlepsze przyrz\u0105dy do \u0107wicze\u0144 marki Nautilus, kt\u00f3re dzi\u0119ki swojej konstrukcji umo\u017cliwiaj\u0105 doskona\u0142y trening si\u0142owy i minimalizuj\u0105 ryzyko odniesienia kontuzji. Centrum Fitness jest tak\u017ce wyposa\u017cone w przyrz\u0105dy  wspieraj\u0105ce uk\u0142ad kr\u0105\u017cenia. Znajduj\u0105 si\u0119 tutaj bie\u017cnie do biegania, trena\u017cery eliptyczne, trena\u017cery symuluj\u0105ce wchodzenie po schodach, rowery stacjonarne i trena\u017cery wios\u0142owe Concept 2. Klienci maj\u0105 do dyspozycji opr\u00f3cz przyrz\u0105d\u00f3w do \u0107wicze\u0144 tak\u017ce mo\u017cliwo\u015b\u0107 \u0107wiczenia z w\u0142asn\u0105 mas\u0105 cia\u0142a. Mo\u017cna tutaj po\u0107wiczy\u0107 na ci\u0119\u017carkach od 1 kg do 50 kg, lub na urz\u0105dzeniach do treningu funkcyjnego np.  Kettlebelly, TRX, medicinbaly lub Flowin.<\/p>\r\n\r\n<h3>InBody 230<\/h3>\r\n\r\n<p>Dla naszych klient\u00f3w mamy do dyspozycji profesjonaln\u0105 diagnostyk\u0119 cia\u0142a przy pomocy urz\u0105dzenia InBody 230.<\/p>\r\n\r\n<div class=\"my-gallery-wrapper row\">\n<div class=\"my-gallery-thumbnail-wrapper small-12 medium-6 large-3 end columns\">\n<div class=\"my-gallery-thumbnail\">\n<a href=\"https:\/\/hotelpatriot.sk\/wp-content\/uploads\/2018\/11\/0.jpg\" data-lightbox=\"Gal\u00e9ria\" data-title=\"\"><img decoding=\"async\" src=\"https:\/\/hotelpatriot.sk\/wp-content\/uploads\/2018\/11\/0-800x500.jpg\" width=\"800\" height=\"500\" alt=\"\" title=\"\" \/><\/a>\n<\/div>\n<\/div>\n<div class=\"my-gallery-thumbnail-wrapper small-12 medium-6 large-3 end columns\">\n<div class=\"my-gallery-thumbnail\">\n<a href=\"https:\/\/hotelpatriot.sk\/wp-content\/uploads\/2018\/11\/2.jpg\" data-lightbox=\"Gal\u00e9ria\" data-title=\"\"><img decoding=\"async\" src=\"https:\/\/hotelpatriot.sk\/wp-content\/uploads\/2018\/11\/2-800x500.jpg\" width=\"800\" height=\"500\" alt=\"\" title=\"\" \/><\/a>\n<\/div>\n<\/div>\n<div class=\"my-gallery-thumbnail-wrapper small-12 medium-6 large-3 end columns\">\n<div class=\"my-gallery-thumbnail\">\n<a href=\"https:\/\/hotelpatriot.sk\/wp-content\/uploads\/2018\/11\/3.jpg\" data-lightbox=\"Gal\u00e9ria\" data-title=\"\"><img decoding=\"async\" src=\"https:\/\/hotelpatriot.sk\/wp-content\/uploads\/2018\/11\/3-800x500.jpg\" width=\"800\" height=\"500\" alt=\"\" title=\"\" \/><\/a>\n<\/div>\n<\/div>\n<div class=\"my-gallery-thumbnail-wrapper small-12 medium-6 large-3 end columns\">\n<div class=\"my-gallery-thumbnail\">\n<a href=\"https:\/\/hotelpatriot.sk\/wp-content\/uploads\/2018\/11\/1.jpg\" data-lightbox=\"Gal\u00e9ria\" data-title=\"\"><img decoding=\"async\" src=\"https:\/\/hotelpatriot.sk\/wp-content\/uploads\/2018\/11\/1-800x500.jpg\" width=\"800\" height=\"500\" alt=\"\" title=\"\" \/><\/a>\n<\/div>\n<\/div>\n<\/div>\n\r\n\r\n<h2>Patriot Gym<\/h2>\r\n\r\n<p>Si\u0142a, szybko\u015b\u0107, obrotno\u015b\u0107, stabilno\u015b\u0107, to umiej\u0119tno\u015bci, kt\u00f3re w wi\u0119kszym lub mniejszym stopniu bior\u0105 udzia\u0142 w naszym codziennym \u017cyciu. Gdy potrzebujesz przenie\u015b\u0107 ci\u0119\u017ckie meble, podnie\u015b\u0107 jakikolwiek ci\u0119\u017car, przybiec na czas na przystanek autobusowy lub utrzyma\u0107 stabilno\u015b\u0107 i nie upa\u015b\u0107 na zlodowacia\u0142ym chodniku, to niezb\u0119dne s\u0105 umiej\u0119tno\u015bci, kt\u00f3rych obecnie cz\u0142owiekowi ze wzgl\u0119du na zbyt wygodny tryb \u017cycia brakuje. Dzi\u0119ki skutecznemu treningu mo\u017cemy je w sobie ponownie odkry\u0107 i pomno\u017cy\u0107. Hotel Patriot*** w odpowiednim czasie uchwyci\u0142 ten, wed\u0142ug nas w\u0142a\u015bciwy trend w dziedzinie sportu i znowu nie waha\u0142 si\u0119 w to zainwestowa\u0107. W miejsce planowanego nocnego baru, przygotowa\u0142 dla swoich klient\u00f3w Gym, w kt\u00f3rym \u017celazo jest \u017celazem, a jedyn\u0105 \u201edesk\u0105 ratunku\u201c jest Twoja w\u0142a\u015bciwa technika, umiej\u0119tno\u015bci  i doskonale przygotowana si\u0142a. Swoj\u0105 wytrzyma\u0142o\u015b\u0107 mo\u017cesz sprawdzi\u0107 na profesjonalnych dr\u0105\u017ckach i wielu innych przyrz\u0105dach.<\/p>\r\n\r\n<strong>Wej\u015bcie do Patriot Fitness i Patriot Gym dla os\u00f3b poni\u017cej 15 roku \u017cycia (w tym) tylko w obecno\u015bci doros\u0142ego lub prawnego opiekuna.<\/strong>\r\n\r\n<strong>Mo\u017cliwo\u015bci Patriot Fitness &#038; Patriot Gym s\u0105 ograniczone. Wi\u0119cej informacji <a href=\"https:\/\/hotelpatriot.sk\/wp-content\/uploads\/2019\/03\/fitness-oznam.pdf\">tutaj<\/a>.<\/strong>\r\n\r\n<h3>Godziny otwarcia<\/h3>\r\n<p>Poniedzia\u0142ek &#8211; pi\u0105tek<br \/>\r\n7:00 &#8211; 20:00<\/p>\r\n\r\n<p>Sobota &#8211; niedziela<br \/>\r\n8:00 &#8211; 20:00<\/p>\r\n\r\n<h2>Cennik<\/h2>\r\n\r\n<table class=\"stack\">\r\n  <tr>\r\n    <th>RODZAJ WEJ\u015aCI\u00d3WKI <\/th>\r\n    <th>Opis<\/th>\r\n    <th>Cena<\/th>\r\n  <\/tr>\r\n  <tr>\r\n    <td>Jednorazowe wej\u015bcie<\/td>\r\n    <td>Standardowe jednorazowe wej\u015bcie.<\/td>\r\n    <td>7,00 \u20ac<\/td>\r\n  <\/tr>\r\n<tr>\r\n    <td class=\"tg-031e\">Bilet miesi\u0119czny<\/td>\r\n    <td>Obowi\u0105zuje 30 dni od zakupu, 1 wpis dziennie, niezbywalne<\/td>\r\n    <td class=\"t-cena\">57,00 \u20ac<\/td>\r\n  <\/tr>\r\n  <tr>\r\n    <td>Karta \u2013 kredyt 30 euro<\/td>\r\n    <td><\/td>\r\n    <td>6,50 \u20ac<\/td>\r\n  <\/tr>\r\n  <tr>\r\n    <td>Karta \u2013 kredyt 50 euro<\/td>\r\n    <td><\/td>\r\n    <td>6,20 \u20ac<\/td>\r\n  <\/tr>\r\n  <tr>\r\n    <td>Karta &#8211; kredyt 100 euro<\/td>\r\n    <td><\/td>\r\n    <td>5,90 \u20ac<\/td>\r\n  <\/tr>\r\n<\/table>\r\n\r\n<p>Wszystkie ceny podane s\u0105 z\u00a0podatkiem VAT. Ceny obowi\u0105zuj\u0105 od 20.1. 2026.<\/p>","protected":false},"excerpt":{"rendered":"Galeria fitness Galeria gym Patriot Fitness Centrum Fitness w hotelu Patriot swoim go\u015bciom oferuje w pe\u0142ni klimatyzowane pomieszczenia dwukondygnacyjne o powierzchni 320 m2, kt\u00f3re posiadaj\u0105 w\u0142asne pomieszczenia socjalne, prysznice i szatnie. Go\u015bcie Centrum Fitness mog\u0105 korzysta\u0107 z przestronnego parkingu Hotelu Patriot***. Wyposa\u017cenie Wybieraj\u0105c sprz\u0119t postawili\u015bmy na jako\u015b\u0107. Patriot Fitness jest wyposa\u017cony w najlepsze przyrz\u0105dy do<a class=\"excerpt-read-more\" href=\"https:\/\/hotelpatriot.sk\/pl\/fitness-gym\/\" title=\"ReadFitness &#038; gym\">&#8230; Read more &raquo;<\/a>","protected":false},"author":1,"featured_media":0,"parent":0,"menu_order":0,"comment_status":"closed","ping_status":"closed","template":"template-full-width.php","meta":{"_acf_changed":false,"footnotes":""},"class_list":["post-5316","page","type-page","status-publish","hentry"],"acf":[],"yoast_head":"<!-- This site is optimized with the Yoast SEO plugin v27.6 - https:\/\/yoast.com\/product\/yoast-seo-wordpress\/ -->\n<title>Centrum fitness - Patriot Fitness Hotel Patriot *** Vranov nad Toplou<\/title>\n<meta name=\"description\" content=\"Centrum fitness w hotelu Patriot *** w Vranov n. T., w pe\u0142ni klimatyzowane pomieszczenia dwupoziomowe, zaplecze socjalne, prysznice i garderoby.\" \/>\n<meta name=\"robots\" content=\"index, follow, max-snippet:-1, max-image-preview:large, max-video-preview:-1\" \/>\n<link rel=\"canonical\" href=\"https:\/\/hotelpatriot.sk\/pl\/fitness-gym\/\" \/>\n<meta property=\"og:locale\" content=\"pl_PL\" \/>\n<meta property=\"og:type\" content=\"article\" \/>\n<meta property=\"og:title\" content=\"Centrum fitness - Patriot Fitness Hotel Patriot *** Vranov nad Toplou\" \/>\n<meta property=\"og:description\" content=\"Centrum fitness w hotelu Patriot *** w Vranov n. T., w pe\u0142ni klimatyzowane pomieszczenia dwupoziomowe, zaplecze socjalne, prysznice i garderoby.\" \/>\n<meta property=\"og:url\" content=\"https:\/\/hotelpatriot.sk\/pl\/fitness-gym\/\" \/>\n<meta property=\"og:site_name\" content=\"Hotel Patriot***\" \/>\n<meta property=\"article:publisher\" content=\"https:\/\/www.facebook.com\/hotel.patriot.vt\/\" \/>\n<meta property=\"article:modified_time\" content=\"2026-01-16T10:38:41+00:00\" \/>\n<meta property=\"og:image\" content=\"https:\/\/hotelpatriot.sk\/wp-content\/uploads\/2026\/04\/logo1200x630.jpg\" \/>\n\t<meta property=\"og:image:width\" content=\"1200\" \/>\n\t<meta property=\"og:image:height\" content=\"630\" \/>\n\t<meta property=\"og:image:type\" content=\"image\/jpeg\" \/>\n<meta name=\"twitter:card\" content=\"summary_large_image\" \/>\n<meta name=\"twitter:site\" content=\"@hotelpatriotvt\" \/>\n<meta name=\"twitter:label1\" content=\"Szacowany czas czytania\" \/>\n\t<meta name=\"twitter:data1\" content=\"3 minuty\" \/>\n<script type=\"application\/ld+json\" class=\"yoast-schema-graph\">{\"@context\":\"https:\\\/\\\/schema.org\",\"@graph\":[{\"@type\":\"WebPage\",\"@id\":\"https:\\\/\\\/hotelpatriot.sk\\\/pl\\\/fitness-gym\\\/\",\"url\":\"https:\\\/\\\/hotelpatriot.sk\\\/pl\\\/fitness-gym\\\/\",\"name\":\"Centrum fitness - Patriot Fitness Hotel Patriot *** Vranov nad Toplou\",\"isPartOf\":{\"@id\":\"https:\\\/\\\/hotelpatriot.sk\\\/pl\\\/#website\"},\"datePublished\":\"2017-09-18T07:59:12+00:00\",\"dateModified\":\"2026-01-16T10:38:41+00:00\",\"description\":\"Centrum fitness w hotelu Patriot *** w Vranov n. T., w pe\u0142ni klimatyzowane pomieszczenia dwupoziomowe, zaplecze socjalne, prysznice i garderoby.\",\"breadcrumb\":{\"@id\":\"https:\\\/\\\/hotelpatriot.sk\\\/pl\\\/fitness-gym\\\/#breadcrumb\"},\"inLanguage\":\"pl-PL\",\"potentialAction\":[{\"@type\":\"ReadAction\",\"target\":[\"https:\\\/\\\/hotelpatriot.sk\\\/pl\\\/fitness-gym\\\/\"]}]},{\"@type\":\"BreadcrumbList\",\"@id\":\"https:\\\/\\\/hotelpatriot.sk\\\/pl\\\/fitness-gym\\\/#breadcrumb\",\"itemListElement\":[{\"@type\":\"ListItem\",\"position\":1,\"name\":\"Home\",\"item\":\"https:\\\/\\\/hotelpatriot.sk\\\/pl\\\/\"},{\"@type\":\"ListItem\",\"position\":2,\"name\":\"Fitness &#038; gym\"}]},{\"@type\":\"WebSite\",\"@id\":\"https:\\\/\\\/hotelpatriot.sk\\\/pl\\\/#website\",\"url\":\"https:\\\/\\\/hotelpatriot.sk\\\/pl\\\/\",\"name\":\"Hotel Patriot***\",\"description\":\"Hotel, ubytovanie Vranov nad Top\u013eou\",\"publisher\":{\"@id\":\"https:\\\/\\\/hotelpatriot.sk\\\/pl\\\/#organization\"},\"potentialAction\":[{\"@type\":\"SearchAction\",\"target\":{\"@type\":\"EntryPoint\",\"urlTemplate\":\"https:\\\/\\\/hotelpatriot.sk\\\/pl\\\/?s={search_term_string}\"},\"query-input\":{\"@type\":\"PropertyValueSpecification\",\"valueRequired\":true,\"valueName\":\"search_term_string\"}}],\"inLanguage\":\"pl-PL\"},{\"@type\":\"Organization\",\"@id\":\"https:\\\/\\\/hotelpatriot.sk\\\/pl\\\/#organization\",\"name\":\"Hotel Patriot*** Vranov nad Top\u013eou\",\"alternateName\":\"Hotel Patriot***\",\"url\":\"https:\\\/\\\/hotelpatriot.sk\\\/pl\\\/\",\"logo\":{\"@type\":\"ImageObject\",\"inLanguage\":\"pl-PL\",\"@id\":\"https:\\\/\\\/hotelpatriot.sk\\\/pl\\\/#\\\/schema\\\/logo\\\/image\\\/\",\"url\":\"http:\\\/\\\/hotelpatriot.sk\\\/wp-content\\\/uploads\\\/2018\\\/11\\\/hotel-patriot-logo.jpg\",\"contentUrl\":\"http:\\\/\\\/hotelpatriot.sk\\\/wp-content\\\/uploads\\\/2018\\\/11\\\/hotel-patriot-logo.jpg\",\"width\":500,\"height\":500,\"caption\":\"Hotel Patriot*** Vranov nad Top\u013eou\"},\"image\":{\"@id\":\"https:\\\/\\\/hotelpatriot.sk\\\/pl\\\/#\\\/schema\\\/logo\\\/image\\\/\"},\"sameAs\":[\"https:\\\/\\\/www.facebook.com\\\/hotel.patriot.vt\\\/\",\"https:\\\/\\\/x.com\\\/hotelpatriotvt\",\"https:\\\/\\\/www.instagram.com\\\/hotelpatriot\"]}]}<\/script>\n<!-- \/ Yoast SEO plugin. -->","yoast_head_json":{"title":"Centrum fitness - Patriot Fitness Hotel Patriot *** Vranov nad Toplou","description":"Centrum fitness w hotelu Patriot *** w Vranov n. T., w pe\u0142ni klimatyzowane pomieszczenia dwupoziomowe, zaplecze socjalne, prysznice i garderoby.","robots":{"index":"index","follow":"follow","max-snippet":"max-snippet:-1","max-image-preview":"max-image-preview:large","max-video-preview":"max-video-preview:-1"},"canonical":"https:\/\/hotelpatriot.sk\/pl\/fitness-gym\/","og_locale":"pl_PL","og_type":"article","og_title":"Centrum fitness - Patriot Fitness Hotel Patriot *** Vranov nad Toplou","og_description":"Centrum fitness w hotelu Patriot *** w Vranov n. T., w pe\u0142ni klimatyzowane pomieszczenia dwupoziomowe, zaplecze socjalne, prysznice i garderoby.","og_url":"https:\/\/hotelpatriot.sk\/pl\/fitness-gym\/","og_site_name":"Hotel Patriot***","article_publisher":"https:\/\/www.facebook.com\/hotel.patriot.vt\/","article_modified_time":"2026-01-16T10:38:41+00:00","og_image":[{"width":1200,"height":630,"url":"https:\/\/hotelpatriot.sk\/wp-content\/uploads\/2026\/04\/logo1200x630.jpg","type":"image\/jpeg"}],"twitter_card":"summary_large_image","twitter_site":"@hotelpatriotvt","twitter_misc":{"Szacowany czas czytania":"3 minuty"},"schema":{"@context":"https:\/\/schema.org","@graph":[{"@type":"WebPage","@id":"https:\/\/hotelpatriot.sk\/pl\/fitness-gym\/","url":"https:\/\/hotelpatriot.sk\/pl\/fitness-gym\/","name":"Centrum fitness - Patriot Fitness Hotel Patriot *** Vranov nad Toplou","isPartOf":{"@id":"https:\/\/hotelpatriot.sk\/pl\/#website"},"datePublished":"2017-09-18T07:59:12+00:00","dateModified":"2026-01-16T10:38:41+00:00","description":"Centrum fitness w hotelu Patriot *** w Vranov n. T., w pe\u0142ni klimatyzowane pomieszczenia dwupoziomowe, zaplecze socjalne, prysznice i garderoby.","breadcrumb":{"@id":"https:\/\/hotelpatriot.sk\/pl\/fitness-gym\/#breadcrumb"},"inLanguage":"pl-PL","potentialAction":[{"@type":"ReadAction","target":["https:\/\/hotelpatriot.sk\/pl\/fitness-gym\/"]}]},{"@type":"BreadcrumbList","@id":"https:\/\/hotelpatriot.sk\/pl\/fitness-gym\/#breadcrumb","itemListElement":[{"@type":"ListItem","position":1,"name":"Home","item":"https:\/\/hotelpatriot.sk\/pl\/"},{"@type":"ListItem","position":2,"name":"Fitness &#038; gym"}]},{"@type":"WebSite","@id":"https:\/\/hotelpatriot.sk\/pl\/#website","url":"https:\/\/hotelpatriot.sk\/pl\/","name":"Hotel Patriot***","description":"Hotel, ubytovanie Vranov nad Top\u013eou","publisher":{"@id":"https:\/\/hotelpatriot.sk\/pl\/#organization"},"potentialAction":[{"@type":"SearchAction","target":{"@type":"EntryPoint","urlTemplate":"https:\/\/hotelpatriot.sk\/pl\/?s={search_term_string}"},"query-input":{"@type":"PropertyValueSpecification","valueRequired":true,"valueName":"search_term_string"}}],"inLanguage":"pl-PL"},{"@type":"Organization","@id":"https:\/\/hotelpatriot.sk\/pl\/#organization","name":"Hotel Patriot*** Vranov nad Top\u013eou","alternateName":"Hotel Patriot***","url":"https:\/\/hotelpatriot.sk\/pl\/","logo":{"@type":"ImageObject","inLanguage":"pl-PL","@id":"https:\/\/hotelpatriot.sk\/pl\/#\/schema\/logo\/image\/","url":"http:\/\/hotelpatriot.sk\/wp-content\/uploads\/2018\/11\/hotel-patriot-logo.jpg","contentUrl":"http:\/\/hotelpatriot.sk\/wp-content\/uploads\/2018\/11\/hotel-patriot-logo.jpg","width":500,"height":500,"caption":"Hotel Patriot*** Vranov nad Top\u013eou"},"image":{"@id":"https:\/\/hotelpatriot.sk\/pl\/#\/schema\/logo\/image\/"},"sameAs":["https:\/\/www.facebook.com\/hotel.patriot.vt\/","https:\/\/x.com\/hotelpatriotvt","https:\/\/www.instagram.com\/hotelpatriot"]}]}},"_links":{"self":[{"href":"https:\/\/hotelpatriot.sk\/pl\/wp-json\/wp\/v2\/pages\/5316","targetHints":{"allow":["GET"]}}],"collection":[{"href":"https:\/\/hotelpatriot.sk\/pl\/wp-json\/wp\/v2\/pages"}],"about":[{"href":"https:\/\/hotelpatriot.sk\/pl\/wp-json\/wp\/v2\/types\/page"}],"author":[{"embeddable":true,"href":"https:\/\/hotelpatriot.sk\/pl\/wp-json\/wp\/v2\/users\/1"}],"replies":[{"embeddable":true,"href":"https:\/\/hotelpatriot.sk\/pl\/wp-json\/wp\/v2\/comments?post=5316"}],"version-history":[{"count":39,"href":"https:\/\/hotelpatriot.sk\/pl\/wp-json\/wp\/v2\/pages\/5316\/revisions"}],"predecessor-version":[{"id":20494,"href":"https:\/\/hotelpatriot.sk\/pl\/wp-json\/wp\/v2\/pages\/5316\/revisions\/20494"}],"wp:attachment":[{"href":"https:\/\/hotelpatriot.sk\/pl\/wp-json\/wp\/v2\/media?parent=5316"}],"curies":[{"name":"wp","href":"https:\/\/api.w.org\/{rel}","templated":true}]}}