{"id":9769,"date":"2018-10-18T09:51:46","date_gmt":"2018-10-18T07:51:46","guid":{"rendered":"http:\/\/hotelpatriot.sk\/?page_id=9769"},"modified":"2020-06-16T14:53:32","modified_gmt":"2020-06-16T12:53:32","slug":"allergens","status":"publish","type":"page","link":"https:\/\/hotelpatriot.sk\/en\/allergens\/","title":{"rendered":"Allergens"},"content":{"rendered":"<h2>According to the food safety code most common allergens are noted on this menu as follows<\/h2>\r\n\r\n<ol>\r\n<li>Gluten<\/li>\r\n<li>Shell fish and their products<\/li>\r\n<li>Eggs and egg products<\/li>\r\n<li>Fish and fish products<\/li>\r\n<li>Peanuts and their products<\/li>\r\n<li>Soy beans and their products<\/li>\r\n<li>Milk and milk products<\/li>\r\n<li>NutsCelery<\/li>\r\n<li>Mustard and its products<\/li>\r\n<li>Sesame seed and their products<\/li>\r\n<li>Sulfur dioxide (SO2) in concentrations higher than 10 mg\/kg or 10 mg\/l<\/li>\r\n<li>White Lupine and its products<\/li>\r\n<li>Mollusks and their products<\/li>\r\n<\/ol>","protected":false},"excerpt":{"rendered":"According to the food safety code most common allergens are noted on this menu as follows Gluten Shell fish and their products Eggs and egg products Fish and fish products Peanuts and their products Soy beans and their products Milk and milk products NutsCelery Mustard and its products Sesame seed and their products Sulfur dioxide<a class=\"excerpt-read-more\" href=\"https:\/\/hotelpatriot.sk\/en\/allergens\/\" title=\"ReadAllergens\">&#8230; Read more &raquo;<\/a>","protected":false},"author":1,"featured_media":0,"parent":0,"menu_order":0,"comment_status":"closed","ping_status":"closed","template":"template-full-width.php","meta":{"_acf_changed":false,"footnotes":""},"class_list":["post-9769","page","type-page","status-publish","hentry"],"acf":[],"yoast_head":"<!-- This site is optimized with the Yoast SEO plugin v27.5 - https:\/\/yoast.com\/product\/yoast-seo-wordpress\/ -->\n<title>Allergens - Hotel Patriot*** - Hotel, ubytovanie Vranov nad Top\u013eou<\/title>\n<meta name=\"description\" content=\"Hotel Patriot*** pon\u00faka ubytovanie vysok\u00e9ho \u0161tandardu v 42 izb\u00e1ch a dvoch apartm\u00e1noch v \u0161ir\u0161om centre mesta Vranov nad Top\u013eou. S\u00fa\u010das\u0165ou hotela je re\u0161taur\u00e1cia, kaviare\u0148, bowling bar, kongresov\u00e9 centrum vhodn\u00e9 aj pre usporiadanie svadieb a fitness centrum. Hotel Patriot*** Vranov - hotel, ubytovanie.\" \/>\n<meta name=\"robots\" content=\"index, follow, max-snippet:-1, max-image-preview:large, max-video-preview:-1\" \/>\n<link rel=\"canonical\" href=\"https:\/\/hotelpatriot.sk\/en\/allergens\/\" \/>\n<meta property=\"og:locale\" content=\"en_US\" \/>\n<meta property=\"og:type\" content=\"article\" \/>\n<meta property=\"og:title\" content=\"Allergens - Hotel Patriot*** - Hotel, ubytovanie Vranov nad Top\u013eou\" \/>\n<meta property=\"og:description\" content=\"Hotel Patriot*** pon\u00faka ubytovanie vysok\u00e9ho \u0161tandardu v 42 izb\u00e1ch a dvoch apartm\u00e1noch v \u0161ir\u0161om centre mesta Vranov nad Top\u013eou. S\u00fa\u010das\u0165ou hotela je re\u0161taur\u00e1cia, kaviare\u0148, bowling bar, kongresov\u00e9 centrum vhodn\u00e9 aj pre usporiadanie svadieb a fitness centrum. Hotel Patriot*** Vranov - hotel, ubytovanie.\" \/>\n<meta property=\"og:url\" content=\"https:\/\/hotelpatriot.sk\/en\/allergens\/\" \/>\n<meta property=\"og:site_name\" content=\"Hotel Patriot***\" \/>\n<meta property=\"article:publisher\" content=\"https:\/\/www.facebook.com\/hotel.patriot.vt\/\" \/>\n<meta property=\"article:modified_time\" content=\"2020-06-16T12:53:32+00:00\" \/>\n<meta property=\"og:image\" content=\"https:\/\/hotelpatriot.sk\/wp-content\/uploads\/2026\/04\/logo1200x630.jpg\" \/>\n\t<meta property=\"og:image:width\" content=\"1200\" \/>\n\t<meta property=\"og:image:height\" content=\"630\" \/>\n\t<meta property=\"og:image:type\" content=\"image\/jpeg\" \/>\n<meta name=\"twitter:card\" content=\"summary_large_image\" \/>\n<meta name=\"twitter:site\" content=\"@hotelpatriotvt\" \/>\n<script type=\"application\/ld+json\" class=\"yoast-schema-graph\">{\"@context\":\"https:\\\/\\\/schema.org\",\"@graph\":[{\"@type\":\"WebPage\",\"@id\":\"https:\\\/\\\/hotelpatriot.sk\\\/en\\\/allergens\\\/\",\"url\":\"https:\\\/\\\/hotelpatriot.sk\\\/en\\\/allergens\\\/\",\"name\":\"Allergens - Hotel Patriot*** - Hotel, ubytovanie Vranov nad Top\u013eou\",\"isPartOf\":{\"@id\":\"https:\\\/\\\/hotelpatriot.sk\\\/en\\\/#website\"},\"datePublished\":\"2018-10-18T07:51:46+00:00\",\"dateModified\":\"2020-06-16T12:53:32+00:00\",\"description\":\"Hotel Patriot*** pon\u00faka ubytovanie vysok\u00e9ho \u0161tandardu v 42 izb\u00e1ch a dvoch apartm\u00e1noch v \u0161ir\u0161om centre mesta Vranov nad Top\u013eou. S\u00fa\u010das\u0165ou hotela je re\u0161taur\u00e1cia, kaviare\u0148, bowling bar, kongresov\u00e9 centrum vhodn\u00e9 aj pre usporiadanie svadieb a fitness centrum. Hotel Patriot*** Vranov - hotel, ubytovanie.\",\"breadcrumb\":{\"@id\":\"https:\\\/\\\/hotelpatriot.sk\\\/en\\\/allergens\\\/#breadcrumb\"},\"inLanguage\":\"en-US\",\"potentialAction\":[{\"@type\":\"ReadAction\",\"target\":[\"https:\\\/\\\/hotelpatriot.sk\\\/en\\\/allergens\\\/\"]}]},{\"@type\":\"BreadcrumbList\",\"@id\":\"https:\\\/\\\/hotelpatriot.sk\\\/en\\\/allergens\\\/#breadcrumb\",\"itemListElement\":[{\"@type\":\"ListItem\",\"position\":1,\"name\":\"Home\",\"item\":\"https:\\\/\\\/hotelpatriot.sk\\\/en\\\/\"},{\"@type\":\"ListItem\",\"position\":2,\"name\":\"Allergens\"}]},{\"@type\":\"WebSite\",\"@id\":\"https:\\\/\\\/hotelpatriot.sk\\\/en\\\/#website\",\"url\":\"https:\\\/\\\/hotelpatriot.sk\\\/en\\\/\",\"name\":\"Hotel Patriot***\",\"description\":\"Hotel, ubytovanie Vranov nad Top\u013eou\",\"publisher\":{\"@id\":\"https:\\\/\\\/hotelpatriot.sk\\\/en\\\/#organization\"},\"potentialAction\":[{\"@type\":\"SearchAction\",\"target\":{\"@type\":\"EntryPoint\",\"urlTemplate\":\"https:\\\/\\\/hotelpatriot.sk\\\/en\\\/?s={search_term_string}\"},\"query-input\":{\"@type\":\"PropertyValueSpecification\",\"valueRequired\":true,\"valueName\":\"search_term_string\"}}],\"inLanguage\":\"en-US\"},{\"@type\":\"Organization\",\"@id\":\"https:\\\/\\\/hotelpatriot.sk\\\/en\\\/#organization\",\"name\":\"Hotel Patriot*** Vranov nad Top\u013eou\",\"alternateName\":\"Hotel Patriot***\",\"url\":\"https:\\\/\\\/hotelpatriot.sk\\\/en\\\/\",\"logo\":{\"@type\":\"ImageObject\",\"inLanguage\":\"en-US\",\"@id\":\"https:\\\/\\\/hotelpatriot.sk\\\/en\\\/#\\\/schema\\\/logo\\\/image\\\/\",\"url\":\"http:\\\/\\\/hotelpatriot.sk\\\/wp-content\\\/uploads\\\/2018\\\/11\\\/hotel-patriot-logo.jpg\",\"contentUrl\":\"http:\\\/\\\/hotelpatriot.sk\\\/wp-content\\\/uploads\\\/2018\\\/11\\\/hotel-patriot-logo.jpg\",\"width\":500,\"height\":500,\"caption\":\"Hotel Patriot*** Vranov nad Top\u013eou\"},\"image\":{\"@id\":\"https:\\\/\\\/hotelpatriot.sk\\\/en\\\/#\\\/schema\\\/logo\\\/image\\\/\"},\"sameAs\":[\"https:\\\/\\\/www.facebook.com\\\/hotel.patriot.vt\\\/\",\"https:\\\/\\\/x.com\\\/hotelpatriotvt\",\"https:\\\/\\\/www.instagram.com\\\/hotelpatriot\"]}]}<\/script>\n<!-- \/ Yoast SEO plugin. -->","yoast_head_json":{"title":"Allergens - Hotel Patriot*** - Hotel, ubytovanie Vranov nad Top\u013eou","description":"Hotel Patriot*** pon\u00faka ubytovanie vysok\u00e9ho \u0161tandardu v 42 izb\u00e1ch a dvoch apartm\u00e1noch v \u0161ir\u0161om centre mesta Vranov nad Top\u013eou. S\u00fa\u010das\u0165ou hotela je re\u0161taur\u00e1cia, kaviare\u0148, bowling bar, kongresov\u00e9 centrum vhodn\u00e9 aj pre usporiadanie svadieb a fitness centrum. Hotel Patriot*** Vranov - hotel, ubytovanie.","robots":{"index":"index","follow":"follow","max-snippet":"max-snippet:-1","max-image-preview":"max-image-preview:large","max-video-preview":"max-video-preview:-1"},"canonical":"https:\/\/hotelpatriot.sk\/en\/allergens\/","og_locale":"en_US","og_type":"article","og_title":"Allergens - Hotel Patriot*** - Hotel, ubytovanie Vranov nad Top\u013eou","og_description":"Hotel Patriot*** pon\u00faka ubytovanie vysok\u00e9ho \u0161tandardu v 42 izb\u00e1ch a dvoch apartm\u00e1noch v \u0161ir\u0161om centre mesta Vranov nad Top\u013eou. S\u00fa\u010das\u0165ou hotela je re\u0161taur\u00e1cia, kaviare\u0148, bowling bar, kongresov\u00e9 centrum vhodn\u00e9 aj pre usporiadanie svadieb a fitness centrum. Hotel Patriot*** Vranov - hotel, ubytovanie.","og_url":"https:\/\/hotelpatriot.sk\/en\/allergens\/","og_site_name":"Hotel Patriot***","article_publisher":"https:\/\/www.facebook.com\/hotel.patriot.vt\/","article_modified_time":"2020-06-16T12:53:32+00:00","og_image":[{"width":1200,"height":630,"url":"https:\/\/hotelpatriot.sk\/wp-content\/uploads\/2026\/04\/logo1200x630.jpg","type":"image\/jpeg"}],"twitter_card":"summary_large_image","twitter_site":"@hotelpatriotvt","schema":{"@context":"https:\/\/schema.org","@graph":[{"@type":"WebPage","@id":"https:\/\/hotelpatriot.sk\/en\/allergens\/","url":"https:\/\/hotelpatriot.sk\/en\/allergens\/","name":"Allergens - Hotel Patriot*** - Hotel, ubytovanie Vranov nad Top\u013eou","isPartOf":{"@id":"https:\/\/hotelpatriot.sk\/en\/#website"},"datePublished":"2018-10-18T07:51:46+00:00","dateModified":"2020-06-16T12:53:32+00:00","description":"Hotel Patriot*** pon\u00faka ubytovanie vysok\u00e9ho \u0161tandardu v 42 izb\u00e1ch a dvoch apartm\u00e1noch v \u0161ir\u0161om centre mesta Vranov nad Top\u013eou. S\u00fa\u010das\u0165ou hotela je re\u0161taur\u00e1cia, kaviare\u0148, bowling bar, kongresov\u00e9 centrum vhodn\u00e9 aj pre usporiadanie svadieb a fitness centrum. Hotel Patriot*** Vranov - hotel, ubytovanie.","breadcrumb":{"@id":"https:\/\/hotelpatriot.sk\/en\/allergens\/#breadcrumb"},"inLanguage":"en-US","potentialAction":[{"@type":"ReadAction","target":["https:\/\/hotelpatriot.sk\/en\/allergens\/"]}]},{"@type":"BreadcrumbList","@id":"https:\/\/hotelpatriot.sk\/en\/allergens\/#breadcrumb","itemListElement":[{"@type":"ListItem","position":1,"name":"Home","item":"https:\/\/hotelpatriot.sk\/en\/"},{"@type":"ListItem","position":2,"name":"Allergens"}]},{"@type":"WebSite","@id":"https:\/\/hotelpatriot.sk\/en\/#website","url":"https:\/\/hotelpatriot.sk\/en\/","name":"Hotel Patriot***","description":"Hotel, ubytovanie Vranov nad Top\u013eou","publisher":{"@id":"https:\/\/hotelpatriot.sk\/en\/#organization"},"potentialAction":[{"@type":"SearchAction","target":{"@type":"EntryPoint","urlTemplate":"https:\/\/hotelpatriot.sk\/en\/?s={search_term_string}"},"query-input":{"@type":"PropertyValueSpecification","valueRequired":true,"valueName":"search_term_string"}}],"inLanguage":"en-US"},{"@type":"Organization","@id":"https:\/\/hotelpatriot.sk\/en\/#organization","name":"Hotel Patriot*** Vranov nad Top\u013eou","alternateName":"Hotel Patriot***","url":"https:\/\/hotelpatriot.sk\/en\/","logo":{"@type":"ImageObject","inLanguage":"en-US","@id":"https:\/\/hotelpatriot.sk\/en\/#\/schema\/logo\/image\/","url":"http:\/\/hotelpatriot.sk\/wp-content\/uploads\/2018\/11\/hotel-patriot-logo.jpg","contentUrl":"http:\/\/hotelpatriot.sk\/wp-content\/uploads\/2018\/11\/hotel-patriot-logo.jpg","width":500,"height":500,"caption":"Hotel Patriot*** Vranov nad Top\u013eou"},"image":{"@id":"https:\/\/hotelpatriot.sk\/en\/#\/schema\/logo\/image\/"},"sameAs":["https:\/\/www.facebook.com\/hotel.patriot.vt\/","https:\/\/x.com\/hotelpatriotvt","https:\/\/www.instagram.com\/hotelpatriot"]}]}},"_links":{"self":[{"href":"https:\/\/hotelpatriot.sk\/en\/wp-json\/wp\/v2\/pages\/9769","targetHints":{"allow":["GET"]}}],"collection":[{"href":"https:\/\/hotelpatriot.sk\/en\/wp-json\/wp\/v2\/pages"}],"about":[{"href":"https:\/\/hotelpatriot.sk\/en\/wp-json\/wp\/v2\/types\/page"}],"author":[{"embeddable":true,"href":"https:\/\/hotelpatriot.sk\/en\/wp-json\/wp\/v2\/users\/1"}],"replies":[{"embeddable":true,"href":"https:\/\/hotelpatriot.sk\/en\/wp-json\/wp\/v2\/comments?post=9769"}],"version-history":[{"count":6,"href":"https:\/\/hotelpatriot.sk\/en\/wp-json\/wp\/v2\/pages\/9769\/revisions"}],"predecessor-version":[{"id":10001,"href":"https:\/\/hotelpatriot.sk\/en\/wp-json\/wp\/v2\/pages\/9769\/revisions\/10001"}],"wp:attachment":[{"href":"https:\/\/hotelpatriot.sk\/en\/wp-json\/wp\/v2\/media?parent=9769"}],"curies":[{"name":"wp","href":"https:\/\/api.w.org\/{rel}","templated":true}]}}