{"id":5616,"date":"2017-09-21T11:30:23","date_gmt":"2017-09-21T09:30:23","guid":{"rendered":"http:\/\/hotelpatriot.sk\/?page_id=5616\/"},"modified":"2025-03-04T09:55:50","modified_gmt":"2025-03-04T08:55:50","slug":"restaurant","status":"publish","type":"page","link":"https:\/\/hotelpatriot.sk\/en\/restaurant\/","title":{"rendered":"Restaurant"},"content":{"rendered":"<div class=\"menu-centered my-page-submenu-uni text-center\">\r\n<ul class=\"vertical large-horizontal menu\">\r\n<li><a href=\"https:\/\/hotelpatriot.sk\/en\/denne-menu\/\">Daily menu<\/a><\/li>\r\n<li><a href=\"https:\/\/hotelpatriot.sk\/en\/specialne-ponuky\/stala-denna-ponuka\/\">Permanent daily offer<\/a><\/li>\r\n<!--<li><a href=\"https:\/\/hotelpatriot.sk\/en\/specialne-ponuky\/fitness-menu\/\">Fitness menu<\/a><\/li>-->\r\n<li><a href=\"\/wp-content\/themes\/JointsWP-CSS-master\/assets\/pdf\/a-la-carte.pdf\">\u00c0 la carte<\/a><\/li>\r\n<li><a href=\"\/wp-content\/themes\/JointsWP-CSS-master\/assets\/pdf\/vinna-karta.pdf\">Wine card<\/a><\/li>\r\n<li><a href=\"\/wp-content\/themes\/JointsWP-CSS-master\/assets\/pdf\/ranajkove-menu.pdf\">Breakfast menu<\/a><\/li>\r\n<li><a href=\"https:\/\/hotelpatriot.sk\/en\/allergens\/\">Allergens<\/a><\/li>\r\n<\/ul>\r\n<\/div>\r\n\r\n<p><strong>Orders: 0908 466 006<\/strong><\/p>\r\n\r\n<!--<div style=\"border: 3px solid #f5821f; padding: 0rem 2rem 2rem 1rem; margin-bottom: 1.5rem;\">\r\n<h2> Notice <\/h2>\r\n<\/div>-->\r\n\r\n<!--\r\n<div style=\"border: 3px solid #f5821f;padding: 0rem 2rem 2rem 1rem;margin: 2rem 0 5rem 0;\">\r\n<h2>Temporary opening hours<\/h2>\r\n<p>Monday to Friday from 11:00 to 18:00<\/p>\r\n<p>Food delivery: 0908 466 006<\/p>\r\n<p>Cafe: Monday to Friday from 07:00 to 18:00<\/p>\r\n<\/div>-->\r\n\r\n<p>You can enjoy dishes prepared by our Head chef in the Restaurant, Cafe or Breakfast room.<\/p>\r\n\r\n<p>For business guests we offer wide range of congress and catering services. Amongs other we also offer wedding and celebaration menu as well as seasonal special you can enjoy with glass of fine wine.<\/p>\r\n\r\n\r\n<h2>Opening hours (restaurant and cafe)<\/h2>\r\n<p>Monday \u2013 sunday<br \/>\r\n7:00 \u2013 20:00<\/p>","protected":false},"excerpt":{"rendered":"Daily menu Permanent daily offer \u00c0 la carte Wine card Breakfast menu Allergens Orders: 0908 466 006 You can enjoy dishes prepared by our Head chef in the Restaurant, Cafe or Breakfast room. For business guests we offer wide range of congress and catering services. Amongs other we also offer wedding and celebaration menu as<a class=\"excerpt-read-more\" href=\"https:\/\/hotelpatriot.sk\/en\/restaurant\/\" title=\"ReadRestaurant\">&#8230; Read more &raquo;<\/a>","protected":false},"author":1,"featured_media":0,"parent":0,"menu_order":0,"comment_status":"closed","ping_status":"closed","template":"template-full-width.php","meta":{"_acf_changed":false,"footnotes":""},"class_list":["post-5616","page","type-page","status-publish","hentry"],"acf":[],"yoast_head":"<!-- This site is optimized with the Yoast SEO plugin v27.5 - https:\/\/yoast.com\/product\/yoast-seo-wordpress\/ -->\n<title>Restaurant - Hotel Patriot*** - Hotel, ubytovanie Vranov nad Top\u013eou<\/title>\n<meta name=\"description\" content=\"Hotel Patriot*** pon\u00faka ubytovanie vysok\u00e9ho \u0161tandardu v 42 izb\u00e1ch a dvoch apartm\u00e1noch v \u0161ir\u0161om centre mesta Vranov nad Top\u013eou. S\u00fa\u010das\u0165ou hotela je re\u0161taur\u00e1cia, kaviare\u0148, bowling bar, kongresov\u00e9 centrum vhodn\u00e9 aj pre usporiadanie svadieb a fitness centrum. Hotel Patriot*** Vranov - hotel, ubytovanie.\" \/>\n<meta name=\"robots\" content=\"index, follow, max-snippet:-1, max-image-preview:large, max-video-preview:-1\" \/>\n<link rel=\"canonical\" href=\"https:\/\/hotelpatriot.sk\/en\/restaurant\/\" \/>\n<meta property=\"og:locale\" content=\"en_US\" \/>\n<meta property=\"og:type\" content=\"article\" \/>\n<meta property=\"og:title\" content=\"Restaurant - Hotel Patriot*** - Hotel, ubytovanie Vranov nad Top\u013eou\" \/>\n<meta property=\"og:description\" content=\"Hotel Patriot*** pon\u00faka ubytovanie vysok\u00e9ho \u0161tandardu v 42 izb\u00e1ch a dvoch apartm\u00e1noch v \u0161ir\u0161om centre mesta Vranov nad Top\u013eou. S\u00fa\u010das\u0165ou hotela je re\u0161taur\u00e1cia, kaviare\u0148, bowling bar, kongresov\u00e9 centrum vhodn\u00e9 aj pre usporiadanie svadieb a fitness centrum. Hotel Patriot*** Vranov - hotel, ubytovanie.\" \/>\n<meta property=\"og:url\" content=\"https:\/\/hotelpatriot.sk\/en\/restaurant\/\" \/>\n<meta property=\"og:site_name\" content=\"Hotel Patriot***\" \/>\n<meta property=\"article:publisher\" content=\"https:\/\/www.facebook.com\/hotel.patriot.vt\/\" \/>\n<meta property=\"article:modified_time\" content=\"2025-03-04T08:55:50+00:00\" \/>\n<meta property=\"og:image\" content=\"https:\/\/hotelpatriot.sk\/wp-content\/uploads\/2026\/04\/logo1200x630.jpg\" \/>\n\t<meta property=\"og:image:width\" content=\"1200\" \/>\n\t<meta property=\"og:image:height\" content=\"630\" \/>\n\t<meta property=\"og:image:type\" content=\"image\/jpeg\" \/>\n<meta name=\"twitter:card\" content=\"summary_large_image\" \/>\n<meta name=\"twitter:site\" content=\"@hotelpatriotvt\" \/>\n<meta name=\"twitter:label1\" content=\"Est. reading time\" \/>\n\t<meta name=\"twitter:data1\" content=\"1 minute\" \/>\n<script type=\"application\/ld+json\" class=\"yoast-schema-graph\">{\"@context\":\"https:\\\/\\\/schema.org\",\"@graph\":[{\"@type\":\"WebPage\",\"@id\":\"https:\\\/\\\/hotelpatriot.sk\\\/en\\\/restaurant\\\/\",\"url\":\"https:\\\/\\\/hotelpatriot.sk\\\/en\\\/restaurant\\\/\",\"name\":\"Restaurant - Hotel Patriot*** - Hotel, ubytovanie Vranov nad Top\u013eou\",\"isPartOf\":{\"@id\":\"https:\\\/\\\/hotelpatriot.sk\\\/en\\\/#website\"},\"datePublished\":\"2017-09-21T09:30:23+00:00\",\"dateModified\":\"2025-03-04T08:55:50+00:00\",\"description\":\"Hotel Patriot*** pon\u00faka ubytovanie vysok\u00e9ho \u0161tandardu v 42 izb\u00e1ch a dvoch apartm\u00e1noch v \u0161ir\u0161om centre mesta Vranov nad Top\u013eou. S\u00fa\u010das\u0165ou hotela je re\u0161taur\u00e1cia, kaviare\u0148, bowling bar, kongresov\u00e9 centrum vhodn\u00e9 aj pre usporiadanie svadieb a fitness centrum. Hotel Patriot*** Vranov - hotel, ubytovanie.\",\"breadcrumb\":{\"@id\":\"https:\\\/\\\/hotelpatriot.sk\\\/en\\\/restaurant\\\/#breadcrumb\"},\"inLanguage\":\"en-US\",\"potentialAction\":[{\"@type\":\"ReadAction\",\"target\":[\"https:\\\/\\\/hotelpatriot.sk\\\/en\\\/restaurant\\\/\"]}]},{\"@type\":\"BreadcrumbList\",\"@id\":\"https:\\\/\\\/hotelpatriot.sk\\\/en\\\/restaurant\\\/#breadcrumb\",\"itemListElement\":[{\"@type\":\"ListItem\",\"position\":1,\"name\":\"Home\",\"item\":\"https:\\\/\\\/hotelpatriot.sk\\\/en\\\/\"},{\"@type\":\"ListItem\",\"position\":2,\"name\":\"Restaurant\"}]},{\"@type\":\"WebSite\",\"@id\":\"https:\\\/\\\/hotelpatriot.sk\\\/en\\\/#website\",\"url\":\"https:\\\/\\\/hotelpatriot.sk\\\/en\\\/\",\"name\":\"Hotel Patriot***\",\"description\":\"Hotel, ubytovanie Vranov nad Top\u013eou\",\"publisher\":{\"@id\":\"https:\\\/\\\/hotelpatriot.sk\\\/en\\\/#organization\"},\"potentialAction\":[{\"@type\":\"SearchAction\",\"target\":{\"@type\":\"EntryPoint\",\"urlTemplate\":\"https:\\\/\\\/hotelpatriot.sk\\\/en\\\/?s={search_term_string}\"},\"query-input\":{\"@type\":\"PropertyValueSpecification\",\"valueRequired\":true,\"valueName\":\"search_term_string\"}}],\"inLanguage\":\"en-US\"},{\"@type\":\"Organization\",\"@id\":\"https:\\\/\\\/hotelpatriot.sk\\\/en\\\/#organization\",\"name\":\"Hotel Patriot*** Vranov nad Top\u013eou\",\"alternateName\":\"Hotel Patriot***\",\"url\":\"https:\\\/\\\/hotelpatriot.sk\\\/en\\\/\",\"logo\":{\"@type\":\"ImageObject\",\"inLanguage\":\"en-US\",\"@id\":\"https:\\\/\\\/hotelpatriot.sk\\\/en\\\/#\\\/schema\\\/logo\\\/image\\\/\",\"url\":\"http:\\\/\\\/hotelpatriot.sk\\\/wp-content\\\/uploads\\\/2018\\\/11\\\/hotel-patriot-logo.jpg\",\"contentUrl\":\"http:\\\/\\\/hotelpatriot.sk\\\/wp-content\\\/uploads\\\/2018\\\/11\\\/hotel-patriot-logo.jpg\",\"width\":500,\"height\":500,\"caption\":\"Hotel Patriot*** Vranov nad Top\u013eou\"},\"image\":{\"@id\":\"https:\\\/\\\/hotelpatriot.sk\\\/en\\\/#\\\/schema\\\/logo\\\/image\\\/\"},\"sameAs\":[\"https:\\\/\\\/www.facebook.com\\\/hotel.patriot.vt\\\/\",\"https:\\\/\\\/x.com\\\/hotelpatriotvt\",\"https:\\\/\\\/www.instagram.com\\\/hotelpatriot\"]}]}<\/script>\n<!-- \/ Yoast SEO plugin. -->","yoast_head_json":{"title":"Restaurant - Hotel Patriot*** - Hotel, ubytovanie Vranov nad Top\u013eou","description":"Hotel Patriot*** pon\u00faka ubytovanie vysok\u00e9ho \u0161tandardu v 42 izb\u00e1ch a dvoch apartm\u00e1noch v \u0161ir\u0161om centre mesta Vranov nad Top\u013eou. S\u00fa\u010das\u0165ou hotela je re\u0161taur\u00e1cia, kaviare\u0148, bowling bar, kongresov\u00e9 centrum vhodn\u00e9 aj pre usporiadanie svadieb a fitness centrum. Hotel Patriot*** Vranov - hotel, ubytovanie.","robots":{"index":"index","follow":"follow","max-snippet":"max-snippet:-1","max-image-preview":"max-image-preview:large","max-video-preview":"max-video-preview:-1"},"canonical":"https:\/\/hotelpatriot.sk\/en\/restaurant\/","og_locale":"en_US","og_type":"article","og_title":"Restaurant - Hotel Patriot*** - Hotel, ubytovanie Vranov nad Top\u013eou","og_description":"Hotel Patriot*** pon\u00faka ubytovanie vysok\u00e9ho \u0161tandardu v 42 izb\u00e1ch a dvoch apartm\u00e1noch v \u0161ir\u0161om centre mesta Vranov nad Top\u013eou. S\u00fa\u010das\u0165ou hotela je re\u0161taur\u00e1cia, kaviare\u0148, bowling bar, kongresov\u00e9 centrum vhodn\u00e9 aj pre usporiadanie svadieb a fitness centrum. Hotel Patriot*** Vranov - hotel, ubytovanie.","og_url":"https:\/\/hotelpatriot.sk\/en\/restaurant\/","og_site_name":"Hotel Patriot***","article_publisher":"https:\/\/www.facebook.com\/hotel.patriot.vt\/","article_modified_time":"2025-03-04T08:55:50+00:00","og_image":[{"width":1200,"height":630,"url":"https:\/\/hotelpatriot.sk\/wp-content\/uploads\/2026\/04\/logo1200x630.jpg","type":"image\/jpeg"}],"twitter_card":"summary_large_image","twitter_site":"@hotelpatriotvt","twitter_misc":{"Est. reading time":"1 minute"},"schema":{"@context":"https:\/\/schema.org","@graph":[{"@type":"WebPage","@id":"https:\/\/hotelpatriot.sk\/en\/restaurant\/","url":"https:\/\/hotelpatriot.sk\/en\/restaurant\/","name":"Restaurant - Hotel Patriot*** - Hotel, ubytovanie Vranov nad Top\u013eou","isPartOf":{"@id":"https:\/\/hotelpatriot.sk\/en\/#website"},"datePublished":"2017-09-21T09:30:23+00:00","dateModified":"2025-03-04T08:55:50+00:00","description":"Hotel Patriot*** pon\u00faka ubytovanie vysok\u00e9ho \u0161tandardu v 42 izb\u00e1ch a dvoch apartm\u00e1noch v \u0161ir\u0161om centre mesta Vranov nad Top\u013eou. S\u00fa\u010das\u0165ou hotela je re\u0161taur\u00e1cia, kaviare\u0148, bowling bar, kongresov\u00e9 centrum vhodn\u00e9 aj pre usporiadanie svadieb a fitness centrum. Hotel Patriot*** Vranov - hotel, ubytovanie.","breadcrumb":{"@id":"https:\/\/hotelpatriot.sk\/en\/restaurant\/#breadcrumb"},"inLanguage":"en-US","potentialAction":[{"@type":"ReadAction","target":["https:\/\/hotelpatriot.sk\/en\/restaurant\/"]}]},{"@type":"BreadcrumbList","@id":"https:\/\/hotelpatriot.sk\/en\/restaurant\/#breadcrumb","itemListElement":[{"@type":"ListItem","position":1,"name":"Home","item":"https:\/\/hotelpatriot.sk\/en\/"},{"@type":"ListItem","position":2,"name":"Restaurant"}]},{"@type":"WebSite","@id":"https:\/\/hotelpatriot.sk\/en\/#website","url":"https:\/\/hotelpatriot.sk\/en\/","name":"Hotel Patriot***","description":"Hotel, ubytovanie Vranov nad Top\u013eou","publisher":{"@id":"https:\/\/hotelpatriot.sk\/en\/#organization"},"potentialAction":[{"@type":"SearchAction","target":{"@type":"EntryPoint","urlTemplate":"https:\/\/hotelpatriot.sk\/en\/?s={search_term_string}"},"query-input":{"@type":"PropertyValueSpecification","valueRequired":true,"valueName":"search_term_string"}}],"inLanguage":"en-US"},{"@type":"Organization","@id":"https:\/\/hotelpatriot.sk\/en\/#organization","name":"Hotel Patriot*** Vranov nad Top\u013eou","alternateName":"Hotel Patriot***","url":"https:\/\/hotelpatriot.sk\/en\/","logo":{"@type":"ImageObject","inLanguage":"en-US","@id":"https:\/\/hotelpatriot.sk\/en\/#\/schema\/logo\/image\/","url":"http:\/\/hotelpatriot.sk\/wp-content\/uploads\/2018\/11\/hotel-patriot-logo.jpg","contentUrl":"http:\/\/hotelpatriot.sk\/wp-content\/uploads\/2018\/11\/hotel-patriot-logo.jpg","width":500,"height":500,"caption":"Hotel Patriot*** Vranov nad Top\u013eou"},"image":{"@id":"https:\/\/hotelpatriot.sk\/en\/#\/schema\/logo\/image\/"},"sameAs":["https:\/\/www.facebook.com\/hotel.patriot.vt\/","https:\/\/x.com\/hotelpatriotvt","https:\/\/www.instagram.com\/hotelpatriot"]}]}},"_links":{"self":[{"href":"https:\/\/hotelpatriot.sk\/en\/wp-json\/wp\/v2\/pages\/5616","targetHints":{"allow":["GET"]}}],"collection":[{"href":"https:\/\/hotelpatriot.sk\/en\/wp-json\/wp\/v2\/pages"}],"about":[{"href":"https:\/\/hotelpatriot.sk\/en\/wp-json\/wp\/v2\/types\/page"}],"author":[{"embeddable":true,"href":"https:\/\/hotelpatriot.sk\/en\/wp-json\/wp\/v2\/users\/1"}],"replies":[{"embeddable":true,"href":"https:\/\/hotelpatriot.sk\/en\/wp-json\/wp\/v2\/comments?post=5616"}],"version-history":[{"count":36,"href":"https:\/\/hotelpatriot.sk\/en\/wp-json\/wp\/v2\/pages\/5616\/revisions"}],"predecessor-version":[{"id":19659,"href":"https:\/\/hotelpatriot.sk\/en\/wp-json\/wp\/v2\/pages\/5616\/revisions\/19659"}],"wp:attachment":[{"href":"https:\/\/hotelpatriot.sk\/en\/wp-json\/wp\/v2\/media?parent=5616"}],"curies":[{"name":"wp","href":"https:\/\/api.w.org\/{rel}","templated":true}]}}