{"id":5567,"date":"2017-09-20T10:48:57","date_gmt":"2017-09-20T08:48:57","guid":{"rendered":"http:\/\/hotelpatriot.sk\/?page_id=5567\/"},"modified":"2026-01-28T15:51:38","modified_gmt":"2026-01-28T14:51:38","slug":"congress","status":"publish","type":"page","link":"https:\/\/hotelpatriot.sk\/en\/congress\/","title":{"rendered":"Congress"},"content":{"rendered":"<div class=\"menu-centered my-page-submenu-uni text-center\">\r\n<ul class=\"vertical large-horizontal menu\">\r\n<li><a href=\"https:\/\/hotelpatriot.sk\/en\/services-and-amenities\/\">Services and amenities<\/a><\/li>\r\n<\/ul>\r\n<\/div>\r\n\r\n<p>We offer number of modern conference and meeting rooms with catering service. Upon request we can help with organising the event.<\/p>\r\n\r\n<h3>Maximum capacity (banqueting, reception)<\/h3>\r\n\r\n<ul>\r\n<li>Large congress room: 180 ppl (1st floor)<\/li>\r\n<li>Small congress room: 50 ppl (1st floor)<\/li>\r\n<li>Meeting room: 30 ppl (ground floor)<\/li>\r\n<li>Parlor: 20 ppl (ground floor)<\/li>\r\n<li>Restaurant: 70 ppl (ground floor)<\/li>\r\n<\/ul>\r\n\r\n<h2>Price list<\/h2>\r\n\r\n<h2>Congress<\/h2>\r\n\r\n<table>\r\n  <tr>\r\n    <th>Rent area\/room<\/th>\r\n    <th>1 hr.<\/th>\r\n    <th>More than 4 h.<\/th>\r\n  <\/tr>\r\n  <tr>\r\n    <td>Lounge 1<\/td>\r\n    <td>40,00 \u20ac<\/td>\r\n    <td>160,00 \u20ac<\/td>\r\n  <\/tr>\r\n  <tr>\r\n    <td>Lounge 2<\/td>\r\n    <td>40,00 \u20ac<\/td>\r\n    <td>160,00 \u20ac<\/td>\r\n  <\/tr>\r\n  <tr>\r\n    <td>Small Congress<\/td>\r\n    <td>70,00 \u20ac<\/td>\r\n    <td>350,00 \u20ac<\/td>\r\n  <\/tr>\r\n  <tr>\r\n    <td>Large Congress<\/td>\r\n    <td>160,00 \u20ac<\/td>\r\n    <td>800,00 \u20ac<\/td>\r\n  <\/tr>\r\n  <tr>\r\n    <td>Restaurant<\/td>\r\n    <td>160,00 \u20ac<\/td>\r\n    <td>800,00 \u20ac<\/td>\r\n  <\/tr>\r\n<\/table>\r\n\r\n<p>All prices include VAT. Prices are valid from 1.2. 2024.<\/p>\r\n\r\n<h2>Congress capacity<\/h2>\r\n\r\n<div class=\"row\">\r\n<div class=\"small-12 medium-6 large-4 columns\"><img decoding=\"async\" src=\"\/wp-content\/themes\/JointsWP-CSS-master\/assets\/images\/kongres\/banket.png\" \/><\/div>\r\n<div class=\"small-12 medium-6 large-4 columns\"><img decoding=\"async\" src=\"\/wp-content\/themes\/JointsWP-CSS-master\/assets\/images\/kongres\/kino.png\" \/><\/div>\r\n<div class=\"small-12 medium-6 large-4 columns\"><img decoding=\"async\" src=\"\/wp-content\/themes\/JointsWP-CSS-master\/assets\/images\/kongres\/trieda.png\" \/><\/div>\r\n\r\n<div class=\"small-12 medium-6 large-4 large-offset-2 columns\"><img decoding=\"async\" src=\"\/wp-content\/themes\/JointsWP-CSS-master\/assets\/images\/kongres\/tvar-u-i.png\" \/><\/div>\r\n<div class=\"small-12 medium-6 large-4 medium-offset-3 large-offset-0 columns end\"><img decoding=\"async\" src=\"\/wp-content\/themes\/JointsWP-CSS-master\/assets\/images\/kongres\/konferencia.png\" \/><\/div>\r\n<\/div>\r\n\r\n<h2>Large congress<\/h2>\r\n\r\n<table>\r\n  <tr>\r\n    <th>Banquet<\/th>\r\n    <th>Theater<\/th>\r\n    <th>Class<\/th>\r\n    <th>Shape &#8220;U&#8221; or &#8220;I&#8221;<\/th>\r\n    <th>Conference<\/th>\r\n  <\/tr>\r\n  <tr>\r\n    <td>180<\/td>\r\n    <td>250<\/td>\r\n    <td>150<\/td>\r\n    <td>70<\/td>\r\n    <td>100<\/td>\r\n  <\/tr>\r\n<\/table>\r\n\r\n<p><strong>Total area: 277 m<sup>2<\/sup> (23,5 m x 11 m + bar)<\/strong><\/p>\r\n\r\n<h2>Small Congress<\/h2>\r\n\r\n<table>\r\n  <tr>\r\n    <th>Banquet<\/th>\r\n    <th>Theater<\/th>\r\n    <th>Class<\/th>\r\n    <th>Shape &#8220;U&#8221; or &#8220;I&#8221;<\/th>\r\n    <th>Conference<\/th>\r\n  <\/tr>\r\n  <tr>\r\n    <td>50<\/td>\r\n    <td>90<\/td>\r\n    <td>60<\/td>\r\n    <td>30<\/td>\r\n    <td>35<\/td>\r\n  <\/tr>\r\n<\/table>\r\n<p><strong>Total area: 138 m<sup>2<\/sup><\/strong><\/p>\r\n\r\n<h2>Restaurant<\/h2>\r\n\r\n<table>\r\n  <tr>\r\n    <th>Banquet<\/th>\r\n    <th>Theater<\/th>\r\n    <th>Class<\/th>\r\n    <th>Shape &#8220;U&#8221; or &#8220;I&#8221;<\/th>\r\n    <th>Conference<\/th>\r\n  <\/tr>\r\n  <tr>\r\n    <td>70<\/td>\r\n    <td>&#8211;<\/td>\r\n    <td>&#8211;<\/td>\r\n    <td>90<\/td>\r\n    <td>100<\/td>\r\n  <\/tr>\r\n<\/table>\r\n\r\n<p><strong>Total area: 216 m<sup>2<\/sup><\/strong><\/p>\r\n\r\n<h2>Meeting room<\/h2>\r\n\r\n<table>\r\n  <tr>\r\n    <th>Banquet<\/th>\r\n    <th>Theater<\/th>\r\n    <th>Class<\/th>\r\n    <th>Shape &#8220;U&#8221; or &#8220;I&#8221;<\/th>\r\n    <th>Conference<\/th>\r\n  <\/tr>\r\n  <tr>\r\n    <td>30<\/td>\r\n    <td>60<\/td>\r\n    <td>30<\/td>\r\n    <td>30<\/td>\r\n    <td>35<\/td>\r\n  <\/tr>\r\n<\/table>\r\n\r\n<p><strong>Total area: 56 m<sup>2<\/sup><\/strong><\/p>\r\n\r\n<h2>Breakfast lounge<\/h2>\r\n\r\n<table>\r\n  <tr>\r\n    <th>Banquet<\/th>\r\n    <th>Theater<\/th>\r\n    <th>Class<\/th>\r\n    <th>Shape &#8220;U&#8221; or &#8220;I&#8221;<\/th>\r\n    <th>Conference<\/th>\r\n  <\/tr>\r\n  <tr>\r\n    <td>&#8211;<\/td>\r\n    <td>&#8211;<\/td>\r\n    <td>50<\/td>\r\n    <td>35<\/td>\r\n    <td>&#8211;<\/td>\r\n  <\/tr>\r\n<\/table>\r\n\r\n<p><strong>Total area: 86 m<sup>2<\/sup><\/strong><\/p>\r\n\r\n<h2>Smoking lounge<\/h2>\r\n\r\n<table>\r\n  <tr>\r\n    <th>Banquet<\/th>\r\n    <th>Theater<\/th>\r\n    <th>Class<\/th>\r\n    <th>Shape &#8220;U&#8221; or &#8220;I&#8221;<\/th>\r\n    <th>Conference<\/th>\r\n  <\/tr>\r\n  <tr>\r\n    <td>&#8211;<\/td>\r\n    <td>&#8211;<\/td>\r\n    <td>&#8211;<\/td>\r\n    <td>25<\/td>\r\n    <td>&#8211;<\/td>\r\n  <\/tr>\r\n<\/table>\r\n\r\n<p><strong>Total area: 50 m<sup>2<\/sup><\/strong><\/p>","protected":false},"excerpt":{"rendered":"Services and amenities We offer number of modern conference and meeting rooms with catering service. Upon request we can help with organising the event. Maximum capacity (banqueting, reception) Large congress room: 180 ppl (1st floor) Small congress room: 50 ppl (1st floor) Meeting room: 30 ppl (ground floor) Parlor: 20 ppl (ground floor) Restaurant: 70<a class=\"excerpt-read-more\" href=\"https:\/\/hotelpatriot.sk\/en\/congress\/\" title=\"ReadCongress\">&#8230; Read more &raquo;<\/a>","protected":false},"author":1,"featured_media":0,"parent":0,"menu_order":0,"comment_status":"closed","ping_status":"closed","template":"template-full-width.php","meta":{"_acf_changed":false,"footnotes":""},"class_list":["post-5567","page","type-page","status-publish","hentry"],"acf":[],"yoast_head":"<!-- This site is optimized with the Yoast SEO plugin v27.5 - https:\/\/yoast.com\/product\/yoast-seo-wordpress\/ -->\n<title>Congress - Hotel Patriot*** - Hotel, ubytovanie Vranov nad Top\u013eou<\/title>\n<meta name=\"description\" content=\"Hotel Patriot*** pon\u00faka ubytovanie vysok\u00e9ho \u0161tandardu v 42 izb\u00e1ch a dvoch apartm\u00e1noch v \u0161ir\u0161om centre mesta Vranov nad Top\u013eou. S\u00fa\u010das\u0165ou hotela je re\u0161taur\u00e1cia, kaviare\u0148, bowling bar, kongresov\u00e9 centrum vhodn\u00e9 aj pre usporiadanie svadieb a fitness centrum. Hotel Patriot*** Vranov - hotel, ubytovanie.\" \/>\n<meta name=\"robots\" content=\"index, follow, max-snippet:-1, max-image-preview:large, max-video-preview:-1\" \/>\n<link rel=\"canonical\" href=\"https:\/\/hotelpatriot.sk\/en\/congress\/\" \/>\n<meta property=\"og:locale\" content=\"en_US\" \/>\n<meta property=\"og:type\" content=\"article\" \/>\n<meta property=\"og:title\" content=\"Congress - Hotel Patriot*** - Hotel, ubytovanie Vranov nad Top\u013eou\" \/>\n<meta property=\"og:description\" content=\"Hotel Patriot*** pon\u00faka ubytovanie vysok\u00e9ho \u0161tandardu v 42 izb\u00e1ch a dvoch apartm\u00e1noch v \u0161ir\u0161om centre mesta Vranov nad Top\u013eou. S\u00fa\u010das\u0165ou hotela je re\u0161taur\u00e1cia, kaviare\u0148, bowling bar, kongresov\u00e9 centrum vhodn\u00e9 aj pre usporiadanie svadieb a fitness centrum. Hotel Patriot*** Vranov - hotel, ubytovanie.\" \/>\n<meta property=\"og:url\" content=\"https:\/\/hotelpatriot.sk\/en\/congress\/\" \/>\n<meta property=\"og:site_name\" content=\"Hotel Patriot***\" \/>\n<meta property=\"article:publisher\" content=\"https:\/\/www.facebook.com\/hotel.patriot.vt\/\" \/>\n<meta property=\"article:modified_time\" content=\"2026-01-28T14:51:38+00:00\" \/>\n<meta property=\"og:image\" content=\"https:\/\/hotelpatriot.sk\/wp-content\/uploads\/2026\/04\/logo1200x630.jpg\" \/>\n\t<meta property=\"og:image:width\" content=\"1200\" \/>\n\t<meta property=\"og:image:height\" content=\"630\" \/>\n\t<meta property=\"og:image:type\" content=\"image\/jpeg\" \/>\n<meta name=\"twitter:card\" content=\"summary_large_image\" \/>\n<meta name=\"twitter:site\" content=\"@hotelpatriotvt\" \/>\n<meta name=\"twitter:label1\" content=\"Est. reading time\" \/>\n\t<meta name=\"twitter:data1\" content=\"3 minutes\" \/>\n<script type=\"application\/ld+json\" class=\"yoast-schema-graph\">{\"@context\":\"https:\\\/\\\/schema.org\",\"@graph\":[{\"@type\":\"WebPage\",\"@id\":\"https:\\\/\\\/hotelpatriot.sk\\\/en\\\/congress\\\/\",\"url\":\"https:\\\/\\\/hotelpatriot.sk\\\/en\\\/congress\\\/\",\"name\":\"Congress - Hotel Patriot*** - Hotel, ubytovanie Vranov nad Top\u013eou\",\"isPartOf\":{\"@id\":\"https:\\\/\\\/hotelpatriot.sk\\\/en\\\/#website\"},\"datePublished\":\"2017-09-20T08:48:57+00:00\",\"dateModified\":\"2026-01-28T14:51:38+00:00\",\"description\":\"Hotel Patriot*** pon\u00faka ubytovanie vysok\u00e9ho \u0161tandardu v 42 izb\u00e1ch a dvoch apartm\u00e1noch v \u0161ir\u0161om centre mesta Vranov nad Top\u013eou. S\u00fa\u010das\u0165ou hotela je re\u0161taur\u00e1cia, kaviare\u0148, bowling bar, kongresov\u00e9 centrum vhodn\u00e9 aj pre usporiadanie svadieb a fitness centrum. Hotel Patriot*** Vranov - hotel, ubytovanie.\",\"breadcrumb\":{\"@id\":\"https:\\\/\\\/hotelpatriot.sk\\\/en\\\/congress\\\/#breadcrumb\"},\"inLanguage\":\"en-US\",\"potentialAction\":[{\"@type\":\"ReadAction\",\"target\":[\"https:\\\/\\\/hotelpatriot.sk\\\/en\\\/congress\\\/\"]}]},{\"@type\":\"BreadcrumbList\",\"@id\":\"https:\\\/\\\/hotelpatriot.sk\\\/en\\\/congress\\\/#breadcrumb\",\"itemListElement\":[{\"@type\":\"ListItem\",\"position\":1,\"name\":\"Home\",\"item\":\"https:\\\/\\\/hotelpatriot.sk\\\/en\\\/\"},{\"@type\":\"ListItem\",\"position\":2,\"name\":\"Congress\"}]},{\"@type\":\"WebSite\",\"@id\":\"https:\\\/\\\/hotelpatriot.sk\\\/en\\\/#website\",\"url\":\"https:\\\/\\\/hotelpatriot.sk\\\/en\\\/\",\"name\":\"Hotel Patriot***\",\"description\":\"Hotel, ubytovanie Vranov nad Top\u013eou\",\"publisher\":{\"@id\":\"https:\\\/\\\/hotelpatriot.sk\\\/en\\\/#organization\"},\"potentialAction\":[{\"@type\":\"SearchAction\",\"target\":{\"@type\":\"EntryPoint\",\"urlTemplate\":\"https:\\\/\\\/hotelpatriot.sk\\\/en\\\/?s={search_term_string}\"},\"query-input\":{\"@type\":\"PropertyValueSpecification\",\"valueRequired\":true,\"valueName\":\"search_term_string\"}}],\"inLanguage\":\"en-US\"},{\"@type\":\"Organization\",\"@id\":\"https:\\\/\\\/hotelpatriot.sk\\\/en\\\/#organization\",\"name\":\"Hotel Patriot*** Vranov nad Top\u013eou\",\"alternateName\":\"Hotel Patriot***\",\"url\":\"https:\\\/\\\/hotelpatriot.sk\\\/en\\\/\",\"logo\":{\"@type\":\"ImageObject\",\"inLanguage\":\"en-US\",\"@id\":\"https:\\\/\\\/hotelpatriot.sk\\\/en\\\/#\\\/schema\\\/logo\\\/image\\\/\",\"url\":\"http:\\\/\\\/hotelpatriot.sk\\\/wp-content\\\/uploads\\\/2018\\\/11\\\/hotel-patriot-logo.jpg\",\"contentUrl\":\"http:\\\/\\\/hotelpatriot.sk\\\/wp-content\\\/uploads\\\/2018\\\/11\\\/hotel-patriot-logo.jpg\",\"width\":500,\"height\":500,\"caption\":\"Hotel Patriot*** Vranov nad Top\u013eou\"},\"image\":{\"@id\":\"https:\\\/\\\/hotelpatriot.sk\\\/en\\\/#\\\/schema\\\/logo\\\/image\\\/\"},\"sameAs\":[\"https:\\\/\\\/www.facebook.com\\\/hotel.patriot.vt\\\/\",\"https:\\\/\\\/x.com\\\/hotelpatriotvt\",\"https:\\\/\\\/www.instagram.com\\\/hotelpatriot\"]}]}<\/script>\n<!-- \/ Yoast SEO plugin. -->","yoast_head_json":{"title":"Congress - Hotel Patriot*** - Hotel, ubytovanie Vranov nad Top\u013eou","description":"Hotel Patriot*** pon\u00faka ubytovanie vysok\u00e9ho \u0161tandardu v 42 izb\u00e1ch a dvoch apartm\u00e1noch v \u0161ir\u0161om centre mesta Vranov nad Top\u013eou. S\u00fa\u010das\u0165ou hotela je re\u0161taur\u00e1cia, kaviare\u0148, bowling bar, kongresov\u00e9 centrum vhodn\u00e9 aj pre usporiadanie svadieb a fitness centrum. Hotel Patriot*** Vranov - hotel, ubytovanie.","robots":{"index":"index","follow":"follow","max-snippet":"max-snippet:-1","max-image-preview":"max-image-preview:large","max-video-preview":"max-video-preview:-1"},"canonical":"https:\/\/hotelpatriot.sk\/en\/congress\/","og_locale":"en_US","og_type":"article","og_title":"Congress - Hotel Patriot*** - Hotel, ubytovanie Vranov nad Top\u013eou","og_description":"Hotel Patriot*** pon\u00faka ubytovanie vysok\u00e9ho \u0161tandardu v 42 izb\u00e1ch a dvoch apartm\u00e1noch v \u0161ir\u0161om centre mesta Vranov nad Top\u013eou. S\u00fa\u010das\u0165ou hotela je re\u0161taur\u00e1cia, kaviare\u0148, bowling bar, kongresov\u00e9 centrum vhodn\u00e9 aj pre usporiadanie svadieb a fitness centrum. Hotel Patriot*** Vranov - hotel, ubytovanie.","og_url":"https:\/\/hotelpatriot.sk\/en\/congress\/","og_site_name":"Hotel Patriot***","article_publisher":"https:\/\/www.facebook.com\/hotel.patriot.vt\/","article_modified_time":"2026-01-28T14:51:38+00:00","og_image":[{"width":1200,"height":630,"url":"https:\/\/hotelpatriot.sk\/wp-content\/uploads\/2026\/04\/logo1200x630.jpg","type":"image\/jpeg"}],"twitter_card":"summary_large_image","twitter_site":"@hotelpatriotvt","twitter_misc":{"Est. reading time":"3 minutes"},"schema":{"@context":"https:\/\/schema.org","@graph":[{"@type":"WebPage","@id":"https:\/\/hotelpatriot.sk\/en\/congress\/","url":"https:\/\/hotelpatriot.sk\/en\/congress\/","name":"Congress - Hotel Patriot*** - Hotel, ubytovanie Vranov nad Top\u013eou","isPartOf":{"@id":"https:\/\/hotelpatriot.sk\/en\/#website"},"datePublished":"2017-09-20T08:48:57+00:00","dateModified":"2026-01-28T14:51:38+00:00","description":"Hotel Patriot*** pon\u00faka ubytovanie vysok\u00e9ho \u0161tandardu v 42 izb\u00e1ch a dvoch apartm\u00e1noch v \u0161ir\u0161om centre mesta Vranov nad Top\u013eou. S\u00fa\u010das\u0165ou hotela je re\u0161taur\u00e1cia, kaviare\u0148, bowling bar, kongresov\u00e9 centrum vhodn\u00e9 aj pre usporiadanie svadieb a fitness centrum. Hotel Patriot*** Vranov - hotel, ubytovanie.","breadcrumb":{"@id":"https:\/\/hotelpatriot.sk\/en\/congress\/#breadcrumb"},"inLanguage":"en-US","potentialAction":[{"@type":"ReadAction","target":["https:\/\/hotelpatriot.sk\/en\/congress\/"]}]},{"@type":"BreadcrumbList","@id":"https:\/\/hotelpatriot.sk\/en\/congress\/#breadcrumb","itemListElement":[{"@type":"ListItem","position":1,"name":"Home","item":"https:\/\/hotelpatriot.sk\/en\/"},{"@type":"ListItem","position":2,"name":"Congress"}]},{"@type":"WebSite","@id":"https:\/\/hotelpatriot.sk\/en\/#website","url":"https:\/\/hotelpatriot.sk\/en\/","name":"Hotel Patriot***","description":"Hotel, ubytovanie Vranov nad Top\u013eou","publisher":{"@id":"https:\/\/hotelpatriot.sk\/en\/#organization"},"potentialAction":[{"@type":"SearchAction","target":{"@type":"EntryPoint","urlTemplate":"https:\/\/hotelpatriot.sk\/en\/?s={search_term_string}"},"query-input":{"@type":"PropertyValueSpecification","valueRequired":true,"valueName":"search_term_string"}}],"inLanguage":"en-US"},{"@type":"Organization","@id":"https:\/\/hotelpatriot.sk\/en\/#organization","name":"Hotel Patriot*** Vranov nad Top\u013eou","alternateName":"Hotel Patriot***","url":"https:\/\/hotelpatriot.sk\/en\/","logo":{"@type":"ImageObject","inLanguage":"en-US","@id":"https:\/\/hotelpatriot.sk\/en\/#\/schema\/logo\/image\/","url":"http:\/\/hotelpatriot.sk\/wp-content\/uploads\/2018\/11\/hotel-patriot-logo.jpg","contentUrl":"http:\/\/hotelpatriot.sk\/wp-content\/uploads\/2018\/11\/hotel-patriot-logo.jpg","width":500,"height":500,"caption":"Hotel Patriot*** Vranov nad Top\u013eou"},"image":{"@id":"https:\/\/hotelpatriot.sk\/en\/#\/schema\/logo\/image\/"},"sameAs":["https:\/\/www.facebook.com\/hotel.patriot.vt\/","https:\/\/x.com\/hotelpatriotvt","https:\/\/www.instagram.com\/hotelpatriot"]}]}},"_links":{"self":[{"href":"https:\/\/hotelpatriot.sk\/en\/wp-json\/wp\/v2\/pages\/5567","targetHints":{"allow":["GET"]}}],"collection":[{"href":"https:\/\/hotelpatriot.sk\/en\/wp-json\/wp\/v2\/pages"}],"about":[{"href":"https:\/\/hotelpatriot.sk\/en\/wp-json\/wp\/v2\/types\/page"}],"author":[{"embeddable":true,"href":"https:\/\/hotelpatriot.sk\/en\/wp-json\/wp\/v2\/users\/1"}],"replies":[{"embeddable":true,"href":"https:\/\/hotelpatriot.sk\/en\/wp-json\/wp\/v2\/comments?post=5567"}],"version-history":[{"count":22,"href":"https:\/\/hotelpatriot.sk\/en\/wp-json\/wp\/v2\/pages\/5567\/revisions"}],"predecessor-version":[{"id":20541,"href":"https:\/\/hotelpatriot.sk\/en\/wp-json\/wp\/v2\/pages\/5567\/revisions\/20541"}],"wp:attachment":[{"href":"https:\/\/hotelpatriot.sk\/en\/wp-json\/wp\/v2\/media?parent=5567"}],"curies":[{"name":"wp","href":"https:\/\/api.w.org\/{rel}","templated":true}]}}