{"id":5306,"date":"2017-09-18T09:57:51","date_gmt":"2017-09-18T07:57:51","guid":{"rendered":"http:\/\/hotelpatriot.sk\/?page_id=5306\/"},"modified":"2018-07-25T11:34:50","modified_gmt":"2018-07-25T09:34:50","slug":"satisfaction-questionnaire","status":"publish","type":"page","link":"https:\/\/hotelpatriot.sk\/en\/satisfaction-questionnaire\/","title":{"rendered":"Satisfaction questionnaire"},"content":{"rendered":"<h2>We are interested in your opinion!<\/h2>\r\n \r\n<p>Dear guests,<br \/>\r\nThank you for choosing Hotel Patriot***. We hope you have felt comfortable and satisfied with us. Please, fill in the short forms as your suggestions and coments are very important for us. Help us become better hosts and make your future moments spent at our hotel more pleasant and extraordinery.<\/p>\r\n\r\n<div class=\"dotaznik-wrapper\">\r\n\n<div class=\"wpcf7 no-js\" id=\"wpcf7-f5655-o1\" lang=\"sk-SK\" dir=\"ltr\" data-wpcf7-id=\"5655\">\n<div class=\"screen-reader-response\"><p role=\"status\" aria-live=\"polite\" aria-atomic=\"true\"><\/p> <ul><\/ul><\/div>\n<form action=\"\/en\/wp-json\/wp\/v2\/pages\/5306#wpcf7-f5655-o1\" method=\"post\" class=\"wpcf7-form init\" aria-label=\"Kontaktn\u00fd formul\u00e1r\" novalidate=\"novalidate\" data-status=\"init\">\n<fieldset class=\"hidden-fields-container\"><input type=\"hidden\" name=\"_wpcf7\" value=\"5655\" \/><input type=\"hidden\" name=\"_wpcf7_version\" value=\"6.1.5\" \/><input type=\"hidden\" name=\"_wpcf7_locale\" value=\"sk_SK\" \/><input type=\"hidden\" name=\"_wpcf7_unit_tag\" value=\"wpcf7-f5655-o1\" \/><input type=\"hidden\" name=\"_wpcf7_container_post\" value=\"0\" \/><input type=\"hidden\" name=\"_wpcf7_posted_data_hash\" value=\"\" \/><input type=\"hidden\" name=\"_wpcf7_recaptcha_response\" value=\"\" \/>\n<\/fieldset>\n<div class=\"row\">\n\t<div class=\"small-12 columns\">\n\t\t<p>(++ is the best, -- is the worst)\n\t\t<\/p>\n\t<\/div>\n\t<div class=\"small-12 medium-6 columns\">\n\t\t<p><strong>Reception and registration<\/strong><br \/>\n<span class=\"wpcf7-form-control-wrap\" data-name=\"dotaz-1\"><span class=\"wpcf7-form-control wpcf7-radio\"><span class=\"wpcf7-list-item first\"><input type=\"radio\" name=\"dotaz-1\" value=\"++\" \/><span class=\"wpcf7-list-item-label\">++<\/span><\/span><span class=\"wpcf7-list-item\"><input type=\"radio\" name=\"dotaz-1\" value=\"+\" \/><span class=\"wpcf7-list-item-label\">+<\/span><\/span><span class=\"wpcf7-list-item\"><input type=\"radio\" name=\"dotaz-1\" value=\"-\" \/><span class=\"wpcf7-list-item-label\">-<\/span><\/span><span class=\"wpcf7-list-item last\"><input type=\"radio\" name=\"dotaz-1\" value=\"--\" \/><span class=\"wpcf7-list-item-label\">--<\/span><\/span><\/span><\/span><br \/>\n<strong>The staff<\/strong><br \/>\n<span class=\"wpcf7-form-control-wrap\" data-name=\"dotaz-2\"><span class=\"wpcf7-form-control wpcf7-radio\"><span class=\"wpcf7-list-item first\"><input type=\"radio\" name=\"dotaz-2\" value=\"++\" \/><span class=\"wpcf7-list-item-label\">++<\/span><\/span><span class=\"wpcf7-list-item\"><input type=\"radio\" name=\"dotaz-2\" value=\"+\" \/><span class=\"wpcf7-list-item-label\">+<\/span><\/span><span class=\"wpcf7-list-item\"><input type=\"radio\" name=\"dotaz-2\" value=\"-\" \/><span class=\"wpcf7-list-item-label\">-<\/span><\/span><span class=\"wpcf7-list-item last\"><input type=\"radio\" name=\"dotaz-2\" value=\"--\" \/><span class=\"wpcf7-list-item-label\">--<\/span><\/span><\/span><\/span><br \/>\n<strong>Accommodation and quality of rooms<\/strong><br \/>\n<span class=\"wpcf7-form-control-wrap\" data-name=\"dotaz-3\"><span class=\"wpcf7-form-control wpcf7-radio\"><span class=\"wpcf7-list-item first\"><input type=\"radio\" name=\"dotaz-3\" value=\"++\" \/><span class=\"wpcf7-list-item-label\">++<\/span><\/span><span class=\"wpcf7-list-item\"><input type=\"radio\" name=\"dotaz-3\" value=\"+\" \/><span class=\"wpcf7-list-item-label\">+<\/span><\/span><span class=\"wpcf7-list-item\"><input type=\"radio\" name=\"dotaz-3\" value=\"-\" \/><span class=\"wpcf7-list-item-label\">-<\/span><\/span><span class=\"wpcf7-list-item last\"><input type=\"radio\" name=\"dotaz-3\" value=\"--\" \/><span class=\"wpcf7-list-item-label\">--<\/span><\/span><\/span><\/span><br \/>\n<strong>Services and amenities<\/strong><br \/>\n<span class=\"wpcf7-form-control-wrap\" data-name=\"dotaz-4\"><span class=\"wpcf7-form-control wpcf7-radio\"><span class=\"wpcf7-list-item first\"><input type=\"radio\" name=\"dotaz-4\" value=\"++\" \/><span class=\"wpcf7-list-item-label\">++<\/span><\/span><span class=\"wpcf7-list-item\"><input type=\"radio\" name=\"dotaz-4\" value=\"+\" \/><span class=\"wpcf7-list-item-label\">+<\/span><\/span><span class=\"wpcf7-list-item\"><input type=\"radio\" name=\"dotaz-4\" value=\"-\" \/><span class=\"wpcf7-list-item-label\">-<\/span><\/span><span class=\"wpcf7-list-item last\"><input type=\"radio\" name=\"dotaz-4\" value=\"--\" \/><span class=\"wpcf7-list-item-label\">--<\/span><\/span><\/span><\/span>\n\t\t<\/p>\n\t<\/div>\n\t<div class=\"small-12 medium-6 columns end\">\n\t\t<p><strong>Restaurant and food<\/strong><br \/>\n<span class=\"wpcf7-form-control-wrap\" data-name=\"dotaz-5\"><span class=\"wpcf7-form-control wpcf7-radio\"><span class=\"wpcf7-list-item first\"><input type=\"radio\" name=\"dotaz-5\" value=\"++\" \/><span class=\"wpcf7-list-item-label\">++<\/span><\/span><span class=\"wpcf7-list-item\"><input type=\"radio\" name=\"dotaz-5\" value=\"+\" \/><span class=\"wpcf7-list-item-label\">+<\/span><\/span><span class=\"wpcf7-list-item\"><input type=\"radio\" name=\"dotaz-5\" value=\"-\" \/><span class=\"wpcf7-list-item-label\">-<\/span><\/span><span class=\"wpcf7-list-item last\"><input type=\"radio\" name=\"dotaz-5\" value=\"--\" \/><span class=\"wpcf7-list-item-label\">--<\/span><\/span><\/span><\/span><br \/>\n<strong>Fitness center and gym<\/strong><br \/>\n<span class=\"wpcf7-form-control-wrap\" data-name=\"dotaz-6\"><span class=\"wpcf7-form-control wpcf7-radio\"><span class=\"wpcf7-list-item first\"><input type=\"radio\" name=\"dotaz-6\" value=\"++\" \/><span class=\"wpcf7-list-item-label\">++<\/span><\/span><span class=\"wpcf7-list-item\"><input type=\"radio\" name=\"dotaz-6\" value=\"+\" \/><span class=\"wpcf7-list-item-label\">+<\/span><\/span><span class=\"wpcf7-list-item\"><input type=\"radio\" name=\"dotaz-6\" value=\"-\" \/><span class=\"wpcf7-list-item-label\">-<\/span><\/span><span class=\"wpcf7-list-item last\"><input type=\"radio\" name=\"dotaz-6\" value=\"--\" \/><span class=\"wpcf7-list-item-label\">--<\/span><\/span><\/span><\/span><br \/>\n<strong>Bowling<\/strong><br \/>\n<span class=\"wpcf7-form-control-wrap\" data-name=\"dotaz-7\"><span class=\"wpcf7-form-control wpcf7-radio\"><span class=\"wpcf7-list-item first\"><input type=\"radio\" name=\"dotaz-7\" value=\"++\" \/><span class=\"wpcf7-list-item-label\">++<\/span><\/span><span class=\"wpcf7-list-item\"><input type=\"radio\" name=\"dotaz-7\" value=\"+\" \/><span class=\"wpcf7-list-item-label\">+<\/span><\/span><span class=\"wpcf7-list-item\"><input type=\"radio\" name=\"dotaz-7\" value=\"-\" \/><span class=\"wpcf7-list-item-label\">-<\/span><\/span><span class=\"wpcf7-list-item last\"><input type=\"radio\" name=\"dotaz-7\" value=\"--\" \/><span class=\"wpcf7-list-item-label\">--<\/span><\/span><\/span><\/span><br \/>\n<strong>Congress<\/strong><br \/>\n<span class=\"wpcf7-form-control-wrap\" data-name=\"dotaz-8\"><span class=\"wpcf7-form-control wpcf7-radio\"><span class=\"wpcf7-list-item first\"><input type=\"radio\" name=\"dotaz-8\" value=\"++\" \/><span class=\"wpcf7-list-item-label\">++<\/span><\/span><span class=\"wpcf7-list-item\"><input type=\"radio\" name=\"dotaz-8\" value=\"+\" \/><span class=\"wpcf7-list-item-label\">+<\/span><\/span><span class=\"wpcf7-list-item\"><input type=\"radio\" name=\"dotaz-8\" value=\"-\" \/><span class=\"wpcf7-list-item-label\">-<\/span><\/span><span class=\"wpcf7-list-item last\"><input type=\"radio\" name=\"dotaz-8\" value=\"--\" \/><span class=\"wpcf7-list-item-label\">--<\/span><\/span><\/span><\/span>\n\t\t<\/p>\n\t<\/div>\n\t<div class=\"small-12 medium-6 columns\">\n\t\t<p><strong>Would you recommend Hotel Patriot***?<\/strong><br \/>\n<span class=\"wpcf7-form-control-wrap\" data-name=\"dotaz-9\"><span class=\"wpcf7-form-control wpcf7-radio\"><span class=\"wpcf7-list-item first\"><input type=\"radio\" name=\"dotaz-9\" value=\"\u00c1no\" \/><span class=\"wpcf7-list-item-label\">\u00c1no<\/span><\/span><span class=\"wpcf7-list-item last\"><input type=\"radio\" name=\"dotaz-9\" value=\"Nie\" \/><span class=\"wpcf7-list-item-label\">Nie<\/span><\/span><\/span><\/span>\n\t\t<\/p>\n\t<\/div>\n\t<div class=\"small-12 medium-6 columns end\">\n\t\t<p><strong>Will you come again?<\/strong><br \/>\n<span class=\"wpcf7-form-control-wrap\" data-name=\"dotaz-10\"><span class=\"wpcf7-form-control wpcf7-radio\"><span class=\"wpcf7-list-item first\"><input type=\"radio\" name=\"dotaz-10\" value=\"\u00c1no\" \/><span class=\"wpcf7-list-item-label\">\u00c1no<\/span><\/span><span class=\"wpcf7-list-item last\"><input type=\"radio\" name=\"dotaz-10\" value=\"Nie\" \/><span class=\"wpcf7-list-item-label\">Nie<\/span><\/span><\/span><\/span>\n\t\t<\/p>\n\t<\/div>\n\t<div class=\"small-12 medium-6 columns\">\n\t\t<p><strong>What you missed at Hotel Patriot***?<\/strong><br \/>\n<span class=\"wpcf7-form-control-wrap\" data-name=\"text-1\"><textarea cols=\"40\" rows=\"10\" maxlength=\"2000\" class=\"wpcf7-form-control wpcf7-textarea\" aria-invalid=\"false\" name=\"text-1\"><\/textarea><\/span>\n\t\t<\/p>\n\t<\/div>\n\t<div class=\"small-12 medium-6 columns\">\n\t\t<p><strong>How could we improve?<\/strong><br \/>\n<span class=\"wpcf7-form-control-wrap\" data-name=\"text-2\"><textarea cols=\"40\" rows=\"10\" maxlength=\"2000\" class=\"wpcf7-form-control wpcf7-textarea\" aria-invalid=\"false\" name=\"text-2\"><\/textarea><\/span>\n\t\t<\/p>\n\t<\/div>\n\t<div class=\"small-12 columns\">\n\t\t<p><input class=\"wpcf7-form-control wpcf7-submit has-spinner\" type=\"submit\" value=\"Submit\" \/>\n\t\t<\/p>\n\t<\/div>\n<\/div><div class=\"wpcf7-response-output\" aria-hidden=\"true\"><\/div>\n<\/form>\n<\/div>\n\r\n<\/div>","protected":false},"excerpt":{"rendered":"We are interested in your opinion! Dear guests, Thank you for choosing Hotel Patriot***. We hope you have felt comfortable and satisfied with us. Please, fill in the short forms as your suggestions and coments are very important for us. Help us become better hosts and make your future moments spent at our hotel more<a class=\"excerpt-read-more\" href=\"https:\/\/hotelpatriot.sk\/en\/satisfaction-questionnaire\/\" title=\"ReadSatisfaction questionnaire\">&#8230; Read more &raquo;<\/a>","protected":false},"author":1,"featured_media":0,"parent":0,"menu_order":0,"comment_status":"closed","ping_status":"closed","template":"template-full-width.php","meta":{"_acf_changed":false,"footnotes":""},"class_list":["post-5306","page","type-page","status-publish","hentry"],"acf":[],"yoast_head":"<!-- This site is optimized with the Yoast SEO plugin v27.5 - https:\/\/yoast.com\/product\/yoast-seo-wordpress\/ -->\n<title>Satisfaction questionnaire - Hotel Patriot*** - Hotel, ubytovanie Vranov nad Top\u013eou<\/title>\n<meta name=\"description\" content=\"Hotel Patriot*** pon\u00faka ubytovanie vysok\u00e9ho \u0161tandardu v 42 izb\u00e1ch a dvoch apartm\u00e1noch v \u0161ir\u0161om centre mesta Vranov nad Top\u013eou. S\u00fa\u010das\u0165ou hotela je re\u0161taur\u00e1cia, kaviare\u0148, bowling bar, kongresov\u00e9 centrum vhodn\u00e9 aj pre usporiadanie svadieb a fitness centrum. Hotel Patriot*** Vranov - hotel, ubytovanie.\" \/>\n<meta name=\"robots\" content=\"index, follow, max-snippet:-1, max-image-preview:large, max-video-preview:-1\" \/>\n<link rel=\"canonical\" href=\"https:\/\/hotelpatriot.sk\/en\/satisfaction-questionnaire\/\" \/>\n<meta property=\"og:locale\" content=\"en_US\" \/>\n<meta property=\"og:type\" content=\"article\" \/>\n<meta property=\"og:title\" content=\"Satisfaction questionnaire - Hotel Patriot*** - Hotel, ubytovanie Vranov nad Top\u013eou\" \/>\n<meta property=\"og:description\" content=\"Hotel Patriot*** pon\u00faka ubytovanie vysok\u00e9ho \u0161tandardu v 42 izb\u00e1ch a dvoch apartm\u00e1noch v \u0161ir\u0161om centre mesta Vranov nad Top\u013eou. S\u00fa\u010das\u0165ou hotela je re\u0161taur\u00e1cia, kaviare\u0148, bowling bar, kongresov\u00e9 centrum vhodn\u00e9 aj pre usporiadanie svadieb a fitness centrum. Hotel Patriot*** Vranov - hotel, ubytovanie.\" \/>\n<meta property=\"og:url\" content=\"https:\/\/hotelpatriot.sk\/en\/satisfaction-questionnaire\/\" \/>\n<meta property=\"og:site_name\" content=\"Hotel Patriot***\" \/>\n<meta property=\"article:publisher\" content=\"https:\/\/www.facebook.com\/hotel.patriot.vt\/\" \/>\n<meta property=\"article:modified_time\" content=\"2018-07-25T09:34:50+00:00\" \/>\n<meta property=\"og:image\" content=\"https:\/\/hotelpatriot.sk\/wp-content\/uploads\/2026\/04\/logo1200x630.jpg\" \/>\n\t<meta property=\"og:image:width\" content=\"1200\" \/>\n\t<meta property=\"og:image:height\" content=\"630\" \/>\n\t<meta property=\"og:image:type\" content=\"image\/jpeg\" \/>\n<meta name=\"twitter:card\" content=\"summary_large_image\" \/>\n<meta name=\"twitter:site\" content=\"@hotelpatriotvt\" \/>\n<script type=\"application\/ld+json\" class=\"yoast-schema-graph\">{\"@context\":\"https:\\\/\\\/schema.org\",\"@graph\":[{\"@type\":\"WebPage\",\"@id\":\"https:\\\/\\\/hotelpatriot.sk\\\/en\\\/satisfaction-questionnaire\\\/\",\"url\":\"https:\\\/\\\/hotelpatriot.sk\\\/en\\\/satisfaction-questionnaire\\\/\",\"name\":\"Satisfaction questionnaire - Hotel Patriot*** - Hotel, ubytovanie Vranov nad Top\u013eou\",\"isPartOf\":{\"@id\":\"https:\\\/\\\/hotelpatriot.sk\\\/en\\\/#website\"},\"datePublished\":\"2017-09-18T07:57:51+00:00\",\"dateModified\":\"2018-07-25T09:34:50+00:00\",\"description\":\"Hotel Patriot*** pon\u00faka ubytovanie vysok\u00e9ho \u0161tandardu v 42 izb\u00e1ch a dvoch apartm\u00e1noch v \u0161ir\u0161om centre mesta Vranov nad Top\u013eou. S\u00fa\u010das\u0165ou hotela je re\u0161taur\u00e1cia, kaviare\u0148, bowling bar, kongresov\u00e9 centrum vhodn\u00e9 aj pre usporiadanie svadieb a fitness centrum. Hotel Patriot*** Vranov - hotel, ubytovanie.\",\"breadcrumb\":{\"@id\":\"https:\\\/\\\/hotelpatriot.sk\\\/en\\\/satisfaction-questionnaire\\\/#breadcrumb\"},\"inLanguage\":\"en-US\",\"potentialAction\":[{\"@type\":\"ReadAction\",\"target\":[\"https:\\\/\\\/hotelpatriot.sk\\\/en\\\/satisfaction-questionnaire\\\/\"]}]},{\"@type\":\"BreadcrumbList\",\"@id\":\"https:\\\/\\\/hotelpatriot.sk\\\/en\\\/satisfaction-questionnaire\\\/#breadcrumb\",\"itemListElement\":[{\"@type\":\"ListItem\",\"position\":1,\"name\":\"Home\",\"item\":\"https:\\\/\\\/hotelpatriot.sk\\\/en\\\/\"},{\"@type\":\"ListItem\",\"position\":2,\"name\":\"Satisfaction questionnaire\"}]},{\"@type\":\"WebSite\",\"@id\":\"https:\\\/\\\/hotelpatriot.sk\\\/en\\\/#website\",\"url\":\"https:\\\/\\\/hotelpatriot.sk\\\/en\\\/\",\"name\":\"Hotel Patriot***\",\"description\":\"Hotel, ubytovanie Vranov nad Top\u013eou\",\"publisher\":{\"@id\":\"https:\\\/\\\/hotelpatriot.sk\\\/en\\\/#organization\"},\"potentialAction\":[{\"@type\":\"SearchAction\",\"target\":{\"@type\":\"EntryPoint\",\"urlTemplate\":\"https:\\\/\\\/hotelpatriot.sk\\\/en\\\/?s={search_term_string}\"},\"query-input\":{\"@type\":\"PropertyValueSpecification\",\"valueRequired\":true,\"valueName\":\"search_term_string\"}}],\"inLanguage\":\"en-US\"},{\"@type\":\"Organization\",\"@id\":\"https:\\\/\\\/hotelpatriot.sk\\\/en\\\/#organization\",\"name\":\"Hotel Patriot*** Vranov nad Top\u013eou\",\"alternateName\":\"Hotel Patriot***\",\"url\":\"https:\\\/\\\/hotelpatriot.sk\\\/en\\\/\",\"logo\":{\"@type\":\"ImageObject\",\"inLanguage\":\"en-US\",\"@id\":\"https:\\\/\\\/hotelpatriot.sk\\\/en\\\/#\\\/schema\\\/logo\\\/image\\\/\",\"url\":\"http:\\\/\\\/hotelpatriot.sk\\\/wp-content\\\/uploads\\\/2018\\\/11\\\/hotel-patriot-logo.jpg\",\"contentUrl\":\"http:\\\/\\\/hotelpatriot.sk\\\/wp-content\\\/uploads\\\/2018\\\/11\\\/hotel-patriot-logo.jpg\",\"width\":500,\"height\":500,\"caption\":\"Hotel Patriot*** Vranov nad Top\u013eou\"},\"image\":{\"@id\":\"https:\\\/\\\/hotelpatriot.sk\\\/en\\\/#\\\/schema\\\/logo\\\/image\\\/\"},\"sameAs\":[\"https:\\\/\\\/www.facebook.com\\\/hotel.patriot.vt\\\/\",\"https:\\\/\\\/x.com\\\/hotelpatriotvt\",\"https:\\\/\\\/www.instagram.com\\\/hotelpatriot\"]}]}<\/script>\n<!-- \/ Yoast SEO plugin. -->","yoast_head_json":{"title":"Satisfaction questionnaire - Hotel Patriot*** - Hotel, ubytovanie Vranov nad Top\u013eou","description":"Hotel Patriot*** pon\u00faka ubytovanie vysok\u00e9ho \u0161tandardu v 42 izb\u00e1ch a dvoch apartm\u00e1noch v \u0161ir\u0161om centre mesta Vranov nad Top\u013eou. S\u00fa\u010das\u0165ou hotela je re\u0161taur\u00e1cia, kaviare\u0148, bowling bar, kongresov\u00e9 centrum vhodn\u00e9 aj pre usporiadanie svadieb a fitness centrum. Hotel Patriot*** Vranov - hotel, ubytovanie.","robots":{"index":"index","follow":"follow","max-snippet":"max-snippet:-1","max-image-preview":"max-image-preview:large","max-video-preview":"max-video-preview:-1"},"canonical":"https:\/\/hotelpatriot.sk\/en\/satisfaction-questionnaire\/","og_locale":"en_US","og_type":"article","og_title":"Satisfaction questionnaire - Hotel Patriot*** - Hotel, ubytovanie Vranov nad Top\u013eou","og_description":"Hotel Patriot*** pon\u00faka ubytovanie vysok\u00e9ho \u0161tandardu v 42 izb\u00e1ch a dvoch apartm\u00e1noch v \u0161ir\u0161om centre mesta Vranov nad Top\u013eou. S\u00fa\u010das\u0165ou hotela je re\u0161taur\u00e1cia, kaviare\u0148, bowling bar, kongresov\u00e9 centrum vhodn\u00e9 aj pre usporiadanie svadieb a fitness centrum. Hotel Patriot*** Vranov - hotel, ubytovanie.","og_url":"https:\/\/hotelpatriot.sk\/en\/satisfaction-questionnaire\/","og_site_name":"Hotel Patriot***","article_publisher":"https:\/\/www.facebook.com\/hotel.patriot.vt\/","article_modified_time":"2018-07-25T09:34:50+00:00","og_image":[{"width":1200,"height":630,"url":"https:\/\/hotelpatriot.sk\/wp-content\/uploads\/2026\/04\/logo1200x630.jpg","type":"image\/jpeg"}],"twitter_card":"summary_large_image","twitter_site":"@hotelpatriotvt","schema":{"@context":"https:\/\/schema.org","@graph":[{"@type":"WebPage","@id":"https:\/\/hotelpatriot.sk\/en\/satisfaction-questionnaire\/","url":"https:\/\/hotelpatriot.sk\/en\/satisfaction-questionnaire\/","name":"Satisfaction questionnaire - Hotel Patriot*** - Hotel, ubytovanie Vranov nad Top\u013eou","isPartOf":{"@id":"https:\/\/hotelpatriot.sk\/en\/#website"},"datePublished":"2017-09-18T07:57:51+00:00","dateModified":"2018-07-25T09:34:50+00:00","description":"Hotel Patriot*** pon\u00faka ubytovanie vysok\u00e9ho \u0161tandardu v 42 izb\u00e1ch a dvoch apartm\u00e1noch v \u0161ir\u0161om centre mesta Vranov nad Top\u013eou. S\u00fa\u010das\u0165ou hotela je re\u0161taur\u00e1cia, kaviare\u0148, bowling bar, kongresov\u00e9 centrum vhodn\u00e9 aj pre usporiadanie svadieb a fitness centrum. Hotel Patriot*** Vranov - hotel, ubytovanie.","breadcrumb":{"@id":"https:\/\/hotelpatriot.sk\/en\/satisfaction-questionnaire\/#breadcrumb"},"inLanguage":"en-US","potentialAction":[{"@type":"ReadAction","target":["https:\/\/hotelpatriot.sk\/en\/satisfaction-questionnaire\/"]}]},{"@type":"BreadcrumbList","@id":"https:\/\/hotelpatriot.sk\/en\/satisfaction-questionnaire\/#breadcrumb","itemListElement":[{"@type":"ListItem","position":1,"name":"Home","item":"https:\/\/hotelpatriot.sk\/en\/"},{"@type":"ListItem","position":2,"name":"Satisfaction questionnaire"}]},{"@type":"WebSite","@id":"https:\/\/hotelpatriot.sk\/en\/#website","url":"https:\/\/hotelpatriot.sk\/en\/","name":"Hotel Patriot***","description":"Hotel, ubytovanie Vranov nad Top\u013eou","publisher":{"@id":"https:\/\/hotelpatriot.sk\/en\/#organization"},"potentialAction":[{"@type":"SearchAction","target":{"@type":"EntryPoint","urlTemplate":"https:\/\/hotelpatriot.sk\/en\/?s={search_term_string}"},"query-input":{"@type":"PropertyValueSpecification","valueRequired":true,"valueName":"search_term_string"}}],"inLanguage":"en-US"},{"@type":"Organization","@id":"https:\/\/hotelpatriot.sk\/en\/#organization","name":"Hotel Patriot*** Vranov nad Top\u013eou","alternateName":"Hotel Patriot***","url":"https:\/\/hotelpatriot.sk\/en\/","logo":{"@type":"ImageObject","inLanguage":"en-US","@id":"https:\/\/hotelpatriot.sk\/en\/#\/schema\/logo\/image\/","url":"http:\/\/hotelpatriot.sk\/wp-content\/uploads\/2018\/11\/hotel-patriot-logo.jpg","contentUrl":"http:\/\/hotelpatriot.sk\/wp-content\/uploads\/2018\/11\/hotel-patriot-logo.jpg","width":500,"height":500,"caption":"Hotel Patriot*** Vranov nad Top\u013eou"},"image":{"@id":"https:\/\/hotelpatriot.sk\/en\/#\/schema\/logo\/image\/"},"sameAs":["https:\/\/www.facebook.com\/hotel.patriot.vt\/","https:\/\/x.com\/hotelpatriotvt","https:\/\/www.instagram.com\/hotelpatriot"]}]}},"_links":{"self":[{"href":"https:\/\/hotelpatriot.sk\/en\/wp-json\/wp\/v2\/pages\/5306","targetHints":{"allow":["GET"]}}],"collection":[{"href":"https:\/\/hotelpatriot.sk\/en\/wp-json\/wp\/v2\/pages"}],"about":[{"href":"https:\/\/hotelpatriot.sk\/en\/wp-json\/wp\/v2\/types\/page"}],"author":[{"embeddable":true,"href":"https:\/\/hotelpatriot.sk\/en\/wp-json\/wp\/v2\/users\/1"}],"replies":[{"embeddable":true,"href":"https:\/\/hotelpatriot.sk\/en\/wp-json\/wp\/v2\/comments?post=5306"}],"version-history":[{"count":3,"href":"https:\/\/hotelpatriot.sk\/en\/wp-json\/wp\/v2\/pages\/5306\/revisions"}],"predecessor-version":[{"id":5900,"href":"https:\/\/hotelpatriot.sk\/en\/wp-json\/wp\/v2\/pages\/5306\/revisions\/5900"}],"wp:attachment":[{"href":"https:\/\/hotelpatriot.sk\/en\/wp-json\/wp\/v2\/media?parent=5306"}],"curies":[{"name":"wp","href":"https:\/\/api.w.org\/{rel}","templated":true}]}}