{"id":5617,"date":"2017-09-21T11:30:21","date_gmt":"2017-09-21T09:30:21","guid":{"rendered":"http:\/\/hotelpatriot.sk\/?page_id=5617\/"},"modified":"2025-03-04T09:55:56","modified_gmt":"2025-03-04T08:55:56","slug":"restaurant","status":"publish","type":"page","link":"https:\/\/hotelpatriot.sk\/de\/restaurant\/","title":{"rendered":"Restaurant"},"content":{"rendered":"<div class=\"menu-centered my-page-submenu-uni text-center\">\r\n<ul class=\"vertical large-horizontal menu\">\r\n<li><a href=\"https:\/\/hotelpatriot.sk\/de\/denne-menu\/\">Tagesmen\u00fc<\/a><\/li>\r\n<li><a href=\"https:\/\/hotelpatriot.sk\/en\/specialne-ponuky\/stala-denna-ponuka\/\">Dauerangebot<\/a><\/li>\r\n<!--<li><a href=\"https:\/\/hotelpatriot.sk\/de\/specialne-ponuky\/fitness-menu\/\">Fitness-Men\u00fc<\/a><\/li>-->\r\n<li><a href=\"\/wp-content\/themes\/JointsWP-CSS-master\/assets\/pdf\/a-la-carte.pdf\">\u00c0 la carte<\/a><\/li>\r\n<li><a href=\"\/wp-content\/themes\/JointsWP-CSS-master\/assets\/pdf\/vinna-karta.pdf\">Weinkarte<\/a><\/li>\r\n<li><a href=\"\/wp-content\/themes\/JointsWP-CSS-master\/assets\/pdf\/ranajkove-menu.pdf\">Fr\u00fchst\u00fccksmen\u00fc<\/a><\/li>\r\n<li><a href=\"https:\/\/hotelpatriot.sk\/de\/alergeny\/\">Allergene<\/a><\/li>\r\n<\/ul>\r\n<\/div>\r\n\r\n<p><strong>Bestellungen: 0908 466 006<\/strong><\/p>\r\n\r\n<!--<div style=\"border: 3px solid #f5821f; padding: 0rem 2rem 2rem 1rem; margin-bottom: 1.5rem;\">\r\n<h2> Notice <\/h2>\r\n<\/div>-->\r\n\r\n<!--\r\n<div style=\"border: 3px solid #f5821f;padding: 0rem 2rem 2rem 1rem;margin: 2rem 0 5rem 0;\">\r\n<h2>Tempor\u00e4re \u00d6ffnungszeiten<\/h2>\r\n<p>Montag bis Freitag von 11:00 bis 18:00<\/p>\r\n<p>Lieferung der Lebensmittel: 0908 466 006<\/p>\r\n<p>Caf\u00e9: Montag bis Freitag von 07:00 bis 18:00<\/p>\r\n<\/div>-->\r\n\r\n<p>Delikatessen des Chefkochs stellen wir Ihnen im Restaurant, Caf\u00e9 oder im Fr\u00fchst\u00fccksempfangraum gerne vor.<\/p>\r\n\r\n<p>F\u00fcr Bussinnes-Kunden bereiteten wir eine breite Skala der Kongress-, Cateringm\u00f6glichkeiten vor, und die Hochzeitsgesellschaft wird unser Angebot vom Festmen\u00fc sch\u00e4tzen. Wir verga\u00dfen das Saisonangebot an Spezialit\u00e4ten nicht, die Sie mit einem Glas delizi\u00f6sem Wein in der Gesellschaft von Ihren N\u00e4chsten auskosten k\u00f6nnen.<\/p>\r\n\r\n<h2>\u00d6ffnungszeiten (Restaurant und Caf\u00e9)<\/h2>\r\n<p>Montag &#8211; Sonntag<br \/>\r\n7:00 \u2013 20:00<\/p>","protected":false},"excerpt":{"rendered":"Tagesmen\u00fc Dauerangebot \u00c0 la carte Weinkarte Fr\u00fchst\u00fccksmen\u00fc Allergene Bestellungen: 0908 466 006 Delikatessen des Chefkochs stellen wir Ihnen im Restaurant, Caf\u00e9 oder im Fr\u00fchst\u00fccksempfangraum gerne vor. F\u00fcr Bussinnes-Kunden bereiteten wir eine breite Skala der Kongress-, Cateringm\u00f6glichkeiten vor, und die Hochzeitsgesellschaft wird unser Angebot vom Festmen\u00fc sch\u00e4tzen. Wir verga\u00dfen das Saisonangebot an Spezialit\u00e4ten nicht, die Sie<a class=\"excerpt-read-more\" href=\"https:\/\/hotelpatriot.sk\/de\/restaurant\/\" title=\"ReadRestaurant\">&#8230; Read more &raquo;<\/a>","protected":false},"author":1,"featured_media":0,"parent":0,"menu_order":0,"comment_status":"closed","ping_status":"closed","template":"template-full-width.php","meta":{"_acf_changed":false,"footnotes":""},"class_list":["post-5617","page","type-page","status-publish","hentry"],"acf":[],"yoast_head":"<!-- This site is optimized with the Yoast SEO plugin v27.5 - https:\/\/yoast.com\/product\/yoast-seo-wordpress\/ -->\n<title>Restaurant - Hotel Patriot*** - Hotel, ubytovanie Vranov nad Top\u013eou<\/title>\n<meta name=\"description\" content=\"Hotel Patriot*** pon\u00faka ubytovanie vysok\u00e9ho \u0161tandardu v 42 izb\u00e1ch a dvoch apartm\u00e1noch v \u0161ir\u0161om centre mesta Vranov nad Top\u013eou. S\u00fa\u010das\u0165ou hotela je re\u0161taur\u00e1cia, kaviare\u0148, bowling bar, kongresov\u00e9 centrum vhodn\u00e9 aj pre usporiadanie svadieb a fitness centrum. Hotel Patriot*** Vranov - hotel, ubytovanie.\" \/>\n<meta name=\"robots\" content=\"index, follow, max-snippet:-1, max-image-preview:large, max-video-preview:-1\" \/>\n<link rel=\"canonical\" href=\"https:\/\/hotelpatriot.sk\/de\/restaurant\/\" \/>\n<meta property=\"og:locale\" content=\"de_DE\" \/>\n<meta property=\"og:type\" content=\"article\" \/>\n<meta property=\"og:title\" content=\"Restaurant - Hotel Patriot*** - Hotel, ubytovanie Vranov nad Top\u013eou\" \/>\n<meta property=\"og:description\" content=\"Hotel Patriot*** pon\u00faka ubytovanie vysok\u00e9ho \u0161tandardu v 42 izb\u00e1ch a dvoch apartm\u00e1noch v \u0161ir\u0161om centre mesta Vranov nad Top\u013eou. S\u00fa\u010das\u0165ou hotela je re\u0161taur\u00e1cia, kaviare\u0148, bowling bar, kongresov\u00e9 centrum vhodn\u00e9 aj pre usporiadanie svadieb a fitness centrum. Hotel Patriot*** Vranov - hotel, ubytovanie.\" \/>\n<meta property=\"og:url\" content=\"https:\/\/hotelpatriot.sk\/de\/restaurant\/\" \/>\n<meta property=\"og:site_name\" content=\"Hotel Patriot***\" \/>\n<meta property=\"article:publisher\" content=\"https:\/\/www.facebook.com\/hotel.patriot.vt\/\" \/>\n<meta property=\"article:modified_time\" content=\"2025-03-04T08:55:56+00:00\" \/>\n<meta property=\"og:image\" content=\"https:\/\/hotelpatriot.sk\/wp-content\/uploads\/2026\/04\/logo1200x630.jpg\" \/>\n\t<meta property=\"og:image:width\" content=\"1200\" \/>\n\t<meta property=\"og:image:height\" content=\"630\" \/>\n\t<meta property=\"og:image:type\" content=\"image\/jpeg\" \/>\n<meta name=\"twitter:card\" content=\"summary_large_image\" \/>\n<meta name=\"twitter:site\" content=\"@hotelpatriotvt\" \/>\n<meta name=\"twitter:label1\" content=\"Gesch\u00e4tzte Lesezeit\" \/>\n\t<meta name=\"twitter:data1\" content=\"1\u00a0Minute\" \/>\n<script type=\"application\/ld+json\" class=\"yoast-schema-graph\">{\"@context\":\"https:\\\/\\\/schema.org\",\"@graph\":[{\"@type\":\"WebPage\",\"@id\":\"https:\\\/\\\/hotelpatriot.sk\\\/de\\\/restaurant\\\/\",\"url\":\"https:\\\/\\\/hotelpatriot.sk\\\/de\\\/restaurant\\\/\",\"name\":\"Restaurant - Hotel Patriot*** - Hotel, ubytovanie Vranov nad Top\u013eou\",\"isPartOf\":{\"@id\":\"https:\\\/\\\/hotelpatriot.sk\\\/de\\\/#website\"},\"datePublished\":\"2017-09-21T09:30:21+00:00\",\"dateModified\":\"2025-03-04T08:55:56+00:00\",\"description\":\"Hotel Patriot*** pon\u00faka ubytovanie vysok\u00e9ho \u0161tandardu v 42 izb\u00e1ch a dvoch apartm\u00e1noch v \u0161ir\u0161om centre mesta Vranov nad Top\u013eou. S\u00fa\u010das\u0165ou hotela je re\u0161taur\u00e1cia, kaviare\u0148, bowling bar, kongresov\u00e9 centrum vhodn\u00e9 aj pre usporiadanie svadieb a fitness centrum. Hotel Patriot*** Vranov - hotel, ubytovanie.\",\"breadcrumb\":{\"@id\":\"https:\\\/\\\/hotelpatriot.sk\\\/de\\\/restaurant\\\/#breadcrumb\"},\"inLanguage\":\"de\",\"potentialAction\":[{\"@type\":\"ReadAction\",\"target\":[\"https:\\\/\\\/hotelpatriot.sk\\\/de\\\/restaurant\\\/\"]}]},{\"@type\":\"BreadcrumbList\",\"@id\":\"https:\\\/\\\/hotelpatriot.sk\\\/de\\\/restaurant\\\/#breadcrumb\",\"itemListElement\":[{\"@type\":\"ListItem\",\"position\":1,\"name\":\"Home\",\"item\":\"https:\\\/\\\/hotelpatriot.sk\\\/de\\\/\"},{\"@type\":\"ListItem\",\"position\":2,\"name\":\"Restaurant\"}]},{\"@type\":\"WebSite\",\"@id\":\"https:\\\/\\\/hotelpatriot.sk\\\/de\\\/#website\",\"url\":\"https:\\\/\\\/hotelpatriot.sk\\\/de\\\/\",\"name\":\"Hotel Patriot***\",\"description\":\"Hotel, ubytovanie Vranov nad Top\u013eou\",\"publisher\":{\"@id\":\"https:\\\/\\\/hotelpatriot.sk\\\/de\\\/#organization\"},\"potentialAction\":[{\"@type\":\"SearchAction\",\"target\":{\"@type\":\"EntryPoint\",\"urlTemplate\":\"https:\\\/\\\/hotelpatriot.sk\\\/de\\\/?s={search_term_string}\"},\"query-input\":{\"@type\":\"PropertyValueSpecification\",\"valueRequired\":true,\"valueName\":\"search_term_string\"}}],\"inLanguage\":\"de\"},{\"@type\":\"Organization\",\"@id\":\"https:\\\/\\\/hotelpatriot.sk\\\/de\\\/#organization\",\"name\":\"Hotel Patriot*** Vranov nad Top\u013eou\",\"alternateName\":\"Hotel Patriot***\",\"url\":\"https:\\\/\\\/hotelpatriot.sk\\\/de\\\/\",\"logo\":{\"@type\":\"ImageObject\",\"inLanguage\":\"de\",\"@id\":\"https:\\\/\\\/hotelpatriot.sk\\\/de\\\/#\\\/schema\\\/logo\\\/image\\\/\",\"url\":\"http:\\\/\\\/hotelpatriot.sk\\\/wp-content\\\/uploads\\\/2018\\\/11\\\/hotel-patriot-logo.jpg\",\"contentUrl\":\"http:\\\/\\\/hotelpatriot.sk\\\/wp-content\\\/uploads\\\/2018\\\/11\\\/hotel-patriot-logo.jpg\",\"width\":500,\"height\":500,\"caption\":\"Hotel Patriot*** Vranov nad Top\u013eou\"},\"image\":{\"@id\":\"https:\\\/\\\/hotelpatriot.sk\\\/de\\\/#\\\/schema\\\/logo\\\/image\\\/\"},\"sameAs\":[\"https:\\\/\\\/www.facebook.com\\\/hotel.patriot.vt\\\/\",\"https:\\\/\\\/x.com\\\/hotelpatriotvt\",\"https:\\\/\\\/www.instagram.com\\\/hotelpatriot\"]}]}<\/script>\n<!-- \/ Yoast SEO plugin. -->","yoast_head_json":{"title":"Restaurant - Hotel Patriot*** - Hotel, ubytovanie Vranov nad Top\u013eou","description":"Hotel Patriot*** pon\u00faka ubytovanie vysok\u00e9ho \u0161tandardu v 42 izb\u00e1ch a dvoch apartm\u00e1noch v \u0161ir\u0161om centre mesta Vranov nad Top\u013eou. S\u00fa\u010das\u0165ou hotela je re\u0161taur\u00e1cia, kaviare\u0148, bowling bar, kongresov\u00e9 centrum vhodn\u00e9 aj pre usporiadanie svadieb a fitness centrum. Hotel Patriot*** Vranov - hotel, ubytovanie.","robots":{"index":"index","follow":"follow","max-snippet":"max-snippet:-1","max-image-preview":"max-image-preview:large","max-video-preview":"max-video-preview:-1"},"canonical":"https:\/\/hotelpatriot.sk\/de\/restaurant\/","og_locale":"de_DE","og_type":"article","og_title":"Restaurant - Hotel Patriot*** - Hotel, ubytovanie Vranov nad Top\u013eou","og_description":"Hotel Patriot*** pon\u00faka ubytovanie vysok\u00e9ho \u0161tandardu v 42 izb\u00e1ch a dvoch apartm\u00e1noch v \u0161ir\u0161om centre mesta Vranov nad Top\u013eou. S\u00fa\u010das\u0165ou hotela je re\u0161taur\u00e1cia, kaviare\u0148, bowling bar, kongresov\u00e9 centrum vhodn\u00e9 aj pre usporiadanie svadieb a fitness centrum. Hotel Patriot*** Vranov - hotel, ubytovanie.","og_url":"https:\/\/hotelpatriot.sk\/de\/restaurant\/","og_site_name":"Hotel Patriot***","article_publisher":"https:\/\/www.facebook.com\/hotel.patriot.vt\/","article_modified_time":"2025-03-04T08:55:56+00:00","og_image":[{"width":1200,"height":630,"url":"https:\/\/hotelpatriot.sk\/wp-content\/uploads\/2026\/04\/logo1200x630.jpg","type":"image\/jpeg"}],"twitter_card":"summary_large_image","twitter_site":"@hotelpatriotvt","twitter_misc":{"Gesch\u00e4tzte Lesezeit":"1\u00a0Minute"},"schema":{"@context":"https:\/\/schema.org","@graph":[{"@type":"WebPage","@id":"https:\/\/hotelpatriot.sk\/de\/restaurant\/","url":"https:\/\/hotelpatriot.sk\/de\/restaurant\/","name":"Restaurant - Hotel Patriot*** - Hotel, ubytovanie Vranov nad Top\u013eou","isPartOf":{"@id":"https:\/\/hotelpatriot.sk\/de\/#website"},"datePublished":"2017-09-21T09:30:21+00:00","dateModified":"2025-03-04T08:55:56+00:00","description":"Hotel Patriot*** pon\u00faka ubytovanie vysok\u00e9ho \u0161tandardu v 42 izb\u00e1ch a dvoch apartm\u00e1noch v \u0161ir\u0161om centre mesta Vranov nad Top\u013eou. S\u00fa\u010das\u0165ou hotela je re\u0161taur\u00e1cia, kaviare\u0148, bowling bar, kongresov\u00e9 centrum vhodn\u00e9 aj pre usporiadanie svadieb a fitness centrum. Hotel Patriot*** Vranov - hotel, ubytovanie.","breadcrumb":{"@id":"https:\/\/hotelpatriot.sk\/de\/restaurant\/#breadcrumb"},"inLanguage":"de","potentialAction":[{"@type":"ReadAction","target":["https:\/\/hotelpatriot.sk\/de\/restaurant\/"]}]},{"@type":"BreadcrumbList","@id":"https:\/\/hotelpatriot.sk\/de\/restaurant\/#breadcrumb","itemListElement":[{"@type":"ListItem","position":1,"name":"Home","item":"https:\/\/hotelpatriot.sk\/de\/"},{"@type":"ListItem","position":2,"name":"Restaurant"}]},{"@type":"WebSite","@id":"https:\/\/hotelpatriot.sk\/de\/#website","url":"https:\/\/hotelpatriot.sk\/de\/","name":"Hotel Patriot***","description":"Hotel, ubytovanie Vranov nad Top\u013eou","publisher":{"@id":"https:\/\/hotelpatriot.sk\/de\/#organization"},"potentialAction":[{"@type":"SearchAction","target":{"@type":"EntryPoint","urlTemplate":"https:\/\/hotelpatriot.sk\/de\/?s={search_term_string}"},"query-input":{"@type":"PropertyValueSpecification","valueRequired":true,"valueName":"search_term_string"}}],"inLanguage":"de"},{"@type":"Organization","@id":"https:\/\/hotelpatriot.sk\/de\/#organization","name":"Hotel Patriot*** Vranov nad Top\u013eou","alternateName":"Hotel Patriot***","url":"https:\/\/hotelpatriot.sk\/de\/","logo":{"@type":"ImageObject","inLanguage":"de","@id":"https:\/\/hotelpatriot.sk\/de\/#\/schema\/logo\/image\/","url":"http:\/\/hotelpatriot.sk\/wp-content\/uploads\/2018\/11\/hotel-patriot-logo.jpg","contentUrl":"http:\/\/hotelpatriot.sk\/wp-content\/uploads\/2018\/11\/hotel-patriot-logo.jpg","width":500,"height":500,"caption":"Hotel Patriot*** Vranov nad Top\u013eou"},"image":{"@id":"https:\/\/hotelpatriot.sk\/de\/#\/schema\/logo\/image\/"},"sameAs":["https:\/\/www.facebook.com\/hotel.patriot.vt\/","https:\/\/x.com\/hotelpatriotvt","https:\/\/www.instagram.com\/hotelpatriot"]}]}},"_links":{"self":[{"href":"https:\/\/hotelpatriot.sk\/de\/wp-json\/wp\/v2\/pages\/5617","targetHints":{"allow":["GET"]}}],"collection":[{"href":"https:\/\/hotelpatriot.sk\/de\/wp-json\/wp\/v2\/pages"}],"about":[{"href":"https:\/\/hotelpatriot.sk\/de\/wp-json\/wp\/v2\/types\/page"}],"author":[{"embeddable":true,"href":"https:\/\/hotelpatriot.sk\/de\/wp-json\/wp\/v2\/users\/1"}],"replies":[{"embeddable":true,"href":"https:\/\/hotelpatriot.sk\/de\/wp-json\/wp\/v2\/comments?post=5617"}],"version-history":[{"count":33,"href":"https:\/\/hotelpatriot.sk\/de\/wp-json\/wp\/v2\/pages\/5617\/revisions"}],"predecessor-version":[{"id":19660,"href":"https:\/\/hotelpatriot.sk\/de\/wp-json\/wp\/v2\/pages\/5617\/revisions\/19660"}],"wp:attachment":[{"href":"https:\/\/hotelpatriot.sk\/de\/wp-json\/wp\/v2\/media?parent=5617"}],"curies":[{"name":"wp","href":"https:\/\/api.w.org\/{rel}","templated":true}]}}