{"id":5520,"date":"2017-09-19T11:51:59","date_gmt":"2017-09-19T09:51:59","guid":{"rendered":"http:\/\/hotelpatriot.sk\/?page_id=5520\/"},"modified":"2023-08-25T13:22:11","modified_gmt":"2023-08-25T11:22:11","slug":"uebernachtungsordnung","status":"publish","type":"page","link":"https:\/\/hotelpatriot.sk\/de\/uebernachtungsordnung\/","title":{"rendered":"\u00dcbernachtungsordnung"},"content":{"rendered":"<div>1. Hotel Patriot*** (\u010falej len hotel) m\u00f4\u017ee ubytova\u0165 len hos\u0165a, ktor\u00fd sa riadne prihl\u00e1si. Za t\u00fdmto \u00fa\u010delom je hos\u0165 povinn\u00fd predlo\u017ei\u0165 pracovn\u00edkovi recepcie hotela pri pr\u00edchode svoj ob\u010diansky preukaz alebo in\u00fd platn\u00fd doklad toto\u017enosti. Pri prihlasovan\u00ed pobytu cudzincov postupujeme pod\u013ea osobitnej pr\u00e1vnej \u00fapravy.<\/div>\r\n<div>2. Pri opakovanom pr\u00edchode u\u017e ubytovan\u00e9ho hos\u0165a do hotela je hos\u0165 povinn\u00fd preuk\u00e1za\u0165 sa na recepcii.<\/div>\r\n<div>3. Hos\u0165 plat\u00ed za ubytovanie a slu\u017eby poskytnut\u00e9 hotelom pod\u013ea potvrdenej objedn\u00e1vky alebo pod\u013ea platn\u00e9ho cenn\u00edka, ktor\u00fd je zverejnen\u00fd na vidite\u013enom mieste na recepcii a na webovej str\u00e1nke hotela. Pr\u00edpadn\u00fd cenov\u00fd rozdiel objednan\u00fdch a poskytnut\u00fdch slu\u017eieb sa z\u00fa\u010dtuje pri skon\u010den\u00ed pobytu hos\u0165a. Nedoplatok je hos\u0165 povinn\u00fd hne\u010f uhradi\u0165.<\/div>\r\n<div>4. V osobit\u00fdch pr\u00edpadoch m\u00f4\u017ee hotel pon\u00faknu\u0165 hos\u0165ovi in\u00e9 ako dohovoren\u00e9 ubytovanie, ak sa z\u00e1sadne neodli\u0161uje od potvrdenej objedn\u00e1vky.<\/div>\r\n<div>5. Ubytovanie hos\u0165a je mo\u017en\u00e9 od 14:00 hod., sk\u00f4r len v pr\u00edpade ak to bolo vopred dohodnut\u00e9 a umo\u017e\u0148uje to aktu\u00e1lna situ\u00e1cia pri pr\u00edchode hos\u0165a na pobyt. Hos\u0165, ktor\u00fd sa ubytuje pred 08.00 hod. r\u00e1no, je povinn\u00fd uhradi\u0165 cenu ubytovania za cel\u00fa predch\u00e1dzaj\u00facu noc.<\/div>\r\n<div>6. Na z\u00e1klade objednan\u00e9ho ubytovania rezervuje hotel izbu pre hos\u0165a najviac nasleduj\u00face \u0161tyri hodiny po nahl\u00e1senom predpokladanom \u010dase pr\u00edchodu hos\u0165a. Po uplynut\u00ed uvedenej doby a ak sa z\u00e1stupcovi hotela nepodarilo hos\u0165a kontaktova\u0165, m\u00f4\u017ee hotel izbou disponova\u0165.<\/div>\r\n<div>7. Hos\u0165 je povinn\u00fd ozn\u00e1mi\u0165 recepcii hotela pr\u00edpadn\u00e9 chyby a nedostatky, ktor\u00e9 zistil na izbe, bezprostredne po prvom vstupe do izby.<\/div>\r\n<div>8. Hos\u0165 je povinn\u00fd odhl\u00e1si\u0165 sa z pobytu v hoteli a uvo\u013eni\u0165 izbu najnesk\u00f4r do 10:00 hod., okrem pr\u00edpadu ak bol vopred dohodnut\u00fd in\u00fd \u010das odchodu. V pr\u00edpade oneskoren\u00e9ho uvo\u013enenia izby je hotel opr\u00e1vnen\u00fd \u00fa\u010dtova\u0165 hos\u0165ovi poplatok vo v\u00fd\u0161ke 30,- \u20ac a ak d\u00f4jde k uvo\u013eneniu izby po 14:00 hod. hotel m\u00f4\u017ee \u00fa\u010dtova\u0165 100% z cenn\u00edkovej ceny za izbu, pri\u010dom hos\u0165ovi nevznikaj\u00fa zmluvn\u00e9 n\u00e1roky na slu\u017eby hotela spojen\u00e9 s ubytovan\u00edm.<\/div>\r\n<div>9. Ak hos\u0165 po\u017eiada o pred\u013a\u017eenie ubytovania, m\u00f4\u017ee mu hotel pon\u00faknu\u0165 aj in\u00fa izbu ako t\u00fa, v ktorej bol p\u00f4vodne ubytovan\u00fd, a to pod\u013ea aktu\u00e1lnych mo\u017enost\u00ed hotela.<\/div>\r\n<div>10. V \u010dase od 22.00 do 6.00 hodiny je hos\u0165 povinn\u00fd dodr\u017eiava\u0165 no\u010dn\u00fd k\u013eud. Hos\u0165 sa nesmie v izbe ani v spolo\u010dn\u00fdch priestoroch hotela hlu\u010dne spr\u00e1va\u0165 alebo ru\u0161i\u0165 in\u00fdch host\u00ed. Spolo\u010densk\u00e9 akcie, v priestoroch na to ur\u010den\u00fdch, s\u00fa povolen\u00e9 aj po 22:00 hod. pod\u013ea predch\u00e1dzaj\u00facej dohody so zodpovedn\u00fdm pracovn\u00edkom.<\/div>\r\n<div>11. Ak si klient vopred objedn\u00e1 jednol\u00f4\u017ekov\u00fa izbu a hotel mu objedn\u00e1vku potvrd\u00ed, hotel \u00fa\u010dtuje hos\u0165ovi len cenu za jednol\u00f4\u017ekov\u00fa izbu aj v pr\u00edpade, ak z vlastn\u00e9ho d\u00f4vodu ubytuje hos\u0165a vo viacl\u00f4\u017ekovej izbe alebo apartm\u00e1ne.<\/div>\r\n<div>12. V izbe alebo spolo\u010dn\u00fdch priestoroch hotela nesmie hos\u0165 premiest\u0148ova\u0165 zariadenie, vykon\u00e1va\u0165 ak\u00e9ko\u013evek \u00fapravy alebo z\u00e1sahy do zariadenia a spotrebi\u010dov, pr\u00edpadne elektrickej siete alebo inej in\u0161tal\u00e1cie.<\/div>\r\n<div>13. V objekte hotela a osobitne v izbe nesmie hos\u0165 pou\u017e\u00edva\u0165 vlastn\u00e9 prenosn\u00e9 spotrebi\u010de, okrem elektrick\u00fdch spotrebi\u010dov ur\u010den\u00fdch na osobn\u00fa hygienu (napr. holiace stroj\u010deky, su\u0161i\u010de vlasov).<\/div>\r\n<div>14. Hos\u0165 nesmie vzia\u0165 do izby \u0161portov\u00e9 vybavenie, n\u00e1radie alebo predmety, na \u00faschovu ktor\u00fdch je vyhraden\u00e9 in\u00e9 miesto.<\/div>\r\n<div>15. V priestoroch hotela a izieb plat\u00ed z\u00e1kaz faj\u010denia, na ktor\u00fd z\u00e1kaz s\u00fa osoby upozornen\u00e9 ozna\u010den\u00edm, umiestnen\u00fdm na vidite\u013enom mieste, okrem miest vyhraden\u00fdch pre faj\u010diarov. V pr\u00edpade poru\u0161enia z\u00e1kazu faj\u010denia m\u00e1 hotel pr\u00e1vo ulo\u017ei\u0165 hos\u0165ovi pokutu vo v\u00fd\u0161ke 150 \u20ac za ka\u017ed\u00e9 zisten\u00e9 poru\u0161enie. Faj\u010denie je dovolen\u00e9 na izb\u00e1ch, ozna\u010den\u00fdch ako faj\u010diarske izby. Pred hlavn\u00fdm vstupom hotela je umiestnen\u00fd faj\u010diarsky priestor a tie\u017e zadn\u00e1 \u010das\u0165 \u00e1tria je ur\u010den\u00e1 ako faj\u010diarsky priestor.<\/div>\r\n<div>16. Hos\u0165 s\u00fahlas\u00ed, \u017ee v pr\u00edpade potreby vstupuje do jeho izby po\u010das pobytu hotelov\u00fd zamestnanec (napr. chy\u017en\u00e1 pre potreby vy\u010distenia jeho izby, \u00fadr\u017eb\u00e1r v pr\u00edpade por\u00fach na izbe). Ak tomu chce hos\u0165 zabr\u00e1ni\u0165, vyves\u00ed z vonkaj\u0161ej strany svojich dver\u00ed visa\u010dku \u201eNERU\u0160I\u0164\u201c. To neplat\u00ed, ak je vstup nevyhnutn\u00fd v pr\u00edpade, \u017ee to vy\u017eaduje naliehavos\u0165 situ\u00e1cie (napr. hrozba hav\u00e1rie, poru\u0161ovanie podmienok ubytovania, a p.).<\/div>\r\n<div>17. Hotel nezodpoved\u00e1 za pr\u00edpadn\u00e9 nezhody alebo konflikty medzi hos\u0165ami, ale v rozsahu z\u00e1konn\u00fdch mo\u017enost\u00ed urob\u00ed nevyhnutn\u00e9 opatrenia na zabezpe\u010denie poriadku a k\u013eudu v ubytovac\u00edch a ostatn\u00fdch priestoroch.<\/div>\r\n<div>18. Pri ochoren\u00ed alebo zranen\u00ed hos\u0165a zabezpe\u010d\u00ed hotel poskytnutie lek\u00e1rskej pomoci, pr\u00edpadne prevoz do nemocnice.<\/div>\r\n<div>19. Z bezpe\u010dnostn\u00fdch d\u00f4vodov nie je povolen\u00e9 ponech\u00e1va\u0165 deti do 10 rokov veku bez dozoru dospelej osoby v izbe a v ostatn\u00fdch priestoroch hotela.<\/div>\r\n<div>20. Pri odchode z izby je hos\u0165 povinn\u00fd uzavrie\u0165 vodovodn\u00e9 uz\u00e1very, vypn\u00fa\u0165 elektrick\u00e9 spotrebi\u010de a zhasn\u00fa\u0165 osvetlenie miestnosti, zavrie\u0165 okn\u00e1, zamkn\u00fa\u0165 dvere a k\u013e\u00fa\u010d od izby odovzda\u0165 na recepcii hotela.<\/div>\r\n<div>21. Pre prij\u00edmanie n\u00e1v\u0161tev ubytovan\u00fdch host\u00ed s\u00fa k dispoz\u00edcii spolo\u010densk\u00e9 priestory hotela (priestory recepcie, priestory na 1. poschod\u00ed).<\/div>\r\n<div>22. Hos\u0165 m\u00e1 pr\u00e1vo vyu\u017e\u00edva\u0165 v\u0161etky zariadenia prenajatej izby a spolo\u010dn\u00fdch priestorov hotela. Za v\u0161etky \u0161kody sp\u00f4soben\u00e9 na majetku hotela zodpoved\u00e1 hos\u0165 pod\u013ea platn\u00fdch predpisov.<\/div>\r\n<div>23. Hotel zodpoved\u00e1 za vnesen\u00e9 veci, ako aj za \u0161kodu sp\u00f4soben\u00fa na ulo\u017een\u00fdch veciach pod\u013ea platn\u00fdch pr\u00e1vnych predpisov.<\/div>\r\n<div>24. Hos\u0165 je povinn\u00fd dodr\u017eiava\u0165 ustanovenia tohto ubytovacieho poriadku od momentu, kedy si prenajal izbu. V pr\u00edpade, ak hos\u0165 z\u00e1va\u017en\u00fdm sp\u00f4sobom poru\u0161\u00ed ubytovac\u00ed poriadok, hotel m\u00e1 pr\u00e1vo odst\u00fapi\u0165 od zmluvy o poskytnut\u00ed ubytovacej slu\u017eby aj pred uplynut\u00edm dohodnutej doby.<\/div>\r\n<div>25. Ubytovanie dom\u00e1cich zvierat nie je povolen\u00e9, okrem v\u00fdnimky vopred dohodnutej so s\u00fahlasom zodpovedn\u00e9ho pracovn\u00edka.<\/div>\r\n<div>26. V hoteli je na vidite\u013enom mieste vyvesen\u00fd po\u017eiarny poriadok, evakua\u010dn\u00fd pl\u00e1n a ozna\u010denie smeru evaku\u00e1cie z hotela. Hostia s\u00fa povinn\u00ed po\u010das svojho pobytu riadi\u0165 sa t\u00fdmito in\u0161trukciami.<\/div>\r\n<div>27. S\u0165a\u017enosti, reklam\u00e1cie host\u00ed, pr\u00edpadn\u00e9 pripomienky alebo n\u00e1vrhy na zlep\u0161enie \u010dinnosti hotela prij\u00edma recepcia hotela v zmysle Reklama\u010dn\u00e9ho poriadku Hotela Patriot***.<\/div>\r\n<div><\/div>\r\n<div><\/div>\r\n<div><\/div>\r\n<div>D\u0148a 25.8. 2023<\/div>\r\n<div>T and B, s.r.o.<\/div>\r\n<div>Vladim\u00edr Tabaka, konate\u013e<\/div>","protected":false},"excerpt":{"rendered":"1. Hotel Patriot*** (\u010falej len hotel) m\u00f4\u017ee ubytova\u0165 len hos\u0165a, ktor\u00fd sa riadne prihl\u00e1si. Za t\u00fdmto \u00fa\u010delom je hos\u0165 povinn\u00fd predlo\u017ei\u0165 pracovn\u00edkovi recepcie hotela pri pr\u00edchode svoj ob\u010diansky preukaz alebo in\u00fd platn\u00fd doklad toto\u017enosti. Pri prihlasovan\u00ed pobytu cudzincov postupujeme pod\u013ea osobitnej pr\u00e1vnej \u00fapravy. 2. Pri opakovanom pr\u00edchode u\u017e ubytovan\u00e9ho hos\u0165a do hotela je hos\u0165 povinn\u00fd<a class=\"excerpt-read-more\" href=\"https:\/\/hotelpatriot.sk\/de\/uebernachtungsordnung\/\" title=\"Read\u00dcbernachtungsordnung\">&#8230; Read more &raquo;<\/a>","protected":false},"author":1,"featured_media":0,"parent":0,"menu_order":0,"comment_status":"closed","ping_status":"closed","template":"template-full-width.php","meta":{"_acf_changed":false,"footnotes":""},"class_list":["post-5520","page","type-page","status-publish","hentry"],"acf":[],"yoast_head":"<!-- This site is optimized with the Yoast SEO plugin v27.5 - https:\/\/yoast.com\/product\/yoast-seo-wordpress\/ -->\n<title>\u00dcbernachtungsordnung - Hotel Patriot*** - Hotel, ubytovanie Vranov nad Top\u013eou<\/title>\n<meta name=\"description\" content=\"Hotel Patriot*** pon\u00faka ubytovanie vysok\u00e9ho \u0161tandardu v 42 izb\u00e1ch a dvoch apartm\u00e1noch v \u0161ir\u0161om centre mesta Vranov nad Top\u013eou. S\u00fa\u010das\u0165ou hotela je re\u0161taur\u00e1cia, kaviare\u0148, bowling bar, kongresov\u00e9 centrum vhodn\u00e9 aj pre usporiadanie svadieb a fitness centrum. Hotel Patriot*** Vranov - hotel, ubytovanie.\" \/>\n<meta name=\"robots\" content=\"index, nofollow, max-snippet:-1, max-image-preview:large, max-video-preview:-1\" \/>\n<link rel=\"canonical\" href=\"https:\/\/hotelpatriot.sk\/de\/uebernachtungsordnung\/\" \/>\n<meta property=\"og:locale\" content=\"de_DE\" \/>\n<meta property=\"og:type\" content=\"article\" \/>\n<meta property=\"og:title\" content=\"\u00dcbernachtungsordnung - Hotel Patriot*** - Hotel, ubytovanie Vranov nad Top\u013eou\" \/>\n<meta property=\"og:description\" content=\"Hotel Patriot*** pon\u00faka ubytovanie vysok\u00e9ho \u0161tandardu v 42 izb\u00e1ch a dvoch apartm\u00e1noch v \u0161ir\u0161om centre mesta Vranov nad Top\u013eou. S\u00fa\u010das\u0165ou hotela je re\u0161taur\u00e1cia, kaviare\u0148, bowling bar, kongresov\u00e9 centrum vhodn\u00e9 aj pre usporiadanie svadieb a fitness centrum. Hotel Patriot*** Vranov - hotel, ubytovanie.\" \/>\n<meta property=\"og:url\" content=\"https:\/\/hotelpatriot.sk\/de\/uebernachtungsordnung\/\" \/>\n<meta property=\"og:site_name\" content=\"Hotel Patriot***\" \/>\n<meta property=\"article:publisher\" content=\"https:\/\/www.facebook.com\/hotel.patriot.vt\/\" \/>\n<meta property=\"article:modified_time\" content=\"2023-08-25T11:22:11+00:00\" \/>\n<meta property=\"og:image\" content=\"https:\/\/hotelpatriot.sk\/wp-content\/uploads\/2026\/04\/logo1200x630.jpg\" \/>\n\t<meta property=\"og:image:width\" content=\"1200\" \/>\n\t<meta property=\"og:image:height\" content=\"630\" \/>\n\t<meta property=\"og:image:type\" content=\"image\/jpeg\" \/>\n<meta name=\"twitter:card\" content=\"summary_large_image\" \/>\n<meta name=\"twitter:site\" content=\"@hotelpatriotvt\" \/>\n<meta name=\"twitter:label1\" content=\"Gesch\u00e4tzte Lesezeit\" \/>\n\t<meta name=\"twitter:data1\" content=\"5\u00a0Minuten\" \/>\n<script type=\"application\/ld+json\" class=\"yoast-schema-graph\">{\"@context\":\"https:\\\/\\\/schema.org\",\"@graph\":[{\"@type\":\"WebPage\",\"@id\":\"https:\\\/\\\/hotelpatriot.sk\\\/de\\\/uebernachtungsordnung\\\/\",\"url\":\"https:\\\/\\\/hotelpatriot.sk\\\/de\\\/uebernachtungsordnung\\\/\",\"name\":\"\u00dcbernachtungsordnung - Hotel Patriot*** - Hotel, ubytovanie Vranov nad Top\u013eou\",\"isPartOf\":{\"@id\":\"https:\\\/\\\/hotelpatriot.sk\\\/de\\\/#website\"},\"datePublished\":\"2017-09-19T09:51:59+00:00\",\"dateModified\":\"2023-08-25T11:22:11+00:00\",\"description\":\"Hotel Patriot*** pon\u00faka ubytovanie vysok\u00e9ho \u0161tandardu v 42 izb\u00e1ch a dvoch apartm\u00e1noch v \u0161ir\u0161om centre mesta Vranov nad Top\u013eou. S\u00fa\u010das\u0165ou hotela je re\u0161taur\u00e1cia, kaviare\u0148, bowling bar, kongresov\u00e9 centrum vhodn\u00e9 aj pre usporiadanie svadieb a fitness centrum. Hotel Patriot*** Vranov - hotel, ubytovanie.\",\"breadcrumb\":{\"@id\":\"https:\\\/\\\/hotelpatriot.sk\\\/de\\\/uebernachtungsordnung\\\/#breadcrumb\"},\"inLanguage\":\"de\",\"potentialAction\":[{\"@type\":\"ReadAction\",\"target\":[\"https:\\\/\\\/hotelpatriot.sk\\\/de\\\/uebernachtungsordnung\\\/\"]}]},{\"@type\":\"BreadcrumbList\",\"@id\":\"https:\\\/\\\/hotelpatriot.sk\\\/de\\\/uebernachtungsordnung\\\/#breadcrumb\",\"itemListElement\":[{\"@type\":\"ListItem\",\"position\":1,\"name\":\"Home\",\"item\":\"https:\\\/\\\/hotelpatriot.sk\\\/de\\\/\"},{\"@type\":\"ListItem\",\"position\":2,\"name\":\"\u00dcbernachtungsordnung\"}]},{\"@type\":\"WebSite\",\"@id\":\"https:\\\/\\\/hotelpatriot.sk\\\/de\\\/#website\",\"url\":\"https:\\\/\\\/hotelpatriot.sk\\\/de\\\/\",\"name\":\"Hotel Patriot***\",\"description\":\"Hotel, ubytovanie Vranov nad Top\u013eou\",\"publisher\":{\"@id\":\"https:\\\/\\\/hotelpatriot.sk\\\/de\\\/#organization\"},\"potentialAction\":[{\"@type\":\"SearchAction\",\"target\":{\"@type\":\"EntryPoint\",\"urlTemplate\":\"https:\\\/\\\/hotelpatriot.sk\\\/de\\\/?s={search_term_string}\"},\"query-input\":{\"@type\":\"PropertyValueSpecification\",\"valueRequired\":true,\"valueName\":\"search_term_string\"}}],\"inLanguage\":\"de\"},{\"@type\":\"Organization\",\"@id\":\"https:\\\/\\\/hotelpatriot.sk\\\/de\\\/#organization\",\"name\":\"Hotel Patriot*** Vranov nad Top\u013eou\",\"alternateName\":\"Hotel Patriot***\",\"url\":\"https:\\\/\\\/hotelpatriot.sk\\\/de\\\/\",\"logo\":{\"@type\":\"ImageObject\",\"inLanguage\":\"de\",\"@id\":\"https:\\\/\\\/hotelpatriot.sk\\\/de\\\/#\\\/schema\\\/logo\\\/image\\\/\",\"url\":\"http:\\\/\\\/hotelpatriot.sk\\\/wp-content\\\/uploads\\\/2018\\\/11\\\/hotel-patriot-logo.jpg\",\"contentUrl\":\"http:\\\/\\\/hotelpatriot.sk\\\/wp-content\\\/uploads\\\/2018\\\/11\\\/hotel-patriot-logo.jpg\",\"width\":500,\"height\":500,\"caption\":\"Hotel Patriot*** Vranov nad Top\u013eou\"},\"image\":{\"@id\":\"https:\\\/\\\/hotelpatriot.sk\\\/de\\\/#\\\/schema\\\/logo\\\/image\\\/\"},\"sameAs\":[\"https:\\\/\\\/www.facebook.com\\\/hotel.patriot.vt\\\/\",\"https:\\\/\\\/x.com\\\/hotelpatriotvt\",\"https:\\\/\\\/www.instagram.com\\\/hotelpatriot\"]}]}<\/script>\n<!-- \/ Yoast SEO plugin. -->","yoast_head_json":{"title":"\u00dcbernachtungsordnung - Hotel Patriot*** - Hotel, ubytovanie Vranov nad Top\u013eou","description":"Hotel Patriot*** pon\u00faka ubytovanie vysok\u00e9ho \u0161tandardu v 42 izb\u00e1ch a dvoch apartm\u00e1noch v \u0161ir\u0161om centre mesta Vranov nad Top\u013eou. S\u00fa\u010das\u0165ou hotela je re\u0161taur\u00e1cia, kaviare\u0148, bowling bar, kongresov\u00e9 centrum vhodn\u00e9 aj pre usporiadanie svadieb a fitness centrum. Hotel Patriot*** Vranov - hotel, ubytovanie.","robots":{"index":"index","follow":"nofollow","max-snippet":"max-snippet:-1","max-image-preview":"max-image-preview:large","max-video-preview":"max-video-preview:-1"},"canonical":"https:\/\/hotelpatriot.sk\/de\/uebernachtungsordnung\/","og_locale":"de_DE","og_type":"article","og_title":"\u00dcbernachtungsordnung - Hotel Patriot*** - Hotel, ubytovanie Vranov nad Top\u013eou","og_description":"Hotel Patriot*** pon\u00faka ubytovanie vysok\u00e9ho \u0161tandardu v 42 izb\u00e1ch a dvoch apartm\u00e1noch v \u0161ir\u0161om centre mesta Vranov nad Top\u013eou. S\u00fa\u010das\u0165ou hotela je re\u0161taur\u00e1cia, kaviare\u0148, bowling bar, kongresov\u00e9 centrum vhodn\u00e9 aj pre usporiadanie svadieb a fitness centrum. Hotel Patriot*** Vranov - hotel, ubytovanie.","og_url":"https:\/\/hotelpatriot.sk\/de\/uebernachtungsordnung\/","og_site_name":"Hotel Patriot***","article_publisher":"https:\/\/www.facebook.com\/hotel.patriot.vt\/","article_modified_time":"2023-08-25T11:22:11+00:00","og_image":[{"width":1200,"height":630,"url":"https:\/\/hotelpatriot.sk\/wp-content\/uploads\/2026\/04\/logo1200x630.jpg","type":"image\/jpeg"}],"twitter_card":"summary_large_image","twitter_site":"@hotelpatriotvt","twitter_misc":{"Gesch\u00e4tzte Lesezeit":"5\u00a0Minuten"},"schema":{"@context":"https:\/\/schema.org","@graph":[{"@type":"WebPage","@id":"https:\/\/hotelpatriot.sk\/de\/uebernachtungsordnung\/","url":"https:\/\/hotelpatriot.sk\/de\/uebernachtungsordnung\/","name":"\u00dcbernachtungsordnung - Hotel Patriot*** - Hotel, ubytovanie Vranov nad Top\u013eou","isPartOf":{"@id":"https:\/\/hotelpatriot.sk\/de\/#website"},"datePublished":"2017-09-19T09:51:59+00:00","dateModified":"2023-08-25T11:22:11+00:00","description":"Hotel Patriot*** pon\u00faka ubytovanie vysok\u00e9ho \u0161tandardu v 42 izb\u00e1ch a dvoch apartm\u00e1noch v \u0161ir\u0161om centre mesta Vranov nad Top\u013eou. S\u00fa\u010das\u0165ou hotela je re\u0161taur\u00e1cia, kaviare\u0148, bowling bar, kongresov\u00e9 centrum vhodn\u00e9 aj pre usporiadanie svadieb a fitness centrum. Hotel Patriot*** Vranov - hotel, ubytovanie.","breadcrumb":{"@id":"https:\/\/hotelpatriot.sk\/de\/uebernachtungsordnung\/#breadcrumb"},"inLanguage":"de","potentialAction":[{"@type":"ReadAction","target":["https:\/\/hotelpatriot.sk\/de\/uebernachtungsordnung\/"]}]},{"@type":"BreadcrumbList","@id":"https:\/\/hotelpatriot.sk\/de\/uebernachtungsordnung\/#breadcrumb","itemListElement":[{"@type":"ListItem","position":1,"name":"Home","item":"https:\/\/hotelpatriot.sk\/de\/"},{"@type":"ListItem","position":2,"name":"\u00dcbernachtungsordnung"}]},{"@type":"WebSite","@id":"https:\/\/hotelpatriot.sk\/de\/#website","url":"https:\/\/hotelpatriot.sk\/de\/","name":"Hotel Patriot***","description":"Hotel, ubytovanie Vranov nad Top\u013eou","publisher":{"@id":"https:\/\/hotelpatriot.sk\/de\/#organization"},"potentialAction":[{"@type":"SearchAction","target":{"@type":"EntryPoint","urlTemplate":"https:\/\/hotelpatriot.sk\/de\/?s={search_term_string}"},"query-input":{"@type":"PropertyValueSpecification","valueRequired":true,"valueName":"search_term_string"}}],"inLanguage":"de"},{"@type":"Organization","@id":"https:\/\/hotelpatriot.sk\/de\/#organization","name":"Hotel Patriot*** Vranov nad Top\u013eou","alternateName":"Hotel Patriot***","url":"https:\/\/hotelpatriot.sk\/de\/","logo":{"@type":"ImageObject","inLanguage":"de","@id":"https:\/\/hotelpatriot.sk\/de\/#\/schema\/logo\/image\/","url":"http:\/\/hotelpatriot.sk\/wp-content\/uploads\/2018\/11\/hotel-patriot-logo.jpg","contentUrl":"http:\/\/hotelpatriot.sk\/wp-content\/uploads\/2018\/11\/hotel-patriot-logo.jpg","width":500,"height":500,"caption":"Hotel Patriot*** Vranov nad Top\u013eou"},"image":{"@id":"https:\/\/hotelpatriot.sk\/de\/#\/schema\/logo\/image\/"},"sameAs":["https:\/\/www.facebook.com\/hotel.patriot.vt\/","https:\/\/x.com\/hotelpatriotvt","https:\/\/www.instagram.com\/hotelpatriot"]}]}},"_links":{"self":[{"href":"https:\/\/hotelpatriot.sk\/de\/wp-json\/wp\/v2\/pages\/5520","targetHints":{"allow":["GET"]}}],"collection":[{"href":"https:\/\/hotelpatriot.sk\/de\/wp-json\/wp\/v2\/pages"}],"about":[{"href":"https:\/\/hotelpatriot.sk\/de\/wp-json\/wp\/v2\/types\/page"}],"author":[{"embeddable":true,"href":"https:\/\/hotelpatriot.sk\/de\/wp-json\/wp\/v2\/users\/1"}],"replies":[{"embeddable":true,"href":"https:\/\/hotelpatriot.sk\/de\/wp-json\/wp\/v2\/comments?post=5520"}],"version-history":[{"count":3,"href":"https:\/\/hotelpatriot.sk\/de\/wp-json\/wp\/v2\/pages\/5520\/revisions"}],"predecessor-version":[{"id":18113,"href":"https:\/\/hotelpatriot.sk\/de\/wp-json\/wp\/v2\/pages\/5520\/revisions\/18113"}],"wp:attachment":[{"href":"https:\/\/hotelpatriot.sk\/de\/wp-json\/wp\/v2\/media?parent=5520"}],"curies":[{"name":"wp","href":"https:\/\/api.w.org\/{rel}","templated":true}]}}