{"id":5475,"date":"2017-09-19T10:54:52","date_gmt":"2017-09-19T08:54:52","guid":{"rendered":"http:\/\/hotelpatriot.sk\/?page_id=5475\/"},"modified":"2019-01-10T10:19:50","modified_gmt":"2019-01-10T09:19:50","slug":"umgebung","status":"publish","type":"page","link":"https:\/\/hotelpatriot.sk\/de\/umgebung\/","title":{"rendered":"Umgebung"},"content":{"rendered":"<div class=\"menu-centered my-page-submenu-uni text-center\">\r\n<ul class=\"vertical large-horizontal menu\">\r\n<li><a href=\"https:\/\/hotelpatriot.sk\/de\/transportdienst\/\">Transportdienst<\/a><\/li>\r\n<\/ul>\r\n<\/div>\r\n\r\n<p>Falls Sie Interesse an einer von den angebotenen Dienstleistungen in der Umgebung haben, kontaktieren Sie bitte den Hotelempfang.<\/p>\r\n\r\n<ul>\r\n<li>Billard (im Hotel)<\/li>\r\n<li>Fitness-Zentrum (im Hotel)<\/li>\r\n<li>Turnhalle (v Hotel)<\/li>\r\n<li>Massagen (im Hotel)<\/li>\r\n<li>Friseursalon (im Hotel)<\/li>\r\n<li>Kosmetischer Salon (im Hotel)<\/li>\r\n<\/ul>\r\n\r\n<ul>\r\n<li>Go-Kart<\/li>   \r\n<li>Fischfang<\/li>\r\n<li>Reitschule<\/li>\r\n<li>Reiten in der Natur (nicht geeignet f\u00fcr Anf\u00e4nger)<\/li>\r\n<li>Ausfl\u00fcge mit Kindern in der Barutsche<\/li>\r\n<ul>\r\n","protected":false},"excerpt":{"rendered":"Transportdienst Falls Sie Interesse an einer von den angebotenen Dienstleistungen in der Umgebung haben, kontaktieren Sie bitte den Hotelempfang. Billard (im Hotel) Fitness-Zentrum (im Hotel) Turnhalle (v Hotel) Massagen (im Hotel) Friseursalon (im Hotel) Kosmetischer Salon (im Hotel) Go-Kart Fischfang Reitschule Reiten in der Natur (nicht geeignet f\u00fcr Anf\u00e4nger) Ausfl\u00fcge mit Kindern in der Barutsche","protected":false},"author":1,"featured_media":0,"parent":0,"menu_order":0,"comment_status":"closed","ping_status":"closed","template":"template-full-width.php","meta":{"_acf_changed":false,"footnotes":""},"class_list":["post-5475","page","type-page","status-publish","hentry"],"acf":[],"yoast_head":"<!-- This site is optimized with the Yoast SEO plugin v27.5 - https:\/\/yoast.com\/product\/yoast-seo-wordpress\/ -->\n<title>Umgebung - Hotel Patriot*** - Hotel, ubytovanie Vranov nad Top\u013eou<\/title>\n<meta name=\"description\" content=\"Hotel Patriot*** pon\u00faka ubytovanie vysok\u00e9ho \u0161tandardu v 42 izb\u00e1ch a dvoch apartm\u00e1noch v \u0161ir\u0161om centre mesta Vranov nad Top\u013eou. S\u00fa\u010das\u0165ou hotela je re\u0161taur\u00e1cia, kaviare\u0148, bowling bar, kongresov\u00e9 centrum vhodn\u00e9 aj pre usporiadanie svadieb a fitness centrum. Hotel Patriot*** Vranov - hotel, ubytovanie.\" \/>\n<meta name=\"robots\" content=\"index, follow, max-snippet:-1, max-image-preview:large, max-video-preview:-1\" \/>\n<link rel=\"canonical\" href=\"https:\/\/hotelpatriot.sk\/de\/umgebung\/\" \/>\n<meta property=\"og:locale\" content=\"de_DE\" \/>\n<meta property=\"og:type\" content=\"article\" \/>\n<meta property=\"og:title\" content=\"Umgebung - Hotel Patriot*** - Hotel, ubytovanie Vranov nad Top\u013eou\" \/>\n<meta property=\"og:description\" content=\"Hotel Patriot*** pon\u00faka ubytovanie vysok\u00e9ho \u0161tandardu v 42 izb\u00e1ch a dvoch apartm\u00e1noch v \u0161ir\u0161om centre mesta Vranov nad Top\u013eou. S\u00fa\u010das\u0165ou hotela je re\u0161taur\u00e1cia, kaviare\u0148, bowling bar, kongresov\u00e9 centrum vhodn\u00e9 aj pre usporiadanie svadieb a fitness centrum. Hotel Patriot*** Vranov - hotel, ubytovanie.\" \/>\n<meta property=\"og:url\" content=\"https:\/\/hotelpatriot.sk\/de\/umgebung\/\" \/>\n<meta property=\"og:site_name\" content=\"Hotel Patriot***\" \/>\n<meta property=\"article:publisher\" content=\"https:\/\/www.facebook.com\/hotel.patriot.vt\/\" \/>\n<meta property=\"article:modified_time\" content=\"2019-01-10T09:19:50+00:00\" \/>\n<meta property=\"og:image\" content=\"https:\/\/hotelpatriot.sk\/wp-content\/uploads\/2026\/04\/logo1200x630.jpg\" \/>\n\t<meta property=\"og:image:width\" content=\"1200\" \/>\n\t<meta property=\"og:image:height\" content=\"630\" \/>\n\t<meta property=\"og:image:type\" content=\"image\/jpeg\" \/>\n<meta name=\"twitter:card\" content=\"summary_large_image\" \/>\n<meta name=\"twitter:site\" content=\"@hotelpatriotvt\" \/>\n<script type=\"application\/ld+json\" class=\"yoast-schema-graph\">{\"@context\":\"https:\\\/\\\/schema.org\",\"@graph\":[{\"@type\":\"WebPage\",\"@id\":\"https:\\\/\\\/hotelpatriot.sk\\\/de\\\/umgebung\\\/\",\"url\":\"https:\\\/\\\/hotelpatriot.sk\\\/de\\\/umgebung\\\/\",\"name\":\"Umgebung - Hotel Patriot*** - Hotel, ubytovanie Vranov nad Top\u013eou\",\"isPartOf\":{\"@id\":\"https:\\\/\\\/hotelpatriot.sk\\\/de\\\/#website\"},\"datePublished\":\"2017-09-19T08:54:52+00:00\",\"dateModified\":\"2019-01-10T09:19:50+00:00\",\"description\":\"Hotel Patriot*** pon\u00faka ubytovanie vysok\u00e9ho \u0161tandardu v 42 izb\u00e1ch a dvoch apartm\u00e1noch v \u0161ir\u0161om centre mesta Vranov nad Top\u013eou. S\u00fa\u010das\u0165ou hotela je re\u0161taur\u00e1cia, kaviare\u0148, bowling bar, kongresov\u00e9 centrum vhodn\u00e9 aj pre usporiadanie svadieb a fitness centrum. Hotel Patriot*** Vranov - hotel, ubytovanie.\",\"breadcrumb\":{\"@id\":\"https:\\\/\\\/hotelpatriot.sk\\\/de\\\/umgebung\\\/#breadcrumb\"},\"inLanguage\":\"de\",\"potentialAction\":[{\"@type\":\"ReadAction\",\"target\":[\"https:\\\/\\\/hotelpatriot.sk\\\/de\\\/umgebung\\\/\"]}]},{\"@type\":\"BreadcrumbList\",\"@id\":\"https:\\\/\\\/hotelpatriot.sk\\\/de\\\/umgebung\\\/#breadcrumb\",\"itemListElement\":[{\"@type\":\"ListItem\",\"position\":1,\"name\":\"Home\",\"item\":\"https:\\\/\\\/hotelpatriot.sk\\\/de\\\/\"},{\"@type\":\"ListItem\",\"position\":2,\"name\":\"Umgebung\"}]},{\"@type\":\"WebSite\",\"@id\":\"https:\\\/\\\/hotelpatriot.sk\\\/de\\\/#website\",\"url\":\"https:\\\/\\\/hotelpatriot.sk\\\/de\\\/\",\"name\":\"Hotel Patriot***\",\"description\":\"Hotel, ubytovanie Vranov nad Top\u013eou\",\"publisher\":{\"@id\":\"https:\\\/\\\/hotelpatriot.sk\\\/de\\\/#organization\"},\"potentialAction\":[{\"@type\":\"SearchAction\",\"target\":{\"@type\":\"EntryPoint\",\"urlTemplate\":\"https:\\\/\\\/hotelpatriot.sk\\\/de\\\/?s={search_term_string}\"},\"query-input\":{\"@type\":\"PropertyValueSpecification\",\"valueRequired\":true,\"valueName\":\"search_term_string\"}}],\"inLanguage\":\"de\"},{\"@type\":\"Organization\",\"@id\":\"https:\\\/\\\/hotelpatriot.sk\\\/de\\\/#organization\",\"name\":\"Hotel Patriot*** Vranov nad Top\u013eou\",\"alternateName\":\"Hotel Patriot***\",\"url\":\"https:\\\/\\\/hotelpatriot.sk\\\/de\\\/\",\"logo\":{\"@type\":\"ImageObject\",\"inLanguage\":\"de\",\"@id\":\"https:\\\/\\\/hotelpatriot.sk\\\/de\\\/#\\\/schema\\\/logo\\\/image\\\/\",\"url\":\"http:\\\/\\\/hotelpatriot.sk\\\/wp-content\\\/uploads\\\/2018\\\/11\\\/hotel-patriot-logo.jpg\",\"contentUrl\":\"http:\\\/\\\/hotelpatriot.sk\\\/wp-content\\\/uploads\\\/2018\\\/11\\\/hotel-patriot-logo.jpg\",\"width\":500,\"height\":500,\"caption\":\"Hotel Patriot*** Vranov nad Top\u013eou\"},\"image\":{\"@id\":\"https:\\\/\\\/hotelpatriot.sk\\\/de\\\/#\\\/schema\\\/logo\\\/image\\\/\"},\"sameAs\":[\"https:\\\/\\\/www.facebook.com\\\/hotel.patriot.vt\\\/\",\"https:\\\/\\\/x.com\\\/hotelpatriotvt\",\"https:\\\/\\\/www.instagram.com\\\/hotelpatriot\"]}]}<\/script>\n<!-- \/ Yoast SEO plugin. -->","yoast_head_json":{"title":"Umgebung - Hotel Patriot*** - Hotel, ubytovanie Vranov nad Top\u013eou","description":"Hotel Patriot*** pon\u00faka ubytovanie vysok\u00e9ho \u0161tandardu v 42 izb\u00e1ch a dvoch apartm\u00e1noch v \u0161ir\u0161om centre mesta Vranov nad Top\u013eou. S\u00fa\u010das\u0165ou hotela je re\u0161taur\u00e1cia, kaviare\u0148, bowling bar, kongresov\u00e9 centrum vhodn\u00e9 aj pre usporiadanie svadieb a fitness centrum. Hotel Patriot*** Vranov - hotel, ubytovanie.","robots":{"index":"index","follow":"follow","max-snippet":"max-snippet:-1","max-image-preview":"max-image-preview:large","max-video-preview":"max-video-preview:-1"},"canonical":"https:\/\/hotelpatriot.sk\/de\/umgebung\/","og_locale":"de_DE","og_type":"article","og_title":"Umgebung - Hotel Patriot*** - Hotel, ubytovanie Vranov nad Top\u013eou","og_description":"Hotel Patriot*** pon\u00faka ubytovanie vysok\u00e9ho \u0161tandardu v 42 izb\u00e1ch a dvoch apartm\u00e1noch v \u0161ir\u0161om centre mesta Vranov nad Top\u013eou. S\u00fa\u010das\u0165ou hotela je re\u0161taur\u00e1cia, kaviare\u0148, bowling bar, kongresov\u00e9 centrum vhodn\u00e9 aj pre usporiadanie svadieb a fitness centrum. Hotel Patriot*** Vranov - hotel, ubytovanie.","og_url":"https:\/\/hotelpatriot.sk\/de\/umgebung\/","og_site_name":"Hotel Patriot***","article_publisher":"https:\/\/www.facebook.com\/hotel.patriot.vt\/","article_modified_time":"2019-01-10T09:19:50+00:00","og_image":[{"width":1200,"height":630,"url":"https:\/\/hotelpatriot.sk\/wp-content\/uploads\/2026\/04\/logo1200x630.jpg","type":"image\/jpeg"}],"twitter_card":"summary_large_image","twitter_site":"@hotelpatriotvt","schema":{"@context":"https:\/\/schema.org","@graph":[{"@type":"WebPage","@id":"https:\/\/hotelpatriot.sk\/de\/umgebung\/","url":"https:\/\/hotelpatriot.sk\/de\/umgebung\/","name":"Umgebung - Hotel Patriot*** - Hotel, ubytovanie Vranov nad Top\u013eou","isPartOf":{"@id":"https:\/\/hotelpatriot.sk\/de\/#website"},"datePublished":"2017-09-19T08:54:52+00:00","dateModified":"2019-01-10T09:19:50+00:00","description":"Hotel Patriot*** pon\u00faka ubytovanie vysok\u00e9ho \u0161tandardu v 42 izb\u00e1ch a dvoch apartm\u00e1noch v \u0161ir\u0161om centre mesta Vranov nad Top\u013eou. S\u00fa\u010das\u0165ou hotela je re\u0161taur\u00e1cia, kaviare\u0148, bowling bar, kongresov\u00e9 centrum vhodn\u00e9 aj pre usporiadanie svadieb a fitness centrum. Hotel Patriot*** Vranov - hotel, ubytovanie.","breadcrumb":{"@id":"https:\/\/hotelpatriot.sk\/de\/umgebung\/#breadcrumb"},"inLanguage":"de","potentialAction":[{"@type":"ReadAction","target":["https:\/\/hotelpatriot.sk\/de\/umgebung\/"]}]},{"@type":"BreadcrumbList","@id":"https:\/\/hotelpatriot.sk\/de\/umgebung\/#breadcrumb","itemListElement":[{"@type":"ListItem","position":1,"name":"Home","item":"https:\/\/hotelpatriot.sk\/de\/"},{"@type":"ListItem","position":2,"name":"Umgebung"}]},{"@type":"WebSite","@id":"https:\/\/hotelpatriot.sk\/de\/#website","url":"https:\/\/hotelpatriot.sk\/de\/","name":"Hotel Patriot***","description":"Hotel, ubytovanie Vranov nad Top\u013eou","publisher":{"@id":"https:\/\/hotelpatriot.sk\/de\/#organization"},"potentialAction":[{"@type":"SearchAction","target":{"@type":"EntryPoint","urlTemplate":"https:\/\/hotelpatriot.sk\/de\/?s={search_term_string}"},"query-input":{"@type":"PropertyValueSpecification","valueRequired":true,"valueName":"search_term_string"}}],"inLanguage":"de"},{"@type":"Organization","@id":"https:\/\/hotelpatriot.sk\/de\/#organization","name":"Hotel Patriot*** Vranov nad Top\u013eou","alternateName":"Hotel Patriot***","url":"https:\/\/hotelpatriot.sk\/de\/","logo":{"@type":"ImageObject","inLanguage":"de","@id":"https:\/\/hotelpatriot.sk\/de\/#\/schema\/logo\/image\/","url":"http:\/\/hotelpatriot.sk\/wp-content\/uploads\/2018\/11\/hotel-patriot-logo.jpg","contentUrl":"http:\/\/hotelpatriot.sk\/wp-content\/uploads\/2018\/11\/hotel-patriot-logo.jpg","width":500,"height":500,"caption":"Hotel Patriot*** Vranov nad Top\u013eou"},"image":{"@id":"https:\/\/hotelpatriot.sk\/de\/#\/schema\/logo\/image\/"},"sameAs":["https:\/\/www.facebook.com\/hotel.patriot.vt\/","https:\/\/x.com\/hotelpatriotvt","https:\/\/www.instagram.com\/hotelpatriot"]}]}},"_links":{"self":[{"href":"https:\/\/hotelpatriot.sk\/de\/wp-json\/wp\/v2\/pages\/5475","targetHints":{"allow":["GET"]}}],"collection":[{"href":"https:\/\/hotelpatriot.sk\/de\/wp-json\/wp\/v2\/pages"}],"about":[{"href":"https:\/\/hotelpatriot.sk\/de\/wp-json\/wp\/v2\/types\/page"}],"author":[{"embeddable":true,"href":"https:\/\/hotelpatriot.sk\/de\/wp-json\/wp\/v2\/users\/1"}],"replies":[{"embeddable":true,"href":"https:\/\/hotelpatriot.sk\/de\/wp-json\/wp\/v2\/comments?post=5475"}],"version-history":[{"count":6,"href":"https:\/\/hotelpatriot.sk\/de\/wp-json\/wp\/v2\/pages\/5475\/revisions"}],"predecessor-version":[{"id":11487,"href":"https:\/\/hotelpatriot.sk\/de\/wp-json\/wp\/v2\/pages\/5475\/revisions\/11487"}],"wp:attachment":[{"href":"https:\/\/hotelpatriot.sk\/de\/wp-json\/wp\/v2\/media?parent=5475"}],"curies":[{"name":"wp","href":"https:\/\/api.w.org\/{rel}","templated":true}]}}