{"id":5314,"date":"2017-09-18T09:59:01","date_gmt":"2017-09-18T07:59:01","guid":{"rendered":"http:\/\/hotelpatriot.sk\/?page_id=5314\/"},"modified":"2026-01-16T11:36:50","modified_gmt":"2026-01-16T10:36:50","slug":"fitness-gym","status":"publish","type":"page","link":"https:\/\/hotelpatriot.sk\/de\/fitness-gym\/","title":{"rendered":"Fitness &#038; Gym"},"content":{"rendered":"<div class=\"menu-centered my-page-submenu-uni text-center\">\r\n<ul class=\"vertical large-horizontal menu\">\r\n<!--<li><a href=\"https:\/\/hotelpatriot.sk\/de\/specialne-ponuky\/fitness-menu\/\">Fitness-Men\u00fc<\/a><\/li>-->\r\n<li><a href=\"https:\/\/hotelpatriot.sk\/de\/galeria\/galeria-patriot-fitness\/\">Galerie fitness<\/a><\/li>\r\n<li><a href=\"https:\/\/hotelpatriot.sk\/de\/galeria\/galeria-patriot-gym\/\">Galerie gym<\/a><\/li>\r\n<\/ul>\r\n<\/div>\r\n\r\n<!--<div style=\"border: 3px solid #f5821f;padding: 0rem 2rem 2rem 1rem;margin-bottom: 1.5rem;text-align: center;\">\r\n<h2>Fitness centrum open<\/h2>\r\n<\/div>-->\r\n\r\n<h2>Patriot Fitness<\/h2>\r\n\r\n<p>Fitnesszentrum im Hotel Patriot bietet seinen Besuchern vollklimatisierte Zweigeschossr\u00e4ume mit der Fl\u00e4che von 320m2 an, die mit eigenen Sozialeinrichtungen, Duschen und Umkleider\u00e4umen ausgestattet sind. Die G\u00e4ste des Fitnesszentrums k\u00f6nnen einen ger\u00e4umigen Parkplatz von Hotel Patriot*** ausnutzen.<\/p>\r\n\r\n<h3>Ausr\u00fcstung<\/h3>\r\n<p>Bei der Auswahl der Ger\u00e4te bevorzugten wir die Qualit\u00e4t. Patriot Fitness ist mit spitzenm\u00e4\u00dfigen Kraftger\u00e4ten der Marke Nautilus ausger\u00fcstet, die mit deren Ausf\u00fchrung ein vollkommenes Krafttraining erm\u00f6glichen und zugleich das Verletzungsrisiko minimalisieren. Das Fitnesszentrum ist auch mit der Technik zur St\u00e4rkung des kardiovaskul\u00e4ren Systems. Hier finden Sie Laufb\u00e4nder, Ellipsentrainer, Treppen-Stepper, Ergometer und Ruderger\u00e4te Concept 2. Au\u00dfer den Kraftger\u00e4ten steht den Kunden auch die M\u00f6glichkeit des Trainings mit den Freigewichten zur Verf\u00fcgung. Selbstverst\u00e4ndig sind die Kurzhanteln von 1kg bis 50kg, sowie die Ger\u00e4te des funktionellen Trainings wie Kettlebells, TRX, Medizinb\u00e4lle, bzw. Flowin.<\/p>\r\n\r\n<h3>InBody 230<\/h3>\r\n\r\n<p>F\u00fcr unsere Klienten haben wir professionelle K\u00f6rperdiagnostik mittels des Ger\u00e4ts InBody 230 zur Verf\u00fcgung.<\/p>\r\n\r\n<div class=\"my-gallery-wrapper row\">\n<div class=\"my-gallery-thumbnail-wrapper small-12 medium-6 large-3 end columns\">\n<div class=\"my-gallery-thumbnail\">\n<a href=\"https:\/\/hotelpatriot.sk\/wp-content\/uploads\/2018\/11\/0.jpg\" data-lightbox=\"Gal\u00e9ria\" data-title=\"\"><img decoding=\"async\" src=\"https:\/\/hotelpatriot.sk\/wp-content\/uploads\/2018\/11\/0-800x500.jpg\" width=\"800\" height=\"500\" alt=\"\" title=\"\" \/><\/a>\n<\/div>\n<\/div>\n<div class=\"my-gallery-thumbnail-wrapper small-12 medium-6 large-3 end columns\">\n<div class=\"my-gallery-thumbnail\">\n<a href=\"https:\/\/hotelpatriot.sk\/wp-content\/uploads\/2018\/11\/2.jpg\" data-lightbox=\"Gal\u00e9ria\" data-title=\"\"><img decoding=\"async\" src=\"https:\/\/hotelpatriot.sk\/wp-content\/uploads\/2018\/11\/2-800x500.jpg\" width=\"800\" height=\"500\" alt=\"\" title=\"\" \/><\/a>\n<\/div>\n<\/div>\n<div class=\"my-gallery-thumbnail-wrapper small-12 medium-6 large-3 end columns\">\n<div class=\"my-gallery-thumbnail\">\n<a href=\"https:\/\/hotelpatriot.sk\/wp-content\/uploads\/2018\/11\/3.jpg\" data-lightbox=\"Gal\u00e9ria\" data-title=\"\"><img decoding=\"async\" src=\"https:\/\/hotelpatriot.sk\/wp-content\/uploads\/2018\/11\/3-800x500.jpg\" width=\"800\" height=\"500\" alt=\"\" title=\"\" \/><\/a>\n<\/div>\n<\/div>\n<div class=\"my-gallery-thumbnail-wrapper small-12 medium-6 large-3 end columns\">\n<div class=\"my-gallery-thumbnail\">\n<a href=\"https:\/\/hotelpatriot.sk\/wp-content\/uploads\/2018\/11\/1.jpg\" data-lightbox=\"Gal\u00e9ria\" data-title=\"\"><img decoding=\"async\" src=\"https:\/\/hotelpatriot.sk\/wp-content\/uploads\/2018\/11\/1-800x500.jpg\" width=\"800\" height=\"500\" alt=\"\" title=\"\" \/><\/a>\n<\/div>\n<\/div>\n<\/div>\n\r\n\r\n<h2>Patriot Gym<\/h2>\r\n\r\n<p>Kraft, Geschwindigkeit, Geschick, Stabilit\u00e4t. Das alles sind Fertigkeiten, die mehr oder weniger t\u00e4glicher Bestandteil und Bedarf unseres Lebens sind. Ob wir schwere M\u00f6bel \u00fcbertragen, beliebige Last heben, rechtzeitig zur Bushaltestelle kommen oder Stabilit\u00e4t bewahren wollen, um auf den vereisten Gehsteig nicht hinzufallen, fehlen uns diese f\u00fcr den Menschen nat\u00fcrlichen Fertigkeiten wegen der zu bequemen Lebensweise. Durch das funktionelle Training k\u00f6nnen wir sie in uns wieder entdecken und aufbauen. Das Hotel Patriot*** erfasste rechtzeitig diesen, unserer Meinung nach richtigen Trend im Sportbereich und entschloss sich wieder zu investieren. Anstatt der geplanten Nachtbar bereitete es f\u00fcr seine Klienten ein reelles funktionelles Gym, in dem der Eisen der Eisen ist und die einzige \u201eHilfsrolle\u201c deine richtige Technik, dein Geschick und deine ehrlich erbaute Kraft ist. Ihre Ausdauer k\u00f6nnen Sie hier mittels der professionellen Recken und der Menge von anderen Ger\u00e4ten testen.<\/p>\r\n\r\n<strong>Eintritt in Patriot Fitness und Patriot Gym f\u00fcr Personen unter 15 Jahren (einschlie\u00dflich) nur in Anwesenheit eines Erwachsenen oder Erziehungsberechtigten.<\/strong>\r\n\r\n<strong>Die Kapazit\u00e4t von Patriot Fitness &#038; Patriot Gym ist begrenzt. Weitere Informationen <a href=\"https:\/\/hotelpatriot.sk\/wp-content\/uploads\/2019\/03\/fitness-oznam.pdf\">hier<\/a>.<\/strong>\r\n\r\n<h3>\u00d6ffnungszeiten<\/h3>\r\n<p>Montag &#8211; Freitag<br \/>\r\n7:00 &#8211; 20:00<\/p>\r\n\r\n<p>Samstag &#8211; Sonntag<br \/>\r\n8:00 &#8211; 20:00<\/p>\r\n\r\n\r\n<h2>Preisliste<\/h2>\r\n\r\n<table class=\"stack\">\r\n  <tr>\r\n    <th>Typ des Eintritts<\/th>\r\n    <th>Beschreibung<\/th>\r\n    <th>Preis<\/th>\r\n  <\/tr>\r\n  <tr>\r\n    <td>Einmaliger Eintritt<\/td>\r\n    <td>Einmaliger Standardeintritt<\/td>\r\n    <td>7,00 \u20ac<\/td>\r\n  <\/tr>\r\n    <td class=\"tg-031e\">Monatskarte<\/td>\r\n    <td>Gilt 30 Tage ab Kauf, 1 Eintritt pro Tag, nicht \u00fcbertragbar<\/td>\r\n    <td class=\"t-cena\">57,00 \u20ac<\/td>\r\n  <\/tr>\r\n  <tr>\r\n    <td>Karte \u2013 Kredit 30 Euro<\/td>\r\n    <td><\/td>\r\n    <td>6,50 \u20ac<\/td>\r\n  <\/tr>\r\n  <tr>\r\n    <td>Karte \u2013 Kredit 50 Euro<\/td>\r\n    <td><\/td>\r\n    <td>6,20 \u20ac<\/td>\r\n  <\/tr>\r\n  <tr>\r\n    <td>Karte \u2013 Kredit 100 Euro<\/td>\r\n    <td><\/td>\r\n    <td>5,90 \u20ac<\/td>\r\n  <\/tr>\r\n<\/table>\r\n\r\n<p>Alle angef\u00fchrten Preise sind inkl. MwSt. Die Preise sind g\u00fcltig ab dem 20.1. 2026.<\/p>","protected":false},"excerpt":{"rendered":"Galerie fitness Galerie gym Patriot Fitness Fitnesszentrum im Hotel Patriot bietet seinen Besuchern vollklimatisierte Zweigeschossr\u00e4ume mit der Fl\u00e4che von 320m2 an, die mit eigenen Sozialeinrichtungen, Duschen und Umkleider\u00e4umen ausgestattet sind. Die G\u00e4ste des Fitnesszentrums k\u00f6nnen einen ger\u00e4umigen Parkplatz von Hotel Patriot*** ausnutzen. Ausr\u00fcstung Bei der Auswahl der Ger\u00e4te bevorzugten wir die Qualit\u00e4t. Patriot Fitness ist<a class=\"excerpt-read-more\" href=\"https:\/\/hotelpatriot.sk\/de\/fitness-gym\/\" title=\"ReadFitness &#038; Gym\">&#8230; Read more &raquo;<\/a>","protected":false},"author":1,"featured_media":0,"parent":0,"menu_order":0,"comment_status":"closed","ping_status":"closed","template":"template-full-width.php","meta":{"_acf_changed":false,"footnotes":""},"class_list":["post-5314","page","type-page","status-publish","hentry"],"acf":[],"yoast_head":"<!-- This site is optimized with the Yoast SEO plugin v27.5 - https:\/\/yoast.com\/product\/yoast-seo-wordpress\/ -->\n<title>Fitnesscenter - Patriot Fitness Hotel Patriot *** Vranov nad Toplou<\/title>\n<meta name=\"description\" content=\"Fitnesscenter im Hotel Patriot *** in Vranov n. T., vollklimatisierte Doppeldeckr\u00e4ume, soziale Einrichtungen, Duschen und Umkleidekabinen.\" \/>\n<meta name=\"robots\" content=\"index, follow, max-snippet:-1, max-image-preview:large, max-video-preview:-1\" \/>\n<link rel=\"canonical\" href=\"https:\/\/hotelpatriot.sk\/de\/fitness-gym\/\" \/>\n<meta property=\"og:locale\" content=\"de_DE\" \/>\n<meta property=\"og:type\" content=\"article\" \/>\n<meta property=\"og:title\" content=\"Fitnesscenter - Patriot Fitness Hotel Patriot *** Vranov nad Toplou\" \/>\n<meta property=\"og:description\" content=\"Fitnesscenter im Hotel Patriot *** in Vranov n. T., vollklimatisierte Doppeldeckr\u00e4ume, soziale Einrichtungen, Duschen und Umkleidekabinen.\" \/>\n<meta property=\"og:url\" content=\"https:\/\/hotelpatriot.sk\/de\/fitness-gym\/\" \/>\n<meta property=\"og:site_name\" content=\"Hotel Patriot***\" \/>\n<meta property=\"article:publisher\" content=\"https:\/\/www.facebook.com\/hotel.patriot.vt\/\" \/>\n<meta property=\"article:modified_time\" content=\"2026-01-16T10:36:50+00:00\" \/>\n<meta property=\"og:image\" content=\"https:\/\/hotelpatriot.sk\/wp-content\/uploads\/2026\/04\/logo1200x630.jpg\" \/>\n\t<meta property=\"og:image:width\" content=\"1200\" \/>\n\t<meta property=\"og:image:height\" content=\"630\" \/>\n\t<meta property=\"og:image:type\" content=\"image\/jpeg\" \/>\n<meta name=\"twitter:card\" content=\"summary_large_image\" \/>\n<meta name=\"twitter:site\" content=\"@hotelpatriotvt\" \/>\n<meta name=\"twitter:label1\" content=\"Gesch\u00e4tzte Lesezeit\" \/>\n\t<meta name=\"twitter:data1\" content=\"3\u00a0Minuten\" \/>\n<script type=\"application\/ld+json\" class=\"yoast-schema-graph\">{\"@context\":\"https:\\\/\\\/schema.org\",\"@graph\":[{\"@type\":\"WebPage\",\"@id\":\"https:\\\/\\\/hotelpatriot.sk\\\/de\\\/fitness-gym\\\/\",\"url\":\"https:\\\/\\\/hotelpatriot.sk\\\/de\\\/fitness-gym\\\/\",\"name\":\"Fitnesscenter - Patriot Fitness Hotel Patriot *** Vranov nad Toplou\",\"isPartOf\":{\"@id\":\"https:\\\/\\\/hotelpatriot.sk\\\/de\\\/#website\"},\"datePublished\":\"2017-09-18T07:59:01+00:00\",\"dateModified\":\"2026-01-16T10:36:50+00:00\",\"description\":\"Fitnesscenter im Hotel Patriot *** in Vranov n. T., vollklimatisierte Doppeldeckr\u00e4ume, soziale Einrichtungen, Duschen und Umkleidekabinen.\",\"breadcrumb\":{\"@id\":\"https:\\\/\\\/hotelpatriot.sk\\\/de\\\/fitness-gym\\\/#breadcrumb\"},\"inLanguage\":\"de\",\"potentialAction\":[{\"@type\":\"ReadAction\",\"target\":[\"https:\\\/\\\/hotelpatriot.sk\\\/de\\\/fitness-gym\\\/\"]}]},{\"@type\":\"BreadcrumbList\",\"@id\":\"https:\\\/\\\/hotelpatriot.sk\\\/de\\\/fitness-gym\\\/#breadcrumb\",\"itemListElement\":[{\"@type\":\"ListItem\",\"position\":1,\"name\":\"Home\",\"item\":\"https:\\\/\\\/hotelpatriot.sk\\\/de\\\/\"},{\"@type\":\"ListItem\",\"position\":2,\"name\":\"Fitness &#038; Gym\"}]},{\"@type\":\"WebSite\",\"@id\":\"https:\\\/\\\/hotelpatriot.sk\\\/de\\\/#website\",\"url\":\"https:\\\/\\\/hotelpatriot.sk\\\/de\\\/\",\"name\":\"Hotel Patriot***\",\"description\":\"Hotel, ubytovanie Vranov nad Top\u013eou\",\"publisher\":{\"@id\":\"https:\\\/\\\/hotelpatriot.sk\\\/de\\\/#organization\"},\"potentialAction\":[{\"@type\":\"SearchAction\",\"target\":{\"@type\":\"EntryPoint\",\"urlTemplate\":\"https:\\\/\\\/hotelpatriot.sk\\\/de\\\/?s={search_term_string}\"},\"query-input\":{\"@type\":\"PropertyValueSpecification\",\"valueRequired\":true,\"valueName\":\"search_term_string\"}}],\"inLanguage\":\"de\"},{\"@type\":\"Organization\",\"@id\":\"https:\\\/\\\/hotelpatriot.sk\\\/de\\\/#organization\",\"name\":\"Hotel Patriot*** Vranov nad Top\u013eou\",\"alternateName\":\"Hotel Patriot***\",\"url\":\"https:\\\/\\\/hotelpatriot.sk\\\/de\\\/\",\"logo\":{\"@type\":\"ImageObject\",\"inLanguage\":\"de\",\"@id\":\"https:\\\/\\\/hotelpatriot.sk\\\/de\\\/#\\\/schema\\\/logo\\\/image\\\/\",\"url\":\"http:\\\/\\\/hotelpatriot.sk\\\/wp-content\\\/uploads\\\/2018\\\/11\\\/hotel-patriot-logo.jpg\",\"contentUrl\":\"http:\\\/\\\/hotelpatriot.sk\\\/wp-content\\\/uploads\\\/2018\\\/11\\\/hotel-patriot-logo.jpg\",\"width\":500,\"height\":500,\"caption\":\"Hotel Patriot*** Vranov nad Top\u013eou\"},\"image\":{\"@id\":\"https:\\\/\\\/hotelpatriot.sk\\\/de\\\/#\\\/schema\\\/logo\\\/image\\\/\"},\"sameAs\":[\"https:\\\/\\\/www.facebook.com\\\/hotel.patriot.vt\\\/\",\"https:\\\/\\\/x.com\\\/hotelpatriotvt\",\"https:\\\/\\\/www.instagram.com\\\/hotelpatriot\"]}]}<\/script>\n<!-- \/ Yoast SEO plugin. -->","yoast_head_json":{"title":"Fitnesscenter - Patriot Fitness Hotel Patriot *** Vranov nad Toplou","description":"Fitnesscenter im Hotel Patriot *** in Vranov n. T., vollklimatisierte Doppeldeckr\u00e4ume, soziale Einrichtungen, Duschen und Umkleidekabinen.","robots":{"index":"index","follow":"follow","max-snippet":"max-snippet:-1","max-image-preview":"max-image-preview:large","max-video-preview":"max-video-preview:-1"},"canonical":"https:\/\/hotelpatriot.sk\/de\/fitness-gym\/","og_locale":"de_DE","og_type":"article","og_title":"Fitnesscenter - Patriot Fitness Hotel Patriot *** Vranov nad Toplou","og_description":"Fitnesscenter im Hotel Patriot *** in Vranov n. T., vollklimatisierte Doppeldeckr\u00e4ume, soziale Einrichtungen, Duschen und Umkleidekabinen.","og_url":"https:\/\/hotelpatriot.sk\/de\/fitness-gym\/","og_site_name":"Hotel Patriot***","article_publisher":"https:\/\/www.facebook.com\/hotel.patriot.vt\/","article_modified_time":"2026-01-16T10:36:50+00:00","og_image":[{"width":1200,"height":630,"url":"https:\/\/hotelpatriot.sk\/wp-content\/uploads\/2026\/04\/logo1200x630.jpg","type":"image\/jpeg"}],"twitter_card":"summary_large_image","twitter_site":"@hotelpatriotvt","twitter_misc":{"Gesch\u00e4tzte Lesezeit":"3\u00a0Minuten"},"schema":{"@context":"https:\/\/schema.org","@graph":[{"@type":"WebPage","@id":"https:\/\/hotelpatriot.sk\/de\/fitness-gym\/","url":"https:\/\/hotelpatriot.sk\/de\/fitness-gym\/","name":"Fitnesscenter - Patriot Fitness Hotel Patriot *** Vranov nad Toplou","isPartOf":{"@id":"https:\/\/hotelpatriot.sk\/de\/#website"},"datePublished":"2017-09-18T07:59:01+00:00","dateModified":"2026-01-16T10:36:50+00:00","description":"Fitnesscenter im Hotel Patriot *** in Vranov n. T., vollklimatisierte Doppeldeckr\u00e4ume, soziale Einrichtungen, Duschen und Umkleidekabinen.","breadcrumb":{"@id":"https:\/\/hotelpatriot.sk\/de\/fitness-gym\/#breadcrumb"},"inLanguage":"de","potentialAction":[{"@type":"ReadAction","target":["https:\/\/hotelpatriot.sk\/de\/fitness-gym\/"]}]},{"@type":"BreadcrumbList","@id":"https:\/\/hotelpatriot.sk\/de\/fitness-gym\/#breadcrumb","itemListElement":[{"@type":"ListItem","position":1,"name":"Home","item":"https:\/\/hotelpatriot.sk\/de\/"},{"@type":"ListItem","position":2,"name":"Fitness &#038; Gym"}]},{"@type":"WebSite","@id":"https:\/\/hotelpatriot.sk\/de\/#website","url":"https:\/\/hotelpatriot.sk\/de\/","name":"Hotel Patriot***","description":"Hotel, ubytovanie Vranov nad Top\u013eou","publisher":{"@id":"https:\/\/hotelpatriot.sk\/de\/#organization"},"potentialAction":[{"@type":"SearchAction","target":{"@type":"EntryPoint","urlTemplate":"https:\/\/hotelpatriot.sk\/de\/?s={search_term_string}"},"query-input":{"@type":"PropertyValueSpecification","valueRequired":true,"valueName":"search_term_string"}}],"inLanguage":"de"},{"@type":"Organization","@id":"https:\/\/hotelpatriot.sk\/de\/#organization","name":"Hotel Patriot*** Vranov nad Top\u013eou","alternateName":"Hotel Patriot***","url":"https:\/\/hotelpatriot.sk\/de\/","logo":{"@type":"ImageObject","inLanguage":"de","@id":"https:\/\/hotelpatriot.sk\/de\/#\/schema\/logo\/image\/","url":"http:\/\/hotelpatriot.sk\/wp-content\/uploads\/2018\/11\/hotel-patriot-logo.jpg","contentUrl":"http:\/\/hotelpatriot.sk\/wp-content\/uploads\/2018\/11\/hotel-patriot-logo.jpg","width":500,"height":500,"caption":"Hotel Patriot*** Vranov nad Top\u013eou"},"image":{"@id":"https:\/\/hotelpatriot.sk\/de\/#\/schema\/logo\/image\/"},"sameAs":["https:\/\/www.facebook.com\/hotel.patriot.vt\/","https:\/\/x.com\/hotelpatriotvt","https:\/\/www.instagram.com\/hotelpatriot"]}]}},"_links":{"self":[{"href":"https:\/\/hotelpatriot.sk\/de\/wp-json\/wp\/v2\/pages\/5314","targetHints":{"allow":["GET"]}}],"collection":[{"href":"https:\/\/hotelpatriot.sk\/de\/wp-json\/wp\/v2\/pages"}],"about":[{"href":"https:\/\/hotelpatriot.sk\/de\/wp-json\/wp\/v2\/types\/page"}],"author":[{"embeddable":true,"href":"https:\/\/hotelpatriot.sk\/de\/wp-json\/wp\/v2\/users\/1"}],"replies":[{"embeddable":true,"href":"https:\/\/hotelpatriot.sk\/de\/wp-json\/wp\/v2\/comments?post=5314"}],"version-history":[{"count":39,"href":"https:\/\/hotelpatriot.sk\/de\/wp-json\/wp\/v2\/pages\/5314\/revisions"}],"predecessor-version":[{"id":20490,"href":"https:\/\/hotelpatriot.sk\/de\/wp-json\/wp\/v2\/pages\/5314\/revisions\/20490"}],"wp:attachment":[{"href":"https:\/\/hotelpatriot.sk\/de\/wp-json\/wp\/v2\/media?parent=5314"}],"curies":[{"name":"wp","href":"https:\/\/api.w.org\/{rel}","templated":true}]}}