{"id":12271,"date":"2019-02-05T09:43:26","date_gmt":"2019-02-05T08:43:26","guid":{"rendered":"https:\/\/hotelpatriot.sk\/valentinska-sutaz\/"},"modified":"2020-01-21T10:25:13","modified_gmt":"2020-01-21T09:25:13","slug":"podmienky-sutaze","status":"publish","type":"page","link":"https:\/\/hotelpatriot.sk\/de\/podmienky-sutaze\/","title":{"rendered":"Podmienky s\u00fa\u0165a\u017ee"},"content":{"rendered":"<div class=\"text-center\">\r\n<h2>S\u00fa\u0165a\u017e: Romantick\u00e1 ve\u010dera pre dvoch<\/h2>\r\n\r\n<!--<strong>V\u00ed\u0165az: <\/strong>-->\r\n\r\n<div style=\"padding-top: 2.5rem;\">\r\n<iframe src=\"https:\/\/www.facebook.com\/plugins\/video.php?href=https%3A%2F%2Fwww.facebook.com%2Fhotel.patriot.vt%2Fvideos%2F3592082410862882%2F&#038;show_text=0&#038;width=269\" width=\"269\" height=\"476\" style=\"border:none;overflow:hidden\" scrolling=\"no\" frameborder=\"0\" allowTransparency=\"true\" allowFullScreen=\"true\"><\/iframe>\r\n<\/div>\r\n\r\n<h2>\u00davod<\/h2>\r\n<p>V\u0161eobecn\u00e9 podmienky s\u00fa\u0165a\u017ee sa pou\u017eij\u00fa v r\u00e1mci aktiv\u00edt port\u00e1lu hotelpatriot.sk, pokia\u013e osobitn\u00e9 pravidl\u00e1 konkr\u00e9tnej s\u00fa\u0165a\u017ee neustanovuj\u00fa inak. V\u0161eobecn\u00e9  podmienky  s\u00fa\u0165a\u017e\u00ed stanovuj\u00fa podmienky pre prihl\u00e1senie,  \u00fa\u010das\u0165, z\u00edskanie a odovzdanie v\u00fdhry v s\u00fa\u0165a\u017ei, a popisuj\u00fa pr\u00e1va a povinnosti s\u00fa\u0165a\u017eiacich, a tie\u017e zabezpe\u010denie ochrany osobn\u00fdch \u00fadajov v zmysle z\u00e1kona 428\/2002 Z.z. o ochrane osobn\u00fdch \u00fadajov v znen\u00ed neskor\u0161\u00edch predpisov.<\/p>\r\n\r\n<h2>\u00da\u010del s\u00fa\u0165a\u017ee a organiz\u00e1tor<\/h2>\r\n\r\n<p>\u00da\u010delom s\u00fa\u0165a\u017ee na str\u00e1nke Hotela Patriot*** na Facebooku je reklama a propag\u00e1cia internetovej str\u00e1nky hotelpatriot.sk organiz\u00e1tora s\u00fa\u0165a\u017ee.<\/p>\r\n\r\n<p>Organiz\u00e1tor s\u00fa\u0165a\u017ee je spolo\u010dnos\u0165 T and B, s.r.o. (Hotel Patriot***), B. N\u011bmcovej 1, 093 01 Vranov nad Top\u013eou, Slovensko, I\u010cO: 36445045.<\/p>\r\n\r\n<h2>Za\u010diatok a ukon\u010denie s\u00fa\u0165a\u017ee<\/h2>\r\n\r\n<p>Do s\u00fa\u0165a\u017ee sa u\u017e\u00edvatelia Facebooku m\u00f4\u017eu zapoji\u0165 v obdob\u00ed od 20.1. 2020 do 12.2. 2020 (do 23:59:59).<\/p>\r\n\r\n<p>Ukon\u010denie s\u00fa\u0165a\u017ee m\u00f4\u017ee by\u0165 upraven\u00e9 organiz\u00e1torom.<\/p>\r\n\r\n<h2>\u017drebovanie<\/h2>\r\n\u017drebovanie prebehne 13.2. 2020.\r\n\r\n<h2>V\u00fdhra<\/h2>\r\n<p>V\u00fdhrou v s\u00fa\u0165a\u017ei je romantick\u00e1 ve\u010dera pre dvoch s re\u0161taur\u00e1cii Hotela Partiot***.<\/p>\r\n\r\n<h2>Podmienky \u00fa\u010dasti<\/h2>\r\n<p>Podmienkou \u00fa\u010dasti je zdie\u013eanie pr\u00edspevku na Facebooku s videom &#8222;Dezert &#8211; zlat\u00e1 \u010dokol\u00e1dov\u00e1 gu\u013ea&#8220;. Do s\u00fa\u0165a\u017ee sa m\u00f4\u017ee zapoji\u0165 ka\u017ed\u00fd vo veku minim\u00e1lne 18 rokov. Do s\u00fa\u0165a\u017ee nebud\u00fa zaraden\u00ed zamestnanci spolo\u010dnosti Hotela Patriot***. Kv\u00f4li mo\u017enosti vy\u017erebovania mus\u00ed ma\u0165 s\u00fa\u0165a\u017eiaci povolen\u00fa vidite\u013enos\u0165 likeov\/zdielania na Facebooku pre verejnos\u0165 v nastaveniach ochrany s\u00fakromia. Inak je jeho hlas pri \u017erebovan\u00ed nevidite\u013en\u00fd.<\/p>\r\n\r\n<h2>Odovzdanie v\u00fdhry<\/h2>\r\n<p>V\u00fdherca s\u00fa\u0165a\u017ee bude vy\u017erebovan\u00fd z u\u017e\u00edvate\u013eov Facebooku, ktor\u00ed na Facebooku zazdie\u013eali pr\u00edspevok s\u00fa\u0165a\u017ee. V\u00fdherca bude kontaktovan\u00fd prostredn\u00edctvom Facebooku (spr\u00e1va). V pr\u00edpade, \u017ee sa nepodar\u00ed kontaktova\u0165 v\u00fdhercu, v\u00fdhra prepadne \u010fal\u0161iemu vy\u017erebovan\u00e9mu s\u00fa\u0165a\u017eiacemu v porad\u00ed.<\/p>\r\n\r\n<h2>Ochrana osobn\u00fdch \u00fadajov<\/h2>\r\n\u00da\u010dastn\u00edci prihl\u00e1sen\u00edm do s\u00fa\u0165a\u017ee d\u00e1vaj\u00fa Organiz\u00e1torovi svoj v\u00fdslovn\u00fd s\u00fahlas so spracovan\u00edm osobn\u00fdch \u00fadajov, ktor\u00fdmi s\u00fa poskytnut\u00e9 identifika\u010dn\u00e9 \u00fadaje \u00fa\u010dastn\u00edka s\u00fa\u0165a\u017ee (meno, priezvisko) ako aj so spracovan\u00edm \u00fadajov za \u00fa\u010delom realiz\u00e1cie s\u00fa\u0165a\u017ee a odovzdania v\u00fdhry v priebehu s\u00fa\u0165a\u017ee a po jej skon\u010den\u00ed a pre potreby riadnej identifik\u00e1cie \u00fa\u010dastn\u00edka s\u00fa\u0165a\u017ee. V\u00fdherca s\u00fa\u0165a\u017ee bude zverejnen\u00fd na internetovej str\u00e1nke www.hotelpatriot.sk a na str\u00e1nke Hotela Patriot*** na Facebooku.<\/p>\r\n\r\n<h2>Odobitn\u00e9 ustanovenia<\/h2>\r\n<p>Organiz\u00e1tor si vyhradzuje pr\u00e1vo kone\u010dn\u00e9ho rozhodnutia vo v\u0161etk\u00fdch z\u00e1le\u017eitostiach s\u00favisiacich s usporiadan\u00edm S\u00fa\u0165a\u017ee, a to vr\u00e1tane jej preru\u0161enia, odvolania, doby platnosti alebo \u00fapravy jej pravidiel vr\u00e1tane pr\u00e1va nahradi\u0165 deklarovan\u00fa v\u00fdhru inou cenou obdobn\u00e9ho typu a zodpovedaj\u00facej hodnoty.<\/p>\r\n\r\n<p>Organiz\u00e1tor si vyhradzuje  pre pr\u00edpad podozrenia z poru\u0161ovania t\u00fdchto podmienok s\u00fa\u0165a\u017e\u00ed, najm\u00e4 pre  pr\u00edpad z\u00edskavania  v\u00fdhier v rozpore so  v\u0161eobecn\u00fdmi  a osobitn\u00fdmi podmienkami  a dobr\u00fdmi mravmi, zneu\u017e\u00edvania mechanizmu a v\u00fdhod  s\u00fa\u0165a\u017ee, pr\u00e1vo s\u00fa\u0165a\u017eiacemu odmietnu\u0165 mo\u017enos\u0165 \u00fa\u010dasti v s\u00fa\u0165a\u017ei a pr\u00e1vo v\u00fdhercovi v\u00fdhru neposkytn\u00fa\u0165, a to aj so sp\u00e4tnou \u00fa\u010dinnos\u0165ou. Organiz\u00e1tor s\u00fa\u0165a\u017ee si vyhradzuje pr\u00e1vo Pravidl\u00e1 kedyko\u013evek zmeni\u0165, S\u00fa\u0165a\u017e skr\u00e1ti\u0165, pred\u013a\u017ei\u0165, odlo\u017ei\u0165, preru\u0161i\u0165 \u010di bez n\u00e1hrady ukon\u010di\u0165. Zmenu Pravidiel Organiz\u00e1tor vhodn\u00fdm sp\u00f4sobom zverejn\u00ed na str\u00e1nke hotelpatriot.sk.<\/p>\r\n\r\n<p>V\u00fdsledky S\u00fa\u0165a\u017ee s\u00fa kone\u010dn\u00e9, bez mo\u017enost\u00ed odvolania sa. S\u00fa\u0165a\u017eiaci ber\u00fa na vedomie, \u017ee nem\u00f4\u017eu po\u017eadova\u0165 cenu vo vy\u0161\u0161ej hodnote alebo vo v\u00e4\u010d\u0161om mno\u017estve ako ur\u010dil Organiz\u00e1tor a namiesto v\u00fdhier nie je mo\u017en\u00e9 po\u017eadova\u0165 pe\u0148a\u017en\u00e9 plnenie.<\/p>\r\n\r\n<p>Organiz\u00e1tor S\u00fa\u0165a\u017ee nenesie zodpovednos\u0165 za ak\u00e9ko\u013evek rizik\u00e1 a z\u00e1v\u00e4zky s\u00favisiace s v\u00fdhrou a jej u\u017e\u00edvan\u00edm. S\u00fa\u0165a\u017eiaci ber\u00fa na vedomie, \u017ee v\u00fdhry zo st\u00e1vok a hier nie je mo\u017en\u00e9 vym\u00e1ha\u0165.\r\nV pr\u00edpade, \u017ee v\u00fdhercom sa stane osoba, ktor\u00e1 nie je plnolet\u00e1 alebo nie je sp\u00f4sobil\u00e1 na pr\u00e1vne \u00fakony v plnom rozsahu, v\u00fdhra bude odovzdan\u00e1 jej z\u00e1konn\u00e9mu z\u00e1stupcovi alebo opatrovn\u00edkovi, pr\u00edpadne prepadne \u010fal\u0161iemu vy\u017erebovan\u00e9mu s\u00fa\u0165a\u017eiacemu v porad\u00ed.<\/p>\r\n\r\n<\/div>","protected":false},"excerpt":{"rendered":"S\u00fa\u0165a\u017e: Romantick\u00e1 ve\u010dera pre dvoch \u00davod V\u0161eobecn\u00e9 podmienky s\u00fa\u0165a\u017ee sa pou\u017eij\u00fa v r\u00e1mci aktiv\u00edt port\u00e1lu hotelpatriot.sk, pokia\u013e osobitn\u00e9 pravidl\u00e1 konkr\u00e9tnej s\u00fa\u0165a\u017ee neustanovuj\u00fa inak. V\u0161eobecn\u00e9 podmienky s\u00fa\u0165a\u017e\u00ed stanovuj\u00fa podmienky pre prihl\u00e1senie, \u00fa\u010das\u0165, z\u00edskanie a odovzdanie v\u00fdhry v s\u00fa\u0165a\u017ei, a popisuj\u00fa pr\u00e1va a povinnosti s\u00fa\u0165a\u017eiacich, a tie\u017e zabezpe\u010denie ochrany osobn\u00fdch \u00fadajov v zmysle z\u00e1kona 428\/2002 Z.z. o<a class=\"excerpt-read-more\" href=\"https:\/\/hotelpatriot.sk\/de\/podmienky-sutaze\/\" title=\"ReadPodmienky s\u00fa\u0165a\u017ee\">&#8230; Read more &raquo;<\/a>","protected":false},"author":1,"featured_media":0,"parent":0,"menu_order":0,"comment_status":"closed","ping_status":"closed","template":"template-full-width.php","meta":{"_acf_changed":false,"footnotes":""},"class_list":["post-12271","page","type-page","status-publish","hentry"],"acf":[],"yoast_head":"<!-- This site is optimized with the Yoast SEO plugin v27.6 - https:\/\/yoast.com\/product\/yoast-seo-wordpress\/ -->\n<title>Podmienky s\u00fa\u0165a\u017ee<\/title>\n<meta name=\"description\" content=\"Hotel Patriot*** pon\u00faka ubytovanie vysok\u00e9ho \u0161tandardu v 42 izb\u00e1ch a dvoch apartm\u00e1noch v \u0161ir\u0161om centre mesta Vranov nad Top\u013eou. S\u00fa\u010das\u0165ou hotela je re\u0161taur\u00e1cia, kaviare\u0148, bowling bar, kongresov\u00e9 centrum vhodn\u00e9 aj pre usporiadanie svadieb a fitness centrum. Hotel Patriot*** Vranov - hotel, ubytovanie.\" \/>\n<meta name=\"robots\" content=\"index, nofollow, max-snippet:-1, max-image-preview:large, max-video-preview:-1\" \/>\n<link rel=\"canonical\" href=\"https:\/\/hotelpatriot.sk\/de\/podmienky-sutaze\/\" \/>\n<meta property=\"og:locale\" content=\"de_DE\" \/>\n<meta property=\"og:type\" content=\"article\" \/>\n<meta property=\"og:title\" content=\"Podmienky s\u00fa\u0165a\u017ee\" \/>\n<meta property=\"og:description\" content=\"Hotel Patriot*** pon\u00faka ubytovanie vysok\u00e9ho \u0161tandardu v 42 izb\u00e1ch a dvoch apartm\u00e1noch v \u0161ir\u0161om centre mesta Vranov nad Top\u013eou. S\u00fa\u010das\u0165ou hotela je re\u0161taur\u00e1cia, kaviare\u0148, bowling bar, kongresov\u00e9 centrum vhodn\u00e9 aj pre usporiadanie svadieb a fitness centrum. Hotel Patriot*** Vranov - hotel, ubytovanie.\" \/>\n<meta property=\"og:url\" content=\"https:\/\/hotelpatriot.sk\/de\/podmienky-sutaze\/\" \/>\n<meta property=\"og:site_name\" content=\"Hotel Patriot***\" \/>\n<meta property=\"article:publisher\" content=\"https:\/\/www.facebook.com\/hotel.patriot.vt\/\" \/>\n<meta property=\"article:modified_time\" content=\"2020-01-21T09:25:13+00:00\" \/>\n<meta property=\"og:image\" content=\"https:\/\/hotelpatriot.sk\/wp-content\/uploads\/2026\/04\/logo1200x630.jpg\" \/>\n\t<meta property=\"og:image:width\" content=\"1200\" \/>\n\t<meta property=\"og:image:height\" content=\"630\" \/>\n\t<meta property=\"og:image:type\" content=\"image\/jpeg\" \/>\n<meta name=\"twitter:card\" content=\"summary_large_image\" \/>\n<meta name=\"twitter:site\" content=\"@hotelpatriotvt\" \/>\n<meta name=\"twitter:label1\" content=\"Gesch\u00e4tzte Lesezeit\" \/>\n\t<meta name=\"twitter:data1\" content=\"4\u00a0Minuten\" \/>\n<script type=\"application\/ld+json\" class=\"yoast-schema-graph\">{\"@context\":\"https:\\\/\\\/schema.org\",\"@graph\":[{\"@type\":\"WebPage\",\"@id\":\"https:\\\/\\\/hotelpatriot.sk\\\/de\\\/podmienky-sutaze\\\/\",\"url\":\"https:\\\/\\\/hotelpatriot.sk\\\/de\\\/podmienky-sutaze\\\/\",\"name\":\"Podmienky s\u00fa\u0165a\u017ee\",\"isPartOf\":{\"@id\":\"https:\\\/\\\/hotelpatriot.sk\\\/de\\\/#website\"},\"datePublished\":\"2019-02-05T08:43:26+00:00\",\"dateModified\":\"2020-01-21T09:25:13+00:00\",\"description\":\"Hotel Patriot*** pon\u00faka ubytovanie vysok\u00e9ho \u0161tandardu v 42 izb\u00e1ch a dvoch apartm\u00e1noch v \u0161ir\u0161om centre mesta Vranov nad Top\u013eou. S\u00fa\u010das\u0165ou hotela je re\u0161taur\u00e1cia, kaviare\u0148, bowling bar, kongresov\u00e9 centrum vhodn\u00e9 aj pre usporiadanie svadieb a fitness centrum. Hotel Patriot*** Vranov - hotel, ubytovanie.\",\"breadcrumb\":{\"@id\":\"https:\\\/\\\/hotelpatriot.sk\\\/de\\\/podmienky-sutaze\\\/#breadcrumb\"},\"inLanguage\":\"de\",\"potentialAction\":[{\"@type\":\"ReadAction\",\"target\":[\"https:\\\/\\\/hotelpatriot.sk\\\/de\\\/podmienky-sutaze\\\/\"]}]},{\"@type\":\"BreadcrumbList\",\"@id\":\"https:\\\/\\\/hotelpatriot.sk\\\/de\\\/podmienky-sutaze\\\/#breadcrumb\",\"itemListElement\":[{\"@type\":\"ListItem\",\"position\":1,\"name\":\"Home\",\"item\":\"https:\\\/\\\/hotelpatriot.sk\\\/de\\\/\"},{\"@type\":\"ListItem\",\"position\":2,\"name\":\"Podmienky s\u00fa\u0165a\u017ee\"}]},{\"@type\":\"WebSite\",\"@id\":\"https:\\\/\\\/hotelpatriot.sk\\\/de\\\/#website\",\"url\":\"https:\\\/\\\/hotelpatriot.sk\\\/de\\\/\",\"name\":\"Hotel Patriot***\",\"description\":\"Hotel, ubytovanie Vranov nad Top\u013eou\",\"publisher\":{\"@id\":\"https:\\\/\\\/hotelpatriot.sk\\\/de\\\/#organization\"},\"potentialAction\":[{\"@type\":\"SearchAction\",\"target\":{\"@type\":\"EntryPoint\",\"urlTemplate\":\"https:\\\/\\\/hotelpatriot.sk\\\/de\\\/?s={search_term_string}\"},\"query-input\":{\"@type\":\"PropertyValueSpecification\",\"valueRequired\":true,\"valueName\":\"search_term_string\"}}],\"inLanguage\":\"de\"},{\"@type\":\"Organization\",\"@id\":\"https:\\\/\\\/hotelpatriot.sk\\\/de\\\/#organization\",\"name\":\"Hotel Patriot*** Vranov nad Top\u013eou\",\"alternateName\":\"Hotel Patriot***\",\"url\":\"https:\\\/\\\/hotelpatriot.sk\\\/de\\\/\",\"logo\":{\"@type\":\"ImageObject\",\"inLanguage\":\"de\",\"@id\":\"https:\\\/\\\/hotelpatriot.sk\\\/de\\\/#\\\/schema\\\/logo\\\/image\\\/\",\"url\":\"http:\\\/\\\/hotelpatriot.sk\\\/wp-content\\\/uploads\\\/2018\\\/11\\\/hotel-patriot-logo.jpg\",\"contentUrl\":\"http:\\\/\\\/hotelpatriot.sk\\\/wp-content\\\/uploads\\\/2018\\\/11\\\/hotel-patriot-logo.jpg\",\"width\":500,\"height\":500,\"caption\":\"Hotel Patriot*** Vranov nad Top\u013eou\"},\"image\":{\"@id\":\"https:\\\/\\\/hotelpatriot.sk\\\/de\\\/#\\\/schema\\\/logo\\\/image\\\/\"},\"sameAs\":[\"https:\\\/\\\/www.facebook.com\\\/hotel.patriot.vt\\\/\",\"https:\\\/\\\/x.com\\\/hotelpatriotvt\",\"https:\\\/\\\/www.instagram.com\\\/hotelpatriot\"]}]}<\/script>\n<!-- \/ Yoast SEO plugin. -->","yoast_head_json":{"title":"Podmienky s\u00fa\u0165a\u017ee","description":"Hotel Patriot*** pon\u00faka ubytovanie vysok\u00e9ho \u0161tandardu v 42 izb\u00e1ch a dvoch apartm\u00e1noch v \u0161ir\u0161om centre mesta Vranov nad Top\u013eou. S\u00fa\u010das\u0165ou hotela je re\u0161taur\u00e1cia, kaviare\u0148, bowling bar, kongresov\u00e9 centrum vhodn\u00e9 aj pre usporiadanie svadieb a fitness centrum. Hotel Patriot*** Vranov - hotel, ubytovanie.","robots":{"index":"index","follow":"nofollow","max-snippet":"max-snippet:-1","max-image-preview":"max-image-preview:large","max-video-preview":"max-video-preview:-1"},"canonical":"https:\/\/hotelpatriot.sk\/de\/podmienky-sutaze\/","og_locale":"de_DE","og_type":"article","og_title":"Podmienky s\u00fa\u0165a\u017ee","og_description":"Hotel Patriot*** pon\u00faka ubytovanie vysok\u00e9ho \u0161tandardu v 42 izb\u00e1ch a dvoch apartm\u00e1noch v \u0161ir\u0161om centre mesta Vranov nad Top\u013eou. S\u00fa\u010das\u0165ou hotela je re\u0161taur\u00e1cia, kaviare\u0148, bowling bar, kongresov\u00e9 centrum vhodn\u00e9 aj pre usporiadanie svadieb a fitness centrum. Hotel Patriot*** Vranov - hotel, ubytovanie.","og_url":"https:\/\/hotelpatriot.sk\/de\/podmienky-sutaze\/","og_site_name":"Hotel Patriot***","article_publisher":"https:\/\/www.facebook.com\/hotel.patriot.vt\/","article_modified_time":"2020-01-21T09:25:13+00:00","og_image":[{"width":1200,"height":630,"url":"https:\/\/hotelpatriot.sk\/wp-content\/uploads\/2026\/04\/logo1200x630.jpg","type":"image\/jpeg"}],"twitter_card":"summary_large_image","twitter_site":"@hotelpatriotvt","twitter_misc":{"Gesch\u00e4tzte Lesezeit":"4\u00a0Minuten"},"schema":{"@context":"https:\/\/schema.org","@graph":[{"@type":"WebPage","@id":"https:\/\/hotelpatriot.sk\/de\/podmienky-sutaze\/","url":"https:\/\/hotelpatriot.sk\/de\/podmienky-sutaze\/","name":"Podmienky s\u00fa\u0165a\u017ee","isPartOf":{"@id":"https:\/\/hotelpatriot.sk\/de\/#website"},"datePublished":"2019-02-05T08:43:26+00:00","dateModified":"2020-01-21T09:25:13+00:00","description":"Hotel Patriot*** pon\u00faka ubytovanie vysok\u00e9ho \u0161tandardu v 42 izb\u00e1ch a dvoch apartm\u00e1noch v \u0161ir\u0161om centre mesta Vranov nad Top\u013eou. S\u00fa\u010das\u0165ou hotela je re\u0161taur\u00e1cia, kaviare\u0148, bowling bar, kongresov\u00e9 centrum vhodn\u00e9 aj pre usporiadanie svadieb a fitness centrum. Hotel Patriot*** Vranov - hotel, ubytovanie.","breadcrumb":{"@id":"https:\/\/hotelpatriot.sk\/de\/podmienky-sutaze\/#breadcrumb"},"inLanguage":"de","potentialAction":[{"@type":"ReadAction","target":["https:\/\/hotelpatriot.sk\/de\/podmienky-sutaze\/"]}]},{"@type":"BreadcrumbList","@id":"https:\/\/hotelpatriot.sk\/de\/podmienky-sutaze\/#breadcrumb","itemListElement":[{"@type":"ListItem","position":1,"name":"Home","item":"https:\/\/hotelpatriot.sk\/de\/"},{"@type":"ListItem","position":2,"name":"Podmienky s\u00fa\u0165a\u017ee"}]},{"@type":"WebSite","@id":"https:\/\/hotelpatriot.sk\/de\/#website","url":"https:\/\/hotelpatriot.sk\/de\/","name":"Hotel Patriot***","description":"Hotel, ubytovanie Vranov nad Top\u013eou","publisher":{"@id":"https:\/\/hotelpatriot.sk\/de\/#organization"},"potentialAction":[{"@type":"SearchAction","target":{"@type":"EntryPoint","urlTemplate":"https:\/\/hotelpatriot.sk\/de\/?s={search_term_string}"},"query-input":{"@type":"PropertyValueSpecification","valueRequired":true,"valueName":"search_term_string"}}],"inLanguage":"de"},{"@type":"Organization","@id":"https:\/\/hotelpatriot.sk\/de\/#organization","name":"Hotel Patriot*** Vranov nad Top\u013eou","alternateName":"Hotel Patriot***","url":"https:\/\/hotelpatriot.sk\/de\/","logo":{"@type":"ImageObject","inLanguage":"de","@id":"https:\/\/hotelpatriot.sk\/de\/#\/schema\/logo\/image\/","url":"http:\/\/hotelpatriot.sk\/wp-content\/uploads\/2018\/11\/hotel-patriot-logo.jpg","contentUrl":"http:\/\/hotelpatriot.sk\/wp-content\/uploads\/2018\/11\/hotel-patriot-logo.jpg","width":500,"height":500,"caption":"Hotel Patriot*** Vranov nad Top\u013eou"},"image":{"@id":"https:\/\/hotelpatriot.sk\/de\/#\/schema\/logo\/image\/"},"sameAs":["https:\/\/www.facebook.com\/hotel.patriot.vt\/","https:\/\/x.com\/hotelpatriotvt","https:\/\/www.instagram.com\/hotelpatriot"]}]}},"_links":{"self":[{"href":"https:\/\/hotelpatriot.sk\/de\/wp-json\/wp\/v2\/pages\/12271","targetHints":{"allow":["GET"]}}],"collection":[{"href":"https:\/\/hotelpatriot.sk\/de\/wp-json\/wp\/v2\/pages"}],"about":[{"href":"https:\/\/hotelpatriot.sk\/de\/wp-json\/wp\/v2\/types\/page"}],"author":[{"embeddable":true,"href":"https:\/\/hotelpatriot.sk\/de\/wp-json\/wp\/v2\/users\/1"}],"replies":[{"embeddable":true,"href":"https:\/\/hotelpatriot.sk\/de\/wp-json\/wp\/v2\/comments?post=12271"}],"version-history":[{"count":18,"href":"https:\/\/hotelpatriot.sk\/de\/wp-json\/wp\/v2\/pages\/12271\/revisions"}],"predecessor-version":[{"id":14744,"href":"https:\/\/hotelpatriot.sk\/de\/wp-json\/wp\/v2\/pages\/12271\/revisions\/14744"}],"wp:attachment":[{"href":"https:\/\/hotelpatriot.sk\/de\/wp-json\/wp\/v2\/media?parent=12271"}],"curies":[{"name":"wp","href":"https:\/\/api.w.org\/{rel}","templated":true}]}}