{"id":9608,"date":"2018-10-10T10:19:05","date_gmt":"2018-10-10T08:19:05","guid":{"rendered":"http:\/\/hotelpatriot.sk\/?page_id=9608"},"modified":"2026-01-29T08:08:32","modified_gmt":"2026-01-29T07:08:32","slug":"%d0%bf%d1%80%d0%be%d0%b6%d0%b8%d0%b2%d0%b0%d0%bd%d0%b8%d0%b5","status":"publish","type":"page","link":"http:\/\/hotelpatriot.sk\/ru\/%d0%bf%d1%80%d0%be%d0%b6%d0%b8%d0%b2%d0%b0%d0%bd%d0%b8%d0%b5\/","title":{"rendered":"\u041f\u0440\u043e\u0436\u0438\u0432\u0430\u043d\u0438\u0435"},"content":{"rendered":"<div class=\"row\">\r\n<div class=\"menu-centered my-page-submenu-uni small-12 columns\">\r\n<ul class=\"vertical large-horizontal menu\">\r\n<li><a href=\"https:\/\/hotelpatriot.sk\/ru\/galeria\/galeria-ubytovanie\/\">\u0424\u043e\u0442\u043e\u0433\u0430\u043b\u0435\u0440\u0435\u044f<\/a><\/li>\r\n<li><a href=\"https:\/\/hotelpatriot.sk\/ru\/galeria\/galeria-ranajkovy-salonik\/\">\u0437\u0430\u043b \u0434\u043b\u044f \u0437\u0430\u0432\u0442\u0440\u0430\u043a\u043e\u0432<\/a><\/li>\r\n<li><a href=\"https:\/\/hotelpatriot.sk\/ru\/%D1%83%D1%81%D0%BB%D1%83%D0%B3%D0%B8-%D0%B8-%D0%BF%D1%80%D0%BE%D0%BA%D0%B0%D1%82-%D1%82%D0%B5%D1%85%D0%BD%D0%B8%D0%BA%D0%B8\/\">\u0423\u0441\u043b\u0443\u0433\u0438 \u0438 \u043e\u0441\u043d\u0430\u0449\u0435\u043d\u0438\u0435<\/a><\/li>\r\n<\/ul>\r\n<\/div>\r\n<\/div>\r\n\r\n<p>\u041e\u0442\u0435\u043b\u044c Patriot*** \u043f\u0440\u0435\u0434\u043b\u0430\u0433\u0430\u0435\u0442 \u0441\u0432\u043e\u0438\u043c \u0433\u043e\u0441\u0442\u044f\u043c \u0432\u044b\u0441\u043e\u043a\u0438\u0439 \u0443\u0440\u043e\u0432\u0435\u043d\u044c \u043f\u0440\u043e\u0436\u0438\u0432\u0430\u043d\u0438\u044f \u0432 42 \u043d\u043e\u043c\u0435\u0440\u0430\u0445 \u0438 \u0434\u0432\u0443\u0445 \u0430\u043f\u0430\u0440\u0442\u0430\u043c\u0435\u043d\u0442\u0430\u0445. \u0421\u0443\u0449\u0435\u0441\u0442\u0432\u0443\u0435\u0442 \u0432\u043e\u0437\u043c\u043e\u0436\u043d\u043e\u0441\u0442\u044c \u0437\u0430\u043a\u0430\u0437\u0430 \u0434\u043e\u043f\u043e\u043b\u043d\u0438\u0442\u0435\u043b\u044c\u043d\u043e\u0439 \u043a\u0440\u043e\u0432\u0430\u0442\u0438 \u0432 \u043d\u043e\u043c\u0435\u0440. \u0412\u0441\u0435 \u043d\u043e\u043c\u0435\u0440\u0430 \u043e\u0431\u043e\u0440\u0443\u0434\u043e\u0432\u0430\u043d\u044b \u0434\u0443\u0448\u0435\u0432\u043e\u0439, \u0442\u0443\u0430\u043b\u0435\u0442\u043e\u043c, \u0431\u0435\u0441\u043f\u043b\u0430\u0442\u043d\u044b\u043c Wi-Fi. \u041a \u0434\u0438\u0441\u043f\u043e\u0437\u0438\u0446\u0438\u0438 \u0442\u0430\u043a\u0436\u0435 \u043d\u043e\u043c\u0435\u0440 \u0434\u043b\u044f \u043b\u044e\u0434\u0435\u0439 \u0441 \u043e\u0433\u0440\u0430\u043d\u0438\u0447\u0435\u043d\u043d\u044b\u043c\u0438 \u0432\u043e\u0437\u043c\u043e\u0436\u043d\u043e\u0441\u0442\u044f\u043c\u0438. 22 \u0422\u0412 \u0434\u043b\u044f \u0433\u043e\u0441\u0442\u0435\u0439.<\/p>\r\n\r\n<h2>CHECK-IN \u0438 CHECK-OUT<\/h2>\r\n\r\n<p>CHECK-IN: od 14:00<br \/>\r\nCHECK-OUT: do 10:00<\/p>\r\n\r\n<h2>\u0417\u0430\u0432\u0442\u0440\u0430\u043a \u0438 \u0444\u0438\u0442\u043d\u0435\u0441<\/h2>\r\n<p>\u041c\u044b \u043f\u0440\u0435\u0434\u043b\u0430\u0433\u0430\u0435\u043c \u0437\u0430\u0432\u0442\u0440\u0430\u043a \u0434\u043b\u044f \u043d\u0430\u0448\u0438\u0445 \u0433\u043e\u0441\u0442\u0435\u0439. \u041e\u0442\u0435\u043b\u044c \u043f\u0440\u0435\u0434\u043b\u0430\u0433\u0430\u0435\u0442 \u0431\u0435\u0441\u043f\u043b\u0430\u0442\u043d\u044b\u0439 \u0437\u0430\u0432\u0442\u0440\u0430\u043a \u0438 \u0444\u0438\u0442\u043d\u0435\u0441-\u0446\u0435\u043d\u0442\u0440.<\/p>\r\n<p>\u0421\u0442\u043e\u0438\u043c\u043e\u0441\u0442\u044c \u0437\u0430\u0432\u0442\u0440\u0430\u043a\u0430 &#171;\u0448\u0432\u0435\u0434\u0441\u043a\u0438\u0439 \u0441\u0442\u043e\u043b&#187; \u0434\u043b\u044f \u043d\u0435 \u0433\u043e\u0441\u0442\u0435\u0439 \u0441\u043e\u0441\u0442\u0430\u0432\u043b\u044f\u0435\u0442 10 \u20ac.<\/p>\r\n\r\n<h2>\u041f\u0440\u0435\u0439\u0441\u043a\u0443\u0440\u0430\u043d\u0442<\/h2>\r\n\r\n<table class=\"stack\">\r\n   <tr>\r\n    <th>\u041a\u0410\u0422\u0415\u0413\u041e\u0420\u0418\u042f \u041d\u041e\u041c\u0415\u0420\u041e\u0412<\/th>\r\n    <th>\u041a\u041e\u041b\u0418\u0427\u0415\u0421\u0422\u0412\u041e \u041d\u041e\u041c\u0415\u0420\u041e<\/th>\r\n    <th>\u0446\u0435\u043d\u0430<\/th>\r\n  <\/tr>\r\n  <tr>\r\n    <td>\u041e\u0434\u043d\u043e\u043c\u0435\u0441\u0442\u043d\u044b\u0439 \u043d\u043e\u043c\u0435\u0440<\/th>\r\n    <td>9<\/th>\r\n    <td>55,00 \u20ac<\/th>\r\n  <\/tr>\r\n  <tr>\r\n    <td>\u0414\u0432\u0443\u0445\u043c\u0435\u0441\u0442\u043d\u044b\u0439 \u043d\u043e\u043c\u0435\u0440<\/td>\r\n    <td>20<\/td>\r\n    <td>97,00 \u20ac<\/td>\r\n  <\/tr>\r\n  <tr>\r\n    <td>\u0414\u0432\u0443\u0445\u043c\u0435\u0441\u0442\u043d\u044b\u0439 \u043d\u043e\u043c\u0435\u0440 \u043a\u043b\u0430\u0441\u0441\u0430 &#171;\u041b\u042e\u041a\u0421&#187;<\/td>\r\n    <td>11<\/td>\r\n    <td>108,00 \u20ac<\/td>\r\n  <\/tr>\r\n  <tr>\r\n    <td>\u0427\u0435\u0442\u044b\u0440\u0435\u0445\u043c\u0435\u0441\u0442\u043d\u044b\u0439 \u043d\u043e\u043c\u0435\u0440 \u0434\u043b\u044f 2 \u0447\u0435\u043b\u043e\u0432\u0435\u043a<\/td>\r\n    <td>2<\/td>\r\n    <td>97,00 \u20ac<\/td>\r\n  <\/tr>\r\n  <tr>\r\n    <td>\u0427\u0435\u0442\u044b\u0440\u0435\u0445\u043c\u0435\u0441\u0442\u043d\u044b\u0439 \u043d\u043e\u043c\u0435\u0440 \u0434\u043b\u044f 3 \u0447\u0435\u043b\u043e\u0432\u0435\u043a<\/td>\r\n    <td>2<\/td>\r\n    <td>145,00 \u20ac<\/td>\r\n  <\/tr>\r\n  <tr>\r\n    <td>\u0427\u0435\u0442\u044b\u0440\u0435\u0445\u043c\u0435\u0441\u0442\u043d\u044b\u0439 \u043d\u043e\u043c\u0435\u0440 \u0434\u043b\u044f 4 \u0447\u0435\u043b\u043e\u0432\u0435\u043a<\/td>\r\n    <td>2<\/td>\r\n    <td>194,00 \u20ac<\/td>\r\n  <\/tr>\r\n  <tr>\r\n    <td>\u0410\u043f\u0430\u0440\u0442\u0430\u043c\u0435\u043d\u0442<\/td>\r\n    <td>2<\/td>\r\n    <td>142,00 \u20ac<\/td>\r\n  <\/tr>\r\n  <tr>\r\n    <td>\u0414\u043e\u043f\u043e\u043b\u043d\u0438\u0442\u0435\u043b\u044c\u043d\u0430\u044f \u043a\u0440\u043e\u0432\u0430\u0442\u044c<\/td>\r\n    <td>33<\/td>\r\n    <td>35,00 \u20ac<\/td>\r\n  <\/tr>\r\n  <tr>\r\n    <td>\u0422\u0443\u0440\u0438\u0441\u0442\u0438\u0447\u0435\u0441\u043a\u0438\u0439 \u043d\u0430\u043b\u043e\u0433<\/td>\r\n    <td><\/td>\r\n    <td>1,00 \u20ac<\/td>\r\n  <\/tr>\r\n<\/table>\r\n\r\n<h2>\u0421\u043a\u0438\u0434\u043a\u0438<\/h2>\r\n\r\n<table class=\"stack\">\r\n <tr>\r\n    <td>\u041e\u0434\u0438\u043d \u0447\u0435\u043b\u043e\u0432\u0435\u043a \u0432 \u0434\u0432\u0443\u0445\u043c\u0435\u0441\u0442\u043d\u043e\u043c \u043d\u043e\u043c\u0435\u0440\u0435<\/td>\r\n    <td>\u2013 20% \u0441 \u0446\u0435\u043d\u044b \u043f\u0440\u043e\u0436\u0438\u0432\u0430\u043d\u0438\u044f<\/th>\r\n  <\/tr>\r\n<tr>\r\n    <td>\u0421\u043a\u0438\u0434\u043a\u0430 \u043d\u0430 \u043f\u0440\u043e\u0436\u0438\u0432\u0430\u043d\u0438\u0435 \u043e\u0442 14 \u0434\u043d\u0435\u0439 \u0438 \u0431\u043e\u043b\u0435\u0435<\/td>\r\n    <td>\u2013 5% \u0441 \u0446\u0435\u043d\u044b \u043f\u0440\u043e\u0436\u0438\u0432\u0430\u043d\u0438\u044f<\/th>\r\n  <\/tr>\r\n  <tr>\r\n    <td>\u0414\u043b\u0438\u0442\u0435\u043b\u044c\u043d\u043e\u0435 \u043f\u0440\u043e\u0436\u0438\u0432\u0430\u043d\u0438\u0435<\/td>\r\n    <td>\u0446\u0435\u043d\u0430 \u043f\u043e \u0434\u043e\u0433\u043e\u0432\u043e\u0440\u0435\u043d\u043d\u043e\u0441\u0442\u0438<\/td>\r\n  <\/tr>\r\n  <tr>\r\n    <td>\u0413\u0440\u0443\u043f\u043f\u043e\u0432\u0430\u044f \u0441\u043a\u0438\u0434\u043a\u0430  &#8212; \u043e\u0442 20 \u0438 \u0431\u043e\u043b\u0435\u0435 \u0447\u0435\u043b.<\/td>\r\n    <td>\u2013 5% \u0441 \u0446\u0435\u043d\u044b \u043f\u0440\u043e\u0436\u0438\u0432\u0430\u043d\u0438\u044f<\/td>\r\n  <\/tr>\r\n<\/table>\r\n\r\n<p>\u0412\u0441\u0435 \u0443\u043a\u0430\u0437\u0430\u043d\u043d\u044b\u0435 \u0446\u0435\u043d\u044b \u0432\u043a\u043b\u044e\u0447\u0430\u044e\u0442 \u041d\u0414\u0421. \u0426\u0435\u043d\u044b \u0434\u0435\u0439\u0441\u0442\u0432\u0438\u0442\u0435\u043b\u044c\u043d\u044b \u0441 1.2. 2026.<\/p>","protected":false},"excerpt":{"rendered":"\u0424\u043e\u0442\u043e\u0433\u0430\u043b\u0435\u0440\u0435\u044f \u0437\u0430\u043b \u0434\u043b\u044f \u0437\u0430\u0432\u0442\u0440\u0430\u043a\u043e\u0432 \u0423\u0441\u043b\u0443\u0433\u0438 \u0438 \u043e\u0441\u043d\u0430\u0449\u0435\u043d\u0438\u0435 \u041e\u0442\u0435\u043b\u044c Patriot*** \u043f\u0440\u0435\u0434\u043b\u0430\u0433\u0430\u0435\u0442 \u0441\u0432\u043e\u0438\u043c \u0433\u043e\u0441\u0442\u044f\u043c \u0432\u044b\u0441\u043e\u043a\u0438\u0439 \u0443\u0440\u043e\u0432\u0435\u043d\u044c \u043f\u0440\u043e\u0436\u0438\u0432\u0430\u043d\u0438\u044f \u0432 42 \u043d\u043e\u043c\u0435\u0440\u0430\u0445 \u0438 \u0434\u0432\u0443\u0445 \u0430\u043f\u0430\u0440\u0442\u0430\u043c\u0435\u043d\u0442\u0430\u0445. \u0421\u0443\u0449\u0435\u0441\u0442\u0432\u0443\u0435\u0442 \u0432\u043e\u0437\u043c\u043e\u0436\u043d\u043e\u0441\u0442\u044c \u0437\u0430\u043a\u0430\u0437\u0430 \u0434\u043e\u043f\u043e\u043b\u043d\u0438\u0442\u0435\u043b\u044c\u043d\u043e\u0439 \u043a\u0440\u043e\u0432\u0430\u0442\u0438 \u0432 \u043d\u043e\u043c\u0435\u0440. \u0412\u0441\u0435 \u043d\u043e\u043c\u0435\u0440\u0430 \u043e\u0431\u043e\u0440\u0443\u0434\u043e\u0432\u0430\u043d\u044b \u0434\u0443\u0448\u0435\u0432\u043e\u0439, \u0442\u0443\u0430\u043b\u0435\u0442\u043e\u043c, \u0431\u0435\u0441\u043f\u043b\u0430\u0442\u043d\u044b\u043c Wi-Fi. \u041a \u0434\u0438\u0441\u043f\u043e\u0437\u0438\u0446\u0438\u0438 \u0442\u0430\u043a\u0436\u0435 \u043d\u043e\u043c\u0435\u0440 \u0434\u043b\u044f \u043b\u044e\u0434\u0435\u0439 \u0441 \u043e\u0433\u0440\u0430\u043d\u0438\u0447\u0435\u043d\u043d\u044b\u043c\u0438 \u0432\u043e\u0437\u043c\u043e\u0436\u043d\u043e\u0441\u0442\u044f\u043c\u0438. 22 \u0422\u0412 \u0434\u043b\u044f \u0433\u043e\u0441\u0442\u0435\u0439. CHECK-IN \u0438 CHECK-OUT CHECK-IN: od 14:00 CHECK-OUT:<a class=\"excerpt-read-more\" href=\"http:\/\/hotelpatriot.sk\/ru\/%d0%bf%d1%80%d0%be%d0%b6%d0%b8%d0%b2%d0%b0%d0%bd%d0%b8%d0%b5\/\" title=\"Read\u041f\u0440\u043e\u0436\u0438\u0432\u0430\u043d\u0438\u0435\">&#8230; Read more &raquo;<\/a>","protected":false},"author":1,"featured_media":0,"parent":0,"menu_order":0,"comment_status":"closed","ping_status":"closed","template":"template-full-width.php","meta":{"_acf_changed":false,"footnotes":""},"class_list":["post-9608","page","type-page","status-publish","hentry"],"acf":[],"yoast_head":"<!-- This site is optimized with the Yoast SEO plugin v27.6 - https:\/\/yoast.com\/product\/yoast-seo-wordpress\/ -->\n<title>\u041f\u0440\u043e\u0436\u0438\u0432\u0430\u043d\u0438\u0435 - Hotel Patriot*** - Hotel, ubytovanie Vranov nad Top\u013eou<\/title>\n<meta name=\"description\" content=\"Hotel Patriot*** pon\u00faka ubytovanie vysok\u00e9ho \u0161tandardu v 42 izb\u00e1ch a dvoch apartm\u00e1noch v \u0161ir\u0161om centre mesta Vranov nad Top\u013eou. S\u00fa\u010das\u0165ou hotela je re\u0161taur\u00e1cia, kaviare\u0148, bowling bar, kongresov\u00e9 centrum vhodn\u00e9 aj pre usporiadanie svadieb a fitness centrum. Hotel Patriot*** Vranov - hotel, ubytovanie.\" \/>\n<meta name=\"robots\" content=\"index, follow, max-snippet:-1, max-image-preview:large, max-video-preview:-1\" \/>\n<link rel=\"canonical\" href=\"http:\/\/hotelpatriot.sk\/ru\/%d0%bf%d1%80%d0%be%d0%b6%d0%b8%d0%b2%d0%b0%d0%bd%d0%b8%d0%b5\/\" \/>\n<meta property=\"og:locale\" content=\"ru_RU\" \/>\n<meta property=\"og:type\" content=\"article\" \/>\n<meta property=\"og:title\" content=\"\u041f\u0440\u043e\u0436\u0438\u0432\u0430\u043d\u0438\u0435 - Hotel Patriot*** - Hotel, ubytovanie Vranov nad Top\u013eou\" \/>\n<meta property=\"og:description\" content=\"Hotel Patriot*** pon\u00faka ubytovanie vysok\u00e9ho \u0161tandardu v 42 izb\u00e1ch a dvoch apartm\u00e1noch v \u0161ir\u0161om centre mesta Vranov nad Top\u013eou. S\u00fa\u010das\u0165ou hotela je re\u0161taur\u00e1cia, kaviare\u0148, bowling bar, kongresov\u00e9 centrum vhodn\u00e9 aj pre usporiadanie svadieb a fitness centrum. Hotel Patriot*** Vranov - hotel, ubytovanie.\" \/>\n<meta property=\"og:url\" content=\"http:\/\/hotelpatriot.sk\/ru\/%d0%bf%d1%80%d0%be%d0%b6%d0%b8%d0%b2%d0%b0%d0%bd%d0%b8%d0%b5\/\" \/>\n<meta property=\"og:site_name\" content=\"Hotel Patriot***\" \/>\n<meta property=\"article:publisher\" content=\"https:\/\/www.facebook.com\/hotel.patriot.vt\/\" \/>\n<meta property=\"article:modified_time\" content=\"2026-01-29T07:08:32+00:00\" \/>\n<meta property=\"og:image\" content=\"http:\/\/hotelpatriot.sk\/wp-content\/uploads\/2026\/04\/logo1200x630.jpg\" \/>\n\t<meta property=\"og:image:width\" content=\"1200\" \/>\n\t<meta property=\"og:image:height\" content=\"630\" \/>\n\t<meta property=\"og:image:type\" content=\"image\/jpeg\" \/>\n<meta name=\"twitter:card\" content=\"summary_large_image\" \/>\n<meta name=\"twitter:site\" content=\"@hotelpatriotvt\" \/>\n<meta name=\"twitter:label1\" content=\"\u041f\u0440\u0438\u043c\u0435\u0440\u043d\u043e\u0435 \u0432\u0440\u0435\u043c\u044f \u0434\u043b\u044f \u0447\u0442\u0435\u043d\u0438\u044f\" \/>\n\t<meta name=\"twitter:data1\" content=\"2 \u043c\u0438\u043d\u0443\u0442\u044b\" \/>\n<script type=\"application\/ld+json\" class=\"yoast-schema-graph\">{\"@context\":\"https:\\\/\\\/schema.org\",\"@graph\":[{\"@type\":\"WebPage\",\"@id\":\"http:\\\/\\\/hotelpatriot.sk\\\/ru\\\/%d0%bf%d1%80%d0%be%d0%b6%d0%b8%d0%b2%d0%b0%d0%bd%d0%b8%d0%b5\\\/\",\"url\":\"http:\\\/\\\/hotelpatriot.sk\\\/ru\\\/%d0%bf%d1%80%d0%be%d0%b6%d0%b8%d0%b2%d0%b0%d0%bd%d0%b8%d0%b5\\\/\",\"name\":\"\u041f\u0440\u043e\u0436\u0438\u0432\u0430\u043d\u0438\u0435 - Hotel Patriot*** - Hotel, ubytovanie Vranov nad Top\u013eou\",\"isPartOf\":{\"@id\":\"https:\\\/\\\/hotelpatriot.sk\\\/ru\\\/#website\"},\"datePublished\":\"2018-10-10T08:19:05+00:00\",\"dateModified\":\"2026-01-29T07:08:32+00:00\",\"description\":\"Hotel Patriot*** pon\u00faka ubytovanie vysok\u00e9ho \u0161tandardu v 42 izb\u00e1ch a dvoch apartm\u00e1noch v \u0161ir\u0161om centre mesta Vranov nad Top\u013eou. S\u00fa\u010das\u0165ou hotela je re\u0161taur\u00e1cia, kaviare\u0148, bowling bar, kongresov\u00e9 centrum vhodn\u00e9 aj pre usporiadanie svadieb a fitness centrum. Hotel Patriot*** Vranov - hotel, ubytovanie.\",\"breadcrumb\":{\"@id\":\"http:\\\/\\\/hotelpatriot.sk\\\/ru\\\/%d0%bf%d1%80%d0%be%d0%b6%d0%b8%d0%b2%d0%b0%d0%bd%d0%b8%d0%b5\\\/#breadcrumb\"},\"inLanguage\":\"ru-RU\",\"potentialAction\":[{\"@type\":\"ReadAction\",\"target\":[\"http:\\\/\\\/hotelpatriot.sk\\\/ru\\\/%d0%bf%d1%80%d0%be%d0%b6%d0%b8%d0%b2%d0%b0%d0%bd%d0%b8%d0%b5\\\/\"]}]},{\"@type\":\"BreadcrumbList\",\"@id\":\"http:\\\/\\\/hotelpatriot.sk\\\/ru\\\/%d0%bf%d1%80%d0%be%d0%b6%d0%b8%d0%b2%d0%b0%d0%bd%d0%b8%d0%b5\\\/#breadcrumb\",\"itemListElement\":[{\"@type\":\"ListItem\",\"position\":1,\"name\":\"Home\",\"item\":\"https:\\\/\\\/hotelpatriot.sk\\\/ru\\\/\"},{\"@type\":\"ListItem\",\"position\":2,\"name\":\"\u041f\u0440\u043e\u0436\u0438\u0432\u0430\u043d\u0438\u0435\"}]},{\"@type\":\"WebSite\",\"@id\":\"https:\\\/\\\/hotelpatriot.sk\\\/ru\\\/#website\",\"url\":\"https:\\\/\\\/hotelpatriot.sk\\\/ru\\\/\",\"name\":\"Hotel Patriot***\",\"description\":\"Hotel, ubytovanie Vranov nad Top\u013eou\",\"publisher\":{\"@id\":\"https:\\\/\\\/hotelpatriot.sk\\\/ru\\\/#organization\"},\"potentialAction\":[{\"@type\":\"SearchAction\",\"target\":{\"@type\":\"EntryPoint\",\"urlTemplate\":\"https:\\\/\\\/hotelpatriot.sk\\\/ru\\\/?s={search_term_string}\"},\"query-input\":{\"@type\":\"PropertyValueSpecification\",\"valueRequired\":true,\"valueName\":\"search_term_string\"}}],\"inLanguage\":\"ru-RU\"},{\"@type\":\"Organization\",\"@id\":\"https:\\\/\\\/hotelpatriot.sk\\\/ru\\\/#organization\",\"name\":\"Hotel Patriot*** Vranov nad Top\u013eou\",\"alternateName\":\"Hotel Patriot***\",\"url\":\"https:\\\/\\\/hotelpatriot.sk\\\/ru\\\/\",\"logo\":{\"@type\":\"ImageObject\",\"inLanguage\":\"ru-RU\",\"@id\":\"https:\\\/\\\/hotelpatriot.sk\\\/ru\\\/#\\\/schema\\\/logo\\\/image\\\/\",\"url\":\"http:\\\/\\\/hotelpatriot.sk\\\/wp-content\\\/uploads\\\/2018\\\/11\\\/hotel-patriot-logo.jpg\",\"contentUrl\":\"http:\\\/\\\/hotelpatriot.sk\\\/wp-content\\\/uploads\\\/2018\\\/11\\\/hotel-patriot-logo.jpg\",\"width\":500,\"height\":500,\"caption\":\"Hotel Patriot*** Vranov nad Top\u013eou\"},\"image\":{\"@id\":\"https:\\\/\\\/hotelpatriot.sk\\\/ru\\\/#\\\/schema\\\/logo\\\/image\\\/\"},\"sameAs\":[\"https:\\\/\\\/www.facebook.com\\\/hotel.patriot.vt\\\/\",\"https:\\\/\\\/x.com\\\/hotelpatriotvt\",\"https:\\\/\\\/www.instagram.com\\\/hotelpatriot\"]}]}<\/script>\n<!-- \/ Yoast SEO plugin. -->","yoast_head_json":{"title":"\u041f\u0440\u043e\u0436\u0438\u0432\u0430\u043d\u0438\u0435 - Hotel Patriot*** - Hotel, ubytovanie Vranov nad Top\u013eou","description":"Hotel Patriot*** pon\u00faka ubytovanie vysok\u00e9ho \u0161tandardu v 42 izb\u00e1ch a dvoch apartm\u00e1noch v \u0161ir\u0161om centre mesta Vranov nad Top\u013eou. S\u00fa\u010das\u0165ou hotela je re\u0161taur\u00e1cia, kaviare\u0148, bowling bar, kongresov\u00e9 centrum vhodn\u00e9 aj pre usporiadanie svadieb a fitness centrum. Hotel Patriot*** Vranov - hotel, ubytovanie.","robots":{"index":"index","follow":"follow","max-snippet":"max-snippet:-1","max-image-preview":"max-image-preview:large","max-video-preview":"max-video-preview:-1"},"canonical":"http:\/\/hotelpatriot.sk\/ru\/%d0%bf%d1%80%d0%be%d0%b6%d0%b8%d0%b2%d0%b0%d0%bd%d0%b8%d0%b5\/","og_locale":"ru_RU","og_type":"article","og_title":"\u041f\u0440\u043e\u0436\u0438\u0432\u0430\u043d\u0438\u0435 - Hotel Patriot*** - Hotel, ubytovanie Vranov nad Top\u013eou","og_description":"Hotel Patriot*** pon\u00faka ubytovanie vysok\u00e9ho \u0161tandardu v 42 izb\u00e1ch a dvoch apartm\u00e1noch v \u0161ir\u0161om centre mesta Vranov nad Top\u013eou. S\u00fa\u010das\u0165ou hotela je re\u0161taur\u00e1cia, kaviare\u0148, bowling bar, kongresov\u00e9 centrum vhodn\u00e9 aj pre usporiadanie svadieb a fitness centrum. Hotel Patriot*** Vranov - hotel, ubytovanie.","og_url":"http:\/\/hotelpatriot.sk\/ru\/%d0%bf%d1%80%d0%be%d0%b6%d0%b8%d0%b2%d0%b0%d0%bd%d0%b8%d0%b5\/","og_site_name":"Hotel Patriot***","article_publisher":"https:\/\/www.facebook.com\/hotel.patriot.vt\/","article_modified_time":"2026-01-29T07:08:32+00:00","og_image":[{"width":1200,"height":630,"url":"http:\/\/hotelpatriot.sk\/wp-content\/uploads\/2026\/04\/logo1200x630.jpg","type":"image\/jpeg"}],"twitter_card":"summary_large_image","twitter_site":"@hotelpatriotvt","twitter_misc":{"\u041f\u0440\u0438\u043c\u0435\u0440\u043d\u043e\u0435 \u0432\u0440\u0435\u043c\u044f \u0434\u043b\u044f \u0447\u0442\u0435\u043d\u0438\u044f":"2 \u043c\u0438\u043d\u0443\u0442\u044b"},"schema":{"@context":"https:\/\/schema.org","@graph":[{"@type":"WebPage","@id":"http:\/\/hotelpatriot.sk\/ru\/%d0%bf%d1%80%d0%be%d0%b6%d0%b8%d0%b2%d0%b0%d0%bd%d0%b8%d0%b5\/","url":"http:\/\/hotelpatriot.sk\/ru\/%d0%bf%d1%80%d0%be%d0%b6%d0%b8%d0%b2%d0%b0%d0%bd%d0%b8%d0%b5\/","name":"\u041f\u0440\u043e\u0436\u0438\u0432\u0430\u043d\u0438\u0435 - Hotel Patriot*** - Hotel, ubytovanie Vranov nad Top\u013eou","isPartOf":{"@id":"https:\/\/hotelpatriot.sk\/ru\/#website"},"datePublished":"2018-10-10T08:19:05+00:00","dateModified":"2026-01-29T07:08:32+00:00","description":"Hotel Patriot*** pon\u00faka ubytovanie vysok\u00e9ho \u0161tandardu v 42 izb\u00e1ch a dvoch apartm\u00e1noch v \u0161ir\u0161om centre mesta Vranov nad Top\u013eou. S\u00fa\u010das\u0165ou hotela je re\u0161taur\u00e1cia, kaviare\u0148, bowling bar, kongresov\u00e9 centrum vhodn\u00e9 aj pre usporiadanie svadieb a fitness centrum. Hotel Patriot*** Vranov - hotel, ubytovanie.","breadcrumb":{"@id":"http:\/\/hotelpatriot.sk\/ru\/%d0%bf%d1%80%d0%be%d0%b6%d0%b8%d0%b2%d0%b0%d0%bd%d0%b8%d0%b5\/#breadcrumb"},"inLanguage":"ru-RU","potentialAction":[{"@type":"ReadAction","target":["http:\/\/hotelpatriot.sk\/ru\/%d0%bf%d1%80%d0%be%d0%b6%d0%b8%d0%b2%d0%b0%d0%bd%d0%b8%d0%b5\/"]}]},{"@type":"BreadcrumbList","@id":"http:\/\/hotelpatriot.sk\/ru\/%d0%bf%d1%80%d0%be%d0%b6%d0%b8%d0%b2%d0%b0%d0%bd%d0%b8%d0%b5\/#breadcrumb","itemListElement":[{"@type":"ListItem","position":1,"name":"Home","item":"https:\/\/hotelpatriot.sk\/ru\/"},{"@type":"ListItem","position":2,"name":"\u041f\u0440\u043e\u0436\u0438\u0432\u0430\u043d\u0438\u0435"}]},{"@type":"WebSite","@id":"https:\/\/hotelpatriot.sk\/ru\/#website","url":"https:\/\/hotelpatriot.sk\/ru\/","name":"Hotel Patriot***","description":"Hotel, ubytovanie Vranov nad Top\u013eou","publisher":{"@id":"https:\/\/hotelpatriot.sk\/ru\/#organization"},"potentialAction":[{"@type":"SearchAction","target":{"@type":"EntryPoint","urlTemplate":"https:\/\/hotelpatriot.sk\/ru\/?s={search_term_string}"},"query-input":{"@type":"PropertyValueSpecification","valueRequired":true,"valueName":"search_term_string"}}],"inLanguage":"ru-RU"},{"@type":"Organization","@id":"https:\/\/hotelpatriot.sk\/ru\/#organization","name":"Hotel Patriot*** Vranov nad Top\u013eou","alternateName":"Hotel Patriot***","url":"https:\/\/hotelpatriot.sk\/ru\/","logo":{"@type":"ImageObject","inLanguage":"ru-RU","@id":"https:\/\/hotelpatriot.sk\/ru\/#\/schema\/logo\/image\/","url":"http:\/\/hotelpatriot.sk\/wp-content\/uploads\/2018\/11\/hotel-patriot-logo.jpg","contentUrl":"http:\/\/hotelpatriot.sk\/wp-content\/uploads\/2018\/11\/hotel-patriot-logo.jpg","width":500,"height":500,"caption":"Hotel Patriot*** Vranov nad Top\u013eou"},"image":{"@id":"https:\/\/hotelpatriot.sk\/ru\/#\/schema\/logo\/image\/"},"sameAs":["https:\/\/www.facebook.com\/hotel.patriot.vt\/","https:\/\/x.com\/hotelpatriotvt","https:\/\/www.instagram.com\/hotelpatriot"]}]}},"_links":{"self":[{"href":"http:\/\/hotelpatriot.sk\/ru\/wp-json\/wp\/v2\/pages\/9608","targetHints":{"allow":["GET"]}}],"collection":[{"href":"http:\/\/hotelpatriot.sk\/ru\/wp-json\/wp\/v2\/pages"}],"about":[{"href":"http:\/\/hotelpatriot.sk\/ru\/wp-json\/wp\/v2\/types\/page"}],"author":[{"embeddable":true,"href":"http:\/\/hotelpatriot.sk\/ru\/wp-json\/wp\/v2\/users\/1"}],"replies":[{"embeddable":true,"href":"http:\/\/hotelpatriot.sk\/ru\/wp-json\/wp\/v2\/comments?post=9608"}],"version-history":[{"count":22,"href":"http:\/\/hotelpatriot.sk\/ru\/wp-json\/wp\/v2\/pages\/9608\/revisions"}],"predecessor-version":[{"id":20564,"href":"http:\/\/hotelpatriot.sk\/ru\/wp-json\/wp\/v2\/pages\/9608\/revisions\/20564"}],"wp:attachment":[{"href":"http:\/\/hotelpatriot.sk\/ru\/wp-json\/wp\/v2\/media?parent=9608"}],"curies":[{"name":"wp","href":"https:\/\/api.w.org\/{rel}","templated":true}]}}