{"id":5254,"date":"2017-09-11T11:14:40","date_gmt":"2017-09-11T09:14:40","guid":{"rendered":"http:\/\/hotelpatriot.sk\/?page_id=5254\/"},"modified":"2019-01-10T10:03:13","modified_gmt":"2019-01-10T09:03:13","slug":"strona-tytulowa","status":"publish","type":"page","link":"http:\/\/hotelpatriot.sk\/pl\/","title":{"rendered":"Zakwaterowanie w Vranovie nad Toplou, S\u0142owacja"},"content":{"rendered":"<p>Zakwaterowanie w Vranovie nad Toplou &#8211; Hotel Patriot *** oferuje wysoki standard zakwaterowania w pobli\u017cu centrum Vranova nad Top\u013eou. W hotelu znajduje si\u0119 tak\u017ce centrum fitness, kr\u0119gielnia i kawiarnia-restauracja.<\/p>","protected":false},"excerpt":{"rendered":"Zakwaterowanie w Vranovie nad Toplou &#8211; Hotel Patriot *** oferuje wysoki standard zakwaterowania w pobli\u017cu centrum Vranova nad Top\u013eou. W hotelu znajduje si\u0119 tak\u017ce centrum fitness, kr\u0119gielnia i kawiarnia-restauracja.","protected":false},"author":1,"featured_media":0,"parent":0,"menu_order":0,"comment_status":"closed","ping_status":"closed","template":"template-front.php","meta":{"_acf_changed":false,"footnotes":""},"class_list":["post-5254","page","type-page","status-publish","hentry"],"acf":[],"yoast_head":"<!-- This site is optimized with the Yoast SEO plugin v27.4 - https:\/\/yoast.com\/product\/yoast-seo-wordpress\/ -->\n<title>Hotel Patriot *** - zakwaterowanie w Vranovie nad Toplou, S\u0142owacja<\/title>\n<meta name=\"description\" content=\"Hotel Patriot*** swoim go\u015bciom oferuje zakwaterowanie o wysokim standardzie w 42 pokojach i dw\u00f3ch apartamentach. Hotel, zakwaterowanie - Vranov nad Toplou, S\u0142owacja.\" \/>\n<meta name=\"robots\" content=\"index, follow, max-snippet:-1, max-image-preview:large, max-video-preview:-1\" \/>\n<link rel=\"canonical\" href=\"http:\/\/hotelpatriot.sk\/pl\/\" \/>\n<meta property=\"og:locale\" content=\"pl_PL\" \/>\n<meta property=\"og:type\" content=\"article\" \/>\n<meta property=\"og:title\" content=\"Hotel Patriot *** - zakwaterowanie w Vranovie nad Toplou, S\u0142owacja\" \/>\n<meta property=\"og:description\" content=\"Hotel Patriot*** swoim go\u015bciom oferuje zakwaterowanie o wysokim standardzie w 42 pokojach i dw\u00f3ch apartamentach. Hotel, zakwaterowanie - Vranov nad Toplou, S\u0142owacja.\" \/>\n<meta property=\"og:url\" content=\"http:\/\/hotelpatriot.sk\/pl\/\" \/>\n<meta property=\"og:site_name\" content=\"Hotel Patriot***\" \/>\n<meta property=\"article:publisher\" content=\"https:\/\/www.facebook.com\/hotel.patriot.vt\/\" \/>\n<meta property=\"article:modified_time\" content=\"2019-01-10T09:03:13+00:00\" \/>\n<meta property=\"og:image\" content=\"http:\/\/hotelpatriot.sk\/wp-content\/uploads\/2026\/04\/logo1200x630.jpg\" \/>\n\t<meta property=\"og:image:width\" content=\"1200\" \/>\n\t<meta property=\"og:image:height\" content=\"630\" \/>\n\t<meta property=\"og:image:type\" content=\"image\/jpeg\" \/>\n<meta name=\"twitter:card\" content=\"summary_large_image\" \/>\n<meta name=\"twitter:site\" content=\"@hotelpatriotvt\" \/>\n<script type=\"application\/ld+json\" class=\"yoast-schema-graph\">{\"@context\":\"https:\\\/\\\/schema.org\",\"@graph\":[{\"@type\":\"WebPage\",\"@id\":\"http:\\\/\\\/hotelpatriot.sk\\\/pl\\\/\",\"url\":\"http:\\\/\\\/hotelpatriot.sk\\\/pl\\\/\",\"name\":\"Hotel Patriot *** - zakwaterowanie w Vranovie nad Toplou, S\u0142owacja\",\"isPartOf\":{\"@id\":\"https:\\\/\\\/hotelpatriot.sk\\\/pl\\\/#website\"},\"datePublished\":\"2017-09-11T09:14:40+00:00\",\"dateModified\":\"2019-01-10T09:03:13+00:00\",\"description\":\"Hotel Patriot*** swoim go\u015bciom oferuje zakwaterowanie o wysokim standardzie w 42 pokojach i dw\u00f3ch apartamentach. Hotel, zakwaterowanie - Vranov nad Toplou, S\u0142owacja.\",\"breadcrumb\":{\"@id\":\"http:\\\/\\\/hotelpatriot.sk\\\/pl\\\/#breadcrumb\"},\"inLanguage\":\"pl-PL\",\"potentialAction\":[{\"@type\":\"ReadAction\",\"target\":[\"http:\\\/\\\/hotelpatriot.sk\\\/pl\\\/\"]}]},{\"@type\":\"BreadcrumbList\",\"@id\":\"http:\\\/\\\/hotelpatriot.sk\\\/pl\\\/#breadcrumb\",\"itemListElement\":[{\"@type\":\"ListItem\",\"position\":1,\"name\":\"Home\",\"item\":\"https:\\\/\\\/hotelpatriot.sk\\\/pl\\\/\"},{\"@type\":\"ListItem\",\"position\":2,\"name\":\"Zakwaterowanie w Vranovie nad Toplou, S\u0142owacja\"}]},{\"@type\":\"WebSite\",\"@id\":\"https:\\\/\\\/hotelpatriot.sk\\\/pl\\\/#website\",\"url\":\"https:\\\/\\\/hotelpatriot.sk\\\/pl\\\/\",\"name\":\"Hotel Patriot***\",\"description\":\"Hotel, ubytovanie Vranov nad Top\u013eou\",\"publisher\":{\"@id\":\"https:\\\/\\\/hotelpatriot.sk\\\/pl\\\/#organization\"},\"potentialAction\":[{\"@type\":\"SearchAction\",\"target\":{\"@type\":\"EntryPoint\",\"urlTemplate\":\"https:\\\/\\\/hotelpatriot.sk\\\/pl\\\/?s={search_term_string}\"},\"query-input\":{\"@type\":\"PropertyValueSpecification\",\"valueRequired\":true,\"valueName\":\"search_term_string\"}}],\"inLanguage\":\"pl-PL\"},{\"@type\":\"Organization\",\"@id\":\"https:\\\/\\\/hotelpatriot.sk\\\/pl\\\/#organization\",\"name\":\"Hotel Patriot*** Vranov nad Top\u013eou\",\"alternateName\":\"Hotel Patriot***\",\"url\":\"https:\\\/\\\/hotelpatriot.sk\\\/pl\\\/\",\"logo\":{\"@type\":\"ImageObject\",\"inLanguage\":\"pl-PL\",\"@id\":\"https:\\\/\\\/hotelpatriot.sk\\\/pl\\\/#\\\/schema\\\/logo\\\/image\\\/\",\"url\":\"http:\\\/\\\/hotelpatriot.sk\\\/wp-content\\\/uploads\\\/2018\\\/11\\\/hotel-patriot-logo.jpg\",\"contentUrl\":\"http:\\\/\\\/hotelpatriot.sk\\\/wp-content\\\/uploads\\\/2018\\\/11\\\/hotel-patriot-logo.jpg\",\"width\":500,\"height\":500,\"caption\":\"Hotel Patriot*** Vranov nad Top\u013eou\"},\"image\":{\"@id\":\"https:\\\/\\\/hotelpatriot.sk\\\/pl\\\/#\\\/schema\\\/logo\\\/image\\\/\"},\"sameAs\":[\"https:\\\/\\\/www.facebook.com\\\/hotel.patriot.vt\\\/\",\"https:\\\/\\\/x.com\\\/hotelpatriotvt\",\"https:\\\/\\\/www.instagram.com\\\/hotelpatriot\"]}]}<\/script>\n<!-- \/ Yoast SEO plugin. -->","yoast_head_json":{"title":"Hotel Patriot *** - zakwaterowanie w Vranovie nad Toplou, S\u0142owacja","description":"Hotel Patriot*** swoim go\u015bciom oferuje zakwaterowanie o wysokim standardzie w 42 pokojach i dw\u00f3ch apartamentach. Hotel, zakwaterowanie - Vranov nad Toplou, S\u0142owacja.","robots":{"index":"index","follow":"follow","max-snippet":"max-snippet:-1","max-image-preview":"max-image-preview:large","max-video-preview":"max-video-preview:-1"},"canonical":"http:\/\/hotelpatriot.sk\/pl\/","og_locale":"pl_PL","og_type":"article","og_title":"Hotel Patriot *** - zakwaterowanie w Vranovie nad Toplou, S\u0142owacja","og_description":"Hotel Patriot*** swoim go\u015bciom oferuje zakwaterowanie o wysokim standardzie w 42 pokojach i dw\u00f3ch apartamentach. Hotel, zakwaterowanie - Vranov nad Toplou, S\u0142owacja.","og_url":"http:\/\/hotelpatriot.sk\/pl\/","og_site_name":"Hotel Patriot***","article_publisher":"https:\/\/www.facebook.com\/hotel.patriot.vt\/","article_modified_time":"2019-01-10T09:03:13+00:00","og_image":[{"width":1200,"height":630,"url":"http:\/\/hotelpatriot.sk\/wp-content\/uploads\/2026\/04\/logo1200x630.jpg","type":"image\/jpeg"}],"twitter_card":"summary_large_image","twitter_site":"@hotelpatriotvt","schema":{"@context":"https:\/\/schema.org","@graph":[{"@type":"WebPage","@id":"http:\/\/hotelpatriot.sk\/pl\/","url":"http:\/\/hotelpatriot.sk\/pl\/","name":"Hotel Patriot *** - zakwaterowanie w Vranovie nad Toplou, S\u0142owacja","isPartOf":{"@id":"https:\/\/hotelpatriot.sk\/pl\/#website"},"datePublished":"2017-09-11T09:14:40+00:00","dateModified":"2019-01-10T09:03:13+00:00","description":"Hotel Patriot*** swoim go\u015bciom oferuje zakwaterowanie o wysokim standardzie w 42 pokojach i dw\u00f3ch apartamentach. Hotel, zakwaterowanie - Vranov nad Toplou, S\u0142owacja.","breadcrumb":{"@id":"http:\/\/hotelpatriot.sk\/pl\/#breadcrumb"},"inLanguage":"pl-PL","potentialAction":[{"@type":"ReadAction","target":["http:\/\/hotelpatriot.sk\/pl\/"]}]},{"@type":"BreadcrumbList","@id":"http:\/\/hotelpatriot.sk\/pl\/#breadcrumb","itemListElement":[{"@type":"ListItem","position":1,"name":"Home","item":"https:\/\/hotelpatriot.sk\/pl\/"},{"@type":"ListItem","position":2,"name":"Zakwaterowanie w Vranovie nad Toplou, S\u0142owacja"}]},{"@type":"WebSite","@id":"https:\/\/hotelpatriot.sk\/pl\/#website","url":"https:\/\/hotelpatriot.sk\/pl\/","name":"Hotel Patriot***","description":"Hotel, ubytovanie Vranov nad Top\u013eou","publisher":{"@id":"https:\/\/hotelpatriot.sk\/pl\/#organization"},"potentialAction":[{"@type":"SearchAction","target":{"@type":"EntryPoint","urlTemplate":"https:\/\/hotelpatriot.sk\/pl\/?s={search_term_string}"},"query-input":{"@type":"PropertyValueSpecification","valueRequired":true,"valueName":"search_term_string"}}],"inLanguage":"pl-PL"},{"@type":"Organization","@id":"https:\/\/hotelpatriot.sk\/pl\/#organization","name":"Hotel Patriot*** Vranov nad Top\u013eou","alternateName":"Hotel Patriot***","url":"https:\/\/hotelpatriot.sk\/pl\/","logo":{"@type":"ImageObject","inLanguage":"pl-PL","@id":"https:\/\/hotelpatriot.sk\/pl\/#\/schema\/logo\/image\/","url":"http:\/\/hotelpatriot.sk\/wp-content\/uploads\/2018\/11\/hotel-patriot-logo.jpg","contentUrl":"http:\/\/hotelpatriot.sk\/wp-content\/uploads\/2018\/11\/hotel-patriot-logo.jpg","width":500,"height":500,"caption":"Hotel Patriot*** Vranov nad Top\u013eou"},"image":{"@id":"https:\/\/hotelpatriot.sk\/pl\/#\/schema\/logo\/image\/"},"sameAs":["https:\/\/www.facebook.com\/hotel.patriot.vt\/","https:\/\/x.com\/hotelpatriotvt","https:\/\/www.instagram.com\/hotelpatriot"]}]}},"_links":{"self":[{"href":"http:\/\/hotelpatriot.sk\/pl\/wp-json\/wp\/v2\/pages\/5254","targetHints":{"allow":["GET"]}}],"collection":[{"href":"http:\/\/hotelpatriot.sk\/pl\/wp-json\/wp\/v2\/pages"}],"about":[{"href":"http:\/\/hotelpatriot.sk\/pl\/wp-json\/wp\/v2\/types\/page"}],"author":[{"embeddable":true,"href":"http:\/\/hotelpatriot.sk\/pl\/wp-json\/wp\/v2\/users\/1"}],"replies":[{"embeddable":true,"href":"http:\/\/hotelpatriot.sk\/pl\/wp-json\/wp\/v2\/comments?post=5254"}],"version-history":[{"count":4,"href":"http:\/\/hotelpatriot.sk\/pl\/wp-json\/wp\/v2\/pages\/5254\/revisions"}],"predecessor-version":[{"id":11477,"href":"http:\/\/hotelpatriot.sk\/pl\/wp-json\/wp\/v2\/pages\/5254\/revisions\/11477"}],"wp:attachment":[{"href":"http:\/\/hotelpatriot.sk\/pl\/wp-json\/wp\/v2\/media?parent=5254"}],"curies":[{"name":"wp","href":"https:\/\/api.w.org\/{rel}","templated":true}]}}