{"id":5232,"date":"2017-08-14T08:35:44","date_gmt":"2017-08-14T06:35:44","guid":{"rendered":"http:\/\/hotelpatriot.sk\/?page_id=5232"},"modified":"2026-01-29T08:08:17","modified_gmt":"2026-01-29T07:08:17","slug":"accommodation","status":"publish","type":"page","link":"http:\/\/hotelpatriot.sk\/en\/accommodation\/","title":{"rendered":"Accommodation"},"content":{"rendered":"<div class=\"row\">\r\n<div class=\"menu-centered my-page-submenu-uni small-12 columns\">\r\n<ul class=\"vertical large-horizontal menu\">\r\n<li><a href=\"https:\/\/hotelpatriot.sk\/en\/galeria\/galeria-ubytovanie\/\">Gallery<\/a><\/li>\r\n<li><a href=\"https:\/\/hotelpatriot.sk\/en\/galeria\/galeria-ranajkovy-salonik\/\">Breakfast lounge<\/a><\/li>\r\n<li><a href=\"https:\/\/hotelpatriot.sk\/en\/services-and-amenities\/\">Services and Amenities<\/a><\/li>\r\n<\/ul>\r\n<\/div>\r\n<\/div>\r\n\r\n<p>Hotel Patriot offers high standard accomodation in 42 rooms and 2 appartments. Extra beds avaliable on request. Room amenities: shower, toilet, Free Wifi. Disabled room avaliable on request. Avaliable 22 TV for guests.<\/p>\r\n\r\n<h2>CHECK-IN and CHECK-OUT<\/h2>\r\n\r\n<p>CHECK-IN: from 14:00<br \/>\r\nCHECK-OUT: to 10:00<\/p>\r\n\r\n<h2>Breakfast and fitness<\/h2>\r\n<p>We offer breakfast to our accommodated guests. The hotel offers breakfast and a fitness center for free for accommodated guests.<\/p>\r\n<p>The price of the buffet breakfast for not accommodated guests is 10 \u20ac.<\/p>\r\n\r\n<h2>Price list<\/h2>\r\n\r\n<table class=\"stack\">\r\n  <tr>\r\n    <th>Room Type<\/th>\r\n    <th>Number of Rooms<\/th>\r\n    <th>Price<\/th>\r\n  <\/tr>\r\n  <tr>\r\n    <td>Single Room<\/th>\r\n    <td>9<\/th>\r\n    <td>55,00 \u20ac<\/th>\r\n  <\/tr>\r\n  <tr>\r\n    <td>Double Room<\/td>\r\n    <td>20<\/td>\r\n    <td>97,00 \u20ac<\/td>\r\n  <\/tr>\r\n  <tr>\r\n    <td>Double Room LUX<\/td>\r\n    <td>11<\/td>\r\n    <td>108,00 \u20ac<\/td>\r\n  <\/tr>\r\n  <tr>\r\n    <td>Four-Bed Room for 2 persons<\/td>\r\n    <td>2<\/td>\r\n    <td>97,00 \u20ac<\/td>\r\n  <\/tr>\r\n  <tr>\r\n    <td>Four-Bed Room for 3 persons<\/td>\r\n    <td>2<\/td>\r\n    <td>145,00 \u20ac<\/td>\r\n  <\/tr>\r\n  <tr>\r\n    <td>Four-Bed Room for 4 persons<\/td>\r\n    <td>2<\/td>\r\n    <td>194,00 \u20ac<\/td>\r\n  <\/tr>\r\n  <tr>\r\n    <td>Apartment<\/td>\r\n    <td>2<\/td>\r\n    <td>142,00 \u20ac<\/td>\r\n  <\/tr>\r\n  <tr>\r\n    <td>Additional Bed<\/td>\r\n    <td>33<\/td>\r\n    <td>35,00 \u20ac<\/td>\r\n  <\/tr>\r\n  <tr>\r\n    <td>Local Tax<\/td>\r\n    <td><\/td>\r\n    <td>1,00 \u20ac<\/td>\r\n  <\/tr>\r\n<\/table>\r\n\r\n<h2>Discounts for accommodation<\/h2>\r\n\r\n<table class=\"stack\">\r\n<tr>\r\n    <td>One person on double room<\/td>\r\n    <td>&#8211; 20% Discount<\/th>\r\n  <\/tr>\r\n  <tr>\r\n    <td>Discount for 14 days or more<\/td>\r\n    <td>&#8211; 5% Discount<\/th>\r\n  <\/tr>\r\n  <tr>\r\n    <td>Longer-term accommodation<\/td>\r\n    <td>Price is negotiable<\/td>\r\n  <\/tr>\r\n  <tr>\r\n    <td>Group discounts 20 and more persons<\/td>\r\n    <td>&#8211; 5% Discount<\/td>\r\n  <\/tr>\r\n<\/table>\r\n\r\n<p>All prices include VAT. Prices are valid from 1.2. 2026.<\/p>","protected":false},"excerpt":{"rendered":"Gallery Breakfast lounge Services and Amenities Hotel Patriot offers high standard accomodation in 42 rooms and 2 appartments. Extra beds avaliable on request. Room amenities: shower, toilet, Free Wifi. Disabled room avaliable on request. Avaliable 22 TV for guests. CHECK-IN and CHECK-OUT CHECK-IN: from 14:00 CHECK-OUT: to 10:00 Breakfast and fitness We offer breakfast to<a class=\"excerpt-read-more\" href=\"http:\/\/hotelpatriot.sk\/en\/accommodation\/\" title=\"ReadAccommodation\">&#8230; Read more &raquo;<\/a>","protected":false},"author":1,"featured_media":0,"parent":0,"menu_order":0,"comment_status":"closed","ping_status":"closed","template":"template-full-width.php","meta":{"_acf_changed":false,"footnotes":""},"class_list":["post-5232","page","type-page","status-publish","hentry"],"acf":[],"yoast_head":"<!-- This site is optimized with the Yoast SEO plugin v27.4 - https:\/\/yoast.com\/product\/yoast-seo-wordpress\/ -->\n<title>Accommodation - Hotel Patriot*** - Hotel, ubytovanie Vranov nad Top\u013eou<\/title>\n<meta name=\"description\" content=\"Hotel Patriot*** pon\u00faka ubytovanie vysok\u00e9ho \u0161tandardu v 42 izb\u00e1ch a dvoch apartm\u00e1noch v \u0161ir\u0161om centre mesta Vranov nad Top\u013eou. S\u00fa\u010das\u0165ou hotela je re\u0161taur\u00e1cia, kaviare\u0148, bowling bar, kongresov\u00e9 centrum vhodn\u00e9 aj pre usporiadanie svadieb a fitness centrum. Hotel Patriot*** Vranov - hotel, ubytovanie.\" \/>\n<meta name=\"robots\" content=\"index, follow, max-snippet:-1, max-image-preview:large, max-video-preview:-1\" \/>\n<link rel=\"canonical\" href=\"http:\/\/hotelpatriot.sk\/en\/accommodation\/\" \/>\n<meta property=\"og:locale\" content=\"en_US\" \/>\n<meta property=\"og:type\" content=\"article\" \/>\n<meta property=\"og:title\" content=\"Accommodation - Hotel Patriot*** - Hotel, ubytovanie Vranov nad Top\u013eou\" \/>\n<meta property=\"og:description\" content=\"Hotel Patriot*** pon\u00faka ubytovanie vysok\u00e9ho \u0161tandardu v 42 izb\u00e1ch a dvoch apartm\u00e1noch v \u0161ir\u0161om centre mesta Vranov nad Top\u013eou. S\u00fa\u010das\u0165ou hotela je re\u0161taur\u00e1cia, kaviare\u0148, bowling bar, kongresov\u00e9 centrum vhodn\u00e9 aj pre usporiadanie svadieb a fitness centrum. Hotel Patriot*** Vranov - hotel, ubytovanie.\" \/>\n<meta property=\"og:url\" content=\"http:\/\/hotelpatriot.sk\/en\/accommodation\/\" \/>\n<meta property=\"og:site_name\" content=\"Hotel Patriot***\" \/>\n<meta property=\"article:publisher\" content=\"https:\/\/www.facebook.com\/hotel.patriot.vt\/\" \/>\n<meta property=\"article:modified_time\" content=\"2026-01-29T07:08:17+00:00\" \/>\n<meta property=\"og:image\" content=\"http:\/\/hotelpatriot.sk\/wp-content\/uploads\/2026\/04\/logo1200x630.jpg\" \/>\n\t<meta property=\"og:image:width\" content=\"1200\" \/>\n\t<meta property=\"og:image:height\" content=\"630\" \/>\n\t<meta property=\"og:image:type\" content=\"image\/jpeg\" \/>\n<meta name=\"twitter:card\" content=\"summary_large_image\" \/>\n<meta name=\"twitter:site\" content=\"@hotelpatriotvt\" \/>\n<meta name=\"twitter:label1\" content=\"Est. reading time\" \/>\n\t<meta name=\"twitter:data1\" content=\"2 minutes\" \/>\n<script type=\"application\/ld+json\" class=\"yoast-schema-graph\">{\"@context\":\"https:\\\/\\\/schema.org\",\"@graph\":[{\"@type\":\"WebPage\",\"@id\":\"http:\\\/\\\/hotelpatriot.sk\\\/en\\\/accommodation\\\/\",\"url\":\"http:\\\/\\\/hotelpatriot.sk\\\/en\\\/accommodation\\\/\",\"name\":\"Accommodation - Hotel Patriot*** - Hotel, ubytovanie Vranov nad Top\u013eou\",\"isPartOf\":{\"@id\":\"https:\\\/\\\/hotelpatriot.sk\\\/en\\\/#website\"},\"datePublished\":\"2017-08-14T06:35:44+00:00\",\"dateModified\":\"2026-01-29T07:08:17+00:00\",\"description\":\"Hotel Patriot*** pon\u00faka ubytovanie vysok\u00e9ho \u0161tandardu v 42 izb\u00e1ch a dvoch apartm\u00e1noch v \u0161ir\u0161om centre mesta Vranov nad Top\u013eou. S\u00fa\u010das\u0165ou hotela je re\u0161taur\u00e1cia, kaviare\u0148, bowling bar, kongresov\u00e9 centrum vhodn\u00e9 aj pre usporiadanie svadieb a fitness centrum. Hotel Patriot*** Vranov - hotel, ubytovanie.\",\"breadcrumb\":{\"@id\":\"http:\\\/\\\/hotelpatriot.sk\\\/en\\\/accommodation\\\/#breadcrumb\"},\"inLanguage\":\"en-US\",\"potentialAction\":[{\"@type\":\"ReadAction\",\"target\":[\"http:\\\/\\\/hotelpatriot.sk\\\/en\\\/accommodation\\\/\"]}]},{\"@type\":\"BreadcrumbList\",\"@id\":\"http:\\\/\\\/hotelpatriot.sk\\\/en\\\/accommodation\\\/#breadcrumb\",\"itemListElement\":[{\"@type\":\"ListItem\",\"position\":1,\"name\":\"Home\",\"item\":\"https:\\\/\\\/hotelpatriot.sk\\\/en\\\/\"},{\"@type\":\"ListItem\",\"position\":2,\"name\":\"Accommodation\"}]},{\"@type\":\"WebSite\",\"@id\":\"https:\\\/\\\/hotelpatriot.sk\\\/en\\\/#website\",\"url\":\"https:\\\/\\\/hotelpatriot.sk\\\/en\\\/\",\"name\":\"Hotel Patriot***\",\"description\":\"Hotel, ubytovanie Vranov nad Top\u013eou\",\"publisher\":{\"@id\":\"https:\\\/\\\/hotelpatriot.sk\\\/en\\\/#organization\"},\"potentialAction\":[{\"@type\":\"SearchAction\",\"target\":{\"@type\":\"EntryPoint\",\"urlTemplate\":\"https:\\\/\\\/hotelpatriot.sk\\\/en\\\/?s={search_term_string}\"},\"query-input\":{\"@type\":\"PropertyValueSpecification\",\"valueRequired\":true,\"valueName\":\"search_term_string\"}}],\"inLanguage\":\"en-US\"},{\"@type\":\"Organization\",\"@id\":\"https:\\\/\\\/hotelpatriot.sk\\\/en\\\/#organization\",\"name\":\"Hotel Patriot*** Vranov nad Top\u013eou\",\"alternateName\":\"Hotel Patriot***\",\"url\":\"https:\\\/\\\/hotelpatriot.sk\\\/en\\\/\",\"logo\":{\"@type\":\"ImageObject\",\"inLanguage\":\"en-US\",\"@id\":\"https:\\\/\\\/hotelpatriot.sk\\\/en\\\/#\\\/schema\\\/logo\\\/image\\\/\",\"url\":\"http:\\\/\\\/hotelpatriot.sk\\\/wp-content\\\/uploads\\\/2018\\\/11\\\/hotel-patriot-logo.jpg\",\"contentUrl\":\"http:\\\/\\\/hotelpatriot.sk\\\/wp-content\\\/uploads\\\/2018\\\/11\\\/hotel-patriot-logo.jpg\",\"width\":500,\"height\":500,\"caption\":\"Hotel Patriot*** Vranov nad Top\u013eou\"},\"image\":{\"@id\":\"https:\\\/\\\/hotelpatriot.sk\\\/en\\\/#\\\/schema\\\/logo\\\/image\\\/\"},\"sameAs\":[\"https:\\\/\\\/www.facebook.com\\\/hotel.patriot.vt\\\/\",\"https:\\\/\\\/x.com\\\/hotelpatriotvt\",\"https:\\\/\\\/www.instagram.com\\\/hotelpatriot\"]}]}<\/script>\n<!-- \/ Yoast SEO plugin. -->","yoast_head_json":{"title":"Accommodation - Hotel Patriot*** - Hotel, ubytovanie Vranov nad Top\u013eou","description":"Hotel Patriot*** pon\u00faka ubytovanie vysok\u00e9ho \u0161tandardu v 42 izb\u00e1ch a dvoch apartm\u00e1noch v \u0161ir\u0161om centre mesta Vranov nad Top\u013eou. S\u00fa\u010das\u0165ou hotela je re\u0161taur\u00e1cia, kaviare\u0148, bowling bar, kongresov\u00e9 centrum vhodn\u00e9 aj pre usporiadanie svadieb a fitness centrum. Hotel Patriot*** Vranov - hotel, ubytovanie.","robots":{"index":"index","follow":"follow","max-snippet":"max-snippet:-1","max-image-preview":"max-image-preview:large","max-video-preview":"max-video-preview:-1"},"canonical":"http:\/\/hotelpatriot.sk\/en\/accommodation\/","og_locale":"en_US","og_type":"article","og_title":"Accommodation - Hotel Patriot*** - Hotel, ubytovanie Vranov nad Top\u013eou","og_description":"Hotel Patriot*** pon\u00faka ubytovanie vysok\u00e9ho \u0161tandardu v 42 izb\u00e1ch a dvoch apartm\u00e1noch v \u0161ir\u0161om centre mesta Vranov nad Top\u013eou. S\u00fa\u010das\u0165ou hotela je re\u0161taur\u00e1cia, kaviare\u0148, bowling bar, kongresov\u00e9 centrum vhodn\u00e9 aj pre usporiadanie svadieb a fitness centrum. Hotel Patriot*** Vranov - hotel, ubytovanie.","og_url":"http:\/\/hotelpatriot.sk\/en\/accommodation\/","og_site_name":"Hotel Patriot***","article_publisher":"https:\/\/www.facebook.com\/hotel.patriot.vt\/","article_modified_time":"2026-01-29T07:08:17+00:00","og_image":[{"width":1200,"height":630,"url":"http:\/\/hotelpatriot.sk\/wp-content\/uploads\/2026\/04\/logo1200x630.jpg","type":"image\/jpeg"}],"twitter_card":"summary_large_image","twitter_site":"@hotelpatriotvt","twitter_misc":{"Est. reading time":"2 minutes"},"schema":{"@context":"https:\/\/schema.org","@graph":[{"@type":"WebPage","@id":"http:\/\/hotelpatriot.sk\/en\/accommodation\/","url":"http:\/\/hotelpatriot.sk\/en\/accommodation\/","name":"Accommodation - Hotel Patriot*** - Hotel, ubytovanie Vranov nad Top\u013eou","isPartOf":{"@id":"https:\/\/hotelpatriot.sk\/en\/#website"},"datePublished":"2017-08-14T06:35:44+00:00","dateModified":"2026-01-29T07:08:17+00:00","description":"Hotel Patriot*** pon\u00faka ubytovanie vysok\u00e9ho \u0161tandardu v 42 izb\u00e1ch a dvoch apartm\u00e1noch v \u0161ir\u0161om centre mesta Vranov nad Top\u013eou. S\u00fa\u010das\u0165ou hotela je re\u0161taur\u00e1cia, kaviare\u0148, bowling bar, kongresov\u00e9 centrum vhodn\u00e9 aj pre usporiadanie svadieb a fitness centrum. Hotel Patriot*** Vranov - hotel, ubytovanie.","breadcrumb":{"@id":"http:\/\/hotelpatriot.sk\/en\/accommodation\/#breadcrumb"},"inLanguage":"en-US","potentialAction":[{"@type":"ReadAction","target":["http:\/\/hotelpatriot.sk\/en\/accommodation\/"]}]},{"@type":"BreadcrumbList","@id":"http:\/\/hotelpatriot.sk\/en\/accommodation\/#breadcrumb","itemListElement":[{"@type":"ListItem","position":1,"name":"Home","item":"https:\/\/hotelpatriot.sk\/en\/"},{"@type":"ListItem","position":2,"name":"Accommodation"}]},{"@type":"WebSite","@id":"https:\/\/hotelpatriot.sk\/en\/#website","url":"https:\/\/hotelpatriot.sk\/en\/","name":"Hotel Patriot***","description":"Hotel, ubytovanie Vranov nad Top\u013eou","publisher":{"@id":"https:\/\/hotelpatriot.sk\/en\/#organization"},"potentialAction":[{"@type":"SearchAction","target":{"@type":"EntryPoint","urlTemplate":"https:\/\/hotelpatriot.sk\/en\/?s={search_term_string}"},"query-input":{"@type":"PropertyValueSpecification","valueRequired":true,"valueName":"search_term_string"}}],"inLanguage":"en-US"},{"@type":"Organization","@id":"https:\/\/hotelpatriot.sk\/en\/#organization","name":"Hotel Patriot*** Vranov nad Top\u013eou","alternateName":"Hotel Patriot***","url":"https:\/\/hotelpatriot.sk\/en\/","logo":{"@type":"ImageObject","inLanguage":"en-US","@id":"https:\/\/hotelpatriot.sk\/en\/#\/schema\/logo\/image\/","url":"http:\/\/hotelpatriot.sk\/wp-content\/uploads\/2018\/11\/hotel-patriot-logo.jpg","contentUrl":"http:\/\/hotelpatriot.sk\/wp-content\/uploads\/2018\/11\/hotel-patriot-logo.jpg","width":500,"height":500,"caption":"Hotel Patriot*** Vranov nad Top\u013eou"},"image":{"@id":"https:\/\/hotelpatriot.sk\/en\/#\/schema\/logo\/image\/"},"sameAs":["https:\/\/www.facebook.com\/hotel.patriot.vt\/","https:\/\/x.com\/hotelpatriotvt","https:\/\/www.instagram.com\/hotelpatriot"]}]}},"_links":{"self":[{"href":"http:\/\/hotelpatriot.sk\/en\/wp-json\/wp\/v2\/pages\/5232","targetHints":{"allow":["GET"]}}],"collection":[{"href":"http:\/\/hotelpatriot.sk\/en\/wp-json\/wp\/v2\/pages"}],"about":[{"href":"http:\/\/hotelpatriot.sk\/en\/wp-json\/wp\/v2\/types\/page"}],"author":[{"embeddable":true,"href":"http:\/\/hotelpatriot.sk\/en\/wp-json\/wp\/v2\/users\/1"}],"replies":[{"embeddable":true,"href":"http:\/\/hotelpatriot.sk\/en\/wp-json\/wp\/v2\/comments?post=5232"}],"version-history":[{"count":28,"href":"http:\/\/hotelpatriot.sk\/en\/wp-json\/wp\/v2\/pages\/5232\/revisions"}],"predecessor-version":[{"id":20561,"href":"http:\/\/hotelpatriot.sk\/en\/wp-json\/wp\/v2\/pages\/5232\/revisions\/20561"}],"wp:attachment":[{"href":"http:\/\/hotelpatriot.sk\/en\/wp-json\/wp\/v2\/media?parent=5232"}],"curies":[{"name":"wp","href":"https:\/\/api.w.org\/{rel}","templated":true}]}}